{"id":16576,"date":"2025-02-06T12:32:14","date_gmt":"2025-02-06T11:32:14","guid":{"rendered":"https:\/\/massdekor.de\/produkt\/tenda-plissettata-senza-foratura-per-lincollaggio\/"},"modified":"2025-05-30T14:04:55","modified_gmt":"2025-05-30T12:04:55","slug":"tenda-plissettata-senza-foratura-per-lincollaggio","status":"publish","type":"product","link":"https:\/\/massdekor.de\/it\/produkt\/tenda-plissettata-senza-foratura-per-lincollaggio\/","title":{"rendered":"Tenda plissettata senza foratura &#8211; per l&#8217;incollaggio"},"content":{"rendered":"\t\t<div data-elementor-type=\"product-post\" data-elementor-id=\"16576\" class=\"elementor elementor-16576 elementor-15017\" data-elementor-post-type=\"product\">\n\t\t\t\t\t\t<section class=\"penci-section penci-disSticky penci-structure-10 elementor-section elementor-top-section elementor-element elementor-element-2ae5b79b elementor-section-boxed elementor-section-height-default elementor-section-height-default\" data-id=\"2ae5b79b\" data-element_type=\"section\" data-e-type=\"section\" id=\"productBlind\">\n\t\t\t\t\t\t<div class=\"elementor-container elementor-column-gap-default\">\n\t\t\t\t\t<div class=\"penci-ercol-100 penci-ercol-order-1 penci-sticky-ct    elementor-column elementor-col-100 elementor-top-column elementor-element elementor-element-60255acc\" data-id=\"60255acc\" data-element_type=\"column\" data-e-type=\"column\">\n\t\t\t<div class=\"elementor-widget-wrap elementor-element-populated\">\n\t\t\t\t\t\t<div class=\"elementor-element elementor-element-4d7f1a9d elementor-widget elementor-widget-text-editor\" data-id=\"4d7f1a9d\" data-element_type=\"widget\" data-e-type=\"widget\" data-widget_type=\"text-editor.default\">\n\t\t\t\t<div class=\"elementor-widget-container\">\n\t\t\t\t\t\t\t\t\t<hr>\n\n-Istruzioni di misurazione e montaggio: <a href=\"https:\/\/www.youtube.com\/watch?v=JoyOxE9irGg\" target=\"_blank\" rel=\"noopener\"><span style=\"color: #ff9900;\">Video <strong>passo-passo<\/strong> <span style=\"color: #000000;\"><strong>\u21b5<\/strong><\/span><\/span><\/a>\n\n-Istruzioni per la misurazione: <span style=\"color: #ff9900;\"><a href=\"https:\/\/massdekor.de\/wp-content\/uploads\/2025\/01\/Plisse-mass-dekor%C2%AE.jpg\" target=\"_blank\" rel=\"noopener\"><span style=\"color: #ff9900;\">Istruzioni dettagliate in<strong> PDF<\/strong><\/span>  <\/a><strong><span style=\"color: #000000;\">\u21b5 <\/span><\/strong><\/span> \n<div class=\"flex max-w-full flex-col flex-grow\">\n<div class=\"min-h-8 text-message flex w-full flex-col items-end gap-2 whitespace-normal break-words text-start [.text-message+&amp;]:mt-5\" dir=\"auto\" data-message-author-role=\"assistant\" data-message-id=\"9f5cb66f-9cd2-4622-a432-ed525439eb7f\" data-message-model-slug=\"gpt-4o\">\n<div class=\"flex w-full flex-col gap-1 empty:hidden first:pt-[3px]\">\n<div class=\"markdown prose w-full break-words dark:prose-invert light\">\n\n<strong><span style=\"color: #ff9900;\"> <a style=\"color: #ff9900;\" href=\"https:\/\/massdekor.de\/wp-content\/uploads\/2025\/01\/WhatsApp-Image-2025-01-27-at-22.16.15-1.jpeg\" target=\"_blank\" rel=\"noopener\">Dettaglio alluminioFigura 1<\/a> <span style=\"color: #000000;\">\u21b5<\/span> &#8211; <a style=\"color: #ff9900;\" href=\"https:\/\/massdekor.de\/wp-content\/uploads\/2025\/01\/WhatsApp-Image-2025-01-27-at-22.16.16.jpeg\" target=\"_blank\" rel=\"noopener\">DettaglioFigura 2<\/a> <span style=\"color: #000000;\">\u21b5<\/span><\/span><\/strong>\n\n<hr>\n\nInstallazione senza attrezzi direttamente sulla superficie del vetro o sul telaio della porta o della finestra, senza danneggiare il profilo della finestra. Design discreto per una privacy ottimale. \n\n<\/div>\n<\/div>\n<\/div>\n<\/div>\nPropriet\u00e0:\n\n-Personalizzato per una vestibilit\u00e0 perfetta\n\n-Facile montaggio senza attrezzi\n\n-Nessuna foratura &#8211; protezione per il profilo della finestra\n\n-Facile da pulire, pu\u00f2 essere pulito con un panno umido.\n\nDettagli del prodotto:\n\n-Profili di alluminio robusti\n\n-Tessuto in poliestere di alta qualit\u00e0 per la protezione della visione diurna e notturna.\n\n-Traslucido nei colori moderni\n\n&nbsp;\t\t\t\t\t\t\t\t<\/div>\n\t\t\t\t<\/div>\n\t\t\t\t\t<\/div>\n\t\t<\/div>\n\t\t\t\t\t<\/div>\n\t\t<\/section>\n\t\t\t\t<\/div>\n\t\t","protected":false},"excerpt":{"rendered":"<p>-Istruzioni di misurazione e montaggio: <a href=\"https:\/\/www.youtube.com\/watch?v=JoyOxE9irGg\" target=\"_blank\" rel=\"noopener\"><span style=\"color: #ff9900;\">Video <strong>passo-passo<\/strong> <span style=\"color: #000000;\"><strong>\u21b5<\/strong><\/span><\/span><\/a><\/p>\n<p>-Istruzioni per la misurazione: <span style=\"color: #ff9900;\"><a href=\"https:\/\/massdekor.de\/wp-content\/uploads\/2025\/01\/Plisse-mass-dekor%C2%AE.jpg\" target=\"_blank\" rel=\"noopener\">Istruzioni dettagliate in<strong> PDF<\/strong> <\/a><strong><span style=\"color: #000000;\">\u21b5 <\/span><\/strong><\/span><\/p>\n<div class=\"flex max-w-full flex-col flex-grow\">\n<div class=\"min-h-8 text-message flex w-full flex-col items-end gap-2 whitespace-normal break-words text-start [.text-message+&amp;]:mt-5\" dir=\"auto\" data-message-author-role=\"assistant\" data-message-id=\"9f5cb66f-9cd2-4622-a432-ed525439eb7f\" data-message-model-slug=\"gpt-4o\">\n<div class=\"flex w-full flex-col gap-1 empty:hidden first:pt-[3px]\">\n<div class=\"markdown prose w-full break-words dark:prose-invert light\">\n<p><strong><span style=\"color: #ff9900;\"> <a style=\"color: #ff9900;\" href=\"https:\/\/massdekor.de\/wp-content\/uploads\/2025\/01\/WhatsApp-Image-2025-01-27-at-22.16.15-1.jpeg\" target=\"_blank\" rel=\"noopener\">Dettaglio alluminioFigura 1<\/a> <span style=\"color: #000000;\">\u21b5<\/span> &#8211; <a style=\"color: #ff9900;\" href=\"https:\/\/massdekor.de\/wp-content\/uploads\/2025\/01\/WhatsApp-Image-2025-01-27-at-22.16.16.jpeg\" target=\"_blank\" rel=\"noopener\">DettaglioFigura 2<\/a> <span style=\"color: #000000;\">\u21b5<\/span><\/span><\/strong><\/p>\n<\/div>\n<\/div>\n<\/div>\n<\/div>\n<p>Installazione senza attrezzi direttamente sulla superficie del vetro o sul telaio della porta o della finestra, senza danneggiare il profilo della finestra. Design discreto per una privacy ottimale.<\/p>\n<p>Propriet\u00e0:<\/p>\n<p>-Personalizzato per una vestibilit\u00e0 perfetta<\/p>\n<p>-Facile montaggio <strong>senza attrezzi<\/strong><\/p>\n<p>-Nessuna<strong>foratura<\/strong> &#8211; protezione per il profilo della finestra<\/p>\n<p>-Facile da pulire, pu\u00f2 essere pulito con un panno umido.<\/p>\n<p>Dettagli del prodotto:<\/p>\n<p>-Profili di alluminio robusti<\/p>\n<p>-Tessuto in poliestere di alta qualit\u00e0 per la protezione della visione diurna e notturna.<\/p>\n<p>-Traslucido nei colori moderni<\/p>\n<p>-La larghezza massima \u00e8 di <strong>1000 mm<\/strong>. Se desidera ordinare una larghezza di <strong>1200 mm<\/strong> o superiore, le consigliamo di dividere la misura a met\u00e0 e effettuare <strong>due ordini separati<\/strong>. Ad esempio, per <strong>1200 mm<\/strong>, pu\u00f2 ordinare <strong>2 x 600 mm<\/strong>.<\/p>\n<p>-L&#8217;altezza massima ordinabile \u00e8 di <strong>2500 mm<\/strong>.<\/p>\n<p><strong>Nota:<\/strong> Abbiamo volutamente mantenuto i nostri prezzi molto bassi per offrire un&#8217;opzione per ogni budget. Il nostro obiettivo \u00e8 fornire prodotti di alta qualit\u00e0 a prezzi accessibili, specificamente per i nostri follower.<\/p>\n<p>La nostra esperienza con il prodotto \u00e8 iniziata tre anni fa quando abbiamo ordinato tende plissettate per la nostra azienda. Poich\u00e9 siamo stati molto soddisfatti della qualit\u00e0, abbiamo deciso di rivendere questo prodotto con un margine minimo.<\/p>\n<p data-start=\"47\" data-end=\"67\"><strong data-start=\"47\" data-end=\"67\">Note importanti:<\/strong><\/p>\n<p data-start=\"69\" data-end=\"634\">I fili sulla porta o sulla finestra sul lato sud devono essere impostati assolutamente sulla regolazione pi\u00f9 allentata. (Per le porte o finestre sul lato sud, consigliamo di misurare direttamente il telaio della porta o della finestra invece del vetro e di fare l&#8217;ordine in base a quella misura.) In questo modo si evita che la colla venga sovraccaricata e si elimina la possibilit\u00e0 che la colla cada. Inoltre, la zona dove verr\u00e0 applicato il rinforzo della colla deve essere pulita e poi il rinforzo della colla viene applicato per garantire una maggiore adesione.<\/p>\n<p data-start=\"636\" data-end=\"824\" data-is-only-node=\"\" data-is-last-node=\"\">Se i fili delle tende plissettate sono troppo allentati, puoi utilizzare questa tenda plissettata per lungo tempo senza problemi.<br data-start=\"765\" data-end=\"768\" \/>Il rinforzo della colla viene fornito con il tuo ordine.<\/p>\n","protected":false},"featured_media":16578,"comment_status":"open","ping_status":"closed","template":"","meta":[],"product_brand":[],"product_cat":[867],"product_tag":[],"class_list":{"0":"post-16576","1":"product","2":"type-product","3":"status-publish","4":"has-post-thumbnail","6":"product_cat-plissee-it","7":"product_shipping_class-versand-m-it","9":"first","10":"instock","11":"taxable","12":"shipping-taxable","13":"purchasable","14":"product-type-variable","15":"has-default-attributes"},"gallery_images":[],"yoast_head":"<!-- This site is optimized with the Yoast SEO Premium plugin v24.6 (Yoast SEO v27.3) - https:\/\/yoast.com\/product\/yoast-seo-premium-wordpress\/ -->\n<title>Tenda plissettata senza foratura - per l&#039;incollaggio - Mass Dekor<\/title>\n<meta name=\"robots\" content=\"index, follow, max-snippet:-1, max-image-preview:large, max-video-preview:-1\" \/>\n<link rel=\"canonical\" href=\"https:\/\/massdekor.de\/it\/produkt\/tenda-plissettata-senza-foratura-per-lincollaggio\/\" \/>\n<meta property=\"og:locale\" content=\"it_IT\" \/>\n<meta property=\"og:type\" content=\"article\" \/>\n<meta property=\"og:title\" content=\"Tenda plissettata senza foratura - per l&#039;incollaggio\" \/>\n<meta property=\"og:description\" content=\"-Istruzioni di misurazione e montaggio: Video passo-passo \u21b5  -Istruzioni per la misurazione: Istruzioni dettagliate in PDF \u21b5       Dettaglio alluminioFigura 1 \u21b5 - DettaglioFigura 2 \u21b5      Installazione senza attrezzi direttamente sulla superficie del vetro o sul telaio della porta o della finestra, senza danneggiare il profilo della finestra. Design discreto per una privacy ottimale.  Propriet\u00e0:  -Personalizzato per una vestibilit\u00e0 perfetta  -Facile montaggio senza attrezzi  -Nessunaforatura - protezione per il profilo della finestra  -Facile da pulire, pu\u00f2 essere pulito con un panno umido.  Dettagli del prodotto:  -Profili di alluminio robusti  -Tessuto in poliestere di alta qualit\u00e0 per la protezione della visione diurna e notturna.  -Traslucido nei colori moderni  -La larghezza massima \u00e8 di 1000 mm. Se desidera ordinare una larghezza di 1200 mm o superiore, le consigliamo di dividere la misura a met\u00e0 e effettuare due ordini separati. Ad esempio, per 1200 mm, pu\u00f2 ordinare 2 x 600 mm.  -L&#039;altezza massima ordinabile \u00e8 di 2500 mm.  Nota: Abbiamo volutamente mantenuto i nostri prezzi molto bassi per offrire un&#039;opzione per ogni budget. Il nostro obiettivo \u00e8 fornire prodotti di alta qualit\u00e0 a prezzi accessibili, specificamente per i nostri follower.  La nostra esperienza con il prodotto \u00e8 iniziata tre anni fa quando abbiamo ordinato tende plissettate per la nostra azienda. Poich\u00e9 siamo stati molto soddisfatti della qualit\u00e0, abbiamo deciso di rivendere questo prodotto con un margine minimo. Note importanti: I fili sulla porta o sulla finestra sul lato sud devono essere impostati assolutamente sulla regolazione pi\u00f9 allentata. (Per le porte o finestre sul lato sud, consigliamo di misurare direttamente il telaio della porta o della finestra invece del vetro e di fare l&#039;ordine in base a quella misura.) In questo modo si evita che la colla venga sovraccaricata e si elimina la possibilit\u00e0 che la colla cada. Inoltre, la zona dove verr\u00e0 applicato il rinforzo della colla deve essere pulita e poi il rinforzo della colla viene applicato per garantire una maggiore adesione. Se i fili delle tende plissettate sono troppo allentati, puoi utilizzare questa tenda plissettata per lungo tempo senza problemi.Il rinforzo della colla viene fornito con il tuo ordine.\" \/>\n<meta property=\"og:url\" content=\"https:\/\/massdekor.de\/it\/produkt\/tenda-plissettata-senza-foratura-per-lincollaggio\/\" \/>\n<meta property=\"og:site_name\" content=\"Mass Dekor\" \/>\n<meta property=\"article:publisher\" content=\"https:\/\/www.facebook.com\/Massdekor.de\" \/>\n<meta property=\"article:modified_time\" content=\"2025-05-30T12:04:55+00:00\" \/>\n<meta property=\"og:image\" content=\"https:\/\/massdekor.de\/wp-content\/uploads\/2025\/01\/Abelia-01-scaled.jpg\" \/>\n\t<meta property=\"og:image:width\" content=\"1707\" \/>\n\t<meta property=\"og:image:height\" content=\"2560\" \/>\n\t<meta property=\"og:image:type\" content=\"image\/jpeg\" \/>\n<meta name=\"twitter:card\" content=\"summary_large_image\" \/>\n<meta name=\"twitter:label1\" content=\"Tempo di lettura stimato\" \/>\n\t<meta name=\"twitter:data1\" content=\"1 minuto\" \/>\n<script type=\"application\/ld+json\" class=\"yoast-schema-graph\">{\"@context\":\"https:\\\/\\\/schema.org\",\"@graph\":[{\"@type\":\"WebPage\",\"@id\":\"https:\\\/\\\/massdekor.de\\\/it\\\/produkt\\\/tenda-plissettata-senza-foratura-per-lincollaggio\\\/\",\"url\":\"https:\\\/\\\/massdekor.de\\\/it\\\/produkt\\\/tenda-plissettata-senza-foratura-per-lincollaggio\\\/\",\"name\":\"Tenda plissettata senza foratura - per l'incollaggio - Mass Dekor\",\"isPartOf\":{\"@id\":\"https:\\\/\\\/massdekor.de\\\/it\\\/#website\"},\"primaryImageOfPage\":{\"@id\":\"https:\\\/\\\/massdekor.de\\\/it\\\/produkt\\\/tenda-plissettata-senza-foratura-per-lincollaggio\\\/#primaryimage\"},\"image\":{\"@id\":\"https:\\\/\\\/massdekor.de\\\/it\\\/produkt\\\/tenda-plissettata-senza-foratura-per-lincollaggio\\\/#primaryimage\"},\"thumbnailUrl\":\"https:\\\/\\\/massdekor.de\\\/wp-content\\\/uploads\\\/2025\\\/01\\\/Abelia-01-scaled.jpg\",\"datePublished\":\"2025-02-06T11:32:14+00:00\",\"dateModified\":\"2025-05-30T12:04:55+00:00\",\"breadcrumb\":{\"@id\":\"https:\\\/\\\/massdekor.de\\\/it\\\/produkt\\\/tenda-plissettata-senza-foratura-per-lincollaggio\\\/#breadcrumb\"},\"inLanguage\":\"it-IT\",\"potentialAction\":[{\"@type\":\"ReadAction\",\"target\":[\"https:\\\/\\\/massdekor.de\\\/it\\\/produkt\\\/tenda-plissettata-senza-foratura-per-lincollaggio\\\/\"]}]},{\"@type\":\"ImageObject\",\"inLanguage\":\"it-IT\",\"@id\":\"https:\\\/\\\/massdekor.de\\\/it\\\/produkt\\\/tenda-plissettata-senza-foratura-per-lincollaggio\\\/#primaryimage\",\"url\":\"https:\\\/\\\/massdekor.de\\\/wp-content\\\/uploads\\\/2025\\\/01\\\/Abelia-01-scaled.jpg\",\"contentUrl\":\"https:\\\/\\\/massdekor.de\\\/wp-content\\\/uploads\\\/2025\\\/01\\\/Abelia-01-scaled.jpg\",\"width\":1707,\"height\":2560},{\"@type\":\"BreadcrumbList\",\"@id\":\"https:\\\/\\\/massdekor.de\\\/it\\\/produkt\\\/tenda-plissettata-senza-foratura-per-lincollaggio\\\/#breadcrumb\",\"itemListElement\":[{\"@type\":\"ListItem\",\"position\":1,\"name\":\"Startseite\",\"item\":\"https:\\\/\\\/massdekor.de\\\/it\\\/\"},{\"@type\":\"ListItem\",\"position\":2,\"name\":\"Negozio\",\"item\":\"https:\\\/\\\/massdekor.de\\\/it\\\/negozio\\\/\"},{\"@type\":\"ListItem\",\"position\":3,\"name\":\"Tenda plissettata senza foratura &#8211; per l&#8217;incollaggio\"}]},{\"@type\":\"WebSite\",\"@id\":\"https:\\\/\\\/massdekor.de\\\/it\\\/#website\",\"url\":\"https:\\\/\\\/massdekor.de\\\/it\\\/\",\"name\":\"Mass Dekor\",\"description\":\"\",\"potentialAction\":[{\"@type\":\"SearchAction\",\"target\":{\"@type\":\"EntryPoint\",\"urlTemplate\":\"https:\\\/\\\/massdekor.de\\\/it\\\/?s={search_term_string}\"},\"query-input\":{\"@type\":\"PropertyValueSpecification\",\"valueRequired\":true,\"valueName\":\"search_term_string\"}}],\"inLanguage\":\"it-IT\"}]}<\/script>\n<!-- \/ Yoast SEO Premium plugin. -->","yoast_head_json":{"title":"Tenda plissettata senza foratura - per l'incollaggio - Mass Dekor","robots":{"index":"index","follow":"follow","max-snippet":"max-snippet:-1","max-image-preview":"max-image-preview:large","max-video-preview":"max-video-preview:-1"},"canonical":"https:\/\/massdekor.de\/it\/produkt\/tenda-plissettata-senza-foratura-per-lincollaggio\/","og_locale":"it_IT","og_type":"article","og_title":"Tenda plissettata senza foratura - per l'incollaggio","og_description":"-Istruzioni di misurazione e montaggio: Video passo-passo \u21b5  -Istruzioni per la misurazione: Istruzioni dettagliate in PDF \u21b5       Dettaglio alluminioFigura 1 \u21b5 - DettaglioFigura 2 \u21b5      Installazione senza attrezzi direttamente sulla superficie del vetro o sul telaio della porta o della finestra, senza danneggiare il profilo della finestra. Design discreto per una privacy ottimale.  Propriet\u00e0:  -Personalizzato per una vestibilit\u00e0 perfetta  -Facile montaggio senza attrezzi  -Nessunaforatura - protezione per il profilo della finestra  -Facile da pulire, pu\u00f2 essere pulito con un panno umido.  Dettagli del prodotto:  -Profili di alluminio robusti  -Tessuto in poliestere di alta qualit\u00e0 per la protezione della visione diurna e notturna.  -Traslucido nei colori moderni  -La larghezza massima \u00e8 di 1000 mm. Se desidera ordinare una larghezza di 1200 mm o superiore, le consigliamo di dividere la misura a met\u00e0 e effettuare due ordini separati. Ad esempio, per 1200 mm, pu\u00f2 ordinare 2 x 600 mm.  -L'altezza massima ordinabile \u00e8 di 2500 mm.  Nota: Abbiamo volutamente mantenuto i nostri prezzi molto bassi per offrire un'opzione per ogni budget. Il nostro obiettivo \u00e8 fornire prodotti di alta qualit\u00e0 a prezzi accessibili, specificamente per i nostri follower.  La nostra esperienza con il prodotto \u00e8 iniziata tre anni fa quando abbiamo ordinato tende plissettate per la nostra azienda. Poich\u00e9 siamo stati molto soddisfatti della qualit\u00e0, abbiamo deciso di rivendere questo prodotto con un margine minimo. Note importanti: I fili sulla porta o sulla finestra sul lato sud devono essere impostati assolutamente sulla regolazione pi\u00f9 allentata. (Per le porte o finestre sul lato sud, consigliamo di misurare direttamente il telaio della porta o della finestra invece del vetro e di fare l'ordine in base a quella misura.) In questo modo si evita che la colla venga sovraccaricata e si elimina la possibilit\u00e0 che la colla cada. Inoltre, la zona dove verr\u00e0 applicato il rinforzo della colla deve essere pulita e poi il rinforzo della colla viene applicato per garantire una maggiore adesione. Se i fili delle tende plissettate sono troppo allentati, puoi utilizzare questa tenda plissettata per lungo tempo senza problemi.Il rinforzo della colla viene fornito con il tuo ordine.","og_url":"https:\/\/massdekor.de\/it\/produkt\/tenda-plissettata-senza-foratura-per-lincollaggio\/","og_site_name":"Mass Dekor","article_publisher":"https:\/\/www.facebook.com\/Massdekor.de","article_modified_time":"2025-05-30T12:04:55+00:00","og_image":[{"width":1707,"height":2560,"url":"https:\/\/massdekor.de\/wp-content\/uploads\/2025\/01\/Abelia-01-scaled.jpg","type":"image\/jpeg"}],"twitter_card":"summary_large_image","twitter_misc":{"Tempo di lettura stimato":"1 minuto"},"schema":{"@context":"https:\/\/schema.org","@graph":[{"@type":"WebPage","@id":"https:\/\/massdekor.de\/it\/produkt\/tenda-plissettata-senza-foratura-per-lincollaggio\/","url":"https:\/\/massdekor.de\/it\/produkt\/tenda-plissettata-senza-foratura-per-lincollaggio\/","name":"Tenda plissettata senza foratura - per l'incollaggio - Mass Dekor","isPartOf":{"@id":"https:\/\/massdekor.de\/it\/#website"},"primaryImageOfPage":{"@id":"https:\/\/massdekor.de\/it\/produkt\/tenda-plissettata-senza-foratura-per-lincollaggio\/#primaryimage"},"image":{"@id":"https:\/\/massdekor.de\/it\/produkt\/tenda-plissettata-senza-foratura-per-lincollaggio\/#primaryimage"},"thumbnailUrl":"https:\/\/massdekor.de\/wp-content\/uploads\/2025\/01\/Abelia-01-scaled.jpg","datePublished":"2025-02-06T11:32:14+00:00","dateModified":"2025-05-30T12:04:55+00:00","breadcrumb":{"@id":"https:\/\/massdekor.de\/it\/produkt\/tenda-plissettata-senza-foratura-per-lincollaggio\/#breadcrumb"},"inLanguage":"it-IT","potentialAction":[{"@type":"ReadAction","target":["https:\/\/massdekor.de\/it\/produkt\/tenda-plissettata-senza-foratura-per-lincollaggio\/"]}]},{"@type":"ImageObject","inLanguage":"it-IT","@id":"https:\/\/massdekor.de\/it\/produkt\/tenda-plissettata-senza-foratura-per-lincollaggio\/#primaryimage","url":"https:\/\/massdekor.de\/wp-content\/uploads\/2025\/01\/Abelia-01-scaled.jpg","contentUrl":"https:\/\/massdekor.de\/wp-content\/uploads\/2025\/01\/Abelia-01-scaled.jpg","width":1707,"height":2560},{"@type":"BreadcrumbList","@id":"https:\/\/massdekor.de\/it\/produkt\/tenda-plissettata-senza-foratura-per-lincollaggio\/#breadcrumb","itemListElement":[{"@type":"ListItem","position":1,"name":"Startseite","item":"https:\/\/massdekor.de\/it\/"},{"@type":"ListItem","position":2,"name":"Negozio","item":"https:\/\/massdekor.de\/it\/negozio\/"},{"@type":"ListItem","position":3,"name":"Tenda plissettata senza foratura &#8211; per l&#8217;incollaggio"}]},{"@type":"WebSite","@id":"https:\/\/massdekor.de\/it\/#website","url":"https:\/\/massdekor.de\/it\/","name":"Mass Dekor","description":"","potentialAction":[{"@type":"SearchAction","target":{"@type":"EntryPoint","urlTemplate":"https:\/\/massdekor.de\/it\/?s={search_term_string}"},"query-input":{"@type":"PropertyValueSpecification","valueRequired":true,"valueName":"search_term_string"}}],"inLanguage":"it-IT"}]}},"_links":{"self":[{"href":"https:\/\/massdekor.de\/it\/wp-json\/wp\/v2\/product\/16576","targetHints":{"allow":["GET"]}}],"collection":[{"href":"https:\/\/massdekor.de\/it\/wp-json\/wp\/v2\/product"}],"about":[{"href":"https:\/\/massdekor.de\/it\/wp-json\/wp\/v2\/types\/product"}],"replies":[{"embeddable":true,"href":"https:\/\/massdekor.de\/it\/wp-json\/wp\/v2\/comments?post=16576"}],"version-history":[{"count":9,"href":"https:\/\/massdekor.de\/it\/wp-json\/wp\/v2\/product\/16576\/revisions"}],"predecessor-version":[{"id":18347,"href":"https:\/\/massdekor.de\/it\/wp-json\/wp\/v2\/product\/16576\/revisions\/18347"}],"wp:featuredmedia":[{"embeddable":true,"href":"https:\/\/massdekor.de\/it\/wp-json\/wp\/v2\/media\/16578"}],"wp:attachment":[{"href":"https:\/\/massdekor.de\/it\/wp-json\/wp\/v2\/media?parent=16576"}],"wp:term":[{"taxonomy":"product_brand","embeddable":true,"href":"https:\/\/massdekor.de\/it\/wp-json\/wp\/v2\/product_brand?post=16576"},{"taxonomy":"product_cat","embeddable":true,"href":"https:\/\/massdekor.de\/it\/wp-json\/wp\/v2\/product_cat?post=16576"},{"taxonomy":"product_tag","embeddable":true,"href":"https:\/\/massdekor.de\/it\/wp-json\/wp\/v2\/product_tag?post=16576"}],"curies":[{"name":"wp","href":"https:\/\/api.w.org\/{rel}","templated":true}]}}