{"id":15542,"date":"2023-09-04T23:54:53","date_gmt":"2023-09-04T21:54:53","guid":{"rendered":"https:\/\/massdekor.de\/produkt\/7-prodotto-finestra-per-tetto-a-due-ante-oscurante-con-zanzariera\/"},"modified":"2025-01-30T02:07:56","modified_gmt":"2025-01-30T01:07:56","slug":"7-prodotto-finestra-per-tetto-a-due-ante-oscurante-con-zanzariera","status":"publish","type":"product","link":"https:\/\/massdekor.de\/it\/produkt\/7-prodotto-finestra-per-tetto-a-due-ante-oscurante-con-zanzariera\/","title":{"rendered":"7.prodotto Finestra per tetto a due ante &#8211; oscurante con zanzariera"},"content":{"rendered":"\t\t<div data-elementor-type=\"product-post\" data-elementor-id=\"15542\" class=\"elementor elementor-15542 elementor-2826\" data-elementor-post-type=\"product\">\n\t\t\t\t\t\t<section class=\"penci-section penci-disSticky penci-structure-10 elementor-section elementor-top-section elementor-element elementor-element-66af7420 elementor-section-boxed elementor-section-height-default elementor-section-height-default\" data-id=\"66af7420\" data-element_type=\"section\" data-e-type=\"section\" id=\"productSeven\">\n\t\t\t\t\t\t<div class=\"elementor-container elementor-column-gap-default\">\n\t\t\t\t\t<div class=\"penci-ercol-100 penci-ercol-order-1 penci-sticky-ct    elementor-column elementor-col-100 elementor-top-column elementor-element elementor-element-1941d4bd\" data-id=\"1941d4bd\" data-element_type=\"column\" data-e-type=\"column\">\n\t\t\t<div class=\"elementor-widget-wrap elementor-element-populated\">\n\t\t\t\t\t\t<div class=\"elementor-element elementor-element-8f32bf8 elementor-widget elementor-widget-text-editor\" data-id=\"8f32bf8\" data-element_type=\"widget\" data-e-type=\"widget\" data-widget_type=\"text-editor.default\">\n\t\t\t\t<div class=\"elementor-widget-container\">\n\t\t\t\t\t\t\t\t\t<p style=\"text-align: center;\" data-pm-slice=\"1 1 []\"><strong>Filtra parzialmente la luce del sole e protegge dagli sguardi indiscreti.<\/strong><\/p>\n<p>La nostra schermatura e zanzariera per finestre per tetti (due ante) <span style=\"font-family: inherit; font-size: var(--pcs_fsp_general); text-align: inherit;\">le offre una soluzione versatile per la sua finestra per tetti: protezione dai fastidiosi insetti e schermatura efficace in un&#8217;unica soluzione.<\/span><\/p>\n<p><strong>Prima di ordinare, si assicuri di visitare le pagine sulle <span style=\"text-decoration: underline;\"><span style=\"color: #ff0000; text-decoration: underline;\"><a style=\"color: #ff0000; text-decoration: underline;\" href=\"https:\/\/youtu.be\/XD5MZCsODbI?si=GN5jyfnT6OvXU8xL\" target=\"_blank\" rel=\"noopener\">istruzioni di montaggio<\/a>(video).<\/span><\/span><\/strong><\/p>\n<p><span style=\"text-decoration: underline;\"><span style=\"color: #ff0000; text-decoration: underline;\"><a style=\"color: #ff0000; text-decoration: underline;\" href=\"https:\/\/massdekor.de\/wp-content\/uploads\/2024\/02\/Mass-fuer-die-Breite.pdf\" target=\"_blank\" rel=\"noopener\">Visualizza le istruzioni di misurazione <strong>in PDF<\/strong> <\/a><\/span><\/span><\/p>\n<p><strong>Protezione solare efficace:<\/strong> la schermatura di alta qualit\u00e0 delle finestre per tetti protegge la sua casa dalla luce solare intensa e dal calore. Pu\u00f2 regolare la luminosit\u00e0 in base ai suoi desideri e creare cos\u00ec un clima piacevole nella stanza. <\/p>\n<p><strong>Protezione affidabile dagli insetti:<\/strong> la zanzariera a due ante funge da barriera affidabile contro mosche, zanzare e altri insetti. Pu\u00f2 aprire il suo lucernario senza esitazione, godersi l&#8217;aria fresca e assicurarsi che non entrino ospiti indesiderati. <\/p>\n<p><strong>Combinazione versatile:<\/strong> la nostra combinazione di ombreggiatura del lucernario e zanzariera non solo offre protezione dal sole e dagli insetti, ma anche la flessibilit\u00e0 di controllare la luce della stanza e di godere appieno dell&#8217;aria fresca.<\/p>\n<p><strong>Comfort per la sua casa:<\/strong> dia al suo lucernario una funzionalit\u00e0 aggiuntiva e crei un clima interno confortevole con la nostra schermatura e zanzariera per lucernari (due ante). Una soluzione pratica ed elegante per la sua casa. <\/p>\n\t\t\t\t\t\t\t\t<\/div>\n\t\t\t\t<\/div>\n\t\t\t\t\t<\/div>\n\t\t<\/div>\n\t\t\t\t\t<\/div>\n\t\t<\/section>\n\t\t\t\t<\/div>\n\t\t","protected":false},"excerpt":{"rendered":"<p>&#8211; Selezionare prima il colore del telaio. Quindi inserire la larghezza e l\u2019altezza<span style=\"color: #ff9900;\"> in millimetri.<\/span><\/p>\n<hr \/>\n<p><strong>Prima di ordinare, assicurarsi di visitare le pagine con le istruzioni di <span style=\"color: #ff9900;\"><a style=\"color: #ff9900;\" href=\"https:\/\/www.youtube.com\/watch?v=hPcjsMiBO38\" target=\"_blank\" rel=\"noopener\">misurazione e di montaggio. (VIDEO)<\/a><\/span><span style=\"color: #ff0000;\"><br \/>\n<\/span><\/strong>Istruzioni di misurazione PDF per finestre da tetto =&gt;<span style=\"color: #ff0000;\"><span style=\"color: #ff9900;\"><a style=\"color: #ff9900;\" href=\"https:\/\/massdekor.de\/wp-content\/uploads\/2024\/07\/Prodotto_11-13-5-6-7-8.Italy_.pdf\" target=\"_blank\" rel=\"noopener\"><b><u> PDF<\/u><\/b><\/a><\/span><br \/>\n<\/span><\/p>\n<hr \/>\n<ul>\n<li>Profilo in alluminio: Larghezza 35 mm &#8211; Profondit\u00e0 di installazione 18 mm<\/li>\n<li>Rete: realizzata in fibra di vetro<\/li>\n<li>Con rete normale:<span style=\"color: #ff9900;\"> <strong><a class=\"sg-popup-id-5670\" style=\"color: #ff9900;\">(immagine)<\/a><\/strong><\/span><\/li>\n<li>Con rete anti-topi e gatti: <span style=\"color: #ff9900;\"><strong><a class=\"sg-popup-id-5666\" style=\"color: #ff9900;\">(immagine)<\/a><\/strong><\/span><\/li>\n<li>VerticaleIl colore standard del tessuto \u00e8 <strong>antracite<\/strong>. <span style=\"color: #ff9900;\"><strong><a class=\"sg-popup-id-5702\" style=\"color: #ff9900;\">(immagine)<\/a><\/strong><\/span><\/li>\n<\/ul>\n<p>Per calcolare il prezzo, selezionare prima il colore, poi il tessuto e infine inserire la misura in millimetri (mm).<\/p>\n<p style=\"text-align: right;\"><strong>Con la zanzariera MASS DEKOR \u00ae\ufe0f<\/strong><br \/>\n<strong>Facile da ordinare, facile da installare, protezione efficace!<\/strong><br \/>\n<strong>Niente zanzare, niente problemi<\/strong><\/p>\n","protected":false},"featured_media":15548,"comment_status":"closed","ping_status":"closed","template":"","meta":[],"product_brand":[],"product_cat":[529,528],"product_tag":[],"class_list":{"0":"post-15542","1":"product","2":"type-product","3":"status-publish","4":"has-post-thumbnail","6":"product_cat-lucernario","7":"product_cat-protezione-dagli-insetti","8":"product_shipping_class-spedizione","9":"pa_my-colors-mogano-it","10":"pa_my-colors-quercia-dorata-it","11":"pa_my-colors-ral-7016-antracite-it","12":"pa_my-colors-ral-7039-grigio-quarzo-it","13":"pa_my-colors-ral-8016-marrone-scuro-it","14":"pa_my-colors-ral-9005-nero-it","15":"pa_my-colors-ral-9006-it","16":"pa_my-colors-ral-9016-bianco","18":"first","19":"instock","20":"sale","21":"taxable","22":"shipping-taxable","23":"purchasable","24":"product-type-variable","25":"has-default-attributes"},"gallery_images":[],"yoast_head":"<!-- This site is optimized with the Yoast SEO Premium plugin v24.6 (Yoast SEO v27.3) - https:\/\/yoast.com\/product\/yoast-seo-premium-wordpress\/ -->\n<title>7.prodotto Finestra per tetto a due ante - oscurante con zanzariera - Mass Dekor<\/title>\n<meta name=\"robots\" content=\"index, follow, max-snippet:-1, max-image-preview:large, max-video-preview:-1\" \/>\n<link rel=\"canonical\" href=\"https:\/\/massdekor.de\/it\/produkt\/7-prodotto-finestra-per-tetto-a-due-ante-oscurante-con-zanzariera\/\" \/>\n<meta property=\"og:locale\" content=\"it_IT\" \/>\n<meta property=\"og:type\" content=\"article\" \/>\n<meta property=\"og:title\" content=\"7.prodotto Finestra per tetto a due ante - oscurante con zanzariera\" \/>\n<meta property=\"og:description\" content=\"- Selezionare prima il colore del telaio. Quindi inserire la larghezza e l\u2019altezza in millimetri.    Prima di ordinare, assicurarsi di visitare le pagine con le istruzioni di misurazione e di montaggio. (VIDEO) Istruzioni di misurazione PDF per finestre da tetto =&gt; PDF       Profilo in alluminio: Larghezza 35 mm - Profondit\u00e0 di installazione 18 mm  Rete: realizzata in fibra di vetro  Con rete normale: (immagine)  Con rete anti-topi e gatti: (immagine)  VerticaleIl colore standard del tessuto \u00e8 antracite. (immagine)  Per calcolare il prezzo, selezionare prima il colore, poi il tessuto e infine inserire la misura in millimetri (mm). Con la zanzariera MASS DEKOR \u00ae\ufe0f Facile da ordinare, facile da installare, protezione efficace! Niente zanzare, niente problemi\" \/>\n<meta property=\"og:url\" content=\"https:\/\/massdekor.de\/it\/produkt\/7-prodotto-finestra-per-tetto-a-due-ante-oscurante-con-zanzariera\/\" \/>\n<meta property=\"og:site_name\" content=\"Mass Dekor\" \/>\n<meta property=\"article:publisher\" content=\"https:\/\/www.facebook.com\/Massdekor.de\" \/>\n<meta property=\"article:modified_time\" content=\"2025-01-30T01:07:56+00:00\" \/>\n<meta property=\"og:image\" content=\"https:\/\/massdekor.de\/wp-content\/uploads\/2023\/12\/produkt-7_ciftli_dikey_ince_perde_sineklik0000-2.jpg\" \/>\n\t<meta property=\"og:image:width\" content=\"2500\" \/>\n\t<meta property=\"og:image:height\" content=\"2500\" \/>\n\t<meta property=\"og:image:type\" content=\"image\/jpeg\" \/>\n<meta name=\"twitter:card\" content=\"summary_large_image\" \/>\n<meta name=\"twitter:label1\" content=\"Tempo di lettura stimato\" \/>\n\t<meta name=\"twitter:data1\" content=\"1 minuto\" \/>\n<script type=\"application\/ld+json\" class=\"yoast-schema-graph\">{\"@context\":\"https:\\\/\\\/schema.org\",\"@graph\":[{\"@type\":\"WebPage\",\"@id\":\"https:\\\/\\\/massdekor.de\\\/it\\\/produkt\\\/7-prodotto-finestra-per-tetto-a-due-ante-oscurante-con-zanzariera\\\/\",\"url\":\"https:\\\/\\\/massdekor.de\\\/it\\\/produkt\\\/7-prodotto-finestra-per-tetto-a-due-ante-oscurante-con-zanzariera\\\/\",\"name\":\"7.prodotto Finestra per tetto a due ante - oscurante con zanzariera - Mass Dekor\",\"isPartOf\":{\"@id\":\"https:\\\/\\\/massdekor.de\\\/it\\\/#website\"},\"primaryImageOfPage\":{\"@id\":\"https:\\\/\\\/massdekor.de\\\/it\\\/produkt\\\/7-prodotto-finestra-per-tetto-a-due-ante-oscurante-con-zanzariera\\\/#primaryimage\"},\"image\":{\"@id\":\"https:\\\/\\\/massdekor.de\\\/it\\\/produkt\\\/7-prodotto-finestra-per-tetto-a-due-ante-oscurante-con-zanzariera\\\/#primaryimage\"},\"thumbnailUrl\":\"https:\\\/\\\/massdekor.de\\\/wp-content\\\/uploads\\\/2023\\\/12\\\/produkt-7_ciftli_dikey_ince_perde_sineklik0000-2.jpg\",\"datePublished\":\"2023-09-04T21:54:53+00:00\",\"dateModified\":\"2025-01-30T01:07:56+00:00\",\"breadcrumb\":{\"@id\":\"https:\\\/\\\/massdekor.de\\\/it\\\/produkt\\\/7-prodotto-finestra-per-tetto-a-due-ante-oscurante-con-zanzariera\\\/#breadcrumb\"},\"inLanguage\":\"it-IT\",\"potentialAction\":[{\"@type\":\"ReadAction\",\"target\":[\"https:\\\/\\\/massdekor.de\\\/it\\\/produkt\\\/7-prodotto-finestra-per-tetto-a-due-ante-oscurante-con-zanzariera\\\/\"]}]},{\"@type\":\"ImageObject\",\"inLanguage\":\"it-IT\",\"@id\":\"https:\\\/\\\/massdekor.de\\\/it\\\/produkt\\\/7-prodotto-finestra-per-tetto-a-due-ante-oscurante-con-zanzariera\\\/#primaryimage\",\"url\":\"https:\\\/\\\/massdekor.de\\\/wp-content\\\/uploads\\\/2023\\\/12\\\/produkt-7_ciftli_dikey_ince_perde_sineklik0000-2.jpg\",\"contentUrl\":\"https:\\\/\\\/massdekor.de\\\/wp-content\\\/uploads\\\/2023\\\/12\\\/produkt-7_ciftli_dikey_ince_perde_sineklik0000-2.jpg\",\"width\":2500,\"height\":2500},{\"@type\":\"BreadcrumbList\",\"@id\":\"https:\\\/\\\/massdekor.de\\\/it\\\/produkt\\\/7-prodotto-finestra-per-tetto-a-due-ante-oscurante-con-zanzariera\\\/#breadcrumb\",\"itemListElement\":[{\"@type\":\"ListItem\",\"position\":1,\"name\":\"Startseite\",\"item\":\"https:\\\/\\\/massdekor.de\\\/it\\\/\"},{\"@type\":\"ListItem\",\"position\":2,\"name\":\"Negozio\",\"item\":\"https:\\\/\\\/massdekor.de\\\/it\\\/negozio\\\/\"},{\"@type\":\"ListItem\",\"position\":3,\"name\":\"7.prodotto Finestra per tetto a due ante &#8211; oscurante con zanzariera\"}]},{\"@type\":\"WebSite\",\"@id\":\"https:\\\/\\\/massdekor.de\\\/it\\\/#website\",\"url\":\"https:\\\/\\\/massdekor.de\\\/it\\\/\",\"name\":\"Mass Dekor\",\"description\":\"\",\"potentialAction\":[{\"@type\":\"SearchAction\",\"target\":{\"@type\":\"EntryPoint\",\"urlTemplate\":\"https:\\\/\\\/massdekor.de\\\/it\\\/?s={search_term_string}\"},\"query-input\":{\"@type\":\"PropertyValueSpecification\",\"valueRequired\":true,\"valueName\":\"search_term_string\"}}],\"inLanguage\":\"it-IT\"}]}<\/script>\n<!-- \/ Yoast SEO Premium plugin. -->","yoast_head_json":{"title":"7.prodotto Finestra per tetto a due ante - oscurante con zanzariera - Mass Dekor","robots":{"index":"index","follow":"follow","max-snippet":"max-snippet:-1","max-image-preview":"max-image-preview:large","max-video-preview":"max-video-preview:-1"},"canonical":"https:\/\/massdekor.de\/it\/produkt\/7-prodotto-finestra-per-tetto-a-due-ante-oscurante-con-zanzariera\/","og_locale":"it_IT","og_type":"article","og_title":"7.prodotto Finestra per tetto a due ante - oscurante con zanzariera","og_description":"- Selezionare prima il colore del telaio. Quindi inserire la larghezza e l\u2019altezza in millimetri.    Prima di ordinare, assicurarsi di visitare le pagine con le istruzioni di misurazione e di montaggio. (VIDEO) Istruzioni di misurazione PDF per finestre da tetto =&gt; PDF       Profilo in alluminio: Larghezza 35 mm - Profondit\u00e0 di installazione 18 mm  Rete: realizzata in fibra di vetro  Con rete normale: (immagine)  Con rete anti-topi e gatti: (immagine)  VerticaleIl colore standard del tessuto \u00e8 antracite. (immagine)  Per calcolare il prezzo, selezionare prima il colore, poi il tessuto e infine inserire la misura in millimetri (mm). Con la zanzariera MASS DEKOR \u00ae\ufe0f Facile da ordinare, facile da installare, protezione efficace! Niente zanzare, niente problemi","og_url":"https:\/\/massdekor.de\/it\/produkt\/7-prodotto-finestra-per-tetto-a-due-ante-oscurante-con-zanzariera\/","og_site_name":"Mass Dekor","article_publisher":"https:\/\/www.facebook.com\/Massdekor.de","article_modified_time":"2025-01-30T01:07:56+00:00","og_image":[{"width":2500,"height":2500,"url":"https:\/\/massdekor.de\/wp-content\/uploads\/2023\/12\/produkt-7_ciftli_dikey_ince_perde_sineklik0000-2.jpg","type":"image\/jpeg"}],"twitter_card":"summary_large_image","twitter_misc":{"Tempo di lettura stimato":"1 minuto"},"schema":{"@context":"https:\/\/schema.org","@graph":[{"@type":"WebPage","@id":"https:\/\/massdekor.de\/it\/produkt\/7-prodotto-finestra-per-tetto-a-due-ante-oscurante-con-zanzariera\/","url":"https:\/\/massdekor.de\/it\/produkt\/7-prodotto-finestra-per-tetto-a-due-ante-oscurante-con-zanzariera\/","name":"7.prodotto Finestra per tetto a due ante - oscurante con zanzariera - Mass Dekor","isPartOf":{"@id":"https:\/\/massdekor.de\/it\/#website"},"primaryImageOfPage":{"@id":"https:\/\/massdekor.de\/it\/produkt\/7-prodotto-finestra-per-tetto-a-due-ante-oscurante-con-zanzariera\/#primaryimage"},"image":{"@id":"https:\/\/massdekor.de\/it\/produkt\/7-prodotto-finestra-per-tetto-a-due-ante-oscurante-con-zanzariera\/#primaryimage"},"thumbnailUrl":"https:\/\/massdekor.de\/wp-content\/uploads\/2023\/12\/produkt-7_ciftli_dikey_ince_perde_sineklik0000-2.jpg","datePublished":"2023-09-04T21:54:53+00:00","dateModified":"2025-01-30T01:07:56+00:00","breadcrumb":{"@id":"https:\/\/massdekor.de\/it\/produkt\/7-prodotto-finestra-per-tetto-a-due-ante-oscurante-con-zanzariera\/#breadcrumb"},"inLanguage":"it-IT","potentialAction":[{"@type":"ReadAction","target":["https:\/\/massdekor.de\/it\/produkt\/7-prodotto-finestra-per-tetto-a-due-ante-oscurante-con-zanzariera\/"]}]},{"@type":"ImageObject","inLanguage":"it-IT","@id":"https:\/\/massdekor.de\/it\/produkt\/7-prodotto-finestra-per-tetto-a-due-ante-oscurante-con-zanzariera\/#primaryimage","url":"https:\/\/massdekor.de\/wp-content\/uploads\/2023\/12\/produkt-7_ciftli_dikey_ince_perde_sineklik0000-2.jpg","contentUrl":"https:\/\/massdekor.de\/wp-content\/uploads\/2023\/12\/produkt-7_ciftli_dikey_ince_perde_sineklik0000-2.jpg","width":2500,"height":2500},{"@type":"BreadcrumbList","@id":"https:\/\/massdekor.de\/it\/produkt\/7-prodotto-finestra-per-tetto-a-due-ante-oscurante-con-zanzariera\/#breadcrumb","itemListElement":[{"@type":"ListItem","position":1,"name":"Startseite","item":"https:\/\/massdekor.de\/it\/"},{"@type":"ListItem","position":2,"name":"Negozio","item":"https:\/\/massdekor.de\/it\/negozio\/"},{"@type":"ListItem","position":3,"name":"7.prodotto Finestra per tetto a due ante &#8211; oscurante con zanzariera"}]},{"@type":"WebSite","@id":"https:\/\/massdekor.de\/it\/#website","url":"https:\/\/massdekor.de\/it\/","name":"Mass Dekor","description":"","potentialAction":[{"@type":"SearchAction","target":{"@type":"EntryPoint","urlTemplate":"https:\/\/massdekor.de\/it\/?s={search_term_string}"},"query-input":{"@type":"PropertyValueSpecification","valueRequired":true,"valueName":"search_term_string"}}],"inLanguage":"it-IT"}]}},"_links":{"self":[{"href":"https:\/\/massdekor.de\/it\/wp-json\/wp\/v2\/product\/15542","targetHints":{"allow":["GET"]}}],"collection":[{"href":"https:\/\/massdekor.de\/it\/wp-json\/wp\/v2\/product"}],"about":[{"href":"https:\/\/massdekor.de\/it\/wp-json\/wp\/v2\/types\/product"}],"replies":[{"embeddable":true,"href":"https:\/\/massdekor.de\/it\/wp-json\/wp\/v2\/comments?post=15542"}],"version-history":[{"count":6,"href":"https:\/\/massdekor.de\/it\/wp-json\/wp\/v2\/product\/15542\/revisions"}],"predecessor-version":[{"id":16216,"href":"https:\/\/massdekor.de\/it\/wp-json\/wp\/v2\/product\/15542\/revisions\/16216"}],"wp:featuredmedia":[{"embeddable":true,"href":"https:\/\/massdekor.de\/it\/wp-json\/wp\/v2\/media\/15548"}],"wp:attachment":[{"href":"https:\/\/massdekor.de\/it\/wp-json\/wp\/v2\/media?parent=15542"}],"wp:term":[{"taxonomy":"product_brand","embeddable":true,"href":"https:\/\/massdekor.de\/it\/wp-json\/wp\/v2\/product_brand?post=15542"},{"taxonomy":"product_cat","embeddable":true,"href":"https:\/\/massdekor.de\/it\/wp-json\/wp\/v2\/product_cat?post=15542"},{"taxonomy":"product_tag","embeddable":true,"href":"https:\/\/massdekor.de\/it\/wp-json\/wp\/v2\/product_tag?post=15542"}],"curies":[{"name":"wp","href":"https:\/\/api.w.org\/{rel}","templated":true}]}}