{"id":15493,"date":"2023-08-29T22:46:58","date_gmt":"2023-08-29T20:46:58","guid":{"rendered":"https:\/\/massdekor.de\/produkt\/%ef%b8%8f-1-prodotto-sistema-a-morsetto-zanzariere-per-porte-e-finestre-telai\/"},"modified":"2025-04-11T22:22:49","modified_gmt":"2025-04-11T20:22:49","slug":"1-prodotto-sistema-a-morsetto-zanzariere-per-porte-e-finestre-telai","status":"publish","type":"product","link":"https:\/\/massdekor.de\/it\/produkt\/1-prodotto-sistema-a-morsetto-zanzariere-per-porte-e-finestre-telai\/","title":{"rendered":"1.prodotto Sistema a morsetto -zanzariere per porte e finestre -telai"},"content":{"rendered":"\t\t<div data-elementor-type=\"product-post\" data-elementor-id=\"15493\" class=\"elementor elementor-15493 elementor-2641\" data-elementor-post-type=\"product\">\n\t\t\t\t\t\t<section class=\"penci-section penci-disSticky penci-structure-10 elementor-section elementor-top-section elementor-element elementor-element-6803a700 elementor-section-boxed elementor-section-height-default elementor-section-height-default\" data-id=\"6803a700\" data-element_type=\"section\" data-e-type=\"section\" id=\"productOne\">\n\t\t\t\t\t\t<div class=\"elementor-container elementor-column-gap-default\">\n\t\t\t\t\t<div class=\"penci-ercol-100 penci-ercol-order-1 penci-sticky-ct    elementor-column elementor-col-100 elementor-top-column elementor-element elementor-element-7360b58e\" data-id=\"7360b58e\" data-element_type=\"column\" data-e-type=\"column\">\n\t\t\t<div class=\"elementor-widget-wrap elementor-element-populated\">\n\t\t\t\t\t\t<div class=\"elementor-element elementor-element-6167f495 elementor-widget elementor-widget-text-editor\" data-id=\"6167f495\" data-element_type=\"widget\" data-e-type=\"widget\" data-widget_type=\"text-editor.default\">\n\t\t\t\t<div class=\"elementor-widget-container\">\n\t\t\t\t\t\t\t\t\t<p><strong>DECORO DI MASSA\u00ae\ufe0f<\/strong><\/p>\n<h1 class=\"product_title entry-title\">1\u00b0 prodotto \u00ae\ufe0f Sistema a morsetto &#8211; zanzariera per porte e telai di finestre<\/h1>\n<p><strong>Senza forare &#8211; Senza viti  <\/strong><\/p>\n<p><strong>Zanzariera &#8211; profilo in alluminio per porte e finestre del balcone<br \/><\/strong><\/p>\n<hr>\n<p>Per calcolare il prezzo, prima selezioni il colore, poi selezioni il tessuto e infine inserisca la misura in <strong><span style=\"color: #ff9900;\">millimetri (mm)<\/span><\/strong><br \/>Pu\u00f2 essere installato dall&#8217;interno o dall&#8217;esterno. (<strong><span style=\"color: #ff0000;\"><a style=\"color: #ff0000;\" href=\"https:\/\/youtube.com\/shorts\/Hk7OBgtuBPA?si=f7xpLyjxlBIxEJYf\" target=\"_blank\" rel=\"noopener\">clicchi<\/a><\/span><\/strong>) (Se desidera l&#8217;installazione dall&#8217;esterno, deve essere eseguita come mostrato nel sistema click<a href=\"https:\/\/youtu.be\/kx28IDAx2iM?si=Px0caD8r0BBzPzgs\" target=\"_blank\" rel=\"noopener\"><strong><span style=\"color: #ff0000;\">video di installazione<\/span><\/strong><\/a> )<\/p>\n<p><strong>Prima di ordinare, si assicuri di visitare le pagine relative alle istruzioni <span style=\"color: #ff9900;\">di misurazione e di<\/span> <span style=\"color: #ff0000;\"> <a class=\"sg-popup-id-5116\" style=\"color: #ff0000;\">istruzioni di montaggio.<\/a><\/span><\/strong><\/p>\n<p><span style=\"color: #ff9900;\"><a class=\"sg-popup-id-5538\" style=\"color: #ff9900;\">Istruzioni per la fiera <span style=\"color: #ff0000;\"><strong><u>Immagine<\/u><\/strong><\/span><\/a><\/span><br \/><span style=\"color: #ff9900;\"><a class=\"sg-popup-id-10703\" style=\"color: #ff9900;\">suggerimento <span style=\"color: #ff0000;\"><strong><u>Immagine<\/u><\/strong><\/span><\/a><\/span><\/p>\n<p><span style=\"color: #ff9900;\"><strong>La maniglia della porta incollata all&#8217;esterno viene rimossa!<\/strong><\/span><\/p>\n<p><span style=\"color: #ff9900;\"><a class=\"sg-popup-id-5445\" style=\"color: #ff9900;\"><strong>Deve essere senza <span style=\"color: #ff0000;\"><u>gambe del tempo<\/u><\/span> essere!<\/strong><\/a><\/span><\/p>\n<p><strong> <\/strong><\/p>\n<p><strong>Caratteristiche del prodotto:<\/strong><\/p>\n<ul>\n<li>\n<p><strong>Profilo in alluminio:<\/strong><\/p>\n<ul>\n<li>Larghezza: <strong>35 mm<\/strong><\/li>\n<li>Profondit\u00e0 di installazione: <strong>18 mm<\/strong><\/li>\n<li>Sporgenza del bordo: <strong>11 mm<\/strong><\/li>\n<\/ul>\n<\/li>\n<li>\n<p><strong>Materiale della rete:<\/strong> rete in fibra di vetro<\/p>\n<ul>\n<li>Disponibile in diverse versioni:\n<ul>\n<li><strong>Rete normale<\/strong><\/li>\n<li><strong>Rete per topi, gatti e polline<\/strong><\/li>\n<\/ul>\n<\/li>\n<\/ul>\n<\/li>\n<li>\n<p><strong>Campo di applicazione:<\/strong><\/p>\n<ul>\n<li>Ideale per le porte e le finestre dei balconi<\/li>\n<li>Non \u00e8 adatto alle <strong>porte a due ante<\/strong> &#8211; solo per <strong>un lato<\/strong>.<\/li>\n<li>Non \u00e8 adatto alle <strong>porte con soglia<\/strong> <\/li>\n<li>Non \u00e8 compatibile con le <strong>barre anti-intemperie<\/strong> per porte e finestre<\/li>\n<li>Se \u00e8 presente una maniglia della porta, deve essere rimossa prima dell&#8217;installazione.<\/li>\n<\/ul>\n<ul>\n<li>Le dimensioni sono misurate <strong>in dimensioni nette<\/strong> (misura da guarnizione di gomma a guarnizione di gomma).<\/li>\n<li><strong>Nota:<\/strong> si consiglia di sottrarre <strong>2 mm<\/strong> dalla larghezza.<\/li>\n<li><strong>Colore:<\/strong> il colore standard del tessuto della zanzariera \u00e8 <strong>antracite<\/strong>.<\/li>\n<\/ul>\n<\/li>\n<\/ul>\n<p><strong>Istruzioni di montaggio:<\/strong><\/p>\n<ul>\n<li>Al momento dell&#8217;assemblaggio, si assicuri di battere gli angoli in plastica con <strong>un martello<\/strong> (per evitare di ferirsi, visto che si tratta di metallo).<\/li>\n<li>Non deve esserci alcuno spazio tra la plastica e il profilo di alluminio.<\/li>\n<\/ul>\n<p><strong>Vantaggi del prodotto:<\/strong><\/p>\n<ul>\n<li><strong>Ordinazione semplice, montaggio semplice<\/strong><\/li>\n<li><strong>Una protezione efficace<\/strong> contro insetti, zanzare, polvere e polline.<\/li>\n<li><strong>Durevole<\/strong> e <strong>facile da pulire<\/strong>, grazie alla rete in fibra di vetro.<\/li>\n<li>Personalizzabile in base alle sue dimensioni<\/li>\n<\/ul>\n<p><strong>Ordine:<\/strong><\/p>\n<ul>\n<li>Per prima cosa, selezioni il <strong>colore della cornice<\/strong>.<\/li>\n<li>Poi inserisca la <strong>larghezza<\/strong> e l&#8217;<strong>altezza<\/strong> in millimetri.<\/li>\n<li>I prodotti sono realizzati in base alle dimensioni da lei specificate.<\/li>\n<\/ul>\n<p><strong>Protegga la sua casa dagli ospiti indesiderati &#8211; con le zanzariere di MASS DEKOR.\u00ae\ufe0f zanzariere!<\/strong><\/p>\n\t\t\t\t\t\t\t\t<\/div>\n\t\t\t\t<\/div>\n\t\t\t\t\t<\/div>\n\t\t<\/div>\n\t\t\t\t\t<\/div>\n\t\t<\/section>\n\t\t\t\t<\/div>\n\t\t","protected":false},"excerpt":{"rendered":"<div class=\"delivery-text-box\">\n<hr \/>\n<p>Per calcolare il prezzo, selezionare prima il colore, poi scegliere il tessuto e infine inserire la misura <strong>in millimetri (mm)<\/strong>.<br \/>\nPu\u00f2 essere installato sia all&#8217;interno che all&#8217;esterno.<\/p>\n<p>Prima di effettuare l&#8217;ordine, assicurarsi di visitare le pagine con le <span style=\"color: #ff9900;\"><a style=\"color: #ff9900;\" href=\"https:\/\/www.youtube.com\/watch?v=acaxvRdvHm4\" target=\"_blank\" rel=\"noopener\"><strong>Istruzioni di misurazione e installazione (VIDEO)<\/strong><\/a><\/span><span style=\"color: #000000;\"><a style=\"color: #000000;\" href=\"https:\/\/www.youtube.com\/watch?v=acaxvRdvHm4\" target=\"_blank\" rel=\"noopener\"><strong>\u21b5<\/strong><\/a><br \/>\n<strong data-start=\"107\" data-end=\"155\">Informazioni importanti \u2013 <a href=\"https:\/\/youtu.be\/BcU2I9HJ6F0?si=BXtqCoFLmeAmciIm\" target=\"_blank\" rel=\"noopener\"><span style=\"color: #ff9900;\">Prodotto 1 (VIDEO)\u00a0<\/span><\/a>\u21b5<\/strong><br \/>\n<\/span><\/p>\n<p><strong><span class=\"pop-up-span\" style=\"color: #ed9e00;\"><span style=\"color: #000000;\">Istruzioni di misurazione Immagine =&gt;<\/span><span style=\"color: #ff0000;\">\u00a0<span style=\"color: #ff9900;\"><u class=\"sg-popup-id-10593\">(immagine)<\/u> <span style=\"color: #000000;\">\u21b5<\/span><\/span><\/span><\/span><\/strong><\/p>\n<p><span style=\"color: #ff9900;\"><strong>La maniglia della porta incollata all&#8217;esterno deve essere rimossa!<\/strong><\/span><\/p>\n<p><a class=\"sg-popup-id-5445\"><strong><span style=\"color: #000000;\">Deve essere senza<\/span> <span style=\"color: #ff9900;\"><u>barra parapioggia<\/u>! <span style=\"color: #000000;\">\u21b5<\/span><\/span><\/strong><\/a><\/p>\n<ul>\n<li>Rete normale: <span style=\"color: #ff9900;\"><strong><a class=\"sg-popup-id-5670\" style=\"color: #ff9900;\">(immagine)<span style=\"color: #000000;\">\u21b5<\/span><\/a><\/strong><\/span><\/li>\n<li>Rete anti-gatto e topi: <span style=\"color: #ff9900;\"><strong><a class=\"sg-popup-id-5666\" style=\"color: #ff9900;\">(immagine)<span style=\"color: #000000;\">\u21b5<\/span><\/a><\/strong><\/span><\/li>\n<\/ul>\n<\/div>\n<ul>\n<li style=\"list-style-type: none;\">\n<ul>\n<li>Profilo in alluminio: Larghezza <strong><span style=\"color: #000000;\">35 mm<\/span><\/strong> &#8211; Profondit\u00e0 di installazione <strong><span style=\"color: #000000;\">18 mm<\/span><\/strong> &#8211; Sporgenza del bordo <strong><span style=\"color: #000000;\">11 mm<\/span><\/strong><\/li>\n<li>Rete: realizzata in fibra di vetro<\/li>\n<li><strong>Porte balcone<\/strong> e <strong>finestre<\/strong><\/li>\n<li>Non adatto per porte a due ante (solo per <span style=\"color: #ff9900;\"><a style=\"color: #ff9900;\" href=\"https:\/\/youtube.com\/shorts\/keWI3X_fM-0?si=vZKgPTw5omiGjPHT\" target=\"_blank\" rel=\"noopener\"><strong>un&#8217;anta<\/strong><\/a><\/span> )<strong>\u21b5<\/strong><\/li>\n<li>Adatto per porte con soglia<span style=\"color: #ff9900;\"> <strong><a style=\"color: #ff9900;\" href=\"https:\/\/massdekor.de\/wp-content\/uploads\/2025\/01\/mit-schwelle-neu-2.png-scaled.jpg\" target=\"_blank\" rel=\"noopener\">(IMMAGINE) <span style=\"color: #000000;\">\u21b5<\/span><\/a><\/strong><\/span><\/li>\n<li>Non adatto per porte senza soglia<span style=\"color: #ff9900;\"><strong> <a style=\"color: #ff9900;\" href=\"https:\/\/massdekor.de\/wp-content\/uploads\/2025\/01\/ohne-schwelle-neu-2.png-scaled.jpg\" target=\"_blank\" rel=\"noopener\">(IMMAGINE<\/a>) <span style=\"color: #000000;\">\u21b5<\/span><\/strong><\/span><\/li>\n<li>Non adatto per barre parapioggia su porte e finestre <span style=\"color: #ff9900;\"><strong><a class=\"sg-popup-id-5445\" style=\"color: #ff9900;\" data-popup-id=\"5445\"><u>(IMMAGINE) <span style=\"color: #000000;\">\u21b5<\/span><\/u><\/a><\/strong><\/span><\/li>\n<li>Se \u00e8 presente una maniglia della porta, deve essere rimossa<\/li>\n<li>Si misurano le dimensioni luce (da guarnizione a guarnizione) <span style=\"color: #ff9900;\"><strong><span class=\"pop-up-span\"><u class=\"sg-popup-id-8406\" data-popup-id=\"8406\">(IMMAGINE) <span style=\"color: #000000;\">\u21b5<\/span><\/u><\/span><\/strong><\/span><\/li>\n<li>I prodotti vengono realizzati in base alle dimensioni da voi specificate.<\/li>\n<li>Non dimenticare di calcolare la distanza tra le guide della tapparella. Bisogna tenere conto della sporgenza di 11 mm del profilo a scatto <strong>(11 mm)<\/strong>.<span style=\"color: #ff9900;\"><strong><a class=\"sg-popup-id-10703\" style=\"color: #ff9900;\" data-popup-id=\"10703\"> ( IMMAGINE ) <\/a><\/strong><\/span><span style=\"color: #000000;\"><strong><a class=\"sg-popup-id-10703\" style=\"color: #000000;\" data-popup-id=\"10703\">\u21b5<\/a><\/strong><\/span><\/li>\n<li>Si consiglia di sottrarre 2 mm dalla larghezza.<\/li>\n<\/ul>\n<\/li>\n<\/ul>\n<p>*Il colore standard del tessuto \u00e8 <strong>antracite<\/strong>.*<\/p>\n<p><strong>Nota sul montaggio<\/strong>: Battete con un martello gli angoli in plastica (per evitare di ferirvi, poich\u00e9 il profilo \u00e8 in metallo) e non deve rimanere neppure un millimetro di spazio tra la plastica e il profilo in alluminio.<\/p>\n<p style=\"text-align: right;\"><strong>Con la zanzariera MASS DEKOR \u00ae\ufe0f<\/strong><br \/>\n<strong>Facile da ordinare, facile da installare, protezione efficace!<\/strong><br \/>\n<strong>Niente zanzare, niente problemi<\/strong><\/p>\n","protected":false},"featured_media":15494,"comment_status":"closed","ping_status":"closed","template":"","meta":[],"product_brand":[],"product_cat":[528,532,531],"product_tag":[],"class_list":{"0":"post-15493","1":"product","2":"type-product","3":"status-publish","4":"has-post-thumbnail","6":"product_cat-protezione-dagli-insetti","7":"product_cat-sistema-a-clic","8":"product_cat-telai-di-porte-e-finestre","9":"product_shipping_class-spedizione","10":"pa_my-colors-mogano-it","11":"pa_my-colors-ral-7016-antracite-it","12":"pa_my-colors-ral-7039-grigio-quarzo-it","13":"pa_my-colors-ral-8016-marrone-scuro-it","14":"pa_my-colors-ral-9005-nero-it","15":"pa_my-colors-ral-9006-it","16":"pa_my-colors-ral-9016-bianco","18":"first","19":"instock","20":"sale","21":"taxable","22":"shipping-taxable","23":"purchasable","24":"product-type-variable","25":"has-default-attributes"},"gallery_images":[6397],"yoast_head":"<!-- This site is optimized with the Yoast SEO Premium plugin v24.6 (Yoast SEO v27.3) - https:\/\/yoast.com\/product\/yoast-seo-premium-wordpress\/ -->\n<title>1.prodotto Sistema a morsetto -zanzariere per porte e finestre -telai - Mass Dekor<\/title>\n<meta name=\"robots\" content=\"index, follow, max-snippet:-1, max-image-preview:large, max-video-preview:-1\" \/>\n<link rel=\"canonical\" href=\"https:\/\/massdekor.de\/it\/produkt\/1-prodotto-sistema-a-morsetto-zanzariere-per-porte-e-finestre-telai\/\" \/>\n<meta property=\"og:locale\" content=\"it_IT\" \/>\n<meta property=\"og:type\" content=\"article\" \/>\n<meta property=\"og:title\" content=\"1.prodotto Sistema a morsetto -zanzariere per porte e finestre -telai\" \/>\n<meta property=\"og:description\" content=\"Per calcolare il prezzo, selezionare prima il colore, poi scegliere il tessuto e infine inserire la misura in millimetri (mm). Pu\u00f2 essere installato sia all&#039;interno che all&#039;esterno.  Prima di effettuare l&#039;ordine, assicurarsi di visitare le pagine con le Istruzioni di misurazione e installazione (VIDEO)\u21b5 Informazioni importanti \u2013 Prodotto 1 (VIDEO)\u00a0\u21b5   Istruzioni di misurazione Immagine =&gt;\u00a0(immagine) \u21b5  La maniglia della porta incollata all&#039;esterno deve essere rimossa!  Deve essere senza barra parapioggia! \u21b5   Rete normale: (immagine)\u21b5  Rete anti-gatto e topi: (immagine)\u21b5        Profilo in alluminio: Larghezza 35 mm - Profondit\u00e0 di installazione 18 mm - Sporgenza del bordo 11 mm  Rete: realizzata in fibra di vetro  Porte balcone e finestre  Non adatto per porte a due ante (solo per un&#039;anta )\u21b5  Adatto per porte con soglia (IMMAGINE) \u21b5  Non adatto per porte senza soglia (IMMAGINE) \u21b5  Non adatto per barre parapioggia su porte e finestre (IMMAGINE) \u21b5  Se \u00e8 presente una maniglia della porta, deve essere rimossa  Si misurano le dimensioni luce (da guarnizione a guarnizione) (IMMAGINE) \u21b5  I prodotti vengono realizzati in base alle dimensioni da voi specificate.  Non dimenticare di calcolare la distanza tra le guide della tapparella. Bisogna tenere conto della sporgenza di 11 mm del profilo a scatto (11 mm). ( IMMAGINE ) \u21b5  Si consiglia di sottrarre 2 mm dalla larghezza.    *Il colore standard del tessuto \u00e8 antracite.*  Nota sul montaggio: Battete con un martello gli angoli in plastica (per evitare di ferirvi, poich\u00e9 il profilo \u00e8 in metallo) e non deve rimanere neppure un millimetro di spazio tra la plastica e il profilo in alluminio. Con la zanzariera MASS DEKOR \u00ae\ufe0f Facile da ordinare, facile da installare, protezione efficace! Niente zanzare, niente problemi\" \/>\n<meta property=\"og:url\" content=\"https:\/\/massdekor.de\/it\/produkt\/1-prodotto-sistema-a-morsetto-zanzariere-per-porte-e-finestre-telai\/\" \/>\n<meta property=\"og:site_name\" content=\"Mass Dekor\" \/>\n<meta property=\"article:publisher\" content=\"https:\/\/www.facebook.com\/Massdekor.de\" \/>\n<meta property=\"article:modified_time\" content=\"2025-04-11T20:22:49+00:00\" \/>\n<meta property=\"og:image\" content=\"https:\/\/massdekor.de\/wp-content\/uploads\/2023\/08\/9016_0001.jpg\" \/>\n\t<meta property=\"og:image:width\" content=\"1250\" \/>\n\t<meta property=\"og:image:height\" content=\"1250\" \/>\n\t<meta property=\"og:image:type\" content=\"image\/jpeg\" \/>\n<meta name=\"twitter:card\" content=\"summary_large_image\" \/>\n<meta name=\"twitter:label1\" content=\"Tempo di lettura stimato\" \/>\n\t<meta name=\"twitter:data1\" content=\"3 minuti\" \/>\n<script type=\"application\/ld+json\" class=\"yoast-schema-graph\">{\"@context\":\"https:\\\/\\\/schema.org\",\"@graph\":[{\"@type\":\"WebPage\",\"@id\":\"https:\\\/\\\/massdekor.de\\\/it\\\/produkt\\\/1-prodotto-sistema-a-morsetto-zanzariere-per-porte-e-finestre-telai\\\/\",\"url\":\"https:\\\/\\\/massdekor.de\\\/it\\\/produkt\\\/1-prodotto-sistema-a-morsetto-zanzariere-per-porte-e-finestre-telai\\\/\",\"name\":\"1.prodotto Sistema a morsetto -zanzariere per porte e finestre -telai - Mass Dekor\",\"isPartOf\":{\"@id\":\"https:\\\/\\\/massdekor.de\\\/it\\\/#website\"},\"primaryImageOfPage\":{\"@id\":\"https:\\\/\\\/massdekor.de\\\/it\\\/produkt\\\/1-prodotto-sistema-a-morsetto-zanzariere-per-porte-e-finestre-telai\\\/#primaryimage\"},\"image\":{\"@id\":\"https:\\\/\\\/massdekor.de\\\/it\\\/produkt\\\/1-prodotto-sistema-a-morsetto-zanzariere-per-porte-e-finestre-telai\\\/#primaryimage\"},\"thumbnailUrl\":\"https:\\\/\\\/massdekor.de\\\/wp-content\\\/uploads\\\/2023\\\/08\\\/9016_0001.jpg\",\"datePublished\":\"2023-08-29T20:46:58+00:00\",\"dateModified\":\"2025-04-11T20:22:49+00:00\",\"breadcrumb\":{\"@id\":\"https:\\\/\\\/massdekor.de\\\/it\\\/produkt\\\/1-prodotto-sistema-a-morsetto-zanzariere-per-porte-e-finestre-telai\\\/#breadcrumb\"},\"inLanguage\":\"it-IT\",\"potentialAction\":[{\"@type\":\"ReadAction\",\"target\":[\"https:\\\/\\\/massdekor.de\\\/it\\\/produkt\\\/1-prodotto-sistema-a-morsetto-zanzariere-per-porte-e-finestre-telai\\\/\"]}]},{\"@type\":\"ImageObject\",\"inLanguage\":\"it-IT\",\"@id\":\"https:\\\/\\\/massdekor.de\\\/it\\\/produkt\\\/1-prodotto-sistema-a-morsetto-zanzariere-per-porte-e-finestre-telai\\\/#primaryimage\",\"url\":\"https:\\\/\\\/massdekor.de\\\/wp-content\\\/uploads\\\/2023\\\/08\\\/9016_0001.jpg\",\"contentUrl\":\"https:\\\/\\\/massdekor.de\\\/wp-content\\\/uploads\\\/2023\\\/08\\\/9016_0001.jpg\",\"width\":1250,\"height\":1250},{\"@type\":\"BreadcrumbList\",\"@id\":\"https:\\\/\\\/massdekor.de\\\/it\\\/produkt\\\/1-prodotto-sistema-a-morsetto-zanzariere-per-porte-e-finestre-telai\\\/#breadcrumb\",\"itemListElement\":[{\"@type\":\"ListItem\",\"position\":1,\"name\":\"Startseite\",\"item\":\"https:\\\/\\\/massdekor.de\\\/it\\\/\"},{\"@type\":\"ListItem\",\"position\":2,\"name\":\"Negozio\",\"item\":\"https:\\\/\\\/massdekor.de\\\/it\\\/negozio\\\/\"},{\"@type\":\"ListItem\",\"position\":3,\"name\":\"1.prodotto Sistema a morsetto -zanzariere per porte e finestre -telai\"}]},{\"@type\":\"WebSite\",\"@id\":\"https:\\\/\\\/massdekor.de\\\/it\\\/#website\",\"url\":\"https:\\\/\\\/massdekor.de\\\/it\\\/\",\"name\":\"Mass Dekor\",\"description\":\"\",\"potentialAction\":[{\"@type\":\"SearchAction\",\"target\":{\"@type\":\"EntryPoint\",\"urlTemplate\":\"https:\\\/\\\/massdekor.de\\\/it\\\/?s={search_term_string}\"},\"query-input\":{\"@type\":\"PropertyValueSpecification\",\"valueRequired\":true,\"valueName\":\"search_term_string\"}}],\"inLanguage\":\"it-IT\"}]}<\/script>\n<!-- \/ Yoast SEO Premium plugin. -->","yoast_head_json":{"title":"1.prodotto Sistema a morsetto -zanzariere per porte e finestre -telai - Mass Dekor","robots":{"index":"index","follow":"follow","max-snippet":"max-snippet:-1","max-image-preview":"max-image-preview:large","max-video-preview":"max-video-preview:-1"},"canonical":"https:\/\/massdekor.de\/it\/produkt\/1-prodotto-sistema-a-morsetto-zanzariere-per-porte-e-finestre-telai\/","og_locale":"it_IT","og_type":"article","og_title":"1.prodotto Sistema a morsetto -zanzariere per porte e finestre -telai","og_description":"Per calcolare il prezzo, selezionare prima il colore, poi scegliere il tessuto e infine inserire la misura in millimetri (mm). Pu\u00f2 essere installato sia all'interno che all'esterno.  Prima di effettuare l'ordine, assicurarsi di visitare le pagine con le Istruzioni di misurazione e installazione (VIDEO)\u21b5 Informazioni importanti \u2013 Prodotto 1 (VIDEO)\u00a0\u21b5   Istruzioni di misurazione Immagine =&gt;\u00a0(immagine) \u21b5  La maniglia della porta incollata all'esterno deve essere rimossa!  Deve essere senza barra parapioggia! \u21b5   Rete normale: (immagine)\u21b5  Rete anti-gatto e topi: (immagine)\u21b5        Profilo in alluminio: Larghezza 35 mm - Profondit\u00e0 di installazione 18 mm - Sporgenza del bordo 11 mm  Rete: realizzata in fibra di vetro  Porte balcone e finestre  Non adatto per porte a due ante (solo per un'anta )\u21b5  Adatto per porte con soglia (IMMAGINE) \u21b5  Non adatto per porte senza soglia (IMMAGINE) \u21b5  Non adatto per barre parapioggia su porte e finestre (IMMAGINE) \u21b5  Se \u00e8 presente una maniglia della porta, deve essere rimossa  Si misurano le dimensioni luce (da guarnizione a guarnizione) (IMMAGINE) \u21b5  I prodotti vengono realizzati in base alle dimensioni da voi specificate.  Non dimenticare di calcolare la distanza tra le guide della tapparella. Bisogna tenere conto della sporgenza di 11 mm del profilo a scatto (11 mm). ( IMMAGINE ) \u21b5  Si consiglia di sottrarre 2 mm dalla larghezza.    *Il colore standard del tessuto \u00e8 antracite.*  Nota sul montaggio: Battete con un martello gli angoli in plastica (per evitare di ferirvi, poich\u00e9 il profilo \u00e8 in metallo) e non deve rimanere neppure un millimetro di spazio tra la plastica e il profilo in alluminio. Con la zanzariera MASS DEKOR \u00ae\ufe0f Facile da ordinare, facile da installare, protezione efficace! Niente zanzare, niente problemi","og_url":"https:\/\/massdekor.de\/it\/produkt\/1-prodotto-sistema-a-morsetto-zanzariere-per-porte-e-finestre-telai\/","og_site_name":"Mass Dekor","article_publisher":"https:\/\/www.facebook.com\/Massdekor.de","article_modified_time":"2025-04-11T20:22:49+00:00","og_image":[{"width":1250,"height":1250,"url":"https:\/\/massdekor.de\/wp-content\/uploads\/2023\/08\/9016_0001.jpg","type":"image\/jpeg"}],"twitter_card":"summary_large_image","twitter_misc":{"Tempo di lettura stimato":"3 minuti"},"schema":{"@context":"https:\/\/schema.org","@graph":[{"@type":"WebPage","@id":"https:\/\/massdekor.de\/it\/produkt\/1-prodotto-sistema-a-morsetto-zanzariere-per-porte-e-finestre-telai\/","url":"https:\/\/massdekor.de\/it\/produkt\/1-prodotto-sistema-a-morsetto-zanzariere-per-porte-e-finestre-telai\/","name":"1.prodotto Sistema a morsetto -zanzariere per porte e finestre -telai - Mass Dekor","isPartOf":{"@id":"https:\/\/massdekor.de\/it\/#website"},"primaryImageOfPage":{"@id":"https:\/\/massdekor.de\/it\/produkt\/1-prodotto-sistema-a-morsetto-zanzariere-per-porte-e-finestre-telai\/#primaryimage"},"image":{"@id":"https:\/\/massdekor.de\/it\/produkt\/1-prodotto-sistema-a-morsetto-zanzariere-per-porte-e-finestre-telai\/#primaryimage"},"thumbnailUrl":"https:\/\/massdekor.de\/wp-content\/uploads\/2023\/08\/9016_0001.jpg","datePublished":"2023-08-29T20:46:58+00:00","dateModified":"2025-04-11T20:22:49+00:00","breadcrumb":{"@id":"https:\/\/massdekor.de\/it\/produkt\/1-prodotto-sistema-a-morsetto-zanzariere-per-porte-e-finestre-telai\/#breadcrumb"},"inLanguage":"it-IT","potentialAction":[{"@type":"ReadAction","target":["https:\/\/massdekor.de\/it\/produkt\/1-prodotto-sistema-a-morsetto-zanzariere-per-porte-e-finestre-telai\/"]}]},{"@type":"ImageObject","inLanguage":"it-IT","@id":"https:\/\/massdekor.de\/it\/produkt\/1-prodotto-sistema-a-morsetto-zanzariere-per-porte-e-finestre-telai\/#primaryimage","url":"https:\/\/massdekor.de\/wp-content\/uploads\/2023\/08\/9016_0001.jpg","contentUrl":"https:\/\/massdekor.de\/wp-content\/uploads\/2023\/08\/9016_0001.jpg","width":1250,"height":1250},{"@type":"BreadcrumbList","@id":"https:\/\/massdekor.de\/it\/produkt\/1-prodotto-sistema-a-morsetto-zanzariere-per-porte-e-finestre-telai\/#breadcrumb","itemListElement":[{"@type":"ListItem","position":1,"name":"Startseite","item":"https:\/\/massdekor.de\/it\/"},{"@type":"ListItem","position":2,"name":"Negozio","item":"https:\/\/massdekor.de\/it\/negozio\/"},{"@type":"ListItem","position":3,"name":"1.prodotto Sistema a morsetto -zanzariere per porte e finestre -telai"}]},{"@type":"WebSite","@id":"https:\/\/massdekor.de\/it\/#website","url":"https:\/\/massdekor.de\/it\/","name":"Mass Dekor","description":"","potentialAction":[{"@type":"SearchAction","target":{"@type":"EntryPoint","urlTemplate":"https:\/\/massdekor.de\/it\/?s={search_term_string}"},"query-input":{"@type":"PropertyValueSpecification","valueRequired":true,"valueName":"search_term_string"}}],"inLanguage":"it-IT"}]}},"_links":{"self":[{"href":"https:\/\/massdekor.de\/it\/wp-json\/wp\/v2\/product\/15493","targetHints":{"allow":["GET"]}}],"collection":[{"href":"https:\/\/massdekor.de\/it\/wp-json\/wp\/v2\/product"}],"about":[{"href":"https:\/\/massdekor.de\/it\/wp-json\/wp\/v2\/types\/product"}],"replies":[{"embeddable":true,"href":"https:\/\/massdekor.de\/it\/wp-json\/wp\/v2\/comments?post=15493"}],"version-history":[{"count":9,"href":"https:\/\/massdekor.de\/it\/wp-json\/wp\/v2\/product\/15493\/revisions"}],"predecessor-version":[{"id":18222,"href":"https:\/\/massdekor.de\/it\/wp-json\/wp\/v2\/product\/15493\/revisions\/18222"}],"wp:featuredmedia":[{"embeddable":true,"href":"https:\/\/massdekor.de\/it\/wp-json\/wp\/v2\/media\/15494"}],"wp:attachment":[{"href":"https:\/\/massdekor.de\/it\/wp-json\/wp\/v2\/media?parent=15493"}],"wp:term":[{"taxonomy":"product_brand","embeddable":true,"href":"https:\/\/massdekor.de\/it\/wp-json\/wp\/v2\/product_brand?post=15493"},{"taxonomy":"product_cat","embeddable":true,"href":"https:\/\/massdekor.de\/it\/wp-json\/wp\/v2\/product_cat?post=15493"},{"taxonomy":"product_tag","embeddable":true,"href":"https:\/\/massdekor.de\/it\/wp-json\/wp\/v2\/product_tag?post=15493"}],"curies":[{"name":"wp","href":"https:\/\/api.w.org\/{rel}","templated":true}]}}