{"id":15443,"date":"2023-06-20T17:30:41","date_gmt":"2023-06-20T15:30:41","guid":{"rendered":"https:\/\/massdekor.de\/produkt\/2-prodotto-zanzariere-per-le-porte-dei-balconi-e-i-telai-delle-finestre\/"},"modified":"2025-06-09T22:35:25","modified_gmt":"2025-06-09T20:35:25","slug":"2-prodotto-zanzariere-per-le-porte-dei-balconi-e-i-telai-delle-finestre","status":"publish","type":"product","link":"https:\/\/massdekor.de\/it\/produkt\/2-prodotto-zanzariere-per-le-porte-dei-balconi-e-i-telai-delle-finestre\/","title":{"rendered":"2.prodotto &#8211; Zanzariere per le porte dei balconi e i telai delle finestre"},"content":{"rendered":"\t\t<div data-elementor-type=\"product-post\" data-elementor-id=\"15443\" class=\"elementor elementor-15443 elementor-2491\" data-elementor-post-type=\"product\">\n\t\t\t\t\t\t<section class=\"penci-section penci-disSticky penci-structure-10 elementor-section elementor-top-section elementor-element elementor-element-41b8c5dc elementor-section-boxed elementor-section-height-default elementor-section-height-default\" data-id=\"41b8c5dc\" data-element_type=\"section\" data-e-type=\"section\" id=\"productTwo\">\n\t\t\t\t\t\t<div class=\"elementor-container elementor-column-gap-default\">\n\t\t\t\t\t<div class=\"penci-ercol-100 penci-ercol-order-1 penci-sticky-ct    elementor-column elementor-col-100 elementor-top-column elementor-element elementor-element-665bd881\" data-id=\"665bd881\" data-element_type=\"column\" data-e-type=\"column\">\n\t\t\t<div class=\"elementor-widget-wrap elementor-element-populated\">\n\t\t\t\t\t\t<div class=\"elementor-element elementor-element-3ebd9714 elementor-widget elementor-widget-text-editor\" data-id=\"3ebd9714\" data-element_type=\"widget\" data-e-type=\"widget\" data-widget_type=\"text-editor.default\">\n\t\t\t\t<div class=\"elementor-widget-container\">\n\t\t\t\t\t\t\t\t\t<p><strong>Si assicuri di visitare le pagine seguenti prima di ordinare:<br \/><\/strong><strong>(Per porte e finestre)<\/strong><a href=\"https:\/\/youtu.be\/bqJQTk_U350?si=lAL7_PAkGgLNbUXh\" target=\"_blank\" rel=\"noopener\"><strong> <span style=\"color: #ff0000;\">Istruzioni per le dimensioni e l&#8217;installazione \u2192<\/span><span style=\"color: #ff0000;\"> Video<\/span><\/strong><\/a><\/p>\n<p><span style=\"color: #000000;\"><a style=\"color: #000000;\" href=\"https:\/\/massdekor.de\/wp-content\/uploads\/2024\/05\/Produkt_2-5_Mit_Rolladen_germ.pdf\" target=\"_blank\" rel=\"noopener\">Istruzioni per la fiera <span style=\"color: #ff0000;\"><b><u>FILE PDF<\/u><\/b><\/span> &#8211; con tapparella <span style=\"color: #ff0000;\"><strong>Porta e finestra<\/strong><\/span><\/a><\/span><br \/><span style=\"color: #000000;\"><a style=\"color: #000000;\" href=\"https:\/\/massdekor.de\/wp-content\/uploads\/2024\/05\/Produkt_2-5_Ohne_Rolladen_Ger.pdf\" target=\"_blank\" rel=\"noopener\">Istruzioni per la fiera <span style=\"color: #ff0000;\"><strong><u>FILE PDF<\/u><\/strong> <\/span>&#8211; senza tapparella <span style=\"color: #ff0000;\"><strong>Porta e finestra<\/strong><\/span><\/a><\/span><\/p>\n<hr>\n<p><strong>MASS DEKOR\u00ae\ufe0f Zanzariere plissettate per porte e finestre dei balconi<\/strong><\/p>\n<p><strong>Caratteristiche del prodotto:<\/strong><\/p>\n<ul>\n<li>\n<p><strong>Profilo in alluminio:<\/strong><\/p>\n<ul>\n<li><strong>Larghezza:<\/strong> 35 mm<\/li>\n<li><strong>Profondit\u00e0 di installazione:<\/strong> 18 mm<\/li>\n<li><strong>Materiale:<\/strong> alluminio di alta qualit\u00e0 per una stabilit\u00e0 e una durata particolarmente elevate.<\/li>\n<li><strong>Maglia:<\/strong> Fibra di vetro, nota per la sua forza e l&#8217;eccellente resistenza all&#8217;usura.<\/li>\n<\/ul>\n<\/li>\n<li>\n<p><strong>Opzioni di montaggio:<\/strong><\/p>\n<ul>\n<li><strong>Flessibilit\u00e0 durante il montaggio:<\/strong>\n<ul>\n<li>Se la distanza tra le tapparelle \u00e8 superiore a <strong>20 mm<\/strong>, la zanzariera pu\u00f2 essere montata <strong>tra le tapparelle<\/strong>.<\/li>\n<li>Se la distanza \u00e8 inferiore a <strong>20 mm<\/strong>, viene montato <strong>sulle guide della tapparella<\/strong> &#8211; il tappo potrebbe dover essere accorciato o ruotato.<\/li>\n<\/ul>\n<\/li>\n<li><strong>Adatto per porte a due battenti.<\/strong><\/li>\n<li><strong>Opzioni di montaggio:<\/strong>\n<ul>\n<li>La zanzariera pu\u00f2 essere <strong>avvitata<\/strong> ai quattro angoli o fissata con <strong>nastro biadesivo<\/strong>. L <strong>&#8216;avvitamento<\/strong> \u00e8 consigliato per un&#8217;installazione ancora pi\u00f9 stabile e duratura.<\/li>\n<\/ul>\n<\/li>\n<\/ul>\n<\/li>\n<li>\n<p><strong>Dimensioni:<\/strong><\/p>\n<ul>\n<li><strong>Dimensioni della luce:<\/strong> le dimensioni sono considerate come <strong>dimensioni della luce<\/strong> (dimensioni di apertura).<\/li>\n<li>In ogni caso, all&#8217;<strong>altezza<\/strong> si aggiungono <strong>35 mm + 35 mm<\/strong> (larghezza del profilo).<\/li>\n<li><strong>70 mm<\/strong> (35 mm + 35 mm) vengono aggiunti alla <strong>larghezza<\/strong>.<\/li>\n<li><strong>Nota importante:<\/strong> se la larghezza o l&#8217;altezza sono inferiori a 70 mm, verranno utilizzate la <strong>larghezza e l&#8217;altezza esistenti<\/strong>. Si accetta una <strong>tolleranza di 10 mm<\/strong> per l&#8217;altezza e la larghezza. <\/li>\n<\/ul>\n<\/li>\n<li>\n<p><strong>Qualit\u00e0 e compatibilit\u00e0:<\/strong><\/p>\n<ul>\n<li><strong>Elevata capacit\u00e0 di carico:<\/strong> le nostre zanzariere sono caratterizzate da un&#8217;eccellente <strong>resistenza ai<\/strong>carichi e all&#8217;<strong>usura<\/strong>.<\/li>\n<li><strong>Compatibilit\u00e0: \u00e8<\/strong> adatto a <strong>porte in legno<\/strong>, <strong>porte in ferro<\/strong> e <strong>porte in plastica<\/strong>.<\/li>\n<li><strong>Sistema di rulli di alta qualit\u00e0:<\/strong> la zanzariera \u00e8 <strong>facile da aprire e chiudere<\/strong> grazie al robusto sistema di rulli.<\/li>\n<\/ul>\n<\/li>\n<li>\n<p><strong>Vantaggi:<\/strong><\/p>\n<ul>\n<li><strong>Protezione efficace dagli insetti:<\/strong> impedisce in modo affidabile a mosche, zanzare, insetti e altri parassiti di entrare in casa sua attraverso finestre e porte.<\/li>\n<li><strong>Aria fresca e ventilazione:<\/strong> assicura una circolazione ottimale dell&#8217;aria nella sua casa e nel suo posto di lavoro, senza far entrare insetti indesiderati.<\/li>\n<li><strong>Facile da usare:<\/strong> molto facile da installare e da pulire per un uso a lungo termine.<\/li>\n<\/ul>\n<\/li>\n<\/ul>\n<p><strong>Istruzioni di montaggio:<\/strong><\/p>\n<ul>\n<li>Le zanzariere possono essere fissate ai <strong>quattro angoli<\/strong> con <strong>viti<\/strong> o <strong>nastro biadesivo<\/strong>. Per una maggiore stabilit\u00e0 e una soluzione permanente, consigliamo il <strong>montaggio a vite<\/strong>. <\/li>\n<\/ul>\n<p><strong>Protegga la sua casa dagli insetti &#8211; con le zanzariere plissettate MASS DEKOR\u00ae\ufe0f zanzariere plissettate!<\/strong><\/p>\n\t\t\t\t\t\t\t\t<\/div>\n\t\t\t\t<\/div>\n\t\t\t\t\t<\/div>\n\t\t<\/div>\n\t\t\t\t\t<\/div>\n\t\t<\/section>\n\t\t\t\t<\/div>\n\t\t","protected":false},"excerpt":{"rendered":"<div class=\"delivery-text-box\">\n<p>Per calcolare il prezzo, selezionare prima il colore, poi selezionare il tessuto e infine inserire la misura <span style=\"color: #ff9900;\">in millimetri<\/span> (mm).<\/p>\n<p><strong>Assicurati di visitare le pagine con le istruzioni di montaggio e le <a href=\"https:\/\/www.youtube.com\/watch?v=bqJQTk_U350\" target=\"_blank\" rel=\"noopener\"><span style=\"color: #ff9900;\">istruzioni di misurazione (Video)<\/span><\/a>\u00a0 \u21b5 prima di ordinare.<br \/>\n(Per finestre)\u00a0<span style=\"color: #ff9900;\"><a style=\"color: #ff9900;\" href=\"https:\/\/youtu.be\/WpzmCvgy2Yc\" target=\"_blank\" rel=\"noopener\">Guida alla misurazione e all\u2019installazione \u2192 Video<\/a><\/span> \u21b5<br \/>\nIstruzioni di misurazione per tapparelle \u2013<a href=\"https:\/\/www.youtube.com\/watch?v=59lws0BFWP0\" target=\"_blank\" rel=\"noopener\"><span style=\"color: #ff9900;\"> per porte e finestre \u2192 Video<\/span><\/a> \u21b5<br \/>\nDimensioni del prodotto: <a href=\"https:\/\/youtu.be\/24GlalhzsNo\" target=\"_blank\" rel=\"noopener\"><span style=\"color: #ff9900;\">Versione con soglia. Video<\/span><\/a> \u21b5<br \/>\n<\/strong><span class=\"pop-up-span\">Istruzioni di misurazione PDF &#8211; con tapparella <strong>porta e finestra<\/strong> =&gt; <span style=\"color: #ff0000;\"><b><u><a style=\"color: #ff0000;\" href=\"https:\/\/massdekor.de\/wp-content\/uploads\/2024\/07\/Prodotto_2-5_Con_Tapparella_Italy.pdf\" target=\"_blank\" rel=\"noopener\"><span style=\"color: #ff9900;\">PDF <\/span><\/a><\/u><\/b><\/span><b><u>\u21b5\u00a0<\/u><\/b><span style=\"color: #ff0000;\"><br \/>\n<\/span><\/span><span class=\"pop-up-span\">Istruzioni di misurazione PDF &#8211; senza tapparella <strong>porta e finestra<\/strong> =&gt;<span style=\"color: #ff0000;\"><strong><span style=\"color: #ff9900;\"><u><a style=\"color: #ff9900;\" href=\"https:\/\/massdekor.de\/wp-content\/uploads\/2024\/07\/Producto_2-5_Sin-persiana-enrollableSpain.pdf\" target=\"_blank\" rel=\"noopener\"> PDF <\/a><\/u><\/span><\/strong><\/span><strong><u>\u21b5<\/u><\/strong><\/span><\/p>\n<ul>\n<li>Rete normale: <span style=\"color: #ff9900;\"><strong><a class=\"sg-popup-id-5670\" style=\"color: #ff9900;\">(immagine) <\/a><\/strong><\/span><span style=\"color: #000000;\"><strong><a class=\"sg-popup-id-5670\" style=\"color: #000000;\">\u21b5<\/a><\/strong><\/span><\/li>\n<li>Rete anti-gatto e topi: <span style=\"color: #ff9900;\"><strong><a class=\"sg-popup-id-5666\" style=\"color: #ff9900;\">(immagine) <span style=\"color: #000000;\">\u21b5<\/span><\/a><\/strong><\/span><\/li>\n<\/ul>\n<hr \/>\n<\/div>\n<ul>\n<li style=\"list-style-type: none;\">\n<ul>\n<li>Profilo in alluminio: Larghezza <span style=\"color: #000000;\"><strong>35 mm<\/strong> &#8211; <\/span>Profondit\u00e0 di installazione <strong><span style=\"color: #000000;\">18 mm<\/span><\/strong><\/li>\n<li>Rete: realizzata in fibra di vetro<\/li>\n<li><span style=\"color: #000000;\"><strong>Per porte balcone &#8211; <\/strong><\/span><span style=\"color: #000000;\"><strong>Per porte doppie del patio &#8211; <\/strong><\/span><span style=\"color: #000000;\"><strong>Per finestre<\/strong><\/span><\/li>\n<li><span style=\"color: #ff9900;\"><strong><span style=\"color: #000000;\">Adatto per porte con soglia<\/span> <span style=\"color: #ff9900;\"><a style=\"color: #ff9900;\" href=\"https:\/\/massdekor.de\/wp-content\/uploads\/2025\/01\/mit-schwelle-neu-2.png-scaled.jpg\" target=\"_blank\" rel=\"noopener\">(IMMAGINE) <span style=\"color: #000000;\">\u21b5<\/span><\/a><\/span><br \/>\n<\/strong><\/span><\/li>\n<\/ul>\n<\/li>\n<\/ul>\n<p>Se c&#8217;\u00e8 uno spazio di oltre 20 mm tra le tapparelle, pu\u00f2 essere installata tra di esse.<\/p>\n<p>Adatta per <span style=\"color: #ff9900;\"><strong>porte<\/strong><\/span> a <span style=\"color: #ff9900;\"><strong>anta singola<\/strong><\/span> o <span style=\"color: #ff9900;\"><strong>doppia<\/strong><\/span> e per <span style=\"color: #ff9900;\"><strong>finestre<\/strong><\/span>.<\/p>\n<p>Pu\u00f2 essere fissata con viti ai quattro angoli o con del nastro biadesivo, tuttavia si consiglia l\u2019avvitamento.<\/p>\n<p>*Il colore standard del tessuto \u00e8 <span style=\"color: #ff9900;\"><strong>antracite.<\/strong><\/span>*<\/p>\n<p style=\"text-align: right;\"><strong>Con la zanzariera MASS DEKOR \u00ae\ufe0f<\/strong><br \/>\n<strong>Facile da ordinare, facile da installare, protezione efficace!<\/strong><br \/>\n<strong>Niente zanzare, niente problemi<\/strong><\/p>\n","protected":false},"featured_media":15446,"comment_status":"closed","ping_status":"closed","template":"","meta":[],"product_brand":[],"product_cat":[528,531],"product_tag":[],"class_list":{"0":"post-15443","1":"product","2":"type-product","3":"status-publish","4":"has-post-thumbnail","6":"product_cat-protezione-dagli-insetti","7":"product_cat-telai-di-porte-e-finestre","8":"product_shipping_class-spedizione","9":"pa_my-colors-mogano-it","10":"pa_my-colors-quercia-dorata-it","11":"pa_my-colors-ral-7016-antracite-it","12":"pa_my-colors-ral-7039-grigio-quarzo-it","13":"pa_my-colors-ral-8016-marrone-scuro-it","14":"pa_my-colors-ral-9005-nero-it","15":"pa_my-colors-ral-9006-it","16":"pa_my-colors-ral-9016-bianco","18":"first","19":"instock","20":"sale","21":"taxable","22":"shipping-taxable","23":"purchasable","24":"product-type-variable","25":"has-default-attributes"},"gallery_images":[2721,2720],"yoast_head":"<!-- This site is optimized with the Yoast SEO Premium plugin v24.6 (Yoast SEO v27.3) - https:\/\/yoast.com\/product\/yoast-seo-premium-wordpress\/ -->\n<title>2.prodotto - Zanzariere per le porte dei balconi e i telai delle finestre - Mass Dekor<\/title>\n<meta name=\"robots\" content=\"index, follow, max-snippet:-1, max-image-preview:large, max-video-preview:-1\" \/>\n<link rel=\"canonical\" href=\"https:\/\/massdekor.de\/it\/produkt\/2-prodotto-zanzariere-per-le-porte-dei-balconi-e-i-telai-delle-finestre\/\" \/>\n<meta property=\"og:locale\" content=\"it_IT\" \/>\n<meta property=\"og:type\" content=\"article\" \/>\n<meta property=\"og:title\" content=\"2.prodotto - Zanzariere per le porte dei balconi e i telai delle finestre\" \/>\n<meta property=\"og:description\" content=\"Per calcolare il prezzo, selezionare prima il colore, poi selezionare il tessuto e infine inserire la misura in millimetri (mm).  Assicurati di visitare le pagine con le istruzioni di montaggio e le istruzioni di misurazione (Video)\u00a0 \u21b5 prima di ordinare. (Per finestre)\u00a0Guida alla misurazione e all\u2019installazione \u2192 Video \u21b5 Istruzioni di misurazione per tapparelle \u2013 per porte e finestre \u2192 Video \u21b5 Dimensioni del prodotto: Versione con soglia. Video \u21b5 Istruzioni di misurazione PDF - con tapparella porta e finestra =&gt; PDF \u21b5\u00a0 Istruzioni di misurazione PDF - senza tapparella porta e finestra =&gt; PDF \u21b5   Rete normale: (immagine) \u21b5  Rete anti-gatto e topi: (immagine) \u21b5           Profilo in alluminio: Larghezza 35 mm - Profondit\u00e0 di installazione 18 mm  Rete: realizzata in fibra di vetro  Per porte balcone - Per porte doppie del patio - Per finestre  Adatto per porte con soglia (IMMAGINE) \u21b5     Se c&#039;\u00e8 uno spazio di oltre 20 mm tra le tapparelle, pu\u00f2 essere installata tra di esse.  Adatta per porte a anta singola o doppia e per finestre.  Pu\u00f2 essere fissata con viti ai quattro angoli o con del nastro biadesivo, tuttavia si consiglia l\u2019avvitamento.  *Il colore standard del tessuto \u00e8 antracite.* Con la zanzariera MASS DEKOR \u00ae\ufe0f Facile da ordinare, facile da installare, protezione efficace! Niente zanzare, niente problemi\" \/>\n<meta property=\"og:url\" content=\"https:\/\/massdekor.de\/it\/produkt\/2-prodotto-zanzariere-per-le-porte-dei-balconi-e-i-telai-delle-finestre\/\" \/>\n<meta property=\"og:site_name\" content=\"Mass Dekor\" \/>\n<meta property=\"article:publisher\" content=\"https:\/\/www.facebook.com\/Massdekor.de\" \/>\n<meta property=\"article:modified_time\" content=\"2025-06-09T20:35:25+00:00\" \/>\n<meta property=\"og:image\" content=\"https:\/\/massdekor.de\/wp-content\/uploads\/2024\/07\/9016_0001.jpg\" \/>\n\t<meta property=\"og:image:width\" content=\"1250\" \/>\n\t<meta property=\"og:image:height\" content=\"1250\" \/>\n\t<meta property=\"og:image:type\" content=\"image\/jpeg\" \/>\n<meta name=\"twitter:card\" content=\"summary_large_image\" \/>\n<meta name=\"twitter:label1\" content=\"Tempo di lettura stimato\" \/>\n\t<meta name=\"twitter:data1\" content=\"3 minuti\" \/>\n<script type=\"application\/ld+json\" class=\"yoast-schema-graph\">{\"@context\":\"https:\\\/\\\/schema.org\",\"@graph\":[{\"@type\":\"WebPage\",\"@id\":\"https:\\\/\\\/massdekor.de\\\/it\\\/produkt\\\/2-prodotto-zanzariere-per-le-porte-dei-balconi-e-i-telai-delle-finestre\\\/\",\"url\":\"https:\\\/\\\/massdekor.de\\\/it\\\/produkt\\\/2-prodotto-zanzariere-per-le-porte-dei-balconi-e-i-telai-delle-finestre\\\/\",\"name\":\"2.prodotto - Zanzariere per le porte dei balconi e i telai delle finestre - Mass Dekor\",\"isPartOf\":{\"@id\":\"https:\\\/\\\/massdekor.de\\\/it\\\/#website\"},\"primaryImageOfPage\":{\"@id\":\"https:\\\/\\\/massdekor.de\\\/it\\\/produkt\\\/2-prodotto-zanzariere-per-le-porte-dei-balconi-e-i-telai-delle-finestre\\\/#primaryimage\"},\"image\":{\"@id\":\"https:\\\/\\\/massdekor.de\\\/it\\\/produkt\\\/2-prodotto-zanzariere-per-le-porte-dei-balconi-e-i-telai-delle-finestre\\\/#primaryimage\"},\"thumbnailUrl\":\"https:\\\/\\\/massdekor.de\\\/wp-content\\\/uploads\\\/2024\\\/07\\\/9016_0001.jpg\",\"datePublished\":\"2023-06-20T15:30:41+00:00\",\"dateModified\":\"2025-06-09T20:35:25+00:00\",\"breadcrumb\":{\"@id\":\"https:\\\/\\\/massdekor.de\\\/it\\\/produkt\\\/2-prodotto-zanzariere-per-le-porte-dei-balconi-e-i-telai-delle-finestre\\\/#breadcrumb\"},\"inLanguage\":\"it-IT\",\"potentialAction\":[{\"@type\":\"ReadAction\",\"target\":[\"https:\\\/\\\/massdekor.de\\\/it\\\/produkt\\\/2-prodotto-zanzariere-per-le-porte-dei-balconi-e-i-telai-delle-finestre\\\/\"]}]},{\"@type\":\"ImageObject\",\"inLanguage\":\"it-IT\",\"@id\":\"https:\\\/\\\/massdekor.de\\\/it\\\/produkt\\\/2-prodotto-zanzariere-per-le-porte-dei-balconi-e-i-telai-delle-finestre\\\/#primaryimage\",\"url\":\"https:\\\/\\\/massdekor.de\\\/wp-content\\\/uploads\\\/2024\\\/07\\\/9016_0001.jpg\",\"contentUrl\":\"https:\\\/\\\/massdekor.de\\\/wp-content\\\/uploads\\\/2024\\\/07\\\/9016_0001.jpg\",\"width\":1250,\"height\":1250},{\"@type\":\"BreadcrumbList\",\"@id\":\"https:\\\/\\\/massdekor.de\\\/it\\\/produkt\\\/2-prodotto-zanzariere-per-le-porte-dei-balconi-e-i-telai-delle-finestre\\\/#breadcrumb\",\"itemListElement\":[{\"@type\":\"ListItem\",\"position\":1,\"name\":\"Startseite\",\"item\":\"https:\\\/\\\/massdekor.de\\\/it\\\/\"},{\"@type\":\"ListItem\",\"position\":2,\"name\":\"Negozio\",\"item\":\"https:\\\/\\\/massdekor.de\\\/it\\\/negozio\\\/\"},{\"@type\":\"ListItem\",\"position\":3,\"name\":\"2.prodotto &#8211; Zanzariere per le porte dei balconi e i telai delle finestre\"}]},{\"@type\":\"WebSite\",\"@id\":\"https:\\\/\\\/massdekor.de\\\/it\\\/#website\",\"url\":\"https:\\\/\\\/massdekor.de\\\/it\\\/\",\"name\":\"Mass Dekor\",\"description\":\"\",\"potentialAction\":[{\"@type\":\"SearchAction\",\"target\":{\"@type\":\"EntryPoint\",\"urlTemplate\":\"https:\\\/\\\/massdekor.de\\\/it\\\/?s={search_term_string}\"},\"query-input\":{\"@type\":\"PropertyValueSpecification\",\"valueRequired\":true,\"valueName\":\"search_term_string\"}}],\"inLanguage\":\"it-IT\"}]}<\/script>\n<!-- \/ Yoast SEO Premium plugin. -->","yoast_head_json":{"title":"2.prodotto - Zanzariere per le porte dei balconi e i telai delle finestre - Mass Dekor","robots":{"index":"index","follow":"follow","max-snippet":"max-snippet:-1","max-image-preview":"max-image-preview:large","max-video-preview":"max-video-preview:-1"},"canonical":"https:\/\/massdekor.de\/it\/produkt\/2-prodotto-zanzariere-per-le-porte-dei-balconi-e-i-telai-delle-finestre\/","og_locale":"it_IT","og_type":"article","og_title":"2.prodotto - Zanzariere per le porte dei balconi e i telai delle finestre","og_description":"Per calcolare il prezzo, selezionare prima il colore, poi selezionare il tessuto e infine inserire la misura in millimetri (mm).  Assicurati di visitare le pagine con le istruzioni di montaggio e le istruzioni di misurazione (Video)\u00a0 \u21b5 prima di ordinare. (Per finestre)\u00a0Guida alla misurazione e all\u2019installazione \u2192 Video \u21b5 Istruzioni di misurazione per tapparelle \u2013 per porte e finestre \u2192 Video \u21b5 Dimensioni del prodotto: Versione con soglia. Video \u21b5 Istruzioni di misurazione PDF - con tapparella porta e finestra =&gt; PDF \u21b5\u00a0 Istruzioni di misurazione PDF - senza tapparella porta e finestra =&gt; PDF \u21b5   Rete normale: (immagine) \u21b5  Rete anti-gatto e topi: (immagine) \u21b5           Profilo in alluminio: Larghezza 35 mm - Profondit\u00e0 di installazione 18 mm  Rete: realizzata in fibra di vetro  Per porte balcone - Per porte doppie del patio - Per finestre  Adatto per porte con soglia (IMMAGINE) \u21b5     Se c'\u00e8 uno spazio di oltre 20 mm tra le tapparelle, pu\u00f2 essere installata tra di esse.  Adatta per porte a anta singola o doppia e per finestre.  Pu\u00f2 essere fissata con viti ai quattro angoli o con del nastro biadesivo, tuttavia si consiglia l\u2019avvitamento.  *Il colore standard del tessuto \u00e8 antracite.* Con la zanzariera MASS DEKOR \u00ae\ufe0f Facile da ordinare, facile da installare, protezione efficace! Niente zanzare, niente problemi","og_url":"https:\/\/massdekor.de\/it\/produkt\/2-prodotto-zanzariere-per-le-porte-dei-balconi-e-i-telai-delle-finestre\/","og_site_name":"Mass Dekor","article_publisher":"https:\/\/www.facebook.com\/Massdekor.de","article_modified_time":"2025-06-09T20:35:25+00:00","og_image":[{"width":1250,"height":1250,"url":"https:\/\/massdekor.de\/wp-content\/uploads\/2024\/07\/9016_0001.jpg","type":"image\/jpeg"}],"twitter_card":"summary_large_image","twitter_misc":{"Tempo di lettura stimato":"3 minuti"},"schema":{"@context":"https:\/\/schema.org","@graph":[{"@type":"WebPage","@id":"https:\/\/massdekor.de\/it\/produkt\/2-prodotto-zanzariere-per-le-porte-dei-balconi-e-i-telai-delle-finestre\/","url":"https:\/\/massdekor.de\/it\/produkt\/2-prodotto-zanzariere-per-le-porte-dei-balconi-e-i-telai-delle-finestre\/","name":"2.prodotto - Zanzariere per le porte dei balconi e i telai delle finestre - Mass Dekor","isPartOf":{"@id":"https:\/\/massdekor.de\/it\/#website"},"primaryImageOfPage":{"@id":"https:\/\/massdekor.de\/it\/produkt\/2-prodotto-zanzariere-per-le-porte-dei-balconi-e-i-telai-delle-finestre\/#primaryimage"},"image":{"@id":"https:\/\/massdekor.de\/it\/produkt\/2-prodotto-zanzariere-per-le-porte-dei-balconi-e-i-telai-delle-finestre\/#primaryimage"},"thumbnailUrl":"https:\/\/massdekor.de\/wp-content\/uploads\/2024\/07\/9016_0001.jpg","datePublished":"2023-06-20T15:30:41+00:00","dateModified":"2025-06-09T20:35:25+00:00","breadcrumb":{"@id":"https:\/\/massdekor.de\/it\/produkt\/2-prodotto-zanzariere-per-le-porte-dei-balconi-e-i-telai-delle-finestre\/#breadcrumb"},"inLanguage":"it-IT","potentialAction":[{"@type":"ReadAction","target":["https:\/\/massdekor.de\/it\/produkt\/2-prodotto-zanzariere-per-le-porte-dei-balconi-e-i-telai-delle-finestre\/"]}]},{"@type":"ImageObject","inLanguage":"it-IT","@id":"https:\/\/massdekor.de\/it\/produkt\/2-prodotto-zanzariere-per-le-porte-dei-balconi-e-i-telai-delle-finestre\/#primaryimage","url":"https:\/\/massdekor.de\/wp-content\/uploads\/2024\/07\/9016_0001.jpg","contentUrl":"https:\/\/massdekor.de\/wp-content\/uploads\/2024\/07\/9016_0001.jpg","width":1250,"height":1250},{"@type":"BreadcrumbList","@id":"https:\/\/massdekor.de\/it\/produkt\/2-prodotto-zanzariere-per-le-porte-dei-balconi-e-i-telai-delle-finestre\/#breadcrumb","itemListElement":[{"@type":"ListItem","position":1,"name":"Startseite","item":"https:\/\/massdekor.de\/it\/"},{"@type":"ListItem","position":2,"name":"Negozio","item":"https:\/\/massdekor.de\/it\/negozio\/"},{"@type":"ListItem","position":3,"name":"2.prodotto &#8211; Zanzariere per le porte dei balconi e i telai delle finestre"}]},{"@type":"WebSite","@id":"https:\/\/massdekor.de\/it\/#website","url":"https:\/\/massdekor.de\/it\/","name":"Mass Dekor","description":"","potentialAction":[{"@type":"SearchAction","target":{"@type":"EntryPoint","urlTemplate":"https:\/\/massdekor.de\/it\/?s={search_term_string}"},"query-input":{"@type":"PropertyValueSpecification","valueRequired":true,"valueName":"search_term_string"}}],"inLanguage":"it-IT"}]}},"_links":{"self":[{"href":"https:\/\/massdekor.de\/it\/wp-json\/wp\/v2\/product\/15443","targetHints":{"allow":["GET"]}}],"collection":[{"href":"https:\/\/massdekor.de\/it\/wp-json\/wp\/v2\/product"}],"about":[{"href":"https:\/\/massdekor.de\/it\/wp-json\/wp\/v2\/types\/product"}],"replies":[{"embeddable":true,"href":"https:\/\/massdekor.de\/it\/wp-json\/wp\/v2\/comments?post=15443"}],"version-history":[{"count":10,"href":"https:\/\/massdekor.de\/it\/wp-json\/wp\/v2\/product\/15443\/revisions"}],"predecessor-version":[{"id":20018,"href":"https:\/\/massdekor.de\/it\/wp-json\/wp\/v2\/product\/15443\/revisions\/20018"}],"wp:featuredmedia":[{"embeddable":true,"href":"https:\/\/massdekor.de\/it\/wp-json\/wp\/v2\/media\/15446"}],"wp:attachment":[{"href":"https:\/\/massdekor.de\/it\/wp-json\/wp\/v2\/media?parent=15443"}],"wp:term":[{"taxonomy":"product_brand","embeddable":true,"href":"https:\/\/massdekor.de\/it\/wp-json\/wp\/v2\/product_brand?post=15443"},{"taxonomy":"product_cat","embeddable":true,"href":"https:\/\/massdekor.de\/it\/wp-json\/wp\/v2\/product_cat?post=15443"},{"taxonomy":"product_tag","embeddable":true,"href":"https:\/\/massdekor.de\/it\/wp-json\/wp\/v2\/product_tag?post=15443"}],"curies":[{"name":"wp","href":"https:\/\/api.w.org\/{rel}","templated":true}]}}