{"id":8798,"date":"2023-08-29T22:46:58","date_gmt":"2023-08-29T20:46:58","guid":{"rendered":"https:\/\/massdekor.de\/produkt\/1-produit-%ef%b8%8f-klicksysteme-moustiquaires-pour-fenetres-et-un-cadre-de-porte-battante\/"},"modified":"2025-04-11T22:20:01","modified_gmt":"2025-04-11T20:20:01","slug":"1-produit-%ef%b8%8f-klicksysteme-moustiquaires-pour-fenetres-et-un-cadre-de-porte-battante","status":"publish","type":"product","link":"https:\/\/massdekor.de\/fr\/produkt\/1-produit-%ef%b8%8f-klicksysteme-moustiquaires-pour-fenetres-et-un-cadre-de-porte-battante\/","title":{"rendered":"1.Produit \u00ae\ufe0f Klicksysteme Moustiquaires pour fen\u00eatres et un cadre de porte battante"},"content":{"rendered":"\t\t<div data-elementor-type=\"product-post\" data-elementor-id=\"8798\" class=\"elementor elementor-8798 elementor-2641\" data-elementor-post-type=\"product\">\n\t\t\t\t\t\t<section class=\"penci-section penci-disSticky penci-structure-10 elementor-section elementor-top-section elementor-element elementor-element-6803a700 elementor-section-boxed elementor-section-height-default elementor-section-height-default\" data-id=\"6803a700\" data-element_type=\"section\" data-e-type=\"section\" id=\"productOne\">\n\t\t\t\t\t\t<div class=\"elementor-container elementor-column-gap-default\">\n\t\t\t\t\t<div class=\"penci-ercol-100 penci-ercol-order-1 penci-sticky-ct    elementor-column elementor-col-100 elementor-top-column elementor-element elementor-element-7360b58e\" data-id=\"7360b58e\" data-element_type=\"column\" data-e-type=\"column\">\n\t\t\t<div class=\"elementor-widget-wrap elementor-element-populated\">\n\t\t\t\t\t\t<div class=\"elementor-element elementor-element-6167f495 elementor-widget elementor-widget-text-editor\" data-id=\"6167f495\" data-element_type=\"widget\" data-e-type=\"widget\" data-widget_type=\"text-editor.default\">\n\t\t\t\t<div class=\"elementor-widget-container\">\n\t\t\t\t\t\t\t\t\t<h3>La moustiquaire \u00e0 clipser pour portes et fen\u00eatres de balcon * 1 vantail * profil de 18mm<\/h3><hr \/><p>Peut \u00eatre install\u00e9 de l&rsquo;int\u00e9rieur ou de l&rsquo;ext\u00e9rieur.<strong><span style=\"color: #ff0000;\"><a style=\"color: #ff0000;\" href=\"https:\/\/youtube.com\/shorts\/Hk7OBgtuBPA?si=f7xpLyjxlBIxEJYf\" target=\"_blank\" rel=\"noopener\">(Clic<\/a>)<\/span><\/strong> (Si l&rsquo;installation de l&rsquo;ext\u00e9rieur est souhait\u00e9e, elle doit \u00eatre effectu\u00e9e comme dans la vid\u00e9o de <strong><span style=\"color: #ff0000;\"><a style=\"color: #ff0000;\" href=\"https:\/\/youtu.be\/kx28IDAx2iM?si=Px0caD8r0BBzPzgs\" target=\"_blank\" rel=\"noopener\">montage<\/a><\/span><\/strong> du syst\u00e8me \u00e0 clic)Nos moustiquaires pour portes et fen\u00eatres sont de tr\u00e8s haute qualit\u00e9, ce qui leur permet de r\u00e9sister \u00e0 des charges \u00e9lev\u00e9es et de pr\u00e9senter \u00e9galement une excellente r\u00e9sistance \u00e0 l&rsquo;usure.<\/p><hr \/><div class=\"delivery-text-box\"><div class=\"delivery-text-box\"><p>Pour calculer le prix, choisissez d&rsquo;abord la couleur, puis s\u00e9lectionnez le tissu et enfin entrez la mesure<strong> en millim\u00e8tres (mm).<br \/>N&rsquo;oubliez pas de consulter les pages relatives aux<a href=\"https:\/\/www.youtube.com\/watch?v=acaxvRdvHm4\" target=\"_blank\" rel=\"noopener\"><span style=\"color: #ff0000;\">instructions de montage <\/span><span style=\"color: #ff0000;\">(video)<\/span><\/a>\u00a0 avant de passer commande <a class=\"sg-popup-id-5116\">.<\/a><\/strong><\/p><p><a class=\"sg-popup-id-8831\"><span style=\"color: #000000;\">Guide de mesure<\/span> <span style=\"color: #ff0000;\"><strong><u>Image<\/u><\/strong><\/span><\/a><\/p><p><span style=\"color: #ff0000;\"><strong>La poign\u00e9e de porte coll\u00e9e \u00e0 l&rsquo;ext\u00e9rieur est retir\u00e9e !<\/strong><\/span><\/p><p><a class=\"sg-popup-id-5445\"><strong><span style=\"color: #000000;\">Il faut qu&rsquo;il n&rsquo;y ait pas de<\/span> <span style=\"color: #ff0000;\"><u>branche m\u00e9t\u00e9orologique<\/u>!<\/span><\/strong><\/a><\/p><ul><li>Filet : en fibre de verre<\/li><li>Filet normal : \u00a0<strong><span style=\"color: #ff0000;\"><a class=\"sg-popup-id-5670\" style=\"color: #ff0000;\">(image)<\/a><\/span><\/strong><\/li><li>Filet de protection pour souris et chats : \u00a0<span style=\"color: #ff0000;\"><strong><a class=\"sg-popup-id-5666\" style=\"color: #ff0000;\">(image)<\/a><\/strong><\/span><\/li><\/ul><hr \/><\/div><ul><li style=\"list-style-type: none;\"><ul><li>Profil\u00e9 en aluminium: Largeur <strong>35 mm &#8211; <\/strong>Profondeur de construction<strong> 18 mm &#8211; <\/strong>Saillie du bord <strong>11 mm<\/strong><\/li><li><strong>Portes-fen\u00eatres<\/strong> et <strong>fen\u00eatres<\/strong><\/li><li>Ne convient pas aux portes \u00e0 deux battants ( <a href=\"https:\/\/youtube.com\/shorts\/keWI3X_fM-0?si=mlSsAGJ-N-mlLHLP\" target=\"_blank\" rel=\"noopener\"><span style=\"color: #ff0000;\"><strong>un seul c\u00f4t\u00e9 VIDEO<\/strong><\/span><\/a> ).<\/li><li>Adapt\u00e9 aux portes avec seuil <a href=\"https:\/\/massdekor.de\/wp-content\/uploads\/2025\/01\/mit-schwelle-neu-2.png-scaled.jpg\" target=\"_blank\" rel=\"noopener\"><strong><span style=\"color: #ff0000;\">(Image<\/span><span style=\"color: #ff0000;\">)<\/span><\/strong><\/a><\/li><li>Non adapt\u00e9 aux portes sans seuil <a href=\"https:\/\/massdekor.de\/wp-content\/uploads\/2025\/01\/ohne-schwelle-neu-2.png-scaled.jpg\" target=\"_blank\" rel=\"noopener\"><strong><span style=\"color: #ff0000;\">(Image)<\/span><\/strong><\/a><\/li><li>Ne convient pas pour les coupe-froid des portes et des fen\u00eatres<span style=\"color: #ff0000;\"> <a class=\"sg-popup-id-5445\" style=\"color: #ff0000;\" data-popup-id=\"5445\"><strong><u>(IMAGE)<\/u><\/strong><\/a><\/span><\/li><li>S&rsquo;il y a une poign\u00e9e de porte, elle doit \u00eatre retir\u00e9e.<\/li><li>Les dimensions de la lumi\u00e8re sont mesur\u00e9es ( joint en caoutchouc \u00e0 mesure de joint en caoutchouc <a class=\"sg-popup-id-8831\"><span style=\"color: #ff0000;\"><strong><u>Image)<\/u><\/strong><\/span><\/a><\/li><li>Les produits sont fabriqu\u00e9s selon les dimensions que vous avez indiqu\u00e9es.<\/li><li>N&rsquo;oubliez pas de calculer la distance entre les rails de guidage des volets roulants. Il faut tenir compte de la partie marginale du profil\u00e9 du syst\u00e8me clic de 11 millim\u00e8tres (11mm).<\/li><li>Il est recommand\u00e9 de d\u00e9duire 2 mm de la largeur et 2 mm de la hauteur.<\/li><\/ul><\/li><\/ul><p>*La couleur standard du tissu est <span style=\"color: #000000;\"><strong>l&rsquo;anthracite<\/strong>.<\/span><\/p><p><strong>Remarque Assemblage<\/strong>: tapez sur les coins en plastique \u00e0 l&rsquo;aide d&rsquo;un marteau (pour ne pas vous blesser, car il s&rsquo;agit de m\u00e9tal) et il ne doit pas y avoir un millim\u00e8tre d&rsquo;espace entre le plastique et le profil\u00e9 en aluminium.<\/p><p style=\"text-align: right;\"><strong>Avec MASS DEKOR \u00ae\ufe0f Moustiquaires<\/strong><br \/><strong>Simple \u00e0 commander, facile \u00e0 installer, efficace \u00e0 prot\u00e9ger !<\/strong><br \/><strong>Pas de moustiques, pas de soucis<\/strong><\/p><\/div>\t\t\t\t\t\t\t\t<\/div>\n\t\t\t\t<\/div>\n\t\t\t\t\t<\/div>\n\t\t<\/div>\n\t\t\t\t\t<\/div>\n\t\t<\/section>\n\t\t\t\t<\/div>\n\t\t","protected":false},"excerpt":{"rendered":"<div class=\"delivery-text-box\">\n<hr \/>\n<p><strong>N&rsquo;oubliez pas de consulter les pages relatives aux<a href=\"https:\/\/www.youtube.com\/watch?v=acaxvRdvHm4\" target=\"_blank\" rel=\"noopener\">\u00a0<span style=\"color: #ff9900;\">Instructions de montage (vid\u00e9o)<\/span><\/a>\u00a0 avant de passer commande <a class=\"sg-popup-id-5116\">. <span style=\"color: #000000;\">\u21b5<br \/>\n<\/span><\/a><\/strong>Remarques importantes \u2013<a href=\"https:\/\/youtu.be\/BcU2I9HJ6F0?si=BXtqCoFLmeAmciIm\" target=\"_blank\" rel=\"noopener\"><strong><span style=\"color: #ff9900;\"> Produit 1 (VID\u00c9O) <\/span><\/strong><span style=\"color: #000000;\">\u00a0<\/span><\/a> <strong>\u21b5<\/strong><a class=\"sg-popup-id-8831\"><span style=\"color: #000000;\"><br \/>\nGuide de mesure<\/span> <span style=\"color: #ff9900;\"><strong><u>Image <span style=\"color: #000000;\">\u21b5<\/span><\/u><\/strong><\/span><\/a><\/p>\n<p><span style=\"color: #ff9900;\"><strong>La poign\u00e9e de porte coll\u00e9e \u00e0 l&rsquo;ext\u00e9rieur est retir\u00e9e !<\/strong><\/span><\/p>\n<p><a class=\"sg-popup-id-5445\"><strong><span style=\"color: #000000;\">Il faut qu&rsquo;il n&rsquo;y ait pas de<\/span><span style=\"color: #ff9900;\"> <u>branche m\u00e9t\u00e9orologique<\/u>! <span style=\"color: #000000;\">\u21b5<\/span><\/span><\/strong><\/a><\/p>\n<ul>\n<li>Filet normal : \u00a0<span style=\"color: #ff9900;\"><strong><a class=\"sg-popup-id-5670\" style=\"color: #ff9900;\">(image) <span style=\"color: #000000;\">\u21b5<\/span><\/a><\/strong><\/span><\/li>\n<li>Filet de protection pour souris et chats : \u00a0<span style=\"color: #ff9900;\"><strong><a class=\"sg-popup-id-5666\" style=\"color: #ff9900;\">(image) <span style=\"color: #000000;\">\u21b5<\/span><\/a><\/strong><\/span><\/li>\n<\/ul>\n<p>Pour calculer le prix, choisissez d&rsquo;abord la couleur, puis s\u00e9lectionnez le tissu et enfin entrez la mesure en millim\u00e8tres (mm).<\/p>\n<hr \/>\n<\/div>\n<ul>\n<li>Profil\u00e9 en aluminium: Largeur <strong>35 mm &#8211; <\/strong>Profondeur de construction 18 mm &#8211; Saillie du bord 11 mm<\/li>\n<li>Filet : en fibre de verre<\/li>\n<li><strong>Portes-fen\u00eatres<\/strong> et <strong>fen\u00eatres<\/strong><\/li>\n<li>Ne convient pas aux portes \u00e0 deux battants <strong><span style=\"color: #ff9900;\">(<\/span> <a href=\"https:\/\/www.youtube.com\/shorts\/keWI3X_fM-0\" target=\"_blank\" rel=\"noopener\"><span style=\"color: #ff9900;\">un seul c\u00f4t\u00e9<\/span><\/a> <span style=\"color: #ff9900;\">)<\/span><\/strong>.<\/li>\n<li>Ne convient pas pour les portes de seuil<\/li>\n<li>Ne convient pas pour les coupe-froid des portes et des fen\u00eatres<\/li>\n<li>S&rsquo;il y a une poign\u00e9e de porte, elle doit \u00eatre retir\u00e9e.<\/li>\n<li>Les dimensions de la lumi\u00e8re sont mesur\u00e9es ( joint en caoutchouc \u00e0 mesure de joint en caoutchouc )<\/li>\n<li>S\u00e9lectionnez d&rsquo;abord la couleur du cadre. Saisissez ensuite la largeur et la hauteur en millim\u00e8tres.<\/li>\n<li>Les produits sont fabriqu\u00e9s selon les dimensions que vous avez indiqu\u00e9es.<\/li>\n<li>N&rsquo;oubliez pas de calculer la distance entre les rails de guidage des volets roulants. Il faut tenir compte de la partie marginale du profil\u00e9 du syst\u00e8me clic de <strong>11 millim\u00e8tres (11mm)<\/strong>. <span style=\"color: #ff9900;\"><strong><a class=\"sg-popup-id-10703\" style=\"color: #ff9900;\" data-popup-id=\"10703\"><u>(IMAGE)<\/u><\/a><\/strong><\/span><\/li>\n<li>Il est recommand\u00e9 de d\u00e9duire 2 mm de la largeur et 2 mm de la hauteur.<\/li>\n<\/ul>\n<p>*La couleur standard du tissu est <span style=\"color: #000000;\"><strong>l&rsquo;anthracite<\/strong>.<\/span><\/p>\n<p><strong>Remarque Assemblage<\/strong>: tapez sur les coins en plastique \u00e0 l&rsquo;aide d&rsquo;un marteau (pour ne pas vous blesser, car il s&rsquo;agit de m\u00e9tal) et il ne doit pas y avoir un millim\u00e8tre d&rsquo;espace entre le plastique et le profil\u00e9 en aluminium.<\/p>\n<p style=\"text-align: right;\"><strong>Avec MASS DEKOR \u00ae\ufe0f Moustiquaires<\/strong><br \/>\n<strong>Simple \u00e0 commander, facile \u00e0 installer, efficace \u00e0 prot\u00e9ger !<\/strong><br \/>\n<strong>Pas de moustiques, pas de soucis<\/strong><\/p>\n","protected":false},"featured_media":11706,"comment_status":"closed","ping_status":"closed","template":"","meta":[],"product_brand":[],"product_cat":[395,393,400],"product_tag":[],"class_list":{"0":"post-8798","1":"product","2":"type-product","3":"status-publish","4":"has-post-thumbnail","6":"product_cat-encadrements-de-portes-et-de-fenetres","7":"product_cat-moustiquaire","8":"product_cat-systeme-a-clic","9":"product_shipping_class-versand-fr","10":"pa_my-colors-acajou","11":"pa_my-colors-ral-7016-anthracite-fr","12":"pa_my-colors-ral-7039-gris-quartz","13":"pa_my-colors-ral-8016-marron-fonce","14":"pa_my-colors-ral-9005-noir","15":"pa_my-colors-ral-9006-fr","16":"pa_my-colors-ral-9016-blanc","18":"first","19":"instock","20":"sale","21":"taxable","22":"shipping-taxable","23":"purchasable","24":"product-type-variable","25":"has-default-attributes"},"gallery_images":[6397],"yoast_head":"<!-- This site is optimized with the Yoast SEO Premium plugin v24.6 (Yoast SEO v27.3) - https:\/\/yoast.com\/product\/yoast-seo-premium-wordpress\/ -->\n<title>1.Produit \u00ae\ufe0f Klicksysteme Moustiquaires pour fen\u00eatres et un cadre de porte battante - Mass Dekor<\/title>\n<meta name=\"robots\" content=\"index, follow, max-snippet:-1, max-image-preview:large, max-video-preview:-1\" \/>\n<link rel=\"canonical\" href=\"https:\/\/massdekor.de\/fr\/produkt\/1-produit-%ef%b8%8f-klicksysteme-moustiquaires-pour-fenetres-et-un-cadre-de-porte-battante\/\" \/>\n<meta property=\"og:locale\" content=\"fr_FR\" \/>\n<meta property=\"og:type\" content=\"article\" \/>\n<meta property=\"og:title\" content=\"1.Produit \u00ae\ufe0f Klicksysteme Moustiquaires pour fen\u00eatres et un cadre de porte battante\" \/>\n<meta property=\"og:description\" content=\"N&#039;oubliez pas de consulter les pages relatives aux\u00a0Instructions de montage (vid\u00e9o)\u00a0 avant de passer commande . \u21b5 Remarques importantes \u2013 Produit 1 (VID\u00c9O) \u00a0 \u21b5 Guide de mesure Image \u21b5  La poign\u00e9e de porte coll\u00e9e \u00e0 l&#039;ext\u00e9rieur est retir\u00e9e !  Il faut qu&#039;il n&#039;y ait pas de branche m\u00e9t\u00e9orologique! \u21b5   Filet normal : \u00a0(image) \u21b5  Filet de protection pour souris et chats : \u00a0(image) \u21b5  Pour calculer le prix, choisissez d&#039;abord la couleur, puis s\u00e9lectionnez le tissu et enfin entrez la mesure en millim\u00e8tres (mm).       Profil\u00e9 en aluminium: Largeur 35 mm - Profondeur de construction 18 mm - Saillie du bord 11 mm  Filet : en fibre de verre  Portes-fen\u00eatres et fen\u00eatres  Ne convient pas aux portes \u00e0 deux battants ( un seul c\u00f4t\u00e9 ).  Ne convient pas pour les portes de seuil  Ne convient pas pour les coupe-froid des portes et des fen\u00eatres  S&#039;il y a une poign\u00e9e de porte, elle doit \u00eatre retir\u00e9e.  Les dimensions de la lumi\u00e8re sont mesur\u00e9es ( joint en caoutchouc \u00e0 mesure de joint en caoutchouc )  S\u00e9lectionnez d&#039;abord la couleur du cadre. Saisissez ensuite la largeur et la hauteur en millim\u00e8tres.  Les produits sont fabriqu\u00e9s selon les dimensions que vous avez indiqu\u00e9es.  N&#039;oubliez pas de calculer la distance entre les rails de guidage des volets roulants. Il faut tenir compte de la partie marginale du profil\u00e9 du syst\u00e8me clic de 11 millim\u00e8tres (11mm). (IMAGE)  Il est recommand\u00e9 de d\u00e9duire 2 mm de la largeur et 2 mm de la hauteur.  *La couleur standard du tissu est l&#039;anthracite.  Remarque Assemblage: tapez sur les coins en plastique \u00e0 l&#039;aide d&#039;un marteau (pour ne pas vous blesser, car il s&#039;agit de m\u00e9tal) et il ne doit pas y avoir un millim\u00e8tre d&#039;espace entre le plastique et le profil\u00e9 en aluminium. Avec MASS DEKOR \u00ae\ufe0f Moustiquaires Simple \u00e0 commander, facile \u00e0 installer, efficace \u00e0 prot\u00e9ger ! Pas de moustiques, pas de soucis\" \/>\n<meta property=\"og:url\" content=\"https:\/\/massdekor.de\/fr\/produkt\/1-produit-%ef%b8%8f-klicksysteme-moustiquaires-pour-fenetres-et-un-cadre-de-porte-battante\/\" \/>\n<meta property=\"og:site_name\" content=\"Mass Dekor\" \/>\n<meta property=\"article:publisher\" content=\"https:\/\/www.facebook.com\/Massdekor.de\" \/>\n<meta property=\"article:modified_time\" content=\"2025-04-11T20:20:01+00:00\" \/>\n<meta property=\"og:image\" content=\"https:\/\/massdekor.de\/wp-content\/uploads\/2023\/08\/9016_0001.jpg\" \/>\n\t<meta property=\"og:image:width\" content=\"1250\" \/>\n\t<meta property=\"og:image:height\" content=\"1250\" \/>\n\t<meta property=\"og:image:type\" content=\"image\/jpeg\" \/>\n<meta name=\"twitter:card\" content=\"summary_large_image\" \/>\n<meta name=\"twitter:label1\" content=\"Dur\u00e9e de lecture estim\u00e9e\" \/>\n\t<meta name=\"twitter:data1\" content=\"3 minutes\" \/>\n<script type=\"application\/ld+json\" class=\"yoast-schema-graph\">{\"@context\":\"https:\\\/\\\/schema.org\",\"@graph\":[{\"@type\":\"WebPage\",\"@id\":\"https:\\\/\\\/massdekor.de\\\/fr\\\/produkt\\\/1-produit-%ef%b8%8f-klicksysteme-moustiquaires-pour-fenetres-et-un-cadre-de-porte-battante\\\/\",\"url\":\"https:\\\/\\\/massdekor.de\\\/fr\\\/produkt\\\/1-produit-%ef%b8%8f-klicksysteme-moustiquaires-pour-fenetres-et-un-cadre-de-porte-battante\\\/\",\"name\":\"1.Produit \u00ae\ufe0f Klicksysteme Moustiquaires pour fen\u00eatres et un cadre de porte battante - Mass Dekor\",\"isPartOf\":{\"@id\":\"https:\\\/\\\/massdekor.de\\\/fr\\\/#website\"},\"primaryImageOfPage\":{\"@id\":\"https:\\\/\\\/massdekor.de\\\/fr\\\/produkt\\\/1-produit-%ef%b8%8f-klicksysteme-moustiquaires-pour-fenetres-et-un-cadre-de-porte-battante\\\/#primaryimage\"},\"image\":{\"@id\":\"https:\\\/\\\/massdekor.de\\\/fr\\\/produkt\\\/1-produit-%ef%b8%8f-klicksysteme-moustiquaires-pour-fenetres-et-un-cadre-de-porte-battante\\\/#primaryimage\"},\"thumbnailUrl\":\"https:\\\/\\\/massdekor.de\\\/wp-content\\\/uploads\\\/2023\\\/08\\\/9016_0001.jpg\",\"datePublished\":\"2023-08-29T20:46:58+00:00\",\"dateModified\":\"2025-04-11T20:20:01+00:00\",\"breadcrumb\":{\"@id\":\"https:\\\/\\\/massdekor.de\\\/fr\\\/produkt\\\/1-produit-%ef%b8%8f-klicksysteme-moustiquaires-pour-fenetres-et-un-cadre-de-porte-battante\\\/#breadcrumb\"},\"inLanguage\":\"fr-FR\",\"potentialAction\":[{\"@type\":\"ReadAction\",\"target\":[\"https:\\\/\\\/massdekor.de\\\/fr\\\/produkt\\\/1-produit-%ef%b8%8f-klicksysteme-moustiquaires-pour-fenetres-et-un-cadre-de-porte-battante\\\/\"]}]},{\"@type\":\"ImageObject\",\"inLanguage\":\"fr-FR\",\"@id\":\"https:\\\/\\\/massdekor.de\\\/fr\\\/produkt\\\/1-produit-%ef%b8%8f-klicksysteme-moustiquaires-pour-fenetres-et-un-cadre-de-porte-battante\\\/#primaryimage\",\"url\":\"https:\\\/\\\/massdekor.de\\\/wp-content\\\/uploads\\\/2023\\\/08\\\/9016_0001.jpg\",\"contentUrl\":\"https:\\\/\\\/massdekor.de\\\/wp-content\\\/uploads\\\/2023\\\/08\\\/9016_0001.jpg\",\"width\":1250,\"height\":1250},{\"@type\":\"BreadcrumbList\",\"@id\":\"https:\\\/\\\/massdekor.de\\\/fr\\\/produkt\\\/1-produit-%ef%b8%8f-klicksysteme-moustiquaires-pour-fenetres-et-un-cadre-de-porte-battante\\\/#breadcrumb\",\"itemListElement\":[{\"@type\":\"ListItem\",\"position\":1,\"name\":\"Startseite\",\"item\":\"https:\\\/\\\/massdekor.de\\\/fr\\\/\"},{\"@type\":\"ListItem\",\"position\":2,\"name\":\"Boutique\",\"item\":\"https:\\\/\\\/massdekor.de\\\/fr\\\/boutique\\\/\"},{\"@type\":\"ListItem\",\"position\":3,\"name\":\"1.Produit \u00ae\ufe0f Klicksysteme Moustiquaires pour fen\u00eatres et un cadre de porte battante\"}]},{\"@type\":\"WebSite\",\"@id\":\"https:\\\/\\\/massdekor.de\\\/fr\\\/#website\",\"url\":\"https:\\\/\\\/massdekor.de\\\/fr\\\/\",\"name\":\"Mass Dekor\",\"description\":\"\",\"potentialAction\":[{\"@type\":\"SearchAction\",\"target\":{\"@type\":\"EntryPoint\",\"urlTemplate\":\"https:\\\/\\\/massdekor.de\\\/fr\\\/?s={search_term_string}\"},\"query-input\":{\"@type\":\"PropertyValueSpecification\",\"valueRequired\":true,\"valueName\":\"search_term_string\"}}],\"inLanguage\":\"fr-FR\"}]}<\/script>\n<!-- \/ Yoast SEO Premium plugin. -->","yoast_head_json":{"title":"1.Produit \u00ae\ufe0f Klicksysteme Moustiquaires pour fen\u00eatres et un cadre de porte battante - Mass Dekor","robots":{"index":"index","follow":"follow","max-snippet":"max-snippet:-1","max-image-preview":"max-image-preview:large","max-video-preview":"max-video-preview:-1"},"canonical":"https:\/\/massdekor.de\/fr\/produkt\/1-produit-%ef%b8%8f-klicksysteme-moustiquaires-pour-fenetres-et-un-cadre-de-porte-battante\/","og_locale":"fr_FR","og_type":"article","og_title":"1.Produit \u00ae\ufe0f Klicksysteme Moustiquaires pour fen\u00eatres et un cadre de porte battante","og_description":"N'oubliez pas de consulter les pages relatives aux\u00a0Instructions de montage (vid\u00e9o)\u00a0 avant de passer commande . \u21b5 Remarques importantes \u2013 Produit 1 (VID\u00c9O) \u00a0 \u21b5 Guide de mesure Image \u21b5  La poign\u00e9e de porte coll\u00e9e \u00e0 l'ext\u00e9rieur est retir\u00e9e !  Il faut qu'il n'y ait pas de branche m\u00e9t\u00e9orologique! \u21b5   Filet normal : \u00a0(image) \u21b5  Filet de protection pour souris et chats : \u00a0(image) \u21b5  Pour calculer le prix, choisissez d'abord la couleur, puis s\u00e9lectionnez le tissu et enfin entrez la mesure en millim\u00e8tres (mm).       Profil\u00e9 en aluminium: Largeur 35 mm - Profondeur de construction 18 mm - Saillie du bord 11 mm  Filet : en fibre de verre  Portes-fen\u00eatres et fen\u00eatres  Ne convient pas aux portes \u00e0 deux battants ( un seul c\u00f4t\u00e9 ).  Ne convient pas pour les portes de seuil  Ne convient pas pour les coupe-froid des portes et des fen\u00eatres  S'il y a une poign\u00e9e de porte, elle doit \u00eatre retir\u00e9e.  Les dimensions de la lumi\u00e8re sont mesur\u00e9es ( joint en caoutchouc \u00e0 mesure de joint en caoutchouc )  S\u00e9lectionnez d'abord la couleur du cadre. Saisissez ensuite la largeur et la hauteur en millim\u00e8tres.  Les produits sont fabriqu\u00e9s selon les dimensions que vous avez indiqu\u00e9es.  N'oubliez pas de calculer la distance entre les rails de guidage des volets roulants. Il faut tenir compte de la partie marginale du profil\u00e9 du syst\u00e8me clic de 11 millim\u00e8tres (11mm). (IMAGE)  Il est recommand\u00e9 de d\u00e9duire 2 mm de la largeur et 2 mm de la hauteur.  *La couleur standard du tissu est l'anthracite.  Remarque Assemblage: tapez sur les coins en plastique \u00e0 l'aide d'un marteau (pour ne pas vous blesser, car il s'agit de m\u00e9tal) et il ne doit pas y avoir un millim\u00e8tre d'espace entre le plastique et le profil\u00e9 en aluminium. Avec MASS DEKOR \u00ae\ufe0f Moustiquaires Simple \u00e0 commander, facile \u00e0 installer, efficace \u00e0 prot\u00e9ger ! Pas de moustiques, pas de soucis","og_url":"https:\/\/massdekor.de\/fr\/produkt\/1-produit-%ef%b8%8f-klicksysteme-moustiquaires-pour-fenetres-et-un-cadre-de-porte-battante\/","og_site_name":"Mass Dekor","article_publisher":"https:\/\/www.facebook.com\/Massdekor.de","article_modified_time":"2025-04-11T20:20:01+00:00","og_image":[{"width":1250,"height":1250,"url":"https:\/\/massdekor.de\/wp-content\/uploads\/2023\/08\/9016_0001.jpg","type":"image\/jpeg"}],"twitter_card":"summary_large_image","twitter_misc":{"Dur\u00e9e de lecture estim\u00e9e":"3 minutes"},"schema":{"@context":"https:\/\/schema.org","@graph":[{"@type":"WebPage","@id":"https:\/\/massdekor.de\/fr\/produkt\/1-produit-%ef%b8%8f-klicksysteme-moustiquaires-pour-fenetres-et-un-cadre-de-porte-battante\/","url":"https:\/\/massdekor.de\/fr\/produkt\/1-produit-%ef%b8%8f-klicksysteme-moustiquaires-pour-fenetres-et-un-cadre-de-porte-battante\/","name":"1.Produit \u00ae\ufe0f Klicksysteme Moustiquaires pour fen\u00eatres et un cadre de porte battante - Mass Dekor","isPartOf":{"@id":"https:\/\/massdekor.de\/fr\/#website"},"primaryImageOfPage":{"@id":"https:\/\/massdekor.de\/fr\/produkt\/1-produit-%ef%b8%8f-klicksysteme-moustiquaires-pour-fenetres-et-un-cadre-de-porte-battante\/#primaryimage"},"image":{"@id":"https:\/\/massdekor.de\/fr\/produkt\/1-produit-%ef%b8%8f-klicksysteme-moustiquaires-pour-fenetres-et-un-cadre-de-porte-battante\/#primaryimage"},"thumbnailUrl":"https:\/\/massdekor.de\/wp-content\/uploads\/2023\/08\/9016_0001.jpg","datePublished":"2023-08-29T20:46:58+00:00","dateModified":"2025-04-11T20:20:01+00:00","breadcrumb":{"@id":"https:\/\/massdekor.de\/fr\/produkt\/1-produit-%ef%b8%8f-klicksysteme-moustiquaires-pour-fenetres-et-un-cadre-de-porte-battante\/#breadcrumb"},"inLanguage":"fr-FR","potentialAction":[{"@type":"ReadAction","target":["https:\/\/massdekor.de\/fr\/produkt\/1-produit-%ef%b8%8f-klicksysteme-moustiquaires-pour-fenetres-et-un-cadre-de-porte-battante\/"]}]},{"@type":"ImageObject","inLanguage":"fr-FR","@id":"https:\/\/massdekor.de\/fr\/produkt\/1-produit-%ef%b8%8f-klicksysteme-moustiquaires-pour-fenetres-et-un-cadre-de-porte-battante\/#primaryimage","url":"https:\/\/massdekor.de\/wp-content\/uploads\/2023\/08\/9016_0001.jpg","contentUrl":"https:\/\/massdekor.de\/wp-content\/uploads\/2023\/08\/9016_0001.jpg","width":1250,"height":1250},{"@type":"BreadcrumbList","@id":"https:\/\/massdekor.de\/fr\/produkt\/1-produit-%ef%b8%8f-klicksysteme-moustiquaires-pour-fenetres-et-un-cadre-de-porte-battante\/#breadcrumb","itemListElement":[{"@type":"ListItem","position":1,"name":"Startseite","item":"https:\/\/massdekor.de\/fr\/"},{"@type":"ListItem","position":2,"name":"Boutique","item":"https:\/\/massdekor.de\/fr\/boutique\/"},{"@type":"ListItem","position":3,"name":"1.Produit \u00ae\ufe0f Klicksysteme Moustiquaires pour fen\u00eatres et un cadre de porte battante"}]},{"@type":"WebSite","@id":"https:\/\/massdekor.de\/fr\/#website","url":"https:\/\/massdekor.de\/fr\/","name":"Mass Dekor","description":"","potentialAction":[{"@type":"SearchAction","target":{"@type":"EntryPoint","urlTemplate":"https:\/\/massdekor.de\/fr\/?s={search_term_string}"},"query-input":{"@type":"PropertyValueSpecification","valueRequired":true,"valueName":"search_term_string"}}],"inLanguage":"fr-FR"}]}},"_links":{"self":[{"href":"https:\/\/massdekor.de\/fr\/wp-json\/wp\/v2\/product\/8798","targetHints":{"allow":["GET"]}}],"collection":[{"href":"https:\/\/massdekor.de\/fr\/wp-json\/wp\/v2\/product"}],"about":[{"href":"https:\/\/massdekor.de\/fr\/wp-json\/wp\/v2\/types\/product"}],"replies":[{"embeddable":true,"href":"https:\/\/massdekor.de\/fr\/wp-json\/wp\/v2\/comments?post=8798"}],"version-history":[{"count":10,"href":"https:\/\/massdekor.de\/fr\/wp-json\/wp\/v2\/product\/8798\/revisions"}],"predecessor-version":[{"id":18221,"href":"https:\/\/massdekor.de\/fr\/wp-json\/wp\/v2\/product\/8798\/revisions\/18221"}],"wp:featuredmedia":[{"embeddable":true,"href":"https:\/\/massdekor.de\/fr\/wp-json\/wp\/v2\/media\/11706"}],"wp:attachment":[{"href":"https:\/\/massdekor.de\/fr\/wp-json\/wp\/v2\/media?parent=8798"}],"wp:term":[{"taxonomy":"product_brand","embeddable":true,"href":"https:\/\/massdekor.de\/fr\/wp-json\/wp\/v2\/product_brand?post=8798"},{"taxonomy":"product_cat","embeddable":true,"href":"https:\/\/massdekor.de\/fr\/wp-json\/wp\/v2\/product_cat?post=8798"},{"taxonomy":"product_tag","embeddable":true,"href":"https:\/\/massdekor.de\/fr\/wp-json\/wp\/v2\/product_tag?post=8798"}],"curies":[{"name":"wp","href":"https:\/\/api.w.org\/{rel}","templated":true}]}}