{"id":8777,"date":"2023-05-30T01:06:09","date_gmt":"2023-05-29T23:06:09","guid":{"rendered":"https:\/\/massdekor.de\/produkt\/3-produit-moustiquaire-a-deux-battants-porte-et-cadre-de-fenetre\/"},"modified":"2025-05-22T17:33:44","modified_gmt":"2025-05-22T15:33:44","slug":"3-produit-moustiquaire-a-deux-battants-porte-et-cadre-de-fenetre","status":"publish","type":"product","link":"https:\/\/massdekor.de\/fr\/produkt\/3-produit-moustiquaire-a-deux-battants-porte-et-cadre-de-fenetre\/","title":{"rendered":"3.Produit-moustiquaire \u00e0 deux battants porte et cadre de fen\u00eatre"},"content":{"rendered":"\t\t<div data-elementor-type=\"product-post\" data-elementor-id=\"8777\" class=\"elementor elementor-8777 elementor-2456\" data-elementor-post-type=\"product\">\n\t\t\t\t\t\t<section class=\"penci-section penci-disSticky penci-structure-10 elementor-section elementor-top-section elementor-element elementor-element-6de6d21f elementor-section-boxed elementor-section-height-default elementor-section-height-default\" data-id=\"6de6d21f\" data-element_type=\"section\" data-e-type=\"section\" id=\"productThree\">\n\t\t\t\t\t\t<div class=\"elementor-container elementor-column-gap-default\">\n\t\t\t\t\t<div class=\"penci-ercol-100 penci-ercol-order-1 penci-sticky-ct    elementor-column elementor-col-100 elementor-top-column elementor-element elementor-element-687e8e85\" data-id=\"687e8e85\" data-element_type=\"column\" data-e-type=\"column\">\n\t\t\t<div class=\"elementor-widget-wrap elementor-element-populated\">\n\t\t\t\t\t\t<div class=\"elementor-element elementor-element-7be0db92 elementor-widget__width-initial elementor-widget elementor-widget-text-editor\" data-id=\"7be0db92\" data-element_type=\"widget\" data-e-type=\"widget\" data-widget_type=\"text-editor.default\">\n\t\t\t\t<div class=\"elementor-widget-container\">\n\t\t\t\t\t\t\t\t\t<h3>Moustiquaires pliss\u00e9es pour portes et fen\u00eatres<\/h3>\n<p><br><\/p>\n<h1>\n<\/h1><p><span style=\"font-weight: normal;\">Profil\u00e9 en aluminium<br><\/span><span style=\"font-weight: normal;\">Largeur 35 mm<br><\/span><span style=\"font-weight: normal;\">Profondeur de construction 18 mm<\/span><span style=\"font-weight: normal;\"><br><\/span><span style=\"font-weight: normal;\">Filet : en fibre de verre<br><\/span><span style=\"font-weight: normal;\">&nbsp;<br><\/span><span style=\"outline-color: currentcolor; outline-style: none; font-weight: normal;\">S&rsquo;il y a plus de 20 mm entre les volets roulants, il peut \u00eatre plac\u00e9 entre les volets roulants, s&rsquo;il y a moins de 20 mm, il est mont\u00e9 sur les rails du volet roulant, mais la but\u00e9e doit \u00eatre raccourcie ou tourn\u00e9e.<br style=\"outline-color: currentcolor; outline-style: none;\"><\/span><span style=\"outline-color: currentcolor; outline-style: none; font-weight: normal;\">Convient aux portes doubles \u00e0 deux battants<br style=\"outline-color: currentcolor; outline-style: none;\"><\/span><span style=\"outline-color: currentcolor; outline-style: none; font-weight: normal;\">Il peut \u00eatre viss\u00e9 aux quatre coins ou fix\u00e9 avec du ruban adh\u00e9sif double face, le vissage \u00e9tant recommand\u00e9.<\/span><br><\/p>\n\n<h1><span style=\"font-family: \"Helvetica Neue\"; font-size: 13px; text-align: inherit; font-weight: normal;\">Les dimensions de la lumi\u00e8re sont mesur\u00e9es, la largeur du profil est ajout\u00e9e \u00e0 la hauteur +35 mm, 70 mm (35 mm + 35 mm) sont ajout\u00e9s \u00e0 la largeur. Si la largeur et la hauteur sont toutes deux inf\u00e9rieures \u00e0 70 mm, la largeur et la hauteur existantes sont utilis\u00e9es, avec une tol\u00e9rance de 10 mm pour la hauteur et la largeur. Au sol, il y a un rail de 10 mm de haut qui peut \u00eatre compl\u00e9t\u00e9 par une rampe si n\u00e9cessaire.<\/span><\/h1>\n<h1><span style=\"font-family: inherit; font-size: var(--pcs_fsp_general); font-weight: inherit; text-align: inherit;\">Nos moustiquaires pour portes et fen\u00eatres sont de tr\u00e8s haute qualit\u00e9, ce qui leur permet de r\u00e9sister \u00e0 des charges \u00e9lev\u00e9es et de pr\u00e9senter \u00e9galement une excellente r\u00e9sistance \u00e0 l&rsquo;usure.<\/span><br><\/h1>\n<p>Les cadres de nos moustiquaires sont fabriqu\u00e9s en aluminium de haute qualit\u00e9.<\/p>\n<p>Nos moustiquaires sont compatibles avec tous les types de portes en bois, en fer et en plastique.<\/p>\n<p>Gr\u00e2ce au syst\u00e8me de roulettes de haute qualit\u00e9, ils s&rsquo;ouvrent et se ferment facilement.<\/p>\n<p>Tr\u00e8s facile \u00e0 installer et \u00e0 nettoyer.<\/p>\n<p>Emp\u00eache toutes sortes de mouches, moustiques, insectes et vermine de p\u00e9n\u00e9trer dans votre maison par les fen\u00eatres et les portes.<\/p>\n<p>Il assure un air frais et une circulation de l&rsquo;air dans votre maison et sur votre lieu de travail.<\/p>\n<p>Il peut \u00eatre fix\u00e9 aux quatre coins \u00e0 l&rsquo;aide de vis ou de ruban adh\u00e9sif double face&nbsp;.<\/p>\t\t\t\t\t\t\t\t<\/div>\n\t\t\t\t<\/div>\n\t\t\t\t\t<\/div>\n\t\t<\/div>\n\t\t\t\t\t<\/div>\n\t\t<\/section>\n\t\t\t\t<\/div>\n\t\t","protected":false},"excerpt":{"rendered":"<div class=\"delivery-text-box\">\n<p>Pour calculer le prix, choisissez d&rsquo;abord la couleur, puis s\u00e9lectionnez le tissu et enfin entrez la mesure en <span style=\"color: #ff9900;\">millim\u00e8tres (mm)<\/span>.<\/p>\n<\/div>\n<hr \/>\n<p><strong>N&rsquo;oubliez pas de consulter les pages relatives aux <span style=\"color: #ff9900;\"><a style=\"color: #ff9900;\" href=\"https:\/\/www.youtube.com\/watch?v=lSAAi1NtzzE\" target=\"_blank\" rel=\"noopener\">instructions de montage (VIDEO) <\/a><\/span><span style=\"color: #000000;\"><a style=\"color: #000000;\" href=\"https:\/\/www.youtube.com\/watch?v=lSAAi1NtzzE\" target=\"_blank\" rel=\"noopener\">\u21b5 <\/a><\/span>avant de passer commande.<br \/>\nAvec guide de mesure pour volets roulants \u2013 <a href=\"https:\/\/youtu.be\/2KPwwX4zPrA\" target=\"_blank\" rel=\"noopener\"><span style=\"color: #ff9900;\">Voir la vid\u00e9o ici !<\/span><\/a> \u21b5<br \/>\n<\/strong>Guide de salon PDF &#8211;<span style=\"color: #ff9900;\"><strong> <a style=\"color: #ff9900;\" href=\"https:\/\/massdekor.de\/wp-content\/uploads\/2024\/06\/Produit_3_avec_volet_roulant_France.pdf\" target=\"_blank\" rel=\"noopener\"> <u>avec volet roulant double porte et fen\u00eatre <span style=\"color: #000000;\">\u21b5<\/span><\/u><\/a><br \/>\n<\/strong><\/span>Guide de mesure PDF &#8211;<span style=\"color: #ff9900;\"> <a style=\"color: #ff9900;\" href=\"https:\/\/massdekor.de\/wp-content\/uploads\/2024\/06\/Produit_3_sans-volet-roulantFrance.pdf\" target=\"_blank\" rel=\"noopener\"> <b><u>sans volet roulant fen\u00eatre et double porte <span style=\"color: #000000;\">\u21b5<\/span><\/u><\/b><\/a><\/span><\/p>\n<hr \/>\n<ul>\n<li style=\"list-style-type: none;\">\n<ul>\n<li>Profil\u00e9 en aluminium: Largeur <strong>35 mm<\/strong> &#8211; Profondeur de construction <strong>18 mm<\/strong><\/li>\n<li>Filet : en fibre de verre<\/li>\n<li><strong>double porte et fen\u00eatres<\/strong><\/li>\n<li>Filet normal : <span style=\"color: #ff0000;\"><strong>\u00a0<span style=\"color: #ff9900;\"><a class=\"sg-popup-id-5670\" style=\"color: #ff9900;\">(image)<span style=\"color: #000000;\"> \u21b5<\/span><\/a><\/span><\/strong><\/span><\/li>\n<li>Filet de protection pour souris et chats : \u00a0<span style=\"color: #ff9900;\"><strong><a class=\"sg-popup-id-5666\" style=\"color: #ff9900;\">(image) <span style=\"color: #000000;\">\u21b5<\/span><\/a><\/strong><\/span><\/li>\n<\/ul>\n<\/li>\n<\/ul>\n<p>*La couleur standard du tissu est <strong>l&rsquo;anthracite<\/strong>.<\/p>\n<p style=\"text-align: right;\"><strong>Avec MASS DEKOR \u00ae\ufe0f Moustiquaires<\/strong><br \/>\n<strong>Simple \u00e0 commander, facile \u00e0 installer, efficace \u00e0 prot\u00e9ger !<\/strong><br \/>\n<strong>Pas de moustiques, pas de soucis<\/strong><\/p>\n","protected":false},"featured_media":12096,"comment_status":"closed","ping_status":"closed","template":"","meta":[],"product_brand":[],"product_cat":[396,395,393],"product_tag":[],"class_list":{"0":"post-8777","1":"product","2":"type-product","3":"status-publish","4":"has-post-thumbnail","6":"product_cat-deux-ailes","7":"product_cat-encadrements-de-portes-et-de-fenetres","8":"product_cat-moustiquaire","9":"product_shipping_class-versand-fr","10":"pa_my-colors-acajou","11":"pa_my-colors-chene-dore","12":"pa_my-colors-ral-7016-anthracite-fr","13":"pa_my-colors-ral-7039-gris-quartz","14":"pa_my-colors-ral-8016-marron-fonce","15":"pa_my-colors-ral-9005-noir","16":"pa_my-colors-ral-9006-fr","17":"pa_my-colors-ral-9016-blanc","19":"first","20":"instock","21":"sale","22":"taxable","23":"shipping-taxable","24":"purchasable","25":"product-type-variable","26":"has-default-attributes"},"gallery_images":[2772,2771,2770,2773],"yoast_head":"<!-- This site is optimized with the Yoast SEO Premium plugin v24.6 (Yoast SEO v27.3) - https:\/\/yoast.com\/product\/yoast-seo-premium-wordpress\/ -->\n<title>3.Produit-moustiquaire \u00e0 deux battants porte et cadre de fen\u00eatre - Mass Dekor<\/title>\n<meta name=\"robots\" content=\"index, follow, max-snippet:-1, max-image-preview:large, max-video-preview:-1\" \/>\n<link rel=\"canonical\" href=\"https:\/\/massdekor.de\/fr\/produkt\/3-produit-moustiquaire-a-deux-battants-porte-et-cadre-de-fenetre\/\" \/>\n<meta property=\"og:locale\" content=\"fr_FR\" \/>\n<meta property=\"og:type\" content=\"article\" \/>\n<meta property=\"og:title\" content=\"3.Produit-moustiquaire \u00e0 deux battants porte et cadre de fen\u00eatre\" \/>\n<meta property=\"og:description\" content=\"Pour calculer le prix, choisissez d&#039;abord la couleur, puis s\u00e9lectionnez le tissu et enfin entrez la mesure en millim\u00e8tres (mm).      N&#039;oubliez pas de consulter les pages relatives aux instructions de montage (VIDEO) \u21b5 avant de passer commande. Avec guide de mesure pour volets roulants \u2013 Voir la vid\u00e9o ici ! \u21b5 Guide de salon PDF - avec volet roulant double porte et fen\u00eatre \u21b5 Guide de mesure PDF - sans volet roulant fen\u00eatre et double porte \u21b5         Profil\u00e9 en aluminium: Largeur 35 mm - Profondeur de construction 18 mm  Filet : en fibre de verre  double porte et fen\u00eatres  Filet normal : \u00a0(image) \u21b5  Filet de protection pour souris et chats : \u00a0(image) \u21b5    *La couleur standard du tissu est l&#039;anthracite. Avec MASS DEKOR \u00ae\ufe0f Moustiquaires Simple \u00e0 commander, facile \u00e0 installer, efficace \u00e0 prot\u00e9ger ! Pas de moustiques, pas de soucis\" \/>\n<meta property=\"og:url\" content=\"https:\/\/massdekor.de\/fr\/produkt\/3-produit-moustiquaire-a-deux-battants-porte-et-cadre-de-fenetre\/\" \/>\n<meta property=\"og:site_name\" content=\"Mass Dekor\" \/>\n<meta property=\"article:publisher\" content=\"https:\/\/www.facebook.com\/Massdekor.de\" \/>\n<meta property=\"article:modified_time\" content=\"2025-05-22T15:33:44+00:00\" \/>\n<meta property=\"og:image\" content=\"https:\/\/massdekor.de\/wp-content\/uploads\/2023\/05\/9016_0001.jpg\" \/>\n\t<meta property=\"og:image:width\" content=\"1250\" \/>\n\t<meta property=\"og:image:height\" content=\"1250\" \/>\n\t<meta property=\"og:image:type\" content=\"image\/jpeg\" \/>\n<meta name=\"twitter:card\" content=\"summary_large_image\" \/>\n<meta name=\"twitter:label1\" content=\"Dur\u00e9e de lecture estim\u00e9e\" \/>\n\t<meta name=\"twitter:data1\" content=\"2 minutes\" \/>\n<script type=\"application\/ld+json\" class=\"yoast-schema-graph\">{\"@context\":\"https:\\\/\\\/schema.org\",\"@graph\":[{\"@type\":\"WebPage\",\"@id\":\"https:\\\/\\\/massdekor.de\\\/fr\\\/produkt\\\/3-produit-moustiquaire-a-deux-battants-porte-et-cadre-de-fenetre\\\/\",\"url\":\"https:\\\/\\\/massdekor.de\\\/fr\\\/produkt\\\/3-produit-moustiquaire-a-deux-battants-porte-et-cadre-de-fenetre\\\/\",\"name\":\"3.Produit-moustiquaire \u00e0 deux battants porte et cadre de fen\u00eatre - Mass Dekor\",\"isPartOf\":{\"@id\":\"https:\\\/\\\/massdekor.de\\\/fr\\\/#website\"},\"primaryImageOfPage\":{\"@id\":\"https:\\\/\\\/massdekor.de\\\/fr\\\/produkt\\\/3-produit-moustiquaire-a-deux-battants-porte-et-cadre-de-fenetre\\\/#primaryimage\"},\"image\":{\"@id\":\"https:\\\/\\\/massdekor.de\\\/fr\\\/produkt\\\/3-produit-moustiquaire-a-deux-battants-porte-et-cadre-de-fenetre\\\/#primaryimage\"},\"thumbnailUrl\":\"https:\\\/\\\/massdekor.de\\\/wp-content\\\/uploads\\\/2023\\\/05\\\/9016_0001.jpg\",\"datePublished\":\"2023-05-29T23:06:09+00:00\",\"dateModified\":\"2025-05-22T15:33:44+00:00\",\"breadcrumb\":{\"@id\":\"https:\\\/\\\/massdekor.de\\\/fr\\\/produkt\\\/3-produit-moustiquaire-a-deux-battants-porte-et-cadre-de-fenetre\\\/#breadcrumb\"},\"inLanguage\":\"fr-FR\",\"potentialAction\":[{\"@type\":\"ReadAction\",\"target\":[\"https:\\\/\\\/massdekor.de\\\/fr\\\/produkt\\\/3-produit-moustiquaire-a-deux-battants-porte-et-cadre-de-fenetre\\\/\"]}]},{\"@type\":\"ImageObject\",\"inLanguage\":\"fr-FR\",\"@id\":\"https:\\\/\\\/massdekor.de\\\/fr\\\/produkt\\\/3-produit-moustiquaire-a-deux-battants-porte-et-cadre-de-fenetre\\\/#primaryimage\",\"url\":\"https:\\\/\\\/massdekor.de\\\/wp-content\\\/uploads\\\/2023\\\/05\\\/9016_0001.jpg\",\"contentUrl\":\"https:\\\/\\\/massdekor.de\\\/wp-content\\\/uploads\\\/2023\\\/05\\\/9016_0001.jpg\",\"width\":1250,\"height\":1250},{\"@type\":\"BreadcrumbList\",\"@id\":\"https:\\\/\\\/massdekor.de\\\/fr\\\/produkt\\\/3-produit-moustiquaire-a-deux-battants-porte-et-cadre-de-fenetre\\\/#breadcrumb\",\"itemListElement\":[{\"@type\":\"ListItem\",\"position\":1,\"name\":\"Startseite\",\"item\":\"https:\\\/\\\/massdekor.de\\\/fr\\\/\"},{\"@type\":\"ListItem\",\"position\":2,\"name\":\"Boutique\",\"item\":\"https:\\\/\\\/massdekor.de\\\/fr\\\/boutique\\\/\"},{\"@type\":\"ListItem\",\"position\":3,\"name\":\"3.Produit-moustiquaire \u00e0 deux battants porte et cadre de fen\u00eatre\"}]},{\"@type\":\"WebSite\",\"@id\":\"https:\\\/\\\/massdekor.de\\\/fr\\\/#website\",\"url\":\"https:\\\/\\\/massdekor.de\\\/fr\\\/\",\"name\":\"Mass Dekor\",\"description\":\"\",\"potentialAction\":[{\"@type\":\"SearchAction\",\"target\":{\"@type\":\"EntryPoint\",\"urlTemplate\":\"https:\\\/\\\/massdekor.de\\\/fr\\\/?s={search_term_string}\"},\"query-input\":{\"@type\":\"PropertyValueSpecification\",\"valueRequired\":true,\"valueName\":\"search_term_string\"}}],\"inLanguage\":\"fr-FR\"}]}<\/script>\n<!-- \/ Yoast SEO Premium plugin. -->","yoast_head_json":{"title":"3.Produit-moustiquaire \u00e0 deux battants porte et cadre de fen\u00eatre - Mass Dekor","robots":{"index":"index","follow":"follow","max-snippet":"max-snippet:-1","max-image-preview":"max-image-preview:large","max-video-preview":"max-video-preview:-1"},"canonical":"https:\/\/massdekor.de\/fr\/produkt\/3-produit-moustiquaire-a-deux-battants-porte-et-cadre-de-fenetre\/","og_locale":"fr_FR","og_type":"article","og_title":"3.Produit-moustiquaire \u00e0 deux battants porte et cadre de fen\u00eatre","og_description":"Pour calculer le prix, choisissez d'abord la couleur, puis s\u00e9lectionnez le tissu et enfin entrez la mesure en millim\u00e8tres (mm).      N'oubliez pas de consulter les pages relatives aux instructions de montage (VIDEO) \u21b5 avant de passer commande. Avec guide de mesure pour volets roulants \u2013 Voir la vid\u00e9o ici ! \u21b5 Guide de salon PDF - avec volet roulant double porte et fen\u00eatre \u21b5 Guide de mesure PDF - sans volet roulant fen\u00eatre et double porte \u21b5         Profil\u00e9 en aluminium: Largeur 35 mm - Profondeur de construction 18 mm  Filet : en fibre de verre  double porte et fen\u00eatres  Filet normal : \u00a0(image) \u21b5  Filet de protection pour souris et chats : \u00a0(image) \u21b5    *La couleur standard du tissu est l'anthracite. Avec MASS DEKOR \u00ae\ufe0f Moustiquaires Simple \u00e0 commander, facile \u00e0 installer, efficace \u00e0 prot\u00e9ger ! Pas de moustiques, pas de soucis","og_url":"https:\/\/massdekor.de\/fr\/produkt\/3-produit-moustiquaire-a-deux-battants-porte-et-cadre-de-fenetre\/","og_site_name":"Mass Dekor","article_publisher":"https:\/\/www.facebook.com\/Massdekor.de","article_modified_time":"2025-05-22T15:33:44+00:00","og_image":[{"width":1250,"height":1250,"url":"https:\/\/massdekor.de\/wp-content\/uploads\/2023\/05\/9016_0001.jpg","type":"image\/jpeg"}],"twitter_card":"summary_large_image","twitter_misc":{"Dur\u00e9e de lecture estim\u00e9e":"2 minutes"},"schema":{"@context":"https:\/\/schema.org","@graph":[{"@type":"WebPage","@id":"https:\/\/massdekor.de\/fr\/produkt\/3-produit-moustiquaire-a-deux-battants-porte-et-cadre-de-fenetre\/","url":"https:\/\/massdekor.de\/fr\/produkt\/3-produit-moustiquaire-a-deux-battants-porte-et-cadre-de-fenetre\/","name":"3.Produit-moustiquaire \u00e0 deux battants porte et cadre de fen\u00eatre - Mass Dekor","isPartOf":{"@id":"https:\/\/massdekor.de\/fr\/#website"},"primaryImageOfPage":{"@id":"https:\/\/massdekor.de\/fr\/produkt\/3-produit-moustiquaire-a-deux-battants-porte-et-cadre-de-fenetre\/#primaryimage"},"image":{"@id":"https:\/\/massdekor.de\/fr\/produkt\/3-produit-moustiquaire-a-deux-battants-porte-et-cadre-de-fenetre\/#primaryimage"},"thumbnailUrl":"https:\/\/massdekor.de\/wp-content\/uploads\/2023\/05\/9016_0001.jpg","datePublished":"2023-05-29T23:06:09+00:00","dateModified":"2025-05-22T15:33:44+00:00","breadcrumb":{"@id":"https:\/\/massdekor.de\/fr\/produkt\/3-produit-moustiquaire-a-deux-battants-porte-et-cadre-de-fenetre\/#breadcrumb"},"inLanguage":"fr-FR","potentialAction":[{"@type":"ReadAction","target":["https:\/\/massdekor.de\/fr\/produkt\/3-produit-moustiquaire-a-deux-battants-porte-et-cadre-de-fenetre\/"]}]},{"@type":"ImageObject","inLanguage":"fr-FR","@id":"https:\/\/massdekor.de\/fr\/produkt\/3-produit-moustiquaire-a-deux-battants-porte-et-cadre-de-fenetre\/#primaryimage","url":"https:\/\/massdekor.de\/wp-content\/uploads\/2023\/05\/9016_0001.jpg","contentUrl":"https:\/\/massdekor.de\/wp-content\/uploads\/2023\/05\/9016_0001.jpg","width":1250,"height":1250},{"@type":"BreadcrumbList","@id":"https:\/\/massdekor.de\/fr\/produkt\/3-produit-moustiquaire-a-deux-battants-porte-et-cadre-de-fenetre\/#breadcrumb","itemListElement":[{"@type":"ListItem","position":1,"name":"Startseite","item":"https:\/\/massdekor.de\/fr\/"},{"@type":"ListItem","position":2,"name":"Boutique","item":"https:\/\/massdekor.de\/fr\/boutique\/"},{"@type":"ListItem","position":3,"name":"3.Produit-moustiquaire \u00e0 deux battants porte et cadre de fen\u00eatre"}]},{"@type":"WebSite","@id":"https:\/\/massdekor.de\/fr\/#website","url":"https:\/\/massdekor.de\/fr\/","name":"Mass Dekor","description":"","potentialAction":[{"@type":"SearchAction","target":{"@type":"EntryPoint","urlTemplate":"https:\/\/massdekor.de\/fr\/?s={search_term_string}"},"query-input":{"@type":"PropertyValueSpecification","valueRequired":true,"valueName":"search_term_string"}}],"inLanguage":"fr-FR"}]}},"_links":{"self":[{"href":"https:\/\/massdekor.de\/fr\/wp-json\/wp\/v2\/product\/8777","targetHints":{"allow":["GET"]}}],"collection":[{"href":"https:\/\/massdekor.de\/fr\/wp-json\/wp\/v2\/product"}],"about":[{"href":"https:\/\/massdekor.de\/fr\/wp-json\/wp\/v2\/types\/product"}],"replies":[{"embeddable":true,"href":"https:\/\/massdekor.de\/fr\/wp-json\/wp\/v2\/comments?post=8777"}],"version-history":[{"count":10,"href":"https:\/\/massdekor.de\/fr\/wp-json\/wp\/v2\/product\/8777\/revisions"}],"predecessor-version":[{"id":25512,"href":"https:\/\/massdekor.de\/fr\/wp-json\/wp\/v2\/product\/8777\/revisions\/25512"}],"wp:featuredmedia":[{"embeddable":true,"href":"https:\/\/massdekor.de\/fr\/wp-json\/wp\/v2\/media\/12096"}],"wp:attachment":[{"href":"https:\/\/massdekor.de\/fr\/wp-json\/wp\/v2\/media?parent=8777"}],"wp:term":[{"taxonomy":"product_brand","embeddable":true,"href":"https:\/\/massdekor.de\/fr\/wp-json\/wp\/v2\/product_brand?post=8777"},{"taxonomy":"product_cat","embeddable":true,"href":"https:\/\/massdekor.de\/fr\/wp-json\/wp\/v2\/product_cat?post=8777"},{"taxonomy":"product_tag","embeddable":true,"href":"https:\/\/massdekor.de\/fr\/wp-json\/wp\/v2\/product_tag?post=8777"}],"curies":[{"name":"wp","href":"https:\/\/api.w.org\/{rel}","templated":true}]}}