{"id":8711,"date":"2023-06-20T17:26:22","date_gmt":"2023-06-20T15:26:22","guid":{"rendered":"https:\/\/massdekor.de\/produkt\/5-produit-moustiquaire-a-un-battant-pour-fenetre-de-toit-ou-fenetre-normale\/"},"modified":"2025-01-30T01:07:12","modified_gmt":"2025-01-30T00:07:12","slug":"5-produit-moustiquaire-a-un-battant-pour-fenetre-de-toit-ou-fenetre-normale","status":"publish","type":"product","link":"https:\/\/massdekor.de\/fr\/produkt\/5-produit-moustiquaire-a-un-battant-pour-fenetre-de-toit-ou-fenetre-normale\/","title":{"rendered":"5.Produit-Moustiquaire \u00e0 un battant pour fen\u00eatre de toit ou fen\u00eatre normale"},"content":{"rendered":"\t\t<div data-elementor-type=\"product-post\" data-elementor-id=\"8711\" class=\"elementor elementor-8711 elementor-2483\" data-elementor-post-type=\"product\">\n\t\t\t\t\t\t<section class=\"penci-section penci-disSticky penci-structure-10 elementor-section elementor-top-section elementor-element elementor-element-7adf29c8 elementor-section-boxed elementor-section-height-default elementor-section-height-default\" data-id=\"7adf29c8\" data-element_type=\"section\" data-e-type=\"section\" id=\"productFive\">\n\t\t\t\t\t\t<div class=\"elementor-container elementor-column-gap-default\">\n\t\t\t\t\t<div class=\"penci-ercol-100 penci-ercol-order-1 penci-sticky-ct    elementor-column elementor-col-100 elementor-top-column elementor-element elementor-element-20fd9cb3\" data-id=\"20fd9cb3\" data-element_type=\"column\" data-e-type=\"column\">\n\t\t\t<div class=\"elementor-widget-wrap elementor-element-populated\">\n\t\t\t\t\t\t<div class=\"elementor-element elementor-element-67a5acdb elementor-widget elementor-widget-text-editor\" data-id=\"67a5acdb\" data-element_type=\"widget\" data-e-type=\"widget\" data-widget_type=\"text-editor.default\">\n\t\t\t\t<div class=\"elementor-widget-container\">\n\t\t\t\t\t\t\t\t\t<h3>Moustiquaires pliss\u00e9es pour fen\u00eatres de toit<\/h3>\n<div><span style=\"outline-color: currentcolor; outline-style: none; caret-color: rgb(49, 49, 49); color: rgb(49, 49, 49); font-family: \"Source Sans Pro\", sans-serif;\"><br><\/span><\/div><div><span style=\"outline-color: currentcolor; outline-style: none; caret-color: rgb(49, 49, 49); color: rgb(49, 49, 49); font-family: \"Source Sans Pro\", sans-serif;\"><br><\/span><\/div><ul style=\"outline-color: currentcolor; outline-style: none; margin-top: 2px; margin-bottom: 2px; padding-left: 22px; caret-color: rgb(49, 49, 49); color: rgb(49, 49, 49);\"><li style=\"outline-color: currentcolor; outline-style: none;\">Profil\u00e9 en aluminium<\/li><li style=\"outline-color: currentcolor; outline-style: none;\">Largeur 35 mm<\/li><li style=\"outline-color: currentcolor; outline-style: none;\">Profondeur de construction 18 mm<\/li><li style=\"outline-color: currentcolor; outline-style: none;\">Filet : en fibre de verre<\/li><li style=\"outline-color: currentcolor; outline-style: none;\"><br><\/li><\/ul><div><span style=\"outline-color: currentcolor; outline-style: none; caret-color: rgb(49, 49, 49); color: rgb(49, 49, 49); font-family: \"Source Sans Pro\", sans-serif;\">S&rsquo;il y a plus de 20 mm entre les volets roulants, il peut \u00eatre plac\u00e9 entre les volets roulants, s&rsquo;il y a moins de 20 mm, il est mont\u00e9 sur les rails du volet roulant, mais la but\u00e9e doit \u00eatre raccourcie ou tourn\u00e9e.<br style=\"outline-color: currentcolor; outline-style: none;\"><\/span><span style=\"outline-color: currentcolor; outline-style: none; caret-color: rgb(49, 49, 49); color: rgb(49, 49, 49); font-family: \"Source Sans Pro\", sans-serif;\">Convient aux portes doubles \u00e0 deux battants<br style=\"outline-color: currentcolor; outline-style: none;\"><\/span><span style=\"outline-color: currentcolor; outline-style: none; caret-color: rgb(49, 49, 49); color: rgb(49, 49, 49); font-family: \"Source Sans Pro\", sans-serif;\">Il peut \u00eatre viss\u00e9 aux quatre coins ou fix\u00e9 avec du ruban adh\u00e9sif double face, le vissage \u00e9tant recommand\u00e9.<\/span><br><\/div>\n<div><br><\/div>\n<p>Nos moustiquaires pour fen\u00eatres de toit sont de tr\u00e8s haute qualit\u00e9, ce qui leur permet de supporter des charges \u00e9lev\u00e9es et de pr\u00e9senter \u00e9galement une excellente r\u00e9sistance \u00e0 l&rsquo;usure.<\/p>\n<p>Les cadres de nos moustiquaires sont fabriqu\u00e9s en aluminium de haute qualit\u00e9.<\/p>\n<p>Nos moustiquaires sont compatibles avec tous les types de portes en bois, en fer et en plastique.<\/p>\n<p>Gr\u00e2ce au syst\u00e8me de roulettes de haute qualit\u00e9, ils s&rsquo;ouvrent et se ferment facilement.<\/p>\n<p>Tr\u00e8s facile \u00e0 installer et \u00e0 nettoyer.<\/p>\n<p>Emp\u00eache toutes sortes de mouches, moustiques, insectes et vermine de p\u00e9n\u00e9trer dans votre maison par les fen\u00eatres et les portes.<\/p>\n<p>Il assure un air frais et une circulation de l&rsquo;air dans votre maison et sur votre lieu de travail.<\/p>\n<p>Il peut \u00eatre fix\u00e9 aux quatre coins \u00e0 l&rsquo;aide de vis ou de ruban adh\u00e9sif double face&nbsp;.<\/p><p><br><\/p>\t\t\t\t\t\t\t\t<\/div>\n\t\t\t\t<\/div>\n\t\t\t\t\t<\/div>\n\t\t<\/div>\n\t\t\t\t\t<\/div>\n\t\t<\/section>\n\t\t\t\t<\/div>\n\t\t","protected":false},"excerpt":{"rendered":"<div class=\"delivery-text-box\"><\/div>\n<p>S\u00e9lectionnez d&rsquo;abord la couleur du cadre. Saisissez ensuite la largeur et la hauteur <strong><span style=\"color: #ff9900;\">en millim\u00e8tres.<\/span><\/strong><\/p>\n<p>&nbsp;<\/p>\n<p>N&rsquo;oubliez pas de consulter les pages des <span style=\"color: #ff9900;\"><strong> <a style=\"color: #ff9900;\" href=\"https:\/\/www.youtube.com\/watch?v=e8QZr0Yd7mU\" target=\"_blank\" rel=\"noopener\">instructions de montage (VID\u00c9O)<\/a><\/strong><\/span> avant de passer commande (pour les fen\u00eatres).<\/p>\n<p>N&rsquo;oubliez pas de consulter les pages des<span style=\"color: #ff9900;\"> <a style=\"color: #ff9900;\" href=\"https:\/\/youtu.be\/ATb4ozIFJxk\" target=\"_blank\" rel=\"noopener\"><strong>instructions de montage (VID\u00c9O)<\/strong><\/a><\/span> avant de passer commande (pour les fen\u00eatres de toit).<\/p>\n<p>&nbsp;<\/p>\n<p><span style=\"color: #ff9900;\"><strong><a style=\"color: #ff9900;\" href=\"https:\/\/massdekor.de\/wp-content\/uploads\/2024\/06\/Produit_11-13-5-6-7-8.France.pdf\" target=\"_blank\" rel=\"noopener\"> Voir le guide de mesure des fen\u00eatres de toit PDF <\/a><\/strong><\/span><\/p>\n<p><span style=\"color: #ff9900;\"><strong><a style=\"color: #ff9900;\" href=\"https:\/\/massdekor.de\/wp-content\/uploads\/2024\/06\/Produit_2-5_avec_volet_roulant_France.pdf\">Guide de mesure des fen\u00eatres PDF &#8211; avec volet roulant <\/a><\/strong><\/span><\/p>\n<p><span style=\"color: #ff9900;\"><strong><a style=\"color: #ff9900;\" href=\"https:\/\/massdekor.de\/wp-content\/uploads\/2024\/06\/Produit_2-5_sans-volet-roulantFrance.pdf\" target=\"_blank\" rel=\"noopener\">Guide de mesure des fen\u00eatres PDF &#8211; sans volet roulant<\/a><\/strong><\/span><\/p>\n<ul>\n<li>Profil\u00e9 en aluminium : largeur 35 mm &#8211; profondeur 18 mm<\/li>\n<li>Filet normal :<span style=\"color: #ff9900;\"><strong>\u00a0<a class=\"sg-popup-id-5670\" style=\"color: #ff9900;\">(image)<\/a><\/strong><\/span><\/li>\n<li>Filet de protection pour souris et chats : <span style=\"color: #ff9900;\">\u00a0<strong>\u00a0<a class=\"sg-popup-id-5666\" style=\"color: #ff9900;\">(image)<\/a><\/strong><\/span><\/li>\n<li><strong>Vertical<\/strong><\/li>\n<\/ul>\n<p>Pour calculer le prix, choisissez d&rsquo;abord la couleur, puis s\u00e9lectionnez le tissu et enfin entrez la mesure en millim\u00e8tres (mm).<\/p>\n<p>*La couleur standard du tissu est <strong>l&rsquo;anthracite<\/strong>.<\/p>\n<p style=\"text-align: right;\"><strong>Avec MASS DEKOR \u00ae\ufe0f Moustiquaires<\/strong><br \/>\n<strong>Simple \u00e0 commander, facile \u00e0 installer, efficace \u00e0 prot\u00e9ger !<\/strong><br \/>\n<strong>Pas de moustiques, pas de soucis<\/strong><\/p>\n","protected":false},"featured_media":8714,"comment_status":"closed","ping_status":"closed","template":"","meta":[],"product_brand":[],"product_cat":[394,393],"product_tag":[],"class_list":{"0":"post-8711","1":"product","2":"type-product","3":"status-publish","4":"has-post-thumbnail","6":"product_cat-fenetres-de-toit","7":"product_cat-moustiquaire","8":"product_shipping_class-versand-fr","9":"pa_my-colors-acajou","10":"pa_my-colors-chene-dore","11":"pa_my-colors-ral-7016-anthracite-fr","12":"pa_my-colors-ral-7039-gris-quartz","13":"pa_my-colors-ral-8016-marron-fonce","14":"pa_my-colors-ral-9005-noir","15":"pa_my-colors-ral-9006-fr","16":"pa_my-colors-ral-9016-blanc","18":"first","19":"instock","20":"sale","21":"taxable","22":"shipping-taxable","23":"purchasable","24":"product-type-variable","25":"has-default-attributes"},"gallery_images":[2710,2707,2708,2709,3332,3333],"yoast_head":"<!-- This site is optimized with the Yoast SEO Premium plugin v24.6 (Yoast SEO v27.3) - https:\/\/yoast.com\/product\/yoast-seo-premium-wordpress\/ -->\n<title>5.Produit-Moustiquaire \u00e0 un battant pour fen\u00eatre de toit ou fen\u00eatre normale - Mass Dekor<\/title>\n<meta name=\"robots\" content=\"index, follow, max-snippet:-1, max-image-preview:large, max-video-preview:-1\" \/>\n<link rel=\"canonical\" href=\"https:\/\/massdekor.de\/fr\/produkt\/5-produit-moustiquaire-a-un-battant-pour-fenetre-de-toit-ou-fenetre-normale\/\" \/>\n<meta property=\"og:locale\" content=\"fr_FR\" \/>\n<meta property=\"og:type\" content=\"article\" \/>\n<meta property=\"og:title\" content=\"5.Produit-Moustiquaire \u00e0 un battant pour fen\u00eatre de toit ou fen\u00eatre normale\" \/>\n<meta property=\"og:description\" content=\"S\u00e9lectionnez d&#039;abord la couleur du cadre. Saisissez ensuite la largeur et la hauteur en millim\u00e8tres.  &nbsp;  N&#039;oubliez pas de consulter les pages des instructions de montage (VID\u00c9O) avant de passer commande (pour les fen\u00eatres).  N&#039;oubliez pas de consulter les pages des instructions de montage (VID\u00c9O) avant de passer commande (pour les fen\u00eatres de toit).  &nbsp;   Voir le guide de mesure des fen\u00eatres de toit PDF   Guide de mesure des fen\u00eatres PDF - avec volet roulant   Guide de mesure des fen\u00eatres PDF - sans volet roulant   Profil\u00e9 en aluminium : largeur 35 mm - profondeur 18 mm  Filet normal :\u00a0(image)  Filet de protection pour souris et chats : \u00a0\u00a0(image)  Vertical  Pour calculer le prix, choisissez d&#039;abord la couleur, puis s\u00e9lectionnez le tissu et enfin entrez la mesure en millim\u00e8tres (mm).  *La couleur standard du tissu est l&#039;anthracite. Avec MASS DEKOR \u00ae\ufe0f Moustiquaires Simple \u00e0 commander, facile \u00e0 installer, efficace \u00e0 prot\u00e9ger ! Pas de moustiques, pas de soucis\" \/>\n<meta property=\"og:url\" content=\"https:\/\/massdekor.de\/fr\/produkt\/5-produit-moustiquaire-a-un-battant-pour-fenetre-de-toit-ou-fenetre-normale\/\" \/>\n<meta property=\"og:site_name\" content=\"Mass Dekor\" \/>\n<meta property=\"article:publisher\" content=\"https:\/\/www.facebook.com\/Massdekor.de\" \/>\n<meta property=\"article:modified_time\" content=\"2025-01-30T00:07:12+00:00\" \/>\n<meta property=\"og:image\" content=\"https:\/\/massdekor.de\/wp-content\/uploads\/2023\/12\/produkt-5_tekli_plise_dikey_beyaz0000-2.jpg\" \/>\n\t<meta property=\"og:image:width\" content=\"2500\" \/>\n\t<meta property=\"og:image:height\" content=\"2500\" \/>\n\t<meta property=\"og:image:type\" content=\"image\/jpeg\" \/>\n<meta name=\"twitter:card\" content=\"summary_large_image\" \/>\n<meta name=\"twitter:label1\" content=\"Dur\u00e9e de lecture estim\u00e9e\" \/>\n\t<meta name=\"twitter:data1\" content=\"1 minute\" \/>\n<script type=\"application\/ld+json\" class=\"yoast-schema-graph\">{\"@context\":\"https:\\\/\\\/schema.org\",\"@graph\":[{\"@type\":\"WebPage\",\"@id\":\"https:\\\/\\\/massdekor.de\\\/fr\\\/produkt\\\/5-produit-moustiquaire-a-un-battant-pour-fenetre-de-toit-ou-fenetre-normale\\\/\",\"url\":\"https:\\\/\\\/massdekor.de\\\/fr\\\/produkt\\\/5-produit-moustiquaire-a-un-battant-pour-fenetre-de-toit-ou-fenetre-normale\\\/\",\"name\":\"5.Produit-Moustiquaire \u00e0 un battant pour fen\u00eatre de toit ou fen\u00eatre normale - Mass Dekor\",\"isPartOf\":{\"@id\":\"https:\\\/\\\/massdekor.de\\\/fr\\\/#website\"},\"primaryImageOfPage\":{\"@id\":\"https:\\\/\\\/massdekor.de\\\/fr\\\/produkt\\\/5-produit-moustiquaire-a-un-battant-pour-fenetre-de-toit-ou-fenetre-normale\\\/#primaryimage\"},\"image\":{\"@id\":\"https:\\\/\\\/massdekor.de\\\/fr\\\/produkt\\\/5-produit-moustiquaire-a-un-battant-pour-fenetre-de-toit-ou-fenetre-normale\\\/#primaryimage\"},\"thumbnailUrl\":\"https:\\\/\\\/massdekor.de\\\/wp-content\\\/uploads\\\/2023\\\/12\\\/produkt-5_tekli_plise_dikey_beyaz0000-2.jpg\",\"datePublished\":\"2023-06-20T15:26:22+00:00\",\"dateModified\":\"2025-01-30T00:07:12+00:00\",\"breadcrumb\":{\"@id\":\"https:\\\/\\\/massdekor.de\\\/fr\\\/produkt\\\/5-produit-moustiquaire-a-un-battant-pour-fenetre-de-toit-ou-fenetre-normale\\\/#breadcrumb\"},\"inLanguage\":\"fr-FR\",\"potentialAction\":[{\"@type\":\"ReadAction\",\"target\":[\"https:\\\/\\\/massdekor.de\\\/fr\\\/produkt\\\/5-produit-moustiquaire-a-un-battant-pour-fenetre-de-toit-ou-fenetre-normale\\\/\"]}]},{\"@type\":\"ImageObject\",\"inLanguage\":\"fr-FR\",\"@id\":\"https:\\\/\\\/massdekor.de\\\/fr\\\/produkt\\\/5-produit-moustiquaire-a-un-battant-pour-fenetre-de-toit-ou-fenetre-normale\\\/#primaryimage\",\"url\":\"https:\\\/\\\/massdekor.de\\\/wp-content\\\/uploads\\\/2023\\\/12\\\/produkt-5_tekli_plise_dikey_beyaz0000-2.jpg\",\"contentUrl\":\"https:\\\/\\\/massdekor.de\\\/wp-content\\\/uploads\\\/2023\\\/12\\\/produkt-5_tekli_plise_dikey_beyaz0000-2.jpg\",\"width\":2500,\"height\":2500},{\"@type\":\"BreadcrumbList\",\"@id\":\"https:\\\/\\\/massdekor.de\\\/fr\\\/produkt\\\/5-produit-moustiquaire-a-un-battant-pour-fenetre-de-toit-ou-fenetre-normale\\\/#breadcrumb\",\"itemListElement\":[{\"@type\":\"ListItem\",\"position\":1,\"name\":\"Startseite\",\"item\":\"https:\\\/\\\/massdekor.de\\\/fr\\\/\"},{\"@type\":\"ListItem\",\"position\":2,\"name\":\"Boutique\",\"item\":\"https:\\\/\\\/massdekor.de\\\/fr\\\/boutique\\\/\"},{\"@type\":\"ListItem\",\"position\":3,\"name\":\"5.Produit-Moustiquaire \u00e0 un battant pour fen\u00eatre de toit ou fen\u00eatre normale\"}]},{\"@type\":\"WebSite\",\"@id\":\"https:\\\/\\\/massdekor.de\\\/fr\\\/#website\",\"url\":\"https:\\\/\\\/massdekor.de\\\/fr\\\/\",\"name\":\"Mass Dekor\",\"description\":\"\",\"potentialAction\":[{\"@type\":\"SearchAction\",\"target\":{\"@type\":\"EntryPoint\",\"urlTemplate\":\"https:\\\/\\\/massdekor.de\\\/fr\\\/?s={search_term_string}\"},\"query-input\":{\"@type\":\"PropertyValueSpecification\",\"valueRequired\":true,\"valueName\":\"search_term_string\"}}],\"inLanguage\":\"fr-FR\"}]}<\/script>\n<!-- \/ Yoast SEO Premium plugin. -->","yoast_head_json":{"title":"5.Produit-Moustiquaire \u00e0 un battant pour fen\u00eatre de toit ou fen\u00eatre normale - Mass Dekor","robots":{"index":"index","follow":"follow","max-snippet":"max-snippet:-1","max-image-preview":"max-image-preview:large","max-video-preview":"max-video-preview:-1"},"canonical":"https:\/\/massdekor.de\/fr\/produkt\/5-produit-moustiquaire-a-un-battant-pour-fenetre-de-toit-ou-fenetre-normale\/","og_locale":"fr_FR","og_type":"article","og_title":"5.Produit-Moustiquaire \u00e0 un battant pour fen\u00eatre de toit ou fen\u00eatre normale","og_description":"S\u00e9lectionnez d'abord la couleur du cadre. Saisissez ensuite la largeur et la hauteur en millim\u00e8tres.  &nbsp;  N'oubliez pas de consulter les pages des instructions de montage (VID\u00c9O) avant de passer commande (pour les fen\u00eatres).  N'oubliez pas de consulter les pages des instructions de montage (VID\u00c9O) avant de passer commande (pour les fen\u00eatres de toit).  &nbsp;   Voir le guide de mesure des fen\u00eatres de toit PDF   Guide de mesure des fen\u00eatres PDF - avec volet roulant   Guide de mesure des fen\u00eatres PDF - sans volet roulant   Profil\u00e9 en aluminium : largeur 35 mm - profondeur 18 mm  Filet normal :\u00a0(image)  Filet de protection pour souris et chats : \u00a0\u00a0(image)  Vertical  Pour calculer le prix, choisissez d'abord la couleur, puis s\u00e9lectionnez le tissu et enfin entrez la mesure en millim\u00e8tres (mm).  *La couleur standard du tissu est l'anthracite. Avec MASS DEKOR \u00ae\ufe0f Moustiquaires Simple \u00e0 commander, facile \u00e0 installer, efficace \u00e0 prot\u00e9ger ! Pas de moustiques, pas de soucis","og_url":"https:\/\/massdekor.de\/fr\/produkt\/5-produit-moustiquaire-a-un-battant-pour-fenetre-de-toit-ou-fenetre-normale\/","og_site_name":"Mass Dekor","article_publisher":"https:\/\/www.facebook.com\/Massdekor.de","article_modified_time":"2025-01-30T00:07:12+00:00","og_image":[{"width":2500,"height":2500,"url":"https:\/\/massdekor.de\/wp-content\/uploads\/2023\/12\/produkt-5_tekli_plise_dikey_beyaz0000-2.jpg","type":"image\/jpeg"}],"twitter_card":"summary_large_image","twitter_misc":{"Dur\u00e9e de lecture estim\u00e9e":"1 minute"},"schema":{"@context":"https:\/\/schema.org","@graph":[{"@type":"WebPage","@id":"https:\/\/massdekor.de\/fr\/produkt\/5-produit-moustiquaire-a-un-battant-pour-fenetre-de-toit-ou-fenetre-normale\/","url":"https:\/\/massdekor.de\/fr\/produkt\/5-produit-moustiquaire-a-un-battant-pour-fenetre-de-toit-ou-fenetre-normale\/","name":"5.Produit-Moustiquaire \u00e0 un battant pour fen\u00eatre de toit ou fen\u00eatre normale - Mass Dekor","isPartOf":{"@id":"https:\/\/massdekor.de\/fr\/#website"},"primaryImageOfPage":{"@id":"https:\/\/massdekor.de\/fr\/produkt\/5-produit-moustiquaire-a-un-battant-pour-fenetre-de-toit-ou-fenetre-normale\/#primaryimage"},"image":{"@id":"https:\/\/massdekor.de\/fr\/produkt\/5-produit-moustiquaire-a-un-battant-pour-fenetre-de-toit-ou-fenetre-normale\/#primaryimage"},"thumbnailUrl":"https:\/\/massdekor.de\/wp-content\/uploads\/2023\/12\/produkt-5_tekli_plise_dikey_beyaz0000-2.jpg","datePublished":"2023-06-20T15:26:22+00:00","dateModified":"2025-01-30T00:07:12+00:00","breadcrumb":{"@id":"https:\/\/massdekor.de\/fr\/produkt\/5-produit-moustiquaire-a-un-battant-pour-fenetre-de-toit-ou-fenetre-normale\/#breadcrumb"},"inLanguage":"fr-FR","potentialAction":[{"@type":"ReadAction","target":["https:\/\/massdekor.de\/fr\/produkt\/5-produit-moustiquaire-a-un-battant-pour-fenetre-de-toit-ou-fenetre-normale\/"]}]},{"@type":"ImageObject","inLanguage":"fr-FR","@id":"https:\/\/massdekor.de\/fr\/produkt\/5-produit-moustiquaire-a-un-battant-pour-fenetre-de-toit-ou-fenetre-normale\/#primaryimage","url":"https:\/\/massdekor.de\/wp-content\/uploads\/2023\/12\/produkt-5_tekli_plise_dikey_beyaz0000-2.jpg","contentUrl":"https:\/\/massdekor.de\/wp-content\/uploads\/2023\/12\/produkt-5_tekli_plise_dikey_beyaz0000-2.jpg","width":2500,"height":2500},{"@type":"BreadcrumbList","@id":"https:\/\/massdekor.de\/fr\/produkt\/5-produit-moustiquaire-a-un-battant-pour-fenetre-de-toit-ou-fenetre-normale\/#breadcrumb","itemListElement":[{"@type":"ListItem","position":1,"name":"Startseite","item":"https:\/\/massdekor.de\/fr\/"},{"@type":"ListItem","position":2,"name":"Boutique","item":"https:\/\/massdekor.de\/fr\/boutique\/"},{"@type":"ListItem","position":3,"name":"5.Produit-Moustiquaire \u00e0 un battant pour fen\u00eatre de toit ou fen\u00eatre normale"}]},{"@type":"WebSite","@id":"https:\/\/massdekor.de\/fr\/#website","url":"https:\/\/massdekor.de\/fr\/","name":"Mass Dekor","description":"","potentialAction":[{"@type":"SearchAction","target":{"@type":"EntryPoint","urlTemplate":"https:\/\/massdekor.de\/fr\/?s={search_term_string}"},"query-input":{"@type":"PropertyValueSpecification","valueRequired":true,"valueName":"search_term_string"}}],"inLanguage":"fr-FR"}]}},"_links":{"self":[{"href":"https:\/\/massdekor.de\/fr\/wp-json\/wp\/v2\/product\/8711","targetHints":{"allow":["GET"]}}],"collection":[{"href":"https:\/\/massdekor.de\/fr\/wp-json\/wp\/v2\/product"}],"about":[{"href":"https:\/\/massdekor.de\/fr\/wp-json\/wp\/v2\/types\/product"}],"replies":[{"embeddable":true,"href":"https:\/\/massdekor.de\/fr\/wp-json\/wp\/v2\/comments?post=8711"}],"version-history":[{"count":5,"href":"https:\/\/massdekor.de\/fr\/wp-json\/wp\/v2\/product\/8711\/revisions"}],"predecessor-version":[{"id":16205,"href":"https:\/\/massdekor.de\/fr\/wp-json\/wp\/v2\/product\/8711\/revisions\/16205"}],"wp:featuredmedia":[{"embeddable":true,"href":"https:\/\/massdekor.de\/fr\/wp-json\/wp\/v2\/media\/8714"}],"wp:attachment":[{"href":"https:\/\/massdekor.de\/fr\/wp-json\/wp\/v2\/media?parent=8711"}],"wp:term":[{"taxonomy":"product_brand","embeddable":true,"href":"https:\/\/massdekor.de\/fr\/wp-json\/wp\/v2\/product_brand?post=8711"},{"taxonomy":"product_cat","embeddable":true,"href":"https:\/\/massdekor.de\/fr\/wp-json\/wp\/v2\/product_cat?post=8711"},{"taxonomy":"product_tag","embeddable":true,"href":"https:\/\/massdekor.de\/fr\/wp-json\/wp\/v2\/product_tag?post=8711"}],"curies":[{"name":"wp","href":"https:\/\/api.w.org\/{rel}","templated":true}]}}