{"id":8668,"date":"2023-08-29T23:09:22","date_gmt":"2023-08-29T21:09:22","guid":{"rendered":"https:\/\/massdekor.de\/produkt\/9-produit-rail-plat-a-glisser-par-la-droite-%e2%86%90-cote-exterieur\/"},"modified":"2025-05-19T01:08:01","modified_gmt":"2025-05-18T23:08:01","slug":"9-produit-rail-plat-a-glisser-par-la-droite-%e2%86%90-cote-exterieur","status":"publish","type":"product","link":"https:\/\/massdekor.de\/fr\/produkt\/9-produit-rail-plat-a-glisser-par-la-droite-%e2%86%90-cote-exterieur\/","title":{"rendered":"9.produit-rail plat \u00e0 glisser par la droite \u2190 c\u00f4t\u00e9 ext\u00e9rieur"},"content":{"rendered":"\t\t<div data-elementor-type=\"product-post\" data-elementor-id=\"8668\" class=\"elementor elementor-8668 elementor-2666\" data-elementor-post-type=\"product\">\n\t\t\t\t\t\t<section class=\"penci-section penci-disSticky penci-structure-10 elementor-section elementor-top-section elementor-element elementor-element-22a5534d elementor-section-boxed elementor-section-height-default elementor-section-height-default\" data-id=\"22a5534d\" data-element_type=\"section\" data-e-type=\"section\" id=\"productNine\">\n\t\t\t\t\t\t<div class=\"elementor-container elementor-column-gap-default\">\n\t\t\t\t\t<div class=\"penci-ercol-100 penci-ercol-order-1 penci-sticky-ct    elementor-column elementor-col-100 elementor-top-column elementor-element elementor-element-39a1e7a1\" data-id=\"39a1e7a1\" data-element_type=\"column\" data-e-type=\"column\">\n\t\t\t<div class=\"elementor-widget-wrap elementor-element-populated\">\n\t\t\t\t\t\t<div class=\"elementor-element elementor-element-6120b5db elementor-widget elementor-widget-text-editor\" data-id=\"6120b5db\" data-element_type=\"widget\" data-e-type=\"widget\" data-widget_type=\"text-editor.default\">\n\t\t\t\t<div class=\"elementor-widget-container\">\n\t\t\t\t\t\t\t\t\t<\/p>\n<p>S&rsquo;il y a plus de 20 mm d&rsquo;espace entre les volets, il peut \u00eatre plac\u00e9 entre les volets.Convient aux portes et fen\u00eatres \u00e0 un ou deux battantsLes dimensions de la lumi\u00e8re sont mesur\u00e9es, la largeur du profil est ajout\u00e9e \u00e0 la hauteur +35 mm, 70 mm (35 mm + 35 mm) sont ajout\u00e9s \u00e0 la largeur. Si la largeur et la hauteur sont toutes deux inf\u00e9rieures \u00e0 70 mm, la largeur et la hauteur existantes sont utilis\u00e9es, avec une tol\u00e9rance de 10 mm pour la hauteur et la largeur. Une rampe peut \u00eatre ajout\u00e9e si n\u00e9cessaire.<br \/>Il peut \u00eatre fix\u00e9 soit avec des vis aux quatre coins, soit avec du ruban adh\u00e9sif double face, bien que le vissage soit recommand\u00e9.<\/p>\n<\/p>\n<p>Notre moustiquaire pour porte de jardin ou porte de balcon large est la solution parfaite pour garder les invit\u00e9s ind\u00e9sirables comme les mouches, les moustiques et autres insectes dehors, tout en profitant de l&rsquo;air frais et de la vue.<\/p>\n<p>Ce rail plat de haute qualit\u00e9 vous permet d&rsquo;ouvrir et de fermer vos portes sans effort et sans laisser entrer les insectes g\u00eanants. La conception plate permet une int\u00e9gration discr\u00e8te dans le design de votre pi\u00e8ce sans nuire \u00e0 l&rsquo;esth\u00e9tique de vos portes.<\/p>\n<p>Notre r\u00e9pulsif \u00e0 insectes est fabriqu\u00e9 dans un mat\u00e9riau robuste et durable qui r\u00e9siste aux d\u00e9fis quotidiens dans le jardin ou sur le balcon. Le filet \u00e0 mailles fines \u00e9loigne les insectes en toute s\u00e9curit\u00e9 pendant que vous profitez de la brise rafra\u00eechissante.<\/p>\n<p>Avec ce rail plat, l&rsquo;ouverture et la fermeture de vos portes de jardin ou de vos larges portes de balcon deviennent une t\u00e2che sans effort, sans que vous ayez \u00e0 vous soucier des piq\u00fbres d&rsquo;insectes ou du bourdonnement g\u00eanant.<\/p>\n<p>Investissez dans votre bien-\u00eatre et dans l&rsquo;air pur de votre maison en utilisant notre r\u00e9pulsif \u00e0 insectes pour portes de jardin ou larges portes de balcon. Profitez de la nature sans \u00eatre d\u00e9rang\u00e9 et de la libert\u00e9 de garder vos portes ouvertes.<\/p>\n<p>Il peut \u00eatre fix\u00e9 aux quatre coins \u00e0 l&rsquo;aide de vis ou de ruban adh\u00e9sif double face.<\/p>\n\t\t\t\t\t\t\t\t<\/div>\n\t\t\t\t<\/div>\n\t\t\t\t\t<\/div>\n\t\t<\/div>\n\t\t\t\t\t<\/div>\n\t\t<\/section>\n\t\t\t\t<\/div>\n\t\t","protected":false},"excerpt":{"rendered":"<div class=\"delivery-text-box\">\n<hr \/>\n<p>Pour calculer le prix, choisissez d&rsquo;abord la couleur, puis s\u00e9lectionnez le tissu et enfin entrez la mesure en <span style=\"color: #ff9900;\">millim\u00e8tres (mm).<\/span><\/p>\n<p data-pm-slice=\"1 1 []\">Pour Porte de Terrasse &#8211; <a href=\"https:\/\/www.youtube.com\/watch?v=CTpmE7K06A4\" target=\"_blank\" rel=\"noopener\"><span style=\"color: #ff9900;\">Guide de Mesure et d&rsquo;Installation \u2192<\/span><span style=\"color: #ff0000;\"><strong><span style=\"color: #ff9900;\"> Vid\u00e9o<\/span>\u00a0<\/strong><\/span><\/a><span style=\"color: #000000;\"><strong><a class=\"sg-popup-id-5666\" style=\"color: #000000;\" data-popup-id=\"5666\"><em>\u21b5<br \/>\n<\/em><\/a><\/strong><a style=\"color: #000000;\" href=\"https:\/\/youtu.be\/ZeUKEaZSUxQ\" target=\"_blank\" rel=\"noopener\">Relev\u00e9 des mesures<\/a><strong><em><a style=\"color: #ff9900;\" href=\"https:\/\/youtu.be\/ZeUKEaZSUxQ\" target=\"_blank\" rel=\"noopener\"> pour<\/a><a style=\"color: #ff9900;\" href=\"https:\/\/youtu.be\/ZeUKEaZSUxQ\" target=\"_blank\" rel=\"noopener\"> u<\/a><a style=\"color: #ff9900;\" href=\"https:\/\/youtu.be\/ZeUKEaZSUxQ\" target=\"_blank\" rel=\"noopener\">ne<\/a><a style=\"color: #ff9900;\" href=\"https:\/\/youtu.be\/ZeUKEaZSUxQ\" target=\"_blank\" rel=\"noopener\"> porte sans seuil avec volet roulant<\/a><a style=\"color: #ff9900;\" href=\"https:\/\/youtu.be\/ZeUKEaZSUxQ\" target=\"_blank\" rel=\"noopener\"> \u2013 Vid\u00e9o <\/a><\/em><\/strong><\/span><strong><em>\u21b5<br \/>\n<\/em><\/strong><a class=\"sg-popup-id-5666\" style=\"color: #000000;\" data-popup-id=\"5666\"><em>Dimensioni del prodotto<\/em><\/a><strong><a class=\"sg-popup-id-5666\" style=\"color: #000000;\" data-popup-id=\"5666\"><em>:<\/em><\/a><em><a style=\"color: #ff9900;\" href=\"https:\/\/youtu.be\/_P9lNs7X-pM\" target=\"_blank\" rel=\"noopener\"> Design sottile con guida piatta, senza soglia. Video<\/a>\u21b5<br \/>\n<\/em><\/strong>Pour Porte Coulissante Levante &#8211; <span style=\"color: #ff9900;\"><a style=\"color: #ff9900;\" href=\"https:\/\/www.youtube.com\/watch?v=0GOMiWB_b5w\" target=\"_blank\" rel=\"noopener\">Guide de Mesure et d&rsquo;Installation \u2192<\/a><\/span><strong><span style=\"color: #ff0000;\"><span style=\"color: #ff9900;\"><a style=\"color: #ff9900;\" href=\"https:\/\/www.youtube.com\/watch?v=0GOMiWB_b5w\" target=\"_blank\" rel=\"noopener\"> Vid\u00e9o<\/a><\/span>\u00a0<span style=\"color: #000000;\"><a class=\"sg-popup-id-5666\" style=\"color: #000000;\" data-popup-id=\"5666\"><em>\u21b5<br \/>\n<\/em><\/a><\/span><\/span><\/strong><span style=\"color: #000000;\">Porte coulissante \u00e0 levage &#8211; Instructions de mesure et de montage<\/span><strong> =&gt; <span style=\"color: #ff0000;\"><em><a style=\"color: #ff0000;\" href=\"https:\/\/youtube.com\/shorts\/bRZtj4VNyso?si=HFKasxbmkJIujT5k\" target=\"_blank\" rel=\"noopener\"><u><span style=\"color: #ff9900;\">Vid\u00e9o<\/span>\u00a0<\/u><\/a><span style=\"color: #000000;\"><a class=\"sg-popup-id-5666\" style=\"color: #000000;\" data-popup-id=\"5666\">\u21b5<br \/>\n<\/a><\/span><\/em><\/span><\/strong>Guide du salon <span style=\"color: #ff9900;\"><strong>PDF <\/strong>&#8211; \u00a0<a style=\"color: #ff9900;\" href=\"https:\/\/massdekor.de\/wp-content\/uploads\/2024\/06\/Produit_9-10_sans-volet-roulantFrance.pdf\" target=\"_blank\" rel=\"noopener\"><strong><u>sans porte \u00e0 rideau\u00a0<\/u><\/strong><\/a>\u00a0 <span style=\"color: #000000;\"><strong><em><u><\/u><a class=\"sg-popup-id-5666\" style=\"color: #000000;\" data-popup-id=\"5666\">\u21b5<\/a><\/em><\/strong><\/span>\u00a0| \u00a0\u00a0 <a style=\"color: #ff9900;\" href=\"https:\/\/massdekor.de\/wp-content\/uploads\/2024\/06\/Produit_9-10_avec_volet_roulant_France-1.pdf\" target=\"_blank\" rel=\"noopener\"><strong><u>avec porte \u00e0 rideau\u00a0<\/u><\/strong><\/a><span style=\"color: #000000;\"><strong><em><u><\/u><a class=\"sg-popup-id-5666\" style=\"color: #000000;\" data-popup-id=\"5666\">\u21b5<\/a><\/em><\/strong><\/span><\/span><\/p>\n<\/div>\n<ul>\n<li>\n<hr \/>\n<p>Profil\u00e9 en aluminium: Largeur <span style=\"color: #ff9900;\">35 mm<\/span> &#8211; Profondeur de construction <span style=\"color: #ff9900;\">18 mm<\/span> &#8211; Rail de roulement plat <span style=\"color: #ff9900;\">10 mm<\/span><\/li>\n<li>Filet normal :<span style=\"color: #ff9900;\"><strong> <a class=\"sg-popup-id-5670\" style=\"color: #ff9900;\">(image) <\/a><em><a class=\"sg-popup-id-5666\" style=\"color: #000000;\" data-popup-id=\"5666\">\u21b5<\/a><\/em><\/strong><\/span><\/li>\n<li>Filet de protection pour souris et chats :\u00a0<span style=\"color: #ff9900;\"><strong><a class=\"sg-popup-id-5666\" style=\"color: #ff9900;\">(image) <\/a><em><a class=\"sg-popup-id-5666\" style=\"color: #000000;\" data-popup-id=\"5666\">\u21b5<\/a><\/em><\/strong><\/span><\/li>\n<li>Pour les portes-fen\u00eatres sans seuil <a href=\"https:\/\/massdekor.de\/wp-content\/uploads\/2025\/01\/ohne-schwelle-neu-2.png-scaled.jpg\" target=\"_blank\" rel=\"noopener\"><span style=\"color: #ff9900;\"><strong>(Photo)\u00a0<\/strong><\/span><\/a><strong><span style=\"color: #ff0000;\"><span style=\"color: #000000;\"><a class=\"sg-popup-id-5666\" style=\"color: #000000;\" data-popup-id=\"5666\"><em>\u21b5<\/em><\/a><\/span><\/span><\/strong><\/li>\n<li><span style=\"color: #ff9900;\"><a style=\"color: #ff9900;\"><strong class=\"pop-up\">Rampe<\/strong><\/a><\/span>: <span style=\"color: #ff9900;\"><span style=\"color: #000000;\"><strong><em><a class=\"sg-popup-id-5666\" style=\"color: #000000;\" data-popup-id=\"5666\">\u21b5 <\/a><\/em><\/strong><\/span><\/span>\u00a0Elle facilite l&rsquo;entr\u00e9e et la sortie de la maison avec des poussettes et des fauteuils roulants. (10 mm)Filet : en fibre de verre<\/li>\n<\/ul>\n<p>Le rail plat &#8211; porte moustiquaire se<span style=\"letter-spacing: 0px;\"> ferme<\/span> de <strong>l&rsquo;ext\u00e9rieur<\/strong><span style=\"color: #ff9900;\"> <strong>de droite<\/strong> \u00e0 gauche <\/span><span style=\"font-family: Raleway, sans-serif; font-size: 24px; font-weight: bold; letter-spacing: 0px;\">|\u2190|<\/span><\/p>\n<p>Une rampe peut \u00eatre ajout\u00e9e si n\u00e9cessaire.<\/p>\n<p>Il peut \u00eatre fix\u00e9 soit avec des vis aux quatre coins, soit avec du ruban adh\u00e9sif double face, bien que le vissage soit recommand\u00e9.<\/p>\n<p>S\u00e9lectionnez d&rsquo;abord la couleur du cadre. Saisissez ensuite la largeur et la hauteur en millim\u00e8tres.<\/p>\n<p><strong><u>Veuillez noter !<\/u><\/strong><\/p>\n<p>Lorsqu&rsquo;ils reculent ensuite <span style=\"color: #ff9900;\"><strong><a class=\"sg-popup-id-5850\" style=\"color: #ff9900;\"> de gauche \u00e0 droite <\/a><\/strong><\/span> <span style=\"color: #ff9900;\"><span style=\"color: #000000;\"><strong><em><a class=\"sg-popup-id-5666\" style=\"color: #000000;\" data-popup-id=\"5666\">\u21b5 ,<\/a><\/em><\/strong><\/span><\/span>la moustiquaire est ferm\u00e9e (les moustiques peuvent alors entrer).<\/p>\n<p style=\"text-align: right;\"><strong>Avec MASS DEKOR \u00ae\ufe0f Moustiquaires<\/strong><br \/>\n<strong>Simple \u00e0 commander, facile \u00e0 installer, efficace \u00e0 prot\u00e9ger !<\/strong><br \/>\n<strong>Pas de moustiques, pas de soucis<\/strong><\/p>\n","protected":false},"featured_media":13922,"comment_status":"closed","ping_status":"closed","template":"","meta":[],"product_brand":[],"product_cat":[395,393],"product_tag":[],"class_list":{"0":"post-8668","1":"product","2":"type-product","3":"status-publish","4":"has-post-thumbnail","6":"product_cat-encadrements-de-portes-et-de-fenetres","7":"product_cat-moustiquaire","8":"product_shipping_class-versand-fr","9":"pa_my-colors-acajou","10":"pa_my-colors-chene-dore","11":"pa_my-colors-ral-7016-anthracite-fr","12":"pa_my-colors-ral-7039-gris-quartz","13":"pa_my-colors-ral-8016-marron-fonce","14":"pa_my-colors-ral-9005-noir","15":"pa_my-colors-ral-9006-fr","16":"pa_my-colors-ral-9016-blanc","18":"first","19":"instock","20":"sale","21":"taxable","22":"shipping-taxable","23":"purchasable","24":"product-type-variable","25":"has-default-attributes"},"gallery_images":[13917,2714,2713,2775,2776,2777,2778],"yoast_head":"<!-- This site is optimized with the Yoast SEO Premium plugin v24.6 (Yoast SEO v27.3) - https:\/\/yoast.com\/product\/yoast-seo-premium-wordpress\/ -->\n<title>9.produit-rail plat \u00e0 glisser par la droite \u2190 c\u00f4t\u00e9 ext\u00e9rieur - Mass Dekor<\/title>\n<meta name=\"robots\" content=\"index, follow, max-snippet:-1, max-image-preview:large, max-video-preview:-1\" \/>\n<link rel=\"canonical\" href=\"https:\/\/massdekor.de\/fr\/produkt\/9-produit-rail-plat-a-glisser-par-la-droite-%e2%86%90-cote-exterieur\/\" \/>\n<meta property=\"og:locale\" content=\"fr_FR\" \/>\n<meta property=\"og:type\" content=\"article\" \/>\n<meta property=\"og:title\" content=\"9.produit-rail plat \u00e0 glisser par la droite \u2190 c\u00f4t\u00e9 ext\u00e9rieur\" \/>\n<meta property=\"og:description\" content=\"Pour calculer le prix, choisissez d&#039;abord la couleur, puis s\u00e9lectionnez le tissu et enfin entrez la mesure en millim\u00e8tres (mm). Pour Porte de Terrasse - Guide de Mesure et d&#039;Installation \u2192 Vid\u00e9o\u00a0\u21b5 Relev\u00e9 des mesures pour une porte sans seuil avec volet roulant \u2013 Vid\u00e9o \u21b5 Dimensioni del prodotto: Design sottile con guida piatta, senza soglia. Video\u21b5 Pour Porte Coulissante Levante - Guide de Mesure et d&#039;Installation \u2192 Vid\u00e9o\u00a0\u21b5 Porte coulissante \u00e0 levage - Instructions de mesure et de montage =&gt; Vid\u00e9o\u00a0\u21b5 Guide du salon PDF - \u00a0sans porte \u00e0 rideau\u00a0\u00a0 \u21b5\u00a0| \u00a0\u00a0 avec porte \u00e0 rideau\u00a0\u21b5         Profil\u00e9 en aluminium: Largeur 35 mm - Profondeur de construction 18 mm - Rail de roulement plat 10 mm  Filet normal : (image) \u21b5  Filet de protection pour souris et chats :\u00a0(image) \u21b5  Pour les portes-fen\u00eatres sans seuil (Photo)\u00a0\u21b5  Rampe: \u21b5 \u00a0Elle facilite l&#039;entr\u00e9e et la sortie de la maison avec des poussettes et des fauteuils roulants. (10 mm)Filet : en fibre de verre  Le rail plat - porte moustiquaire se ferme de l&#039;ext\u00e9rieur de droite \u00e0 gauche |\u2190|  Une rampe peut \u00eatre ajout\u00e9e si n\u00e9cessaire.  Il peut \u00eatre fix\u00e9 soit avec des vis aux quatre coins, soit avec du ruban adh\u00e9sif double face, bien que le vissage soit recommand\u00e9.  S\u00e9lectionnez d&#039;abord la couleur du cadre. Saisissez ensuite la largeur et la hauteur en millim\u00e8tres.  Veuillez noter !  Lorsqu&#039;ils reculent ensuite de gauche \u00e0 droite \u21b5 ,la moustiquaire est ferm\u00e9e (les moustiques peuvent alors entrer). Avec MASS DEKOR \u00ae\ufe0f Moustiquaires Simple \u00e0 commander, facile \u00e0 installer, efficace \u00e0 prot\u00e9ger ! Pas de moustiques, pas de soucis\" \/>\n<meta property=\"og:url\" content=\"https:\/\/massdekor.de\/fr\/produkt\/9-produit-rail-plat-a-glisser-par-la-droite-%e2%86%90-cote-exterieur\/\" \/>\n<meta property=\"og:site_name\" content=\"Mass Dekor\" \/>\n<meta property=\"article:publisher\" content=\"https:\/\/www.facebook.com\/Massdekor.de\" \/>\n<meta property=\"article:modified_time\" content=\"2025-05-18T23:08:01+00:00\" \/>\n<meta property=\"og:image\" content=\"https:\/\/massdekor.de\/wp-content\/uploads\/2023\/08\/9016_0001-1.jpg\" \/>\n\t<meta property=\"og:image:width\" content=\"1250\" \/>\n\t<meta property=\"og:image:height\" content=\"1250\" \/>\n\t<meta property=\"og:image:type\" content=\"image\/jpeg\" \/>\n<meta name=\"twitter:card\" content=\"summary_large_image\" \/>\n<meta name=\"twitter:label1\" content=\"Dur\u00e9e de lecture estim\u00e9e\" \/>\n\t<meta name=\"twitter:data1\" content=\"3 minutes\" \/>\n<script type=\"application\/ld+json\" class=\"yoast-schema-graph\">{\"@context\":\"https:\\\/\\\/schema.org\",\"@graph\":[{\"@type\":\"WebPage\",\"@id\":\"https:\\\/\\\/massdekor.de\\\/fr\\\/produkt\\\/9-produit-rail-plat-a-glisser-par-la-droite-%e2%86%90-cote-exterieur\\\/\",\"url\":\"https:\\\/\\\/massdekor.de\\\/fr\\\/produkt\\\/9-produit-rail-plat-a-glisser-par-la-droite-%e2%86%90-cote-exterieur\\\/\",\"name\":\"9.produit-rail plat \u00e0 glisser par la droite \u2190 c\u00f4t\u00e9 ext\u00e9rieur - Mass Dekor\",\"isPartOf\":{\"@id\":\"https:\\\/\\\/massdekor.de\\\/fr\\\/#website\"},\"primaryImageOfPage\":{\"@id\":\"https:\\\/\\\/massdekor.de\\\/fr\\\/produkt\\\/9-produit-rail-plat-a-glisser-par-la-droite-%e2%86%90-cote-exterieur\\\/#primaryimage\"},\"image\":{\"@id\":\"https:\\\/\\\/massdekor.de\\\/fr\\\/produkt\\\/9-produit-rail-plat-a-glisser-par-la-droite-%e2%86%90-cote-exterieur\\\/#primaryimage\"},\"thumbnailUrl\":\"https:\\\/\\\/massdekor.de\\\/wp-content\\\/uploads\\\/2023\\\/08\\\/9016_0001-1.jpg\",\"datePublished\":\"2023-08-29T21:09:22+00:00\",\"dateModified\":\"2025-05-18T23:08:01+00:00\",\"breadcrumb\":{\"@id\":\"https:\\\/\\\/massdekor.de\\\/fr\\\/produkt\\\/9-produit-rail-plat-a-glisser-par-la-droite-%e2%86%90-cote-exterieur\\\/#breadcrumb\"},\"inLanguage\":\"fr-FR\",\"potentialAction\":[{\"@type\":\"ReadAction\",\"target\":[\"https:\\\/\\\/massdekor.de\\\/fr\\\/produkt\\\/9-produit-rail-plat-a-glisser-par-la-droite-%e2%86%90-cote-exterieur\\\/\"]}]},{\"@type\":\"ImageObject\",\"inLanguage\":\"fr-FR\",\"@id\":\"https:\\\/\\\/massdekor.de\\\/fr\\\/produkt\\\/9-produit-rail-plat-a-glisser-par-la-droite-%e2%86%90-cote-exterieur\\\/#primaryimage\",\"url\":\"https:\\\/\\\/massdekor.de\\\/wp-content\\\/uploads\\\/2023\\\/08\\\/9016_0001-1.jpg\",\"contentUrl\":\"https:\\\/\\\/massdekor.de\\\/wp-content\\\/uploads\\\/2023\\\/08\\\/9016_0001-1.jpg\",\"width\":1250,\"height\":1250},{\"@type\":\"BreadcrumbList\",\"@id\":\"https:\\\/\\\/massdekor.de\\\/fr\\\/produkt\\\/9-produit-rail-plat-a-glisser-par-la-droite-%e2%86%90-cote-exterieur\\\/#breadcrumb\",\"itemListElement\":[{\"@type\":\"ListItem\",\"position\":1,\"name\":\"Startseite\",\"item\":\"https:\\\/\\\/massdekor.de\\\/fr\\\/\"},{\"@type\":\"ListItem\",\"position\":2,\"name\":\"Boutique\",\"item\":\"https:\\\/\\\/massdekor.de\\\/fr\\\/boutique\\\/\"},{\"@type\":\"ListItem\",\"position\":3,\"name\":\"9.produit-rail plat \u00e0 glisser par la droite \u2190 c\u00f4t\u00e9 ext\u00e9rieur\"}]},{\"@type\":\"WebSite\",\"@id\":\"https:\\\/\\\/massdekor.de\\\/fr\\\/#website\",\"url\":\"https:\\\/\\\/massdekor.de\\\/fr\\\/\",\"name\":\"Mass Dekor\",\"description\":\"\",\"potentialAction\":[{\"@type\":\"SearchAction\",\"target\":{\"@type\":\"EntryPoint\",\"urlTemplate\":\"https:\\\/\\\/massdekor.de\\\/fr\\\/?s={search_term_string}\"},\"query-input\":{\"@type\":\"PropertyValueSpecification\",\"valueRequired\":true,\"valueName\":\"search_term_string\"}}],\"inLanguage\":\"fr-FR\"}]}<\/script>\n<!-- \/ Yoast SEO Premium plugin. -->","yoast_head_json":{"title":"9.produit-rail plat \u00e0 glisser par la droite \u2190 c\u00f4t\u00e9 ext\u00e9rieur - Mass Dekor","robots":{"index":"index","follow":"follow","max-snippet":"max-snippet:-1","max-image-preview":"max-image-preview:large","max-video-preview":"max-video-preview:-1"},"canonical":"https:\/\/massdekor.de\/fr\/produkt\/9-produit-rail-plat-a-glisser-par-la-droite-%e2%86%90-cote-exterieur\/","og_locale":"fr_FR","og_type":"article","og_title":"9.produit-rail plat \u00e0 glisser par la droite \u2190 c\u00f4t\u00e9 ext\u00e9rieur","og_description":"Pour calculer le prix, choisissez d'abord la couleur, puis s\u00e9lectionnez le tissu et enfin entrez la mesure en millim\u00e8tres (mm). Pour Porte de Terrasse - Guide de Mesure et d'Installation \u2192 Vid\u00e9o\u00a0\u21b5 Relev\u00e9 des mesures pour une porte sans seuil avec volet roulant \u2013 Vid\u00e9o \u21b5 Dimensioni del prodotto: Design sottile con guida piatta, senza soglia. Video\u21b5 Pour Porte Coulissante Levante - Guide de Mesure et d'Installation \u2192 Vid\u00e9o\u00a0\u21b5 Porte coulissante \u00e0 levage - Instructions de mesure et de montage =&gt; Vid\u00e9o\u00a0\u21b5 Guide du salon PDF - \u00a0sans porte \u00e0 rideau\u00a0\u00a0 \u21b5\u00a0| \u00a0\u00a0 avec porte \u00e0 rideau\u00a0\u21b5         Profil\u00e9 en aluminium: Largeur 35 mm - Profondeur de construction 18 mm - Rail de roulement plat 10 mm  Filet normal : (image) \u21b5  Filet de protection pour souris et chats :\u00a0(image) \u21b5  Pour les portes-fen\u00eatres sans seuil (Photo)\u00a0\u21b5  Rampe: \u21b5 \u00a0Elle facilite l'entr\u00e9e et la sortie de la maison avec des poussettes et des fauteuils roulants. (10 mm)Filet : en fibre de verre  Le rail plat - porte moustiquaire se ferme de l'ext\u00e9rieur de droite \u00e0 gauche |\u2190|  Une rampe peut \u00eatre ajout\u00e9e si n\u00e9cessaire.  Il peut \u00eatre fix\u00e9 soit avec des vis aux quatre coins, soit avec du ruban adh\u00e9sif double face, bien que le vissage soit recommand\u00e9.  S\u00e9lectionnez d'abord la couleur du cadre. Saisissez ensuite la largeur et la hauteur en millim\u00e8tres.  Veuillez noter !  Lorsqu'ils reculent ensuite de gauche \u00e0 droite \u21b5 ,la moustiquaire est ferm\u00e9e (les moustiques peuvent alors entrer). Avec MASS DEKOR \u00ae\ufe0f Moustiquaires Simple \u00e0 commander, facile \u00e0 installer, efficace \u00e0 prot\u00e9ger ! Pas de moustiques, pas de soucis","og_url":"https:\/\/massdekor.de\/fr\/produkt\/9-produit-rail-plat-a-glisser-par-la-droite-%e2%86%90-cote-exterieur\/","og_site_name":"Mass Dekor","article_publisher":"https:\/\/www.facebook.com\/Massdekor.de","article_modified_time":"2025-05-18T23:08:01+00:00","og_image":[{"width":1250,"height":1250,"url":"https:\/\/massdekor.de\/wp-content\/uploads\/2023\/08\/9016_0001-1.jpg","type":"image\/jpeg"}],"twitter_card":"summary_large_image","twitter_misc":{"Dur\u00e9e de lecture estim\u00e9e":"3 minutes"},"schema":{"@context":"https:\/\/schema.org","@graph":[{"@type":"WebPage","@id":"https:\/\/massdekor.de\/fr\/produkt\/9-produit-rail-plat-a-glisser-par-la-droite-%e2%86%90-cote-exterieur\/","url":"https:\/\/massdekor.de\/fr\/produkt\/9-produit-rail-plat-a-glisser-par-la-droite-%e2%86%90-cote-exterieur\/","name":"9.produit-rail plat \u00e0 glisser par la droite \u2190 c\u00f4t\u00e9 ext\u00e9rieur - Mass Dekor","isPartOf":{"@id":"https:\/\/massdekor.de\/fr\/#website"},"primaryImageOfPage":{"@id":"https:\/\/massdekor.de\/fr\/produkt\/9-produit-rail-plat-a-glisser-par-la-droite-%e2%86%90-cote-exterieur\/#primaryimage"},"image":{"@id":"https:\/\/massdekor.de\/fr\/produkt\/9-produit-rail-plat-a-glisser-par-la-droite-%e2%86%90-cote-exterieur\/#primaryimage"},"thumbnailUrl":"https:\/\/massdekor.de\/wp-content\/uploads\/2023\/08\/9016_0001-1.jpg","datePublished":"2023-08-29T21:09:22+00:00","dateModified":"2025-05-18T23:08:01+00:00","breadcrumb":{"@id":"https:\/\/massdekor.de\/fr\/produkt\/9-produit-rail-plat-a-glisser-par-la-droite-%e2%86%90-cote-exterieur\/#breadcrumb"},"inLanguage":"fr-FR","potentialAction":[{"@type":"ReadAction","target":["https:\/\/massdekor.de\/fr\/produkt\/9-produit-rail-plat-a-glisser-par-la-droite-%e2%86%90-cote-exterieur\/"]}]},{"@type":"ImageObject","inLanguage":"fr-FR","@id":"https:\/\/massdekor.de\/fr\/produkt\/9-produit-rail-plat-a-glisser-par-la-droite-%e2%86%90-cote-exterieur\/#primaryimage","url":"https:\/\/massdekor.de\/wp-content\/uploads\/2023\/08\/9016_0001-1.jpg","contentUrl":"https:\/\/massdekor.de\/wp-content\/uploads\/2023\/08\/9016_0001-1.jpg","width":1250,"height":1250},{"@type":"BreadcrumbList","@id":"https:\/\/massdekor.de\/fr\/produkt\/9-produit-rail-plat-a-glisser-par-la-droite-%e2%86%90-cote-exterieur\/#breadcrumb","itemListElement":[{"@type":"ListItem","position":1,"name":"Startseite","item":"https:\/\/massdekor.de\/fr\/"},{"@type":"ListItem","position":2,"name":"Boutique","item":"https:\/\/massdekor.de\/fr\/boutique\/"},{"@type":"ListItem","position":3,"name":"9.produit-rail plat \u00e0 glisser par la droite \u2190 c\u00f4t\u00e9 ext\u00e9rieur"}]},{"@type":"WebSite","@id":"https:\/\/massdekor.de\/fr\/#website","url":"https:\/\/massdekor.de\/fr\/","name":"Mass Dekor","description":"","potentialAction":[{"@type":"SearchAction","target":{"@type":"EntryPoint","urlTemplate":"https:\/\/massdekor.de\/fr\/?s={search_term_string}"},"query-input":{"@type":"PropertyValueSpecification","valueRequired":true,"valueName":"search_term_string"}}],"inLanguage":"fr-FR"}]}},"_links":{"self":[{"href":"https:\/\/massdekor.de\/fr\/wp-json\/wp\/v2\/product\/8668","targetHints":{"allow":["GET"]}}],"collection":[{"href":"https:\/\/massdekor.de\/fr\/wp-json\/wp\/v2\/product"}],"about":[{"href":"https:\/\/massdekor.de\/fr\/wp-json\/wp\/v2\/types\/product"}],"replies":[{"embeddable":true,"href":"https:\/\/massdekor.de\/fr\/wp-json\/wp\/v2\/comments?post=8668"}],"version-history":[{"count":11,"href":"https:\/\/massdekor.de\/fr\/wp-json\/wp\/v2\/product\/8668\/revisions"}],"predecessor-version":[{"id":24829,"href":"https:\/\/massdekor.de\/fr\/wp-json\/wp\/v2\/product\/8668\/revisions\/24829"}],"wp:featuredmedia":[{"embeddable":true,"href":"https:\/\/massdekor.de\/fr\/wp-json\/wp\/v2\/media\/13922"}],"wp:attachment":[{"href":"https:\/\/massdekor.de\/fr\/wp-json\/wp\/v2\/media?parent=8668"}],"wp:term":[{"taxonomy":"product_brand","embeddable":true,"href":"https:\/\/massdekor.de\/fr\/wp-json\/wp\/v2\/product_brand?post=8668"},{"taxonomy":"product_cat","embeddable":true,"href":"https:\/\/massdekor.de\/fr\/wp-json\/wp\/v2\/product_cat?post=8668"},{"taxonomy":"product_tag","embeddable":true,"href":"https:\/\/massdekor.de\/fr\/wp-json\/wp\/v2\/product_tag?post=8668"}],"curies":[{"name":"wp","href":"https:\/\/api.w.org\/{rel}","templated":true}]}}