{"id":8638,"date":"2023-09-04T21:39:41","date_gmt":"2023-09-04T19:39:41","guid":{"rendered":"https:\/\/massdekor.de\/produkt\/6-produit-%ef%b8%8f-systeme-doccultation-pour-porte-fenetre-et-lucarne-deux-vantaux\/"},"modified":"2025-01-30T01:38:32","modified_gmt":"2025-01-30T00:38:32","slug":"6-produit-%ef%b8%8f-systeme-doccultation-pour-porte-fenetre-et-lucarne-deux-vantaux","status":"publish","type":"product","link":"https:\/\/massdekor.de\/fr\/produkt\/6-produit-%ef%b8%8f-systeme-doccultation-pour-porte-fenetre-et-lucarne-deux-vantaux\/","title":{"rendered":"6.Produit \u00ae\ufe0f Syst\u00e8me d&rsquo;occultation pour porte, fen\u00eatre et lucarne (deux vantaux)"},"content":{"rendered":"\t\t<div data-elementor-type=\"product-post\" data-elementor-id=\"8638\" class=\"elementor elementor-8638 elementor-2783\" data-elementor-post-type=\"product\">\n\t\t\t\t\t\t<section class=\"penci-section penci-disSticky penci-structure-10 elementor-section elementor-top-section elementor-element elementor-element-211a627e elementor-section-boxed elementor-section-height-default elementor-section-height-default\" data-id=\"211a627e\" data-element_type=\"section\" data-e-type=\"section\" id=\"productSix\">\n\t\t\t\t\t\t<div class=\"elementor-container elementor-column-gap-default\">\n\t\t\t\t\t<div class=\"penci-ercol-100 penci-ercol-order-1 penci-sticky-ct    elementor-column elementor-col-100 elementor-top-column elementor-element elementor-element-5ca1ce8a\" data-id=\"5ca1ce8a\" data-element_type=\"column\" data-e-type=\"column\">\n\t\t\t<div class=\"elementor-widget-wrap elementor-element-populated\">\n\t\t\t\t\t\t<div class=\"elementor-element elementor-element-70df76de elementor-widget elementor-widget-text-editor\" data-id=\"70df76de\" data-element_type=\"widget\" data-e-type=\"widget\" data-widget_type=\"text-editor.default\">\n\t\t\t\t<div class=\"elementor-widget-container\">\n\t\t\t\t\t\t\t\t\t<h3>Moustiquaires pliss\u00e9es pour fen\u00eatres de toit<\/h3>\n<p>Amortisseur de temp\u00e9rature : gr\u00e2ce \u00e0 sa double membrane, le store pliss\u00e9 en nid d&rsquo;abeille agit comme une protection thermique en hiver et comme une isolation thermique en \u00e9t\u00e9, ce qui permet de r\u00e9duire les co\u00fbts \u00e9nerg\u00e9tiques. Un autre effet positif de la structure en nid d&rsquo;abeille est la r\u00e9duction du bruit &#8211; une diminution significative du bruit est perceptible.<\/p>\n<p>100% de protection contre les regards indiscrets ; le rev\u00eatement en aluminium int\u00e9gr\u00e9 (sans odeur chimique) \u00e0 l&rsquo;int\u00e9rieur du nid d&rsquo;abeille prot\u00e8ge des rayons directs du soleil tout en obscurcissant la pi\u00e8ce et en offrant une protection contre l&rsquo;\u00e9blouissement dans le home cin\u00e9ma ou comme protection contre les regards indiscrets \u00e0 100% dans la salle de bain. Il est \u00e9galement id\u00e9al pour les chambres \u00e0 coucher ou les chambres d&rsquo;enfants et favorise un sommeil r\u00e9parateur.<\/p>\t\t\t\t\t\t\t\t<\/div>\n\t\t\t\t<\/div>\n\t\t\t\t\t<\/div>\n\t\t<\/div>\n\t\t\t\t\t<\/div>\n\t\t<\/section>\n\t\t\t\t<\/div>\n\t\t","protected":false},"excerpt":{"rendered":"<div class=\"delivery-text-box\">\n<p>S\u00e9lectionnez d&rsquo;abord la couleur du cadre. Saisissez ensuite la largeur et la hauteur <span style=\"color: #ff9900;\">en millim\u00e8tres.<\/span><\/p>\n<\/div>\n<p>Avant de passer commande, n&rsquo;oubliez pas de consulter les pages des<strong> <span style=\"color: #ff9900;\"><a style=\"color: #ff9900;\" href=\"https:\/\/www.youtube.com\/watch?v=hPcjsMiBO38\" target=\"_blank\" rel=\"noopener\">instructions de montage pour<\/a><\/span><\/strong> les fen\u00eatres de toit.<\/p>\n<p><strong><span style=\"color: #ff9900;\"><a style=\"color: #ff9900;\" href=\"https:\/\/massdekor.de\/wp-content\/uploads\/2024\/06\/Produit_11-13-5-6-7-8.France.pdf\" target=\"_blank\" rel=\"noopener\">Guide de mesure &#8211; pour les fen\u00eatres de toit Voir le PDF<\/a><\/span><\/strong><br \/>\n<strong><span style=\"color: #ff9900;\"><a style=\"color: #ff9900;\" href=\"https:\/\/massdekor.de\/wp-content\/uploads\/2024\/06\/Produit_6-11.France.pdf\" target=\"_blank\" rel=\"noopener\">Guide de mesure &#8211; pour les fen\u00eatres Voir le PDF<\/a><\/span><\/strong><\/p>\n<ul>\n<li>Profil\u00e9 en aluminium<\/li>\n<li>Largeur 35 mm<\/li>\n<li>Profondeur de construction 18 mm<\/li>\n<li>La couleur standard du tissu est <strong>l&rsquo;anthracite<\/strong>.<strong><span style=\"color: #ff9900;\"> <a class=\"sg-popup-id-5697\" style=\"color: #ff9900;\">(image)<\/a><\/span><\/strong><\/li>\n<\/ul>\n<p>Pour calculer le prix, choisissez d&rsquo;abord la couleur, puis s\u00e9lectionnez le tissu et enfin entrez la mesure en millim\u00e8tres (mm).<\/p>\n<p style=\"text-align: right;\"><strong>Avec MASS DEKOR \u00ae\ufe0f Moustiquaires<\/strong><br \/>\n<strong>Simple \u00e0 commander, facile \u00e0 installer, efficace \u00e0 prot\u00e9ger !<\/strong><br \/>\n<strong>Pas de moustiques, pas de soucis<\/strong><\/p>\n","protected":false},"featured_media":8640,"comment_status":"closed","ping_status":"closed","template":"","meta":[],"product_brand":[],"product_cat":[394,393],"product_tag":[],"class_list":{"0":"post-8638","1":"product","2":"type-product","3":"status-publish","4":"has-post-thumbnail","6":"product_cat-fenetres-de-toit","7":"product_cat-moustiquaire","8":"product_shipping_class-versand-fr","9":"pa_my-colors-acajou","10":"pa_my-colors-chene-dore","11":"pa_my-colors-ral-7016-anthracite-fr","12":"pa_my-colors-ral-7039-gris-quartz","13":"pa_my-colors-ral-8016-marron-fonce","14":"pa_my-colors-ral-9005-noir","15":"pa_my-colors-ral-9006-fr","16":"pa_my-colors-ral-9016-blanc","18":"first","19":"instock","20":"sale","21":"taxable","22":"shipping-taxable","23":"purchasable","24":"product-type-variable","25":"has-default-attributes"},"gallery_images":[2800,2799,2806,2805,2804,2803,2802,2801],"yoast_head":"<!-- This site is optimized with the Yoast SEO Premium plugin v24.6 (Yoast SEO v27.3) - https:\/\/yoast.com\/product\/yoast-seo-premium-wordpress\/ -->\n<title>6.Produit \u00ae\ufe0f Syst\u00e8me d&#039;occultation pour porte, fen\u00eatre et lucarne (deux vantaux) - Mass Dekor<\/title>\n<meta name=\"robots\" content=\"index, follow, max-snippet:-1, max-image-preview:large, max-video-preview:-1\" \/>\n<link rel=\"canonical\" href=\"https:\/\/massdekor.de\/fr\/produkt\/6-produit-%ef%b8%8f-systeme-doccultation-pour-porte-fenetre-et-lucarne-deux-vantaux\/\" \/>\n<meta property=\"og:locale\" content=\"fr_FR\" \/>\n<meta property=\"og:type\" content=\"article\" \/>\n<meta property=\"og:title\" content=\"6.Produit \u00ae\ufe0f Syst\u00e8me d&#039;occultation pour porte, fen\u00eatre et lucarne (deux vantaux)\" \/>\n<meta property=\"og:description\" content=\"S\u00e9lectionnez d&#039;abord la couleur du cadre. Saisissez ensuite la largeur et la hauteur en millim\u00e8tres.   Avant de passer commande, n&#039;oubliez pas de consulter les pages des instructions de montage pour les fen\u00eatres de toit.  Guide de mesure - pour les fen\u00eatres de toit Voir le PDF Guide de mesure - pour les fen\u00eatres Voir le PDF   Profil\u00e9 en aluminium  Largeur 35 mm  Profondeur de construction 18 mm  La couleur standard du tissu est l&#039;anthracite. (image)  Pour calculer le prix, choisissez d&#039;abord la couleur, puis s\u00e9lectionnez le tissu et enfin entrez la mesure en millim\u00e8tres (mm). Avec MASS DEKOR \u00ae\ufe0f Moustiquaires Simple \u00e0 commander, facile \u00e0 installer, efficace \u00e0 prot\u00e9ger ! Pas de moustiques, pas de soucis\" \/>\n<meta property=\"og:url\" content=\"https:\/\/massdekor.de\/fr\/produkt\/6-produit-%ef%b8%8f-systeme-doccultation-pour-porte-fenetre-et-lucarne-deux-vantaux\/\" \/>\n<meta property=\"og:site_name\" content=\"Mass Dekor\" \/>\n<meta property=\"article:publisher\" content=\"https:\/\/www.facebook.com\/Massdekor.de\" \/>\n<meta property=\"article:modified_time\" content=\"2025-01-30T00:38:32+00:00\" \/>\n<meta property=\"og:image\" content=\"https:\/\/massdekor.de\/wp-content\/uploads\/2023\/12\/produkt-6_ciftli_ust_alt_ipsiz0000-2.jpg\" \/>\n\t<meta property=\"og:image:width\" content=\"2500\" \/>\n\t<meta property=\"og:image:height\" content=\"2500\" \/>\n\t<meta property=\"og:image:type\" content=\"image\/jpeg\" \/>\n<meta name=\"twitter:card\" content=\"summary_large_image\" \/>\n<meta name=\"twitter:label1\" content=\"Dur\u00e9e de lecture estim\u00e9e\" \/>\n\t<meta name=\"twitter:data1\" content=\"1 minute\" \/>\n<script type=\"application\/ld+json\" class=\"yoast-schema-graph\">{\"@context\":\"https:\\\/\\\/schema.org\",\"@graph\":[{\"@type\":\"WebPage\",\"@id\":\"https:\\\/\\\/massdekor.de\\\/fr\\\/produkt\\\/6-produit-%ef%b8%8f-systeme-doccultation-pour-porte-fenetre-et-lucarne-deux-vantaux\\\/\",\"url\":\"https:\\\/\\\/massdekor.de\\\/fr\\\/produkt\\\/6-produit-%ef%b8%8f-systeme-doccultation-pour-porte-fenetre-et-lucarne-deux-vantaux\\\/\",\"name\":\"6.Produit \u00ae\ufe0f Syst\u00e8me d'occultation pour porte, fen\u00eatre et lucarne (deux vantaux) - Mass Dekor\",\"isPartOf\":{\"@id\":\"https:\\\/\\\/massdekor.de\\\/fr\\\/#website\"},\"primaryImageOfPage\":{\"@id\":\"https:\\\/\\\/massdekor.de\\\/fr\\\/produkt\\\/6-produit-%ef%b8%8f-systeme-doccultation-pour-porte-fenetre-et-lucarne-deux-vantaux\\\/#primaryimage\"},\"image\":{\"@id\":\"https:\\\/\\\/massdekor.de\\\/fr\\\/produkt\\\/6-produit-%ef%b8%8f-systeme-doccultation-pour-porte-fenetre-et-lucarne-deux-vantaux\\\/#primaryimage\"},\"thumbnailUrl\":\"https:\\\/\\\/massdekor.de\\\/wp-content\\\/uploads\\\/2023\\\/12\\\/produkt-6_ciftli_ust_alt_ipsiz0000-2.jpg\",\"datePublished\":\"2023-09-04T19:39:41+00:00\",\"dateModified\":\"2025-01-30T00:38:32+00:00\",\"breadcrumb\":{\"@id\":\"https:\\\/\\\/massdekor.de\\\/fr\\\/produkt\\\/6-produit-%ef%b8%8f-systeme-doccultation-pour-porte-fenetre-et-lucarne-deux-vantaux\\\/#breadcrumb\"},\"inLanguage\":\"fr-FR\",\"potentialAction\":[{\"@type\":\"ReadAction\",\"target\":[\"https:\\\/\\\/massdekor.de\\\/fr\\\/produkt\\\/6-produit-%ef%b8%8f-systeme-doccultation-pour-porte-fenetre-et-lucarne-deux-vantaux\\\/\"]}]},{\"@type\":\"ImageObject\",\"inLanguage\":\"fr-FR\",\"@id\":\"https:\\\/\\\/massdekor.de\\\/fr\\\/produkt\\\/6-produit-%ef%b8%8f-systeme-doccultation-pour-porte-fenetre-et-lucarne-deux-vantaux\\\/#primaryimage\",\"url\":\"https:\\\/\\\/massdekor.de\\\/wp-content\\\/uploads\\\/2023\\\/12\\\/produkt-6_ciftli_ust_alt_ipsiz0000-2.jpg\",\"contentUrl\":\"https:\\\/\\\/massdekor.de\\\/wp-content\\\/uploads\\\/2023\\\/12\\\/produkt-6_ciftli_ust_alt_ipsiz0000-2.jpg\",\"width\":2500,\"height\":2500},{\"@type\":\"BreadcrumbList\",\"@id\":\"https:\\\/\\\/massdekor.de\\\/fr\\\/produkt\\\/6-produit-%ef%b8%8f-systeme-doccultation-pour-porte-fenetre-et-lucarne-deux-vantaux\\\/#breadcrumb\",\"itemListElement\":[{\"@type\":\"ListItem\",\"position\":1,\"name\":\"Startseite\",\"item\":\"https:\\\/\\\/massdekor.de\\\/fr\\\/\"},{\"@type\":\"ListItem\",\"position\":2,\"name\":\"Boutique\",\"item\":\"https:\\\/\\\/massdekor.de\\\/fr\\\/boutique\\\/\"},{\"@type\":\"ListItem\",\"position\":3,\"name\":\"6.Produit \u00ae\ufe0f Syst\u00e8me d&#8217;occultation pour porte, fen\u00eatre et lucarne (deux vantaux)\"}]},{\"@type\":\"WebSite\",\"@id\":\"https:\\\/\\\/massdekor.de\\\/fr\\\/#website\",\"url\":\"https:\\\/\\\/massdekor.de\\\/fr\\\/\",\"name\":\"Mass Dekor\",\"description\":\"\",\"potentialAction\":[{\"@type\":\"SearchAction\",\"target\":{\"@type\":\"EntryPoint\",\"urlTemplate\":\"https:\\\/\\\/massdekor.de\\\/fr\\\/?s={search_term_string}\"},\"query-input\":{\"@type\":\"PropertyValueSpecification\",\"valueRequired\":true,\"valueName\":\"search_term_string\"}}],\"inLanguage\":\"fr-FR\"}]}<\/script>\n<!-- \/ Yoast SEO Premium plugin. -->","yoast_head_json":{"title":"6.Produit \u00ae\ufe0f Syst\u00e8me d'occultation pour porte, fen\u00eatre et lucarne (deux vantaux) - Mass Dekor","robots":{"index":"index","follow":"follow","max-snippet":"max-snippet:-1","max-image-preview":"max-image-preview:large","max-video-preview":"max-video-preview:-1"},"canonical":"https:\/\/massdekor.de\/fr\/produkt\/6-produit-%ef%b8%8f-systeme-doccultation-pour-porte-fenetre-et-lucarne-deux-vantaux\/","og_locale":"fr_FR","og_type":"article","og_title":"6.Produit \u00ae\ufe0f Syst\u00e8me d'occultation pour porte, fen\u00eatre et lucarne (deux vantaux)","og_description":"S\u00e9lectionnez d'abord la couleur du cadre. Saisissez ensuite la largeur et la hauteur en millim\u00e8tres.   Avant de passer commande, n'oubliez pas de consulter les pages des instructions de montage pour les fen\u00eatres de toit.  Guide de mesure - pour les fen\u00eatres de toit Voir le PDF Guide de mesure - pour les fen\u00eatres Voir le PDF   Profil\u00e9 en aluminium  Largeur 35 mm  Profondeur de construction 18 mm  La couleur standard du tissu est l'anthracite. (image)  Pour calculer le prix, choisissez d'abord la couleur, puis s\u00e9lectionnez le tissu et enfin entrez la mesure en millim\u00e8tres (mm). Avec MASS DEKOR \u00ae\ufe0f Moustiquaires Simple \u00e0 commander, facile \u00e0 installer, efficace \u00e0 prot\u00e9ger ! Pas de moustiques, pas de soucis","og_url":"https:\/\/massdekor.de\/fr\/produkt\/6-produit-%ef%b8%8f-systeme-doccultation-pour-porte-fenetre-et-lucarne-deux-vantaux\/","og_site_name":"Mass Dekor","article_publisher":"https:\/\/www.facebook.com\/Massdekor.de","article_modified_time":"2025-01-30T00:38:32+00:00","og_image":[{"width":2500,"height":2500,"url":"https:\/\/massdekor.de\/wp-content\/uploads\/2023\/12\/produkt-6_ciftli_ust_alt_ipsiz0000-2.jpg","type":"image\/jpeg"}],"twitter_card":"summary_large_image","twitter_misc":{"Dur\u00e9e de lecture estim\u00e9e":"1 minute"},"schema":{"@context":"https:\/\/schema.org","@graph":[{"@type":"WebPage","@id":"https:\/\/massdekor.de\/fr\/produkt\/6-produit-%ef%b8%8f-systeme-doccultation-pour-porte-fenetre-et-lucarne-deux-vantaux\/","url":"https:\/\/massdekor.de\/fr\/produkt\/6-produit-%ef%b8%8f-systeme-doccultation-pour-porte-fenetre-et-lucarne-deux-vantaux\/","name":"6.Produit \u00ae\ufe0f Syst\u00e8me d'occultation pour porte, fen\u00eatre et lucarne (deux vantaux) - Mass Dekor","isPartOf":{"@id":"https:\/\/massdekor.de\/fr\/#website"},"primaryImageOfPage":{"@id":"https:\/\/massdekor.de\/fr\/produkt\/6-produit-%ef%b8%8f-systeme-doccultation-pour-porte-fenetre-et-lucarne-deux-vantaux\/#primaryimage"},"image":{"@id":"https:\/\/massdekor.de\/fr\/produkt\/6-produit-%ef%b8%8f-systeme-doccultation-pour-porte-fenetre-et-lucarne-deux-vantaux\/#primaryimage"},"thumbnailUrl":"https:\/\/massdekor.de\/wp-content\/uploads\/2023\/12\/produkt-6_ciftli_ust_alt_ipsiz0000-2.jpg","datePublished":"2023-09-04T19:39:41+00:00","dateModified":"2025-01-30T00:38:32+00:00","breadcrumb":{"@id":"https:\/\/massdekor.de\/fr\/produkt\/6-produit-%ef%b8%8f-systeme-doccultation-pour-porte-fenetre-et-lucarne-deux-vantaux\/#breadcrumb"},"inLanguage":"fr-FR","potentialAction":[{"@type":"ReadAction","target":["https:\/\/massdekor.de\/fr\/produkt\/6-produit-%ef%b8%8f-systeme-doccultation-pour-porte-fenetre-et-lucarne-deux-vantaux\/"]}]},{"@type":"ImageObject","inLanguage":"fr-FR","@id":"https:\/\/massdekor.de\/fr\/produkt\/6-produit-%ef%b8%8f-systeme-doccultation-pour-porte-fenetre-et-lucarne-deux-vantaux\/#primaryimage","url":"https:\/\/massdekor.de\/wp-content\/uploads\/2023\/12\/produkt-6_ciftli_ust_alt_ipsiz0000-2.jpg","contentUrl":"https:\/\/massdekor.de\/wp-content\/uploads\/2023\/12\/produkt-6_ciftli_ust_alt_ipsiz0000-2.jpg","width":2500,"height":2500},{"@type":"BreadcrumbList","@id":"https:\/\/massdekor.de\/fr\/produkt\/6-produit-%ef%b8%8f-systeme-doccultation-pour-porte-fenetre-et-lucarne-deux-vantaux\/#breadcrumb","itemListElement":[{"@type":"ListItem","position":1,"name":"Startseite","item":"https:\/\/massdekor.de\/fr\/"},{"@type":"ListItem","position":2,"name":"Boutique","item":"https:\/\/massdekor.de\/fr\/boutique\/"},{"@type":"ListItem","position":3,"name":"6.Produit \u00ae\ufe0f Syst\u00e8me d&#8217;occultation pour porte, fen\u00eatre et lucarne (deux vantaux)"}]},{"@type":"WebSite","@id":"https:\/\/massdekor.de\/fr\/#website","url":"https:\/\/massdekor.de\/fr\/","name":"Mass Dekor","description":"","potentialAction":[{"@type":"SearchAction","target":{"@type":"EntryPoint","urlTemplate":"https:\/\/massdekor.de\/fr\/?s={search_term_string}"},"query-input":{"@type":"PropertyValueSpecification","valueRequired":true,"valueName":"search_term_string"}}],"inLanguage":"fr-FR"}]}},"_links":{"self":[{"href":"https:\/\/massdekor.de\/fr\/wp-json\/wp\/v2\/product\/8638","targetHints":{"allow":["GET"]}}],"collection":[{"href":"https:\/\/massdekor.de\/fr\/wp-json\/wp\/v2\/product"}],"about":[{"href":"https:\/\/massdekor.de\/fr\/wp-json\/wp\/v2\/types\/product"}],"replies":[{"embeddable":true,"href":"https:\/\/massdekor.de\/fr\/wp-json\/wp\/v2\/comments?post=8638"}],"version-history":[{"count":2,"href":"https:\/\/massdekor.de\/fr\/wp-json\/wp\/v2\/product\/8638\/revisions"}],"predecessor-version":[{"id":16211,"href":"https:\/\/massdekor.de\/fr\/wp-json\/wp\/v2\/product\/8638\/revisions\/16211"}],"wp:featuredmedia":[{"embeddable":true,"href":"https:\/\/massdekor.de\/fr\/wp-json\/wp\/v2\/media\/8640"}],"wp:attachment":[{"href":"https:\/\/massdekor.de\/fr\/wp-json\/wp\/v2\/media?parent=8638"}],"wp:term":[{"taxonomy":"product_brand","embeddable":true,"href":"https:\/\/massdekor.de\/fr\/wp-json\/wp\/v2\/product_brand?post=8638"},{"taxonomy":"product_cat","embeddable":true,"href":"https:\/\/massdekor.de\/fr\/wp-json\/wp\/v2\/product_cat?post=8638"},{"taxonomy":"product_tag","embeddable":true,"href":"https:\/\/massdekor.de\/fr\/wp-json\/wp\/v2\/product_tag?post=8638"}],"curies":[{"name":"wp","href":"https:\/\/api.w.org\/{rel}","templated":true}]}}