{"id":8587,"date":"2023-12-28T01:26:44","date_gmt":"2023-12-28T00:26:44","guid":{"rendered":"https:\/\/massdekor.de\/produkt\/12-produit-%ef%b8%8fklicksysteme-grille-fligen-pour-cadre-de-fenetre-verticale\/"},"modified":"2025-04-11T23:01:47","modified_gmt":"2025-04-11T21:01:47","slug":"12-produit-%ef%b8%8fklicksysteme-grille-fligen-pour-cadre-de-fenetre-verticale","status":"publish","type":"product","link":"https:\/\/massdekor.de\/fr\/produkt\/12-produit-%ef%b8%8fklicksysteme-grille-fligen-pour-cadre-de-fenetre-verticale\/","title":{"rendered":"12.Produit \u00ae\ufe0fKlicksysteme Grille Fligen pour cadre de fen\u00eatre &#8211; verticale"},"content":{"rendered":"\t\t<div data-elementor-type=\"product-post\" data-elementor-id=\"8587\" class=\"elementor elementor-8587 elementor-4362\" data-elementor-post-type=\"product\">\n\t\t\t\t\t\t<section class=\"penci-section penci-disSticky penci-structure-10 elementor-section elementor-top-section elementor-element elementor-element-6803a700 elementor-section-boxed elementor-section-height-default elementor-section-height-default\" data-id=\"6803a700\" data-element_type=\"section\" data-e-type=\"section\" id=\"productTwelve\">\n\t\t\t\t\t\t<div class=\"elementor-container elementor-column-gap-default\">\n\t\t\t\t\t<div class=\"penci-ercol-100 penci-ercol-order-1 penci-sticky-ct    elementor-column elementor-col-100 elementor-top-column elementor-element elementor-element-7360b58e\" data-id=\"7360b58e\" data-element_type=\"column\" data-e-type=\"column\">\n\t\t\t<div class=\"elementor-widget-wrap elementor-element-populated\">\n\t\t\t\t\t\t<div class=\"elementor-element elementor-element-6167f495 elementor-widget elementor-widget-text-editor\" data-id=\"6167f495\" data-element_type=\"widget\" data-e-type=\"widget\" id=\"productTwelve\" data-widget_type=\"text-editor.default\">\n\t\t\t\t<div class=\"elementor-widget-container\">\n\t\t\t\t\t\t\t\t\t<div class=\"woocommerce-product-details__short-description\"><div class=\"delivery-text-box\"><p><strong>N\u2019oubliez pas de consulter les pages relatives aux <a href=\"https:\/\/www.youtube.com\/watch?v=q-WB2Zp864E\" target=\"_blank\" rel=\"noopener\">instructions de montage<\/a> avant de passer commande <a class=\"sg-popup-id-5116\" data-popup-id=\"5116\">.<\/a><\/strong><\/p><p><a class=\"sg-popup-id-8831\" data-popup-id=\"8831\">Guide de mesure <strong><u>Image<\/u><\/strong><\/a><\/p><ul><li>Filet normal : \u00a0<strong><a class=\"sg-popup-id-5670\" data-popup-id=\"5670\">(image)<\/a><\/strong><\/li><li>Filet de protection pour souris et chats :\u00a0<strong><a class=\"sg-popup-id-5666\" data-popup-id=\"5666\">(image)<\/a><\/strong><\/li><li><span style=\"color: #ed9e00;\"><span style=\"caret-color: #ed9e00;\"><b><a class=\"sg-popup-id-5445\" style=\"outline-color: currentcolor; outline-style: none; transition-timing-function: ease; transition-delay: 0s; font-weight: 400;\" data-popup-id=\"5445\"><strong style=\"outline-color: currentcolor; outline-style: none;\">Il faut qu\u2019il n\u2019y ait pas de\u00a0<u style=\"outline-color: currentcolor; outline-style: none;\">branche m\u00e9t\u00e9orologique<\/u>!<\/strong><\/a><br \/><\/b><\/span><\/span><hr \/><\/li><\/ul><\/div><ul><li><ul><li>Profil\u00e9 en aluminium: Largeur <strong>35 mm \u2013 <\/strong>Profondeur de construction <strong>18 mm \u2013 <\/strong>Saillie du bord <strong>11 mm<\/strong><\/li><li>Filet : en fibre de verre<\/li><li>Tirer de haut en bas verticalement<\/li><li>Ne convient pas aux portes \u00e0 deux battants ( <strong>un seul c\u00f4t\u00e9<\/strong>)<\/li><li>Ne convient pas pour les portes de seuil<\/li><li>Ne convient pas pour les coupe-froid des portes et des fen\u00eatres<\/li><li>S\u2019il y a une poign\u00e9e de porte, elle doit \u00eatre retir\u00e9e.<\/li><li>Les dimensions lumineuses sont mesur\u00e9es (installation facile en mesurant le joint en caoutchouc sur le joint en caoutchouc)<\/li><li>Peut \u00eatre install\u00e9 de l\u2019int\u00e9rieur ou de l\u2019ext\u00e9rieur.<\/li><li>Les produits sont fabriqu\u00e9s selon les dimensions que vous avez indiqu\u00e9es.<\/li><li>N\u2019oubliez pas de calculer la distance entre les rails de guidage des volets roulants. Il faut tenir compte de la partie marginale du profil\u00e9 du syst\u00e8me clic de 11 millim\u00e8tres (11mm).<br \/>Yukar\u0131dakini t\u00fcrk\u00e7eye \u00e7evir<\/li><li>Il est recommand\u00e9 de d\u00e9duire 2 mm de la largeur et 2 mm de la hauteur.<\/li><\/ul><\/li><\/ul><p><strong>La poign\u00e9e de porte coll\u00e9e \u00e0 l\u2019ext\u00e9rieur est retir\u00e9e !<\/strong><\/p><p><strong>Remarque Assemblage :<\/strong> tapez sur les coins en plastique \u00e0 l\u2019aide d\u2019un marteau (pour ne pas vous blesser, car il s\u2019agit de m\u00e9tal) et il ne doit pas y avoir un millim\u00e8tre d\u2019espace entre le plastique et le profil\u00e9 en aluminium.<\/p><p><strong>Avec MASS DEKOR \u00ae\ufe0f Moustiquaires<\/strong><br \/><strong>Simple \u00e0 commander, facile \u00e0 installer, efficace \u00e0 prot\u00e9ger !<\/strong><br \/><strong>Pas de moustiques, pas de soucis<\/strong><\/p><\/div><div class=\"penci-extra-buttons\">\u00a0<\/div><div class=\"product_meta\">\u00a0<\/div>\t\t\t\t\t\t\t\t<\/div>\n\t\t\t\t<\/div>\n\t\t\t\t\t<\/div>\n\t\t<\/div>\n\t\t\t\t\t<\/div>\n\t\t<\/section>\n\t\t\t\t<\/div>\n\t\t","protected":false},"excerpt":{"rendered":"<div class=\"delivery-text-box\">\n<hr \/>\n<p><strong>N&rsquo;oubliez pas de consulter les pages relatives aux <span style=\"color: #ff9900;\"><a style=\"color: #ff9900;\" href=\"https:\/\/www.youtube.com\/watch?v=q-WB2Zp864E\" target=\"_blank\" rel=\"noopener\">instructions de montage (Video)<\/a><\/span> \u21b5 avant de passer commande.<br \/>\nInformations importantes \u2013 <a href=\"https:\/\/youtu.be\/BcU2I9HJ6F0?si=BXtqCoFLmeAmciIm\" target=\"_blank\" rel=\"noopener\"><span style=\"color: #ff9900;\">Produit 12 (VID\u00c9O) <span style=\"color: #000000;\">\u21b5<\/span><\/span><\/a><br \/>\n<\/strong><a class=\"sg-popup-id-8831\" style=\"color: #ff9900;\">Guide de mesure <strong><u>Image <span style=\"color: #000000;\">\u21b5<\/span><\/u><\/strong><\/a><strong><a class=\"sg-popup-id-5116\"><br \/>\n<\/a><\/strong><\/p>\n<ul>\n<li>Filet normal : \u00a0<span style=\"color: #ff0000;\"><strong><a class=\"sg-popup-id-5670\" style=\"color: #ff0000;\"><span style=\"color: #000000;\"><span style=\"color: #ff9900;\">(image) <\/span>\u21b5<\/span><\/a><\/strong><\/span><\/li>\n<li>Filet de protection pour souris et chats :\u00a0<span style=\"color: #ff0000;\"><span style=\"color: #ff0000;\"><strong><a class=\"sg-popup-id-5666\" style=\"color: #ff0000;\"><span style=\"color: #ff9900;\">(image)<\/span> <span style=\"color: #000000;\">\u21b5<\/span><\/a><\/strong><\/span><\/span><br \/>\n<hr \/>\n<\/li>\n<\/ul>\n<\/div>\n<ul>\n<li style=\"list-style-type: none;\">\n<ul>\n<li>Profil\u00e9 en aluminium: Largeur <strong>35 mm &#8211; <\/strong>Profondeur de construction <strong>18 mm &#8211; <\/strong>Saillie du bord <strong>11 mm<\/strong><\/li>\n<li>Filet : en fibre de verre<\/li>\n<li>Tirer de haut en bas verticalement<\/li>\n<li>Ne convient pas aux portes \u00e0 deux battants <span style=\"color: #ff9900;\"><a style=\"color: #ff9900;\" href=\"https:\/\/www.youtube.com\/shorts\/keWI3X_fM-0\" target=\"_blank\" rel=\"noopener\">( <strong>un seul c\u00f4t\u00e9<\/strong>) <span style=\"color: #000000;\">\u21b5<\/span><\/a><\/span><\/li>\n<li>Ne convient pas pour les portes de seuil<\/li>\n<li>Ne convient pas pour les coupe-froid des portes et des fen\u00eatres<\/li>\n<li>S&rsquo;il y a une poign\u00e9e de porte, elle doit \u00eatre retir\u00e9e.<\/li>\n<li>Les dimensions lumineuses sont mesur\u00e9es (installation facile en mesurant le joint en caoutchouc sur le joint en caoutchouc)<\/li>\n<li>Peut \u00eatre install\u00e9 de l&rsquo;int\u00e9rieur ou de l&rsquo;ext\u00e9rieur.<\/li>\n<li>Les produits sont fabriqu\u00e9s selon les dimensions que vous avez indiqu\u00e9es.<\/li>\n<li>N&rsquo;oubliez pas de calculer la distance entre les rails de guidage des volets roulants. Il faut tenir compte de la partie marginale du profil\u00e9 du syst\u00e8me clic de 11 millim\u00e8tres (11mm).<\/li>\n<li>Il est recommand\u00e9 de d\u00e9duire 2 mm de la largeur et 2 mm de la hauteur.<\/li>\n<\/ul>\n<\/li>\n<\/ul>\n<p><strong>La poign\u00e9e de porte coll\u00e9e \u00e0 l&rsquo;ext\u00e9rieur est retir\u00e9e !<\/strong><\/p>\n<p><strong>Remarque Assemblage :<\/strong> tapez sur les coins en plastique \u00e0 l&rsquo;aide d&rsquo;un marteau (pour ne pas vous blesser, car il s&rsquo;agit de m\u00e9tal) et il ne doit pas y avoir un millim\u00e8tre d&rsquo;espace entre le plastique et le profil\u00e9 en aluminium.<\/p>\n<p><span style=\"color: #ff9900;\"><a class=\"sg-popup-id-5445\" style=\"color: #ff9900;\"><strong>Il faut qu&rsquo;il n&rsquo;y ait pas de <u>branche m\u00e9t\u00e9orologique<\/u>!<\/strong><\/a><\/span><\/p>\n<p style=\"text-align: right;\"><!--more--><strong>Avec MASS DEKOR \u00ae\ufe0f Moustiquaires<\/strong><br \/>\n<strong>Simple \u00e0 commander, facile \u00e0 installer, efficace \u00e0 prot\u00e9ger !<\/strong><br \/>\n<strong>Pas de moustiques, pas de soucis<\/strong><\/p>\n","protected":false},"featured_media":13613,"comment_status":"closed","ping_status":"closed","template":"","meta":[],"product_brand":[],"product_cat":[395,393,400],"product_tag":[],"class_list":{"0":"post-8587","1":"product","2":"type-product","3":"status-publish","4":"has-post-thumbnail","6":"product_cat-encadrements-de-portes-et-de-fenetres","7":"product_cat-moustiquaire","8":"product_cat-systeme-a-clic","9":"product_shipping_class-versand-fr","10":"pa_my-colors-acajou","11":"pa_my-colors-ral-7016-anthracite-fr","12":"pa_my-colors-ral-7039-gris-quartz","13":"pa_my-colors-ral-8016-marron-fonce","14":"pa_my-colors-ral-9005-noir","15":"pa_my-colors-ral-9006-fr","16":"pa_my-colors-ral-9016-blanc","18":"first","19":"instock","20":"sale","21":"taxable","22":"shipping-taxable","23":"purchasable","24":"product-type-variable","25":"has-default-attributes"},"gallery_images":[6397],"yoast_head":"<!-- This site is optimized with the Yoast SEO Premium plugin v24.6 (Yoast SEO v27.3) - https:\/\/yoast.com\/product\/yoast-seo-premium-wordpress\/ -->\n<title>12.Produit \u00ae\ufe0fKlicksysteme Grille Fligen pour cadre de fen\u00eatre - verticale - Mass Dekor<\/title>\n<meta name=\"robots\" content=\"index, follow, max-snippet:-1, max-image-preview:large, max-video-preview:-1\" \/>\n<link rel=\"canonical\" href=\"https:\/\/massdekor.de\/fr\/produkt\/12-produit-%ef%b8%8fklicksysteme-grille-fligen-pour-cadre-de-fenetre-verticale\/\" \/>\n<meta property=\"og:locale\" content=\"fr_FR\" \/>\n<meta property=\"og:type\" content=\"article\" \/>\n<meta property=\"og:title\" content=\"12.Produit \u00ae\ufe0fKlicksysteme Grille Fligen pour cadre de fen\u00eatre - verticale\" \/>\n<meta property=\"og:description\" content=\"N&#039;oubliez pas de consulter les pages relatives aux instructions de montage (Video) \u21b5 avant de passer commande. Informations importantes \u2013 Produit 12 (VID\u00c9O) \u21b5 Guide de mesure Image \u21b5    Filet normal : \u00a0(image) \u21b5  Filet de protection pour souris et chats :\u00a0(image) \u21b5            Profil\u00e9 en aluminium: Largeur 35 mm - Profondeur de construction 18 mm - Saillie du bord 11 mm  Filet : en fibre de verre  Tirer de haut en bas verticalement  Ne convient pas aux portes \u00e0 deux battants ( un seul c\u00f4t\u00e9) \u21b5  Ne convient pas pour les portes de seuil  Ne convient pas pour les coupe-froid des portes et des fen\u00eatres  S&#039;il y a une poign\u00e9e de porte, elle doit \u00eatre retir\u00e9e.  Les dimensions lumineuses sont mesur\u00e9es (installation facile en mesurant le joint en caoutchouc sur le joint en caoutchouc)  Peut \u00eatre install\u00e9 de l&#039;int\u00e9rieur ou de l&#039;ext\u00e9rieur.  Les produits sont fabriqu\u00e9s selon les dimensions que vous avez indiqu\u00e9es.  N&#039;oubliez pas de calculer la distance entre les rails de guidage des volets roulants. Il faut tenir compte de la partie marginale du profil\u00e9 du syst\u00e8me clic de 11 millim\u00e8tres (11mm).  Il est recommand\u00e9 de d\u00e9duire 2 mm de la largeur et 2 mm de la hauteur.    La poign\u00e9e de porte coll\u00e9e \u00e0 l&#039;ext\u00e9rieur est retir\u00e9e !  Remarque Assemblage : tapez sur les coins en plastique \u00e0 l&#039;aide d&#039;un marteau (pour ne pas vous blesser, car il s&#039;agit de m\u00e9tal) et il ne doit pas y avoir un millim\u00e8tre d&#039;espace entre le plastique et le profil\u00e9 en aluminium.  Il faut qu&#039;il n&#039;y ait pas de branche m\u00e9t\u00e9orologique! Avec MASS DEKOR \u00ae\ufe0f Moustiquaires Simple \u00e0 commander, facile \u00e0 installer, efficace \u00e0 prot\u00e9ger ! Pas de moustiques, pas de soucis\" \/>\n<meta property=\"og:url\" content=\"https:\/\/massdekor.de\/fr\/produkt\/12-produit-%ef%b8%8fklicksysteme-grille-fligen-pour-cadre-de-fenetre-verticale\/\" \/>\n<meta property=\"og:site_name\" content=\"Mass Dekor\" \/>\n<meta property=\"article:publisher\" content=\"https:\/\/www.facebook.com\/Massdekor.de\" \/>\n<meta property=\"article:modified_time\" content=\"2025-04-11T21:01:47+00:00\" \/>\n<meta property=\"og:image\" content=\"https:\/\/massdekor.de\/wp-content\/uploads\/2024\/10\/9016_0001-6.jpg\" \/>\n\t<meta property=\"og:image:width\" content=\"1250\" \/>\n\t<meta property=\"og:image:height\" content=\"1250\" \/>\n\t<meta property=\"og:image:type\" content=\"image\/jpeg\" \/>\n<meta name=\"twitter:card\" content=\"summary_large_image\" \/>\n<meta name=\"twitter:label1\" content=\"Dur\u00e9e de lecture estim\u00e9e\" \/>\n\t<meta name=\"twitter:data1\" content=\"2 minutes\" \/>\n<script type=\"application\/ld+json\" class=\"yoast-schema-graph\">{\"@context\":\"https:\\\/\\\/schema.org\",\"@graph\":[{\"@type\":\"WebPage\",\"@id\":\"https:\\\/\\\/massdekor.de\\\/fr\\\/produkt\\\/12-produit-%ef%b8%8fklicksysteme-grille-fligen-pour-cadre-de-fenetre-verticale\\\/\",\"url\":\"https:\\\/\\\/massdekor.de\\\/fr\\\/produkt\\\/12-produit-%ef%b8%8fklicksysteme-grille-fligen-pour-cadre-de-fenetre-verticale\\\/\",\"name\":\"12.Produit \u00ae\ufe0fKlicksysteme Grille Fligen pour cadre de fen\u00eatre - verticale - Mass Dekor\",\"isPartOf\":{\"@id\":\"https:\\\/\\\/massdekor.de\\\/fr\\\/#website\"},\"primaryImageOfPage\":{\"@id\":\"https:\\\/\\\/massdekor.de\\\/fr\\\/produkt\\\/12-produit-%ef%b8%8fklicksysteme-grille-fligen-pour-cadre-de-fenetre-verticale\\\/#primaryimage\"},\"image\":{\"@id\":\"https:\\\/\\\/massdekor.de\\\/fr\\\/produkt\\\/12-produit-%ef%b8%8fklicksysteme-grille-fligen-pour-cadre-de-fenetre-verticale\\\/#primaryimage\"},\"thumbnailUrl\":\"https:\\\/\\\/massdekor.de\\\/wp-content\\\/uploads\\\/2024\\\/10\\\/9016_0001-6.jpg\",\"datePublished\":\"2023-12-28T00:26:44+00:00\",\"dateModified\":\"2025-04-11T21:01:47+00:00\",\"breadcrumb\":{\"@id\":\"https:\\\/\\\/massdekor.de\\\/fr\\\/produkt\\\/12-produit-%ef%b8%8fklicksysteme-grille-fligen-pour-cadre-de-fenetre-verticale\\\/#breadcrumb\"},\"inLanguage\":\"fr-FR\",\"potentialAction\":[{\"@type\":\"ReadAction\",\"target\":[\"https:\\\/\\\/massdekor.de\\\/fr\\\/produkt\\\/12-produit-%ef%b8%8fklicksysteme-grille-fligen-pour-cadre-de-fenetre-verticale\\\/\"]}]},{\"@type\":\"ImageObject\",\"inLanguage\":\"fr-FR\",\"@id\":\"https:\\\/\\\/massdekor.de\\\/fr\\\/produkt\\\/12-produit-%ef%b8%8fklicksysteme-grille-fligen-pour-cadre-de-fenetre-verticale\\\/#primaryimage\",\"url\":\"https:\\\/\\\/massdekor.de\\\/wp-content\\\/uploads\\\/2024\\\/10\\\/9016_0001-6.jpg\",\"contentUrl\":\"https:\\\/\\\/massdekor.de\\\/wp-content\\\/uploads\\\/2024\\\/10\\\/9016_0001-6.jpg\",\"width\":1250,\"height\":1250},{\"@type\":\"BreadcrumbList\",\"@id\":\"https:\\\/\\\/massdekor.de\\\/fr\\\/produkt\\\/12-produit-%ef%b8%8fklicksysteme-grille-fligen-pour-cadre-de-fenetre-verticale\\\/#breadcrumb\",\"itemListElement\":[{\"@type\":\"ListItem\",\"position\":1,\"name\":\"Startseite\",\"item\":\"https:\\\/\\\/massdekor.de\\\/fr\\\/\"},{\"@type\":\"ListItem\",\"position\":2,\"name\":\"Boutique\",\"item\":\"https:\\\/\\\/massdekor.de\\\/fr\\\/boutique\\\/\"},{\"@type\":\"ListItem\",\"position\":3,\"name\":\"12.Produit \u00ae\ufe0fKlicksysteme Grille Fligen pour cadre de fen\u00eatre &#8211; verticale\"}]},{\"@type\":\"WebSite\",\"@id\":\"https:\\\/\\\/massdekor.de\\\/fr\\\/#website\",\"url\":\"https:\\\/\\\/massdekor.de\\\/fr\\\/\",\"name\":\"Mass Dekor\",\"description\":\"\",\"potentialAction\":[{\"@type\":\"SearchAction\",\"target\":{\"@type\":\"EntryPoint\",\"urlTemplate\":\"https:\\\/\\\/massdekor.de\\\/fr\\\/?s={search_term_string}\"},\"query-input\":{\"@type\":\"PropertyValueSpecification\",\"valueRequired\":true,\"valueName\":\"search_term_string\"}}],\"inLanguage\":\"fr-FR\"}]}<\/script>\n<!-- \/ Yoast SEO Premium plugin. -->","yoast_head_json":{"title":"12.Produit \u00ae\ufe0fKlicksysteme Grille Fligen pour cadre de fen\u00eatre - verticale - Mass Dekor","robots":{"index":"index","follow":"follow","max-snippet":"max-snippet:-1","max-image-preview":"max-image-preview:large","max-video-preview":"max-video-preview:-1"},"canonical":"https:\/\/massdekor.de\/fr\/produkt\/12-produit-%ef%b8%8fklicksysteme-grille-fligen-pour-cadre-de-fenetre-verticale\/","og_locale":"fr_FR","og_type":"article","og_title":"12.Produit \u00ae\ufe0fKlicksysteme Grille Fligen pour cadre de fen\u00eatre - verticale","og_description":"N'oubliez pas de consulter les pages relatives aux instructions de montage (Video) \u21b5 avant de passer commande. Informations importantes \u2013 Produit 12 (VID\u00c9O) \u21b5 Guide de mesure Image \u21b5    Filet normal : \u00a0(image) \u21b5  Filet de protection pour souris et chats :\u00a0(image) \u21b5            Profil\u00e9 en aluminium: Largeur 35 mm - Profondeur de construction 18 mm - Saillie du bord 11 mm  Filet : en fibre de verre  Tirer de haut en bas verticalement  Ne convient pas aux portes \u00e0 deux battants ( un seul c\u00f4t\u00e9) \u21b5  Ne convient pas pour les portes de seuil  Ne convient pas pour les coupe-froid des portes et des fen\u00eatres  S'il y a une poign\u00e9e de porte, elle doit \u00eatre retir\u00e9e.  Les dimensions lumineuses sont mesur\u00e9es (installation facile en mesurant le joint en caoutchouc sur le joint en caoutchouc)  Peut \u00eatre install\u00e9 de l'int\u00e9rieur ou de l'ext\u00e9rieur.  Les produits sont fabriqu\u00e9s selon les dimensions que vous avez indiqu\u00e9es.  N'oubliez pas de calculer la distance entre les rails de guidage des volets roulants. Il faut tenir compte de la partie marginale du profil\u00e9 du syst\u00e8me clic de 11 millim\u00e8tres (11mm).  Il est recommand\u00e9 de d\u00e9duire 2 mm de la largeur et 2 mm de la hauteur.    La poign\u00e9e de porte coll\u00e9e \u00e0 l'ext\u00e9rieur est retir\u00e9e !  Remarque Assemblage : tapez sur les coins en plastique \u00e0 l'aide d'un marteau (pour ne pas vous blesser, car il s'agit de m\u00e9tal) et il ne doit pas y avoir un millim\u00e8tre d'espace entre le plastique et le profil\u00e9 en aluminium.  Il faut qu'il n'y ait pas de branche m\u00e9t\u00e9orologique! Avec MASS DEKOR \u00ae\ufe0f Moustiquaires Simple \u00e0 commander, facile \u00e0 installer, efficace \u00e0 prot\u00e9ger ! Pas de moustiques, pas de soucis","og_url":"https:\/\/massdekor.de\/fr\/produkt\/12-produit-%ef%b8%8fklicksysteme-grille-fligen-pour-cadre-de-fenetre-verticale\/","og_site_name":"Mass Dekor","article_publisher":"https:\/\/www.facebook.com\/Massdekor.de","article_modified_time":"2025-04-11T21:01:47+00:00","og_image":[{"width":1250,"height":1250,"url":"https:\/\/massdekor.de\/wp-content\/uploads\/2024\/10\/9016_0001-6.jpg","type":"image\/jpeg"}],"twitter_card":"summary_large_image","twitter_misc":{"Dur\u00e9e de lecture estim\u00e9e":"2 minutes"},"schema":{"@context":"https:\/\/schema.org","@graph":[{"@type":"WebPage","@id":"https:\/\/massdekor.de\/fr\/produkt\/12-produit-%ef%b8%8fklicksysteme-grille-fligen-pour-cadre-de-fenetre-verticale\/","url":"https:\/\/massdekor.de\/fr\/produkt\/12-produit-%ef%b8%8fklicksysteme-grille-fligen-pour-cadre-de-fenetre-verticale\/","name":"12.Produit \u00ae\ufe0fKlicksysteme Grille Fligen pour cadre de fen\u00eatre - verticale - Mass Dekor","isPartOf":{"@id":"https:\/\/massdekor.de\/fr\/#website"},"primaryImageOfPage":{"@id":"https:\/\/massdekor.de\/fr\/produkt\/12-produit-%ef%b8%8fklicksysteme-grille-fligen-pour-cadre-de-fenetre-verticale\/#primaryimage"},"image":{"@id":"https:\/\/massdekor.de\/fr\/produkt\/12-produit-%ef%b8%8fklicksysteme-grille-fligen-pour-cadre-de-fenetre-verticale\/#primaryimage"},"thumbnailUrl":"https:\/\/massdekor.de\/wp-content\/uploads\/2024\/10\/9016_0001-6.jpg","datePublished":"2023-12-28T00:26:44+00:00","dateModified":"2025-04-11T21:01:47+00:00","breadcrumb":{"@id":"https:\/\/massdekor.de\/fr\/produkt\/12-produit-%ef%b8%8fklicksysteme-grille-fligen-pour-cadre-de-fenetre-verticale\/#breadcrumb"},"inLanguage":"fr-FR","potentialAction":[{"@type":"ReadAction","target":["https:\/\/massdekor.de\/fr\/produkt\/12-produit-%ef%b8%8fklicksysteme-grille-fligen-pour-cadre-de-fenetre-verticale\/"]}]},{"@type":"ImageObject","inLanguage":"fr-FR","@id":"https:\/\/massdekor.de\/fr\/produkt\/12-produit-%ef%b8%8fklicksysteme-grille-fligen-pour-cadre-de-fenetre-verticale\/#primaryimage","url":"https:\/\/massdekor.de\/wp-content\/uploads\/2024\/10\/9016_0001-6.jpg","contentUrl":"https:\/\/massdekor.de\/wp-content\/uploads\/2024\/10\/9016_0001-6.jpg","width":1250,"height":1250},{"@type":"BreadcrumbList","@id":"https:\/\/massdekor.de\/fr\/produkt\/12-produit-%ef%b8%8fklicksysteme-grille-fligen-pour-cadre-de-fenetre-verticale\/#breadcrumb","itemListElement":[{"@type":"ListItem","position":1,"name":"Startseite","item":"https:\/\/massdekor.de\/fr\/"},{"@type":"ListItem","position":2,"name":"Boutique","item":"https:\/\/massdekor.de\/fr\/boutique\/"},{"@type":"ListItem","position":3,"name":"12.Produit \u00ae\ufe0fKlicksysteme Grille Fligen pour cadre de fen\u00eatre &#8211; verticale"}]},{"@type":"WebSite","@id":"https:\/\/massdekor.de\/fr\/#website","url":"https:\/\/massdekor.de\/fr\/","name":"Mass Dekor","description":"","potentialAction":[{"@type":"SearchAction","target":{"@type":"EntryPoint","urlTemplate":"https:\/\/massdekor.de\/fr\/?s={search_term_string}"},"query-input":{"@type":"PropertyValueSpecification","valueRequired":true,"valueName":"search_term_string"}}],"inLanguage":"fr-FR"}]}},"_links":{"self":[{"href":"https:\/\/massdekor.de\/fr\/wp-json\/wp\/v2\/product\/8587","targetHints":{"allow":["GET"]}}],"collection":[{"href":"https:\/\/massdekor.de\/fr\/wp-json\/wp\/v2\/product"}],"about":[{"href":"https:\/\/massdekor.de\/fr\/wp-json\/wp\/v2\/types\/product"}],"replies":[{"embeddable":true,"href":"https:\/\/massdekor.de\/fr\/wp-json\/wp\/v2\/comments?post=8587"}],"version-history":[{"count":10,"href":"https:\/\/massdekor.de\/fr\/wp-json\/wp\/v2\/product\/8587\/revisions"}],"predecessor-version":[{"id":18229,"href":"https:\/\/massdekor.de\/fr\/wp-json\/wp\/v2\/product\/8587\/revisions\/18229"}],"wp:featuredmedia":[{"embeddable":true,"href":"https:\/\/massdekor.de\/fr\/wp-json\/wp\/v2\/media\/13613"}],"wp:attachment":[{"href":"https:\/\/massdekor.de\/fr\/wp-json\/wp\/v2\/media?parent=8587"}],"wp:term":[{"taxonomy":"product_brand","embeddable":true,"href":"https:\/\/massdekor.de\/fr\/wp-json\/wp\/v2\/product_brand?post=8587"},{"taxonomy":"product_cat","embeddable":true,"href":"https:\/\/massdekor.de\/fr\/wp-json\/wp\/v2\/product_cat?post=8587"},{"taxonomy":"product_tag","embeddable":true,"href":"https:\/\/massdekor.de\/fr\/wp-json\/wp\/v2\/product_tag?post=8587"}],"curies":[{"name":"wp","href":"https:\/\/api.w.org\/{rel}","templated":true}]}}