{"id":24965,"date":"2025-05-15T02:12:11","date_gmt":"2025-05-15T00:12:11","guid":{"rendered":"https:\/\/massdekor.de\/produkt\/store-en-bois-sur-mesure-lames-de-50-mm-pour-fenetres-et-portes-installation-facile\/"},"modified":"2025-05-19T23:41:55","modified_gmt":"2025-05-19T21:41:55","slug":"store-en-bois-sur-mesure-lames-de-50-mm-pour-fenetres-et-portes-installation-facile","status":"publish","type":"product","link":"https:\/\/massdekor.de\/fr\/produkt\/store-en-bois-sur-mesure-lames-de-50-mm-pour-fenetres-et-portes-installation-facile\/","title":{"rendered":"Store en bois sur mesure \u2013 Lames de 50 mm, pour fen\u00eatres et portes, installation facile"},"content":{"rendered":"\t\t<div data-elementor-type=\"product-post\" data-elementor-id=\"24965\" class=\"elementor elementor-24965 elementor-17206\" data-elementor-post-type=\"product\">\n\t\t\t\t\t\t<section class=\"penci-section penci-disSticky penci-structure-10 elementor-section elementor-top-section elementor-element elementor-element-3dd3a512 elementor-section-boxed elementor-section-height-default elementor-section-height-default\" data-id=\"3dd3a512\" data-element_type=\"section\" data-e-type=\"section\">\n\t\t\t\t\t\t<div class=\"elementor-container elementor-column-gap-default\">\n\t\t\t\t\t<div class=\"penci-ercol-100 penci-ercol-order-1 penci-sticky-ct    elementor-column elementor-col-100 elementor-top-column elementor-element elementor-element-34c72f5f\" data-id=\"34c72f5f\" data-element_type=\"column\" data-e-type=\"column\">\n\t\t\t<div class=\"elementor-widget-wrap elementor-element-populated\">\n\t\t\t\t\t\t<div class=\"elementor-element elementor-element-768af3fc elementor-widget elementor-widget-text-editor\" data-id=\"768af3fc\" data-element_type=\"widget\" data-e-type=\"widget\" data-widget_type=\"text-editor.default\">\n\t\t\t\t<div class=\"elementor-widget-container\">\n\t\t\t\t\t\t\t\t\t<h3 data-start=\"446\" data-end=\"486\"><br>\ud83d\udee0\ufe0f <strong data-start=\"454\" data-end=\"484\">Pas besoin de faire appel \u00e0 un artisan !<\/strong><\/h3><p data-start=\"487\" data-end=\"725\">Commandez tout simplement les dimensions que vous souhaitez &#8211; votre store sera fabriqu\u00e9 individuellement pour vous.<br data-start=\"587\" data-end=\"590\">Gr\u00e2ce \u00e0 son syst\u00e8me de montage simple, vous pouvez l&rsquo;installer vous-m\u00eame en <strong data-start=\"635\" data-end=\"653\">10 minutes seulement<\/strong> &#8211; <strong data-start=\"685\" data-end=\"725\">la qualit\u00e9 Mass Dekor\u00ae qui convainc !<\/strong><\/p><p data-start=\"487\" data-end=\"725\"><strong data-start=\"685\" data-end=\"725\"><span style=\"color: #ff9900;\"><a style=\"color: #ff9900;\" href=\"https:\/\/youtu.be\/YwVlY4nO-Yw?si=OLHNQdsi7Zb_MQe7\" target=\"_blank\" rel=\"noopener\">Vid\u00e9o d&rsquo;instructions de dimensions et de montage <\/a><\/span>\u21b5<\/strong><\/p><hr data-start=\"727\" data-end=\"730\"><h3 data-start=\"732\" data-end=\"756\"><strong data-start=\"738\" data-end=\"756\">  Principales caract\u00e9ristiques :<\/strong><\/h3><ul data-start=\"758\" data-end=\"977\"><li data-start=\"758\" data-end=\"803\">Lamelles de 50 mm de large en bois 100 % naturel<\/li><li data-start=\"804\" data-end=\"870\">Convient aux int\u00e9rieurs modernes, classiques et minimalistes<\/li><li data-start=\"871\" data-end=\"908\">Protection efficace contre la lumi\u00e8re et les regards indiscrets<\/li><li data-start=\"909\" data-end=\"952\">Montage facile et utilisation durable<\/li><li data-start=\"953\" data-end=\"977\">Possibilit\u00e9 de fabrication sur mesure<br><br>Attention : les lamelles de bois ne sont pas r\u00e9sistantes \u00e0 l&rsquo;eau &#8211; veuillez les prot\u00e9ger du contact direct avec l&rsquo;eau !<\/li><\/ul><hr data-start=\"979\" data-end=\"982\"><p class=\"\" data-start=\"45\" data-end=\"72\">\u2699\ufe0f <strong data-start=\"48\" data-end=\"72\">Variantes de commande :<\/strong><\/p><p class=\"\" data-start=\"74\" data-end=\"170\"><strong data-start=\"74\" data-end=\"118\">Syst\u00e8me manuel avec ruban conducteur (cordon)<\/strong><br data-start=\"118\" data-end=\"121\">Classique et fonctionnel ; utilisation avec cordon de tirage<\/p><p class=\"\" data-start=\"172\" data-end=\"275\"><strong data-start=\"172\" data-end=\"212\">Syst\u00e8me manuel avec bande d&rsquo;\u00e9chelle en tissu<\/strong><br data-start=\"212\" data-end=\"215\">Design d\u00e9coratif avec bande large pour un look \u00e9l\u00e9gant<\/p><p class=\"\" data-start=\"277\" data-end=\"377\"><strong data-start=\"277\" data-end=\"326\">Syst\u00e8me manuel avec palan \u00e0 cha\u00eene (\u00e9chelle \u00e0 cordon)<\/strong><br data-start=\"326\" data-end=\"329\">Commande pr\u00e9cise avec cha\u00eene lat\u00e9rale en plastique<\/p><p class=\"\" data-start=\"379\" data-end=\"497\"><strong data-start=\"379\" data-end=\"431\">Syst\u00e8me manuel avec palan \u00e0 cha\u00eene (bande d&rsquo;\u00e9chelle en tissu)<\/strong><br data-start=\"431\" data-end=\"434\">Utilisation confortable avec bande de tissu d\u00e9corative et cha\u00eene lat\u00e9rale<\/p><hr data-start=\"1509\" data-end=\"1512\"><h3 data-start=\"1514\" data-end=\"1541\">\ud83c\udfe0 <strong data-start=\"1521\" data-end=\"1541\">Domaines d&rsquo;application :<\/strong><\/h3><ul data-start=\"1543\" data-end=\"1694\"><li data-start=\"1543\" data-end=\"1589\">Pi\u00e8ces \u00e0 vivre : salon, chambre, cuisine<\/li><li data-start=\"1590\" data-end=\"1616\">Bureaux et espaces de travail<\/li><li data-start=\"1617\" data-end=\"1652\">Caf\u00e9s, restaurants, chambres d&rsquo;h\u00f4tel<\/li><li data-start=\"1653\" data-end=\"1694\">Salles d&rsquo;exposition et projets de design d&rsquo;int\u00e9rieur<\/li><\/ul><hr data-start=\"1696\" data-end=\"1699\"><p data-start=\"1701\" data-end=\"1855\"><strong data-start=\"1701\" data-end=\"1763\">Avec la qualit\u00e9 de Mass Dekor\u00ae, il est facile de le monter soi-m\u00eame !<\/strong><br data-start=\"1763\" data-end=\"1766\">Prenez vos mesures, choisissez le mod\u00e8le souhait\u00e9, commandez &#8211; et installez en quelques \u00e9tapes seulement.<br><br><br><br><\/p>\t\t\t\t\t\t\t\t<\/div>\n\t\t\t\t<\/div>\n\t\t\t\t\t<\/div>\n\t\t<\/div>\n\t\t\t\t\t<\/div>\n\t\t<\/section>\n\t\t\t\t<\/div>\n\t\t","protected":false},"excerpt":{"rendered":"<h3 data-start=\"446\" data-end=\"486\"><strong data-start=\"454\" data-end=\"484\">Pas besoin d\u2019un artisan !<\/strong><\/h3>\n<p data-start=\"487\" data-end=\"725\">Commandez facilement vos dimensions personnalis\u00e9es \u2013 votre store sera fabriqu\u00e9 sur mesure, rien que pour vous.<br \/>\nGr\u00e2ce \u00e0 son syst\u00e8me de montage simple, vous pouvez l\u2019installer vous-m\u00eame en<br \/>\n<strong data-start=\"635\" data-end=\"653\">seulement 10 minutes<\/strong> \u2013<br \/>\n<strong data-start=\"685\" data-end=\"725\">avec la qualit\u00e9 \u00e9prouv\u00e9e de Mass Dekor\u00ae !<span style=\"color: #ff9900;\"><a style=\"color: #ff9900;\" href=\"https:\/\/youtu.be\/YwVlY4nO-Yw?si=OLHNQdsi7Zb_MQe7\" target=\"_blank\" rel=\"noopener\"><br \/>\nRegardez notre guide de mesure et d\u2019installation<\/a><\/span><br data-start=\"587\" data-end=\"590\" \/><\/strong><\/p>\n<hr data-start=\"727\" data-end=\"730\" \/>\n<h3 data-start=\"732\" data-end=\"756\"><strong data-start=\"738\" data-end=\"756\">Caract\u00e9ristiques principales :<\/strong><\/h3>\n<ul data-start=\"758\" data-end=\"977\">\n<li data-start=\"758\" data-end=\"803\">Lamelles de 50 mm en bois 100 % naturel<\/li>\n<li data-start=\"804\" data-end=\"870\">Convient aux int\u00e9rieurs modernes, classiques ou minimalistes<\/li>\n<li data-start=\"871\" data-end=\"908\">Protection efficace contre la lumi\u00e8re et les regards<\/li>\n<li data-start=\"909\" data-end=\"952\">Installation facile et durabilit\u00e9 garantie<\/li>\n<li data-start=\"953\" data-end=\"977\">Fabrication sur mesure possible<\/li>\n<\/ul>\n<hr data-start=\"979\" data-end=\"982\" \/>\n<h3 data-start=\"984\" data-end=\"1015\"><strong data-start=\"991\" data-end=\"1015\">Variantes de fonctionnement :<\/strong><\/h3>\n<ul data-start=\"1017\" data-end=\"1426\">\n<li data-start=\"1017\" data-end=\"1108\">\n<p data-start=\"1019\" data-end=\"1108\"><strong data-start=\"1019\" data-end=\"1063\">Syst\u00e8me manuel avec ruban d\u2019\u00e9chelle (cordon)<\/strong><br data-start=\"1063\" data-end=\"1066\" \/>Classique et fonctionnel avec cordon de tirage<\/p>\n<\/li>\n<li data-start=\"1110\" data-end=\"1215\">\n<p data-start=\"1112\" data-end=\"1215\"><strong data-start=\"1112\" data-end=\"1152\">Syst\u00e8me manuel avec ruban d\u2019\u00e9chelle en tissu<\/strong><br data-start=\"1152\" data-end=\"1155\" \/>Design d\u00e9coratif avec ruban large pour un look \u00e9l\u00e9gant<\/p>\n<\/li>\n<\/ul>\n<hr data-start=\"1509\" data-end=\"1512\" \/>\n<h3 data-start=\"1514\" data-end=\"1541\"><strong data-start=\"1521\" data-end=\"1541\">Domaines d&rsquo;application :<\/strong><\/h3>\n<ul data-start=\"1543\" data-end=\"1694\">\n<li data-start=\"1543\" data-end=\"1589\">Espaces de vie : salon, chambre, cuisine<\/li>\n<li data-start=\"1590\" data-end=\"1616\">Bureaux et espaces de travail<\/li>\n<li data-start=\"1617\" data-end=\"1652\">Caf\u00e9s, restaurants, chambres d\u2019h\u00f4tel<\/li>\n<li data-start=\"1653\" data-end=\"1694\">Salles d\u2019exposition et projets de d\u00e9coration int\u00e9rieure<\/li>\n<\/ul>\n<hr data-start=\"1696\" data-end=\"1699\" \/>\n<p data-start=\"1701\" data-end=\"1855\"><strong data-start=\"1701\" data-end=\"1763\">Installez-le vous-m\u00eame \u2013 avec la qualit\u00e9 Mass Dekor\u00ae en toute confiance !<\/strong><br data-start=\"1763\" data-end=\"1766\" \/>Prenez vos mesures, choisissez le mod\u00e8le souhait\u00e9, passez commande \u2013 et installez-le en quelques \u00e9tapes simples.<\/p>\n<div id=\"holzJalousie\" style=\"display: none;\"><\/div>\n","protected":false},"featured_media":20514,"comment_status":"open","ping_status":"closed","template":"","meta":[],"product_brand":[],"product_cat":[849],"product_tag":[],"class_list":{"0":"post-24965","1":"product","2":"type-product","3":"status-publish","4":"has-post-thumbnail","6":"product_cat-stores-venitiens-en-bois","7":"product_shipping_class-versand-m-fr","9":"first","10":"instock","11":"sale","12":"taxable","13":"shipping-taxable","14":"purchasable","15":"product-type-variable","16":"has-default-attributes"},"gallery_images":[],"yoast_head":"<!-- This site is optimized with the Yoast SEO Premium plugin v24.6 (Yoast SEO v27.3) - https:\/\/yoast.com\/product\/yoast-seo-premium-wordpress\/ -->\n<title>Store en bois sur mesure \u2013 Lames de 50 mm, pour fen\u00eatres et portes, installation facile - Mass Dekor<\/title>\n<meta name=\"robots\" content=\"index, follow, max-snippet:-1, max-image-preview:large, max-video-preview:-1\" \/>\n<link rel=\"canonical\" href=\"https:\/\/massdekor.de\/fr\/produkt\/store-en-bois-sur-mesure-lames-de-50-mm-pour-fenetres-et-portes-installation-facile\/\" \/>\n<meta property=\"og:locale\" content=\"fr_FR\" \/>\n<meta property=\"og:type\" content=\"article\" \/>\n<meta property=\"og:title\" content=\"Store en bois sur mesure \u2013 Lames de 50 mm, pour fen\u00eatres et portes, installation facile\" \/>\n<meta property=\"og:description\" content=\"Pas besoin d\u2019un artisan ! Commandez facilement vos dimensions personnalis\u00e9es \u2013 votre store sera fabriqu\u00e9 sur mesure, rien que pour vous. Gr\u00e2ce \u00e0 son syst\u00e8me de montage simple, vous pouvez l\u2019installer vous-m\u00eame en seulement 10 minutes \u2013 avec la qualit\u00e9 \u00e9prouv\u00e9e de Mass Dekor\u00ae ! Regardez notre guide de mesure et d\u2019installation     Caract\u00e9ristiques principales :   Lamelles de 50 mm en bois 100 % naturel  Convient aux int\u00e9rieurs modernes, classiques ou minimalistes  Protection efficace contre la lumi\u00e8re et les regards  Installation facile et durabilit\u00e9 garantie  Fabrication sur mesure possible     Variantes de fonctionnement :    Syst\u00e8me manuel avec ruban d\u2019\u00e9chelle (cordon)Classique et fonctionnel avec cordon de tirage    Syst\u00e8me manuel avec ruban d\u2019\u00e9chelle en tissuDesign d\u00e9coratif avec ruban large pour un look \u00e9l\u00e9gant      Domaines d&#039;application :   Espaces de vie : salon, chambre, cuisine  Bureaux et espaces de travail  Caf\u00e9s, restaurants, chambres d\u2019h\u00f4tel  Salles d\u2019exposition et projets de d\u00e9coration int\u00e9rieure    Installez-le vous-m\u00eame \u2013 avec la qualit\u00e9 Mass Dekor\u00ae en toute confiance !Prenez vos mesures, choisissez le mod\u00e8le souhait\u00e9, passez commande \u2013 et installez-le en quelques \u00e9tapes simples.\" \/>\n<meta property=\"og:url\" content=\"https:\/\/massdekor.de\/fr\/produkt\/store-en-bois-sur-mesure-lames-de-50-mm-pour-fenetres-et-portes-installation-facile\/\" \/>\n<meta property=\"og:site_name\" content=\"Mass Dekor\" \/>\n<meta property=\"article:publisher\" content=\"https:\/\/www.facebook.com\/Massdekor.de\" \/>\n<meta property=\"article:modified_time\" content=\"2025-05-19T21:41:55+00:00\" \/>\n<meta property=\"og:image\" content=\"https:\/\/massdekor.de\/wp-content\/uploads\/2025\/05\/ohne_leiterband-manuell-rechts_MD_501_3-1.jpg\" \/>\n\t<meta property=\"og:image:width\" content=\"1200\" \/>\n\t<meta property=\"og:image:height\" content=\"1200\" \/>\n\t<meta property=\"og:image:type\" content=\"image\/jpeg\" \/>\n<meta name=\"twitter:card\" content=\"summary_large_image\" \/>\n<meta name=\"twitter:label1\" content=\"Dur\u00e9e de lecture estim\u00e9e\" \/>\n\t<meta name=\"twitter:data1\" content=\"2 minutes\" \/>\n<script type=\"application\/ld+json\" class=\"yoast-schema-graph\">{\"@context\":\"https:\\\/\\\/schema.org\",\"@graph\":[{\"@type\":\"WebPage\",\"@id\":\"https:\\\/\\\/massdekor.de\\\/fr\\\/produkt\\\/store-en-bois-sur-mesure-lames-de-50-mm-pour-fenetres-et-portes-installation-facile\\\/\",\"url\":\"https:\\\/\\\/massdekor.de\\\/fr\\\/produkt\\\/store-en-bois-sur-mesure-lames-de-50-mm-pour-fenetres-et-portes-installation-facile\\\/\",\"name\":\"Store en bois sur mesure \u2013 Lames de 50 mm, pour fen\u00eatres et portes, installation facile - Mass Dekor\",\"isPartOf\":{\"@id\":\"https:\\\/\\\/massdekor.de\\\/fr\\\/#website\"},\"primaryImageOfPage\":{\"@id\":\"https:\\\/\\\/massdekor.de\\\/fr\\\/produkt\\\/store-en-bois-sur-mesure-lames-de-50-mm-pour-fenetres-et-portes-installation-facile\\\/#primaryimage\"},\"image\":{\"@id\":\"https:\\\/\\\/massdekor.de\\\/fr\\\/produkt\\\/store-en-bois-sur-mesure-lames-de-50-mm-pour-fenetres-et-portes-installation-facile\\\/#primaryimage\"},\"thumbnailUrl\":\"https:\\\/\\\/massdekor.de\\\/wp-content\\\/uploads\\\/2025\\\/05\\\/ohne_leiterband-manuell-rechts_MD_501_3-1.jpg\",\"datePublished\":\"2025-05-15T00:12:11+00:00\",\"dateModified\":\"2025-05-19T21:41:55+00:00\",\"breadcrumb\":{\"@id\":\"https:\\\/\\\/massdekor.de\\\/fr\\\/produkt\\\/store-en-bois-sur-mesure-lames-de-50-mm-pour-fenetres-et-portes-installation-facile\\\/#breadcrumb\"},\"inLanguage\":\"fr-FR\",\"potentialAction\":[{\"@type\":\"ReadAction\",\"target\":[\"https:\\\/\\\/massdekor.de\\\/fr\\\/produkt\\\/store-en-bois-sur-mesure-lames-de-50-mm-pour-fenetres-et-portes-installation-facile\\\/\"]}]},{\"@type\":\"ImageObject\",\"inLanguage\":\"fr-FR\",\"@id\":\"https:\\\/\\\/massdekor.de\\\/fr\\\/produkt\\\/store-en-bois-sur-mesure-lames-de-50-mm-pour-fenetres-et-portes-installation-facile\\\/#primaryimage\",\"url\":\"https:\\\/\\\/massdekor.de\\\/wp-content\\\/uploads\\\/2025\\\/05\\\/ohne_leiterband-manuell-rechts_MD_501_3-1.jpg\",\"contentUrl\":\"https:\\\/\\\/massdekor.de\\\/wp-content\\\/uploads\\\/2025\\\/05\\\/ohne_leiterband-manuell-rechts_MD_501_3-1.jpg\",\"width\":1200,\"height\":1200},{\"@type\":\"BreadcrumbList\",\"@id\":\"https:\\\/\\\/massdekor.de\\\/fr\\\/produkt\\\/store-en-bois-sur-mesure-lames-de-50-mm-pour-fenetres-et-portes-installation-facile\\\/#breadcrumb\",\"itemListElement\":[{\"@type\":\"ListItem\",\"position\":1,\"name\":\"Startseite\",\"item\":\"https:\\\/\\\/massdekor.de\\\/fr\\\/\"},{\"@type\":\"ListItem\",\"position\":2,\"name\":\"Boutique\",\"item\":\"https:\\\/\\\/massdekor.de\\\/fr\\\/boutique\\\/\"},{\"@type\":\"ListItem\",\"position\":3,\"name\":\"Store en bois sur mesure \u2013 Lames de 50 mm, pour fen\u00eatres et portes, installation facile\"}]},{\"@type\":\"WebSite\",\"@id\":\"https:\\\/\\\/massdekor.de\\\/fr\\\/#website\",\"url\":\"https:\\\/\\\/massdekor.de\\\/fr\\\/\",\"name\":\"Mass Dekor\",\"description\":\"\",\"potentialAction\":[{\"@type\":\"SearchAction\",\"target\":{\"@type\":\"EntryPoint\",\"urlTemplate\":\"https:\\\/\\\/massdekor.de\\\/fr\\\/?s={search_term_string}\"},\"query-input\":{\"@type\":\"PropertyValueSpecification\",\"valueRequired\":true,\"valueName\":\"search_term_string\"}}],\"inLanguage\":\"fr-FR\"}]}<\/script>\n<!-- \/ Yoast SEO Premium plugin. -->","yoast_head_json":{"title":"Store en bois sur mesure \u2013 Lames de 50 mm, pour fen\u00eatres et portes, installation facile - Mass Dekor","robots":{"index":"index","follow":"follow","max-snippet":"max-snippet:-1","max-image-preview":"max-image-preview:large","max-video-preview":"max-video-preview:-1"},"canonical":"https:\/\/massdekor.de\/fr\/produkt\/store-en-bois-sur-mesure-lames-de-50-mm-pour-fenetres-et-portes-installation-facile\/","og_locale":"fr_FR","og_type":"article","og_title":"Store en bois sur mesure \u2013 Lames de 50 mm, pour fen\u00eatres et portes, installation facile","og_description":"Pas besoin d\u2019un artisan ! Commandez facilement vos dimensions personnalis\u00e9es \u2013 votre store sera fabriqu\u00e9 sur mesure, rien que pour vous. Gr\u00e2ce \u00e0 son syst\u00e8me de montage simple, vous pouvez l\u2019installer vous-m\u00eame en seulement 10 minutes \u2013 avec la qualit\u00e9 \u00e9prouv\u00e9e de Mass Dekor\u00ae ! Regardez notre guide de mesure et d\u2019installation     Caract\u00e9ristiques principales :   Lamelles de 50 mm en bois 100 % naturel  Convient aux int\u00e9rieurs modernes, classiques ou minimalistes  Protection efficace contre la lumi\u00e8re et les regards  Installation facile et durabilit\u00e9 garantie  Fabrication sur mesure possible     Variantes de fonctionnement :    Syst\u00e8me manuel avec ruban d\u2019\u00e9chelle (cordon)Classique et fonctionnel avec cordon de tirage    Syst\u00e8me manuel avec ruban d\u2019\u00e9chelle en tissuDesign d\u00e9coratif avec ruban large pour un look \u00e9l\u00e9gant      Domaines d'application :   Espaces de vie : salon, chambre, cuisine  Bureaux et espaces de travail  Caf\u00e9s, restaurants, chambres d\u2019h\u00f4tel  Salles d\u2019exposition et projets de d\u00e9coration int\u00e9rieure    Installez-le vous-m\u00eame \u2013 avec la qualit\u00e9 Mass Dekor\u00ae en toute confiance !Prenez vos mesures, choisissez le mod\u00e8le souhait\u00e9, passez commande \u2013 et installez-le en quelques \u00e9tapes simples.","og_url":"https:\/\/massdekor.de\/fr\/produkt\/store-en-bois-sur-mesure-lames-de-50-mm-pour-fenetres-et-portes-installation-facile\/","og_site_name":"Mass Dekor","article_publisher":"https:\/\/www.facebook.com\/Massdekor.de","article_modified_time":"2025-05-19T21:41:55+00:00","og_image":[{"width":1200,"height":1200,"url":"https:\/\/massdekor.de\/wp-content\/uploads\/2025\/05\/ohne_leiterband-manuell-rechts_MD_501_3-1.jpg","type":"image\/jpeg"}],"twitter_card":"summary_large_image","twitter_misc":{"Dur\u00e9e de lecture estim\u00e9e":"2 minutes"},"schema":{"@context":"https:\/\/schema.org","@graph":[{"@type":"WebPage","@id":"https:\/\/massdekor.de\/fr\/produkt\/store-en-bois-sur-mesure-lames-de-50-mm-pour-fenetres-et-portes-installation-facile\/","url":"https:\/\/massdekor.de\/fr\/produkt\/store-en-bois-sur-mesure-lames-de-50-mm-pour-fenetres-et-portes-installation-facile\/","name":"Store en bois sur mesure \u2013 Lames de 50 mm, pour fen\u00eatres et portes, installation facile - Mass Dekor","isPartOf":{"@id":"https:\/\/massdekor.de\/fr\/#website"},"primaryImageOfPage":{"@id":"https:\/\/massdekor.de\/fr\/produkt\/store-en-bois-sur-mesure-lames-de-50-mm-pour-fenetres-et-portes-installation-facile\/#primaryimage"},"image":{"@id":"https:\/\/massdekor.de\/fr\/produkt\/store-en-bois-sur-mesure-lames-de-50-mm-pour-fenetres-et-portes-installation-facile\/#primaryimage"},"thumbnailUrl":"https:\/\/massdekor.de\/wp-content\/uploads\/2025\/05\/ohne_leiterband-manuell-rechts_MD_501_3-1.jpg","datePublished":"2025-05-15T00:12:11+00:00","dateModified":"2025-05-19T21:41:55+00:00","breadcrumb":{"@id":"https:\/\/massdekor.de\/fr\/produkt\/store-en-bois-sur-mesure-lames-de-50-mm-pour-fenetres-et-portes-installation-facile\/#breadcrumb"},"inLanguage":"fr-FR","potentialAction":[{"@type":"ReadAction","target":["https:\/\/massdekor.de\/fr\/produkt\/store-en-bois-sur-mesure-lames-de-50-mm-pour-fenetres-et-portes-installation-facile\/"]}]},{"@type":"ImageObject","inLanguage":"fr-FR","@id":"https:\/\/massdekor.de\/fr\/produkt\/store-en-bois-sur-mesure-lames-de-50-mm-pour-fenetres-et-portes-installation-facile\/#primaryimage","url":"https:\/\/massdekor.de\/wp-content\/uploads\/2025\/05\/ohne_leiterband-manuell-rechts_MD_501_3-1.jpg","contentUrl":"https:\/\/massdekor.de\/wp-content\/uploads\/2025\/05\/ohne_leiterband-manuell-rechts_MD_501_3-1.jpg","width":1200,"height":1200},{"@type":"BreadcrumbList","@id":"https:\/\/massdekor.de\/fr\/produkt\/store-en-bois-sur-mesure-lames-de-50-mm-pour-fenetres-et-portes-installation-facile\/#breadcrumb","itemListElement":[{"@type":"ListItem","position":1,"name":"Startseite","item":"https:\/\/massdekor.de\/fr\/"},{"@type":"ListItem","position":2,"name":"Boutique","item":"https:\/\/massdekor.de\/fr\/boutique\/"},{"@type":"ListItem","position":3,"name":"Store en bois sur mesure \u2013 Lames de 50 mm, pour fen\u00eatres et portes, installation facile"}]},{"@type":"WebSite","@id":"https:\/\/massdekor.de\/fr\/#website","url":"https:\/\/massdekor.de\/fr\/","name":"Mass Dekor","description":"","potentialAction":[{"@type":"SearchAction","target":{"@type":"EntryPoint","urlTemplate":"https:\/\/massdekor.de\/fr\/?s={search_term_string}"},"query-input":{"@type":"PropertyValueSpecification","valueRequired":true,"valueName":"search_term_string"}}],"inLanguage":"fr-FR"}]}},"_links":{"self":[{"href":"https:\/\/massdekor.de\/fr\/wp-json\/wp\/v2\/product\/24965","targetHints":{"allow":["GET"]}}],"collection":[{"href":"https:\/\/massdekor.de\/fr\/wp-json\/wp\/v2\/product"}],"about":[{"href":"https:\/\/massdekor.de\/fr\/wp-json\/wp\/v2\/types\/product"}],"replies":[{"embeddable":true,"href":"https:\/\/massdekor.de\/fr\/wp-json\/wp\/v2\/comments?post=24965"}],"version-history":[{"count":3,"href":"https:\/\/massdekor.de\/fr\/wp-json\/wp\/v2\/product\/24965\/revisions"}],"predecessor-version":[{"id":25080,"href":"https:\/\/massdekor.de\/fr\/wp-json\/wp\/v2\/product\/24965\/revisions\/25080"}],"wp:featuredmedia":[{"embeddable":true,"href":"https:\/\/massdekor.de\/fr\/wp-json\/wp\/v2\/media\/20514"}],"wp:attachment":[{"href":"https:\/\/massdekor.de\/fr\/wp-json\/wp\/v2\/media?parent=24965"}],"wp:term":[{"taxonomy":"product_brand","embeddable":true,"href":"https:\/\/massdekor.de\/fr\/wp-json\/wp\/v2\/product_brand?post=24965"},{"taxonomy":"product_cat","embeddable":true,"href":"https:\/\/massdekor.de\/fr\/wp-json\/wp\/v2\/product_cat?post=24965"},{"taxonomy":"product_tag","embeddable":true,"href":"https:\/\/massdekor.de\/fr\/wp-json\/wp\/v2\/product_tag?post=24965"}],"curies":[{"name":"wp","href":"https:\/\/api.w.org\/{rel}","templated":true}]}}