{"id":16544,"date":"2025-02-06T12:32:14","date_gmt":"2025-02-06T11:32:14","guid":{"rendered":"https:\/\/massdekor.de\/produkt\/plisse-sans-percage-a-coller\/"},"modified":"2025-05-23T17:06:18","modified_gmt":"2025-05-23T15:06:18","slug":"plisse-sans-percage-a-coller","status":"publish","type":"product","link":"https:\/\/massdekor.de\/fr\/produkt\/plisse-sans-percage-a-coller\/","title":{"rendered":"Pliss\u00e9 sans per\u00e7age &#8211; \u00e0 coller"},"content":{"rendered":"\t\t<div data-elementor-type=\"product-post\" data-elementor-id=\"16544\" class=\"elementor elementor-16544 elementor-15017\" data-elementor-post-type=\"product\">\n\t\t\t\t\t\t<section class=\"penci-section penci-disSticky penci-structure-10 elementor-section elementor-top-section elementor-element elementor-element-2ae5b79b elementor-section-boxed elementor-section-height-default elementor-section-height-default\" data-id=\"2ae5b79b\" data-element_type=\"section\" data-e-type=\"section\" id=\"productBlind\">\n\t\t\t\t\t\t<div class=\"elementor-container elementor-column-gap-default\">\n\t\t\t\t\t<div class=\"penci-ercol-100 penci-ercol-order-1 penci-sticky-ct    elementor-column elementor-col-100 elementor-top-column elementor-element elementor-element-60255acc\" data-id=\"60255acc\" data-element_type=\"column\" data-e-type=\"column\">\n\t\t\t<div class=\"elementor-widget-wrap elementor-element-populated\">\n\t\t\t\t\t\t<div class=\"elementor-element elementor-element-4d7f1a9d elementor-widget elementor-widget-text-editor\" data-id=\"4d7f1a9d\" data-element_type=\"widget\" data-e-type=\"widget\" data-widget_type=\"text-editor.default\">\n\t\t\t\t<div class=\"elementor-widget-container\">\n\t\t\t\t\t\t\t\t\t<hr>\n\n-Instructions de mesure &amp; montage : <a href=\"https:\/\/www.youtube.com\/watch?v=JoyOxE9irGg\" target=\"_blank\" rel=\"noopener\"><span style=\"color: #ff9900;\"><strong>Vid\u00e9o<\/strong> pas \u00e0 pas <span style=\"color: #000000;\"><strong>\u21b5<\/strong><\/span><\/span><\/a>\n\n-Instructions de mesure : <span style=\"color: #ff9900;\"><a href=\"https:\/\/massdekor.de\/wp-content\/uploads\/2025\/01\/Plisse-mass-dekor%C2%AE.jpg\" target=\"_blank\" rel=\"noopener\"><span style=\"color: #ff9900;\">Instructions d\u00e9taill\u00e9es au<strong> format PDF<\/strong><\/span>  <\/a><strong><span style=\"color: #000000;\">\u21b5 <\/span><\/strong><\/span> \n<div class=\"flex max-w-full flex-col flex-grow\">\n<div class=\"min-h-8 text-message flex w-full flex-col items-end gap-2 whitespace-normal break-words text-start [.text-message+&amp;]:mt-5\" dir=\"auto\" data-message-author-role=\"assistant\" data-message-id=\"9f5cb66f-9cd2-4622-a432-ed525439eb7f\" data-message-model-slug=\"gpt-4o\">\n<div class=\"flex w-full flex-col gap-1 empty:hidden first:pt-[3px]\">\n<div class=\"markdown prose w-full break-words dark:prose-invert light\">\n\n<strong>Aluminium<span style=\"color: #ff9900;\"> <a style=\"color: #ff9900;\" href=\"https:\/\/massdekor.de\/wp-content\/uploads\/2025\/01\/WhatsApp-Image-2025-01-27-at-22.16.15-1.jpeg\" target=\"_blank\" rel=\"noopener\">D\u00e9tailImage 1<\/a> <span style=\"color: #000000;\">\u21b5<\/span> &#8211; <a style=\"color: #ff9900;\" href=\"https:\/\/massdekor.de\/wp-content\/uploads\/2025\/01\/WhatsApp-Image-2025-01-27-at-22.16.16.jpeg\" target=\"_blank\" rel=\"noopener\">D\u00e9tailImage 2<\/a> <span style=\"color: #000000;\">\u21b5<\/span><\/span><\/strong>\n\n<hr>\n\nMontage sans outil directement sur la surface vitr\u00e9e ou sur le cadre de la porte ou de la fen\u00eatre, sans endommager le profil\u00e9 de la fen\u00eatre. Design discret pour une protection optimale contre les regards indiscrets. \n\n<\/div>\n<\/div>\n<\/div>\n<\/div>\nCaract\u00e9ristiques :\n\n-Fabrication sur mesure pour un ajustement parfait\n\n-Montage facile sans outils\n\n-Pas de per\u00e7age &#8211; Protection du profil\u00e9 de fen\u00eatre\n\n-Facile \u00e0 entretenir, peut \u00eatre essuy\u00e9 avec un chiffon humide\n\nD\u00e9tails du produit :\n\n-Profil\u00e9s robustes en aluminium\n\n-Tissu polyester de haute qualit\u00e9 pour une protection contre la vision de jour et de nuit\n\n-transparent dans des couleurs modernes\n\n&nbsp;\t\t\t\t\t\t\t\t<\/div>\n\t\t\t\t<\/div>\n\t\t\t\t\t<\/div>\n\t\t<\/div>\n\t\t\t\t\t<\/div>\n\t\t<\/section>\n\t\t\t\t<\/div>\n\t\t","protected":false},"excerpt":{"rendered":"<p>-Instructions de mesure &amp; montage : <a href=\"https:\/\/www.youtube.com\/watch?v=JoyOxE9irGg\" target=\"_blank\" rel=\"noopener\"><span style=\"color: #ff9900;\"><strong>Vid\u00e9o<\/strong> pas \u00e0 pas <span style=\"color: #000000;\"><strong>\u21b5<\/strong><\/span><\/span><\/a><\/p>\n<p>-Instructions de mesure : <span style=\"color: #ff9900;\"><a href=\"https:\/\/massdekor.de\/wp-content\/uploads\/2025\/01\/Plisse-mass-dekor%C2%AE.jpg\" target=\"_blank\" rel=\"noopener\">Instructions d\u00e9taill\u00e9es au<strong> format PDF<\/strong> <\/a><strong><span style=\"color: #000000;\">\u21b5 <\/span><\/strong><\/span><\/p>\n<div class=\"flex max-w-full flex-col flex-grow\">\n<div class=\"min-h-8 text-message flex w-full flex-col items-end gap-2 whitespace-normal break-words text-start [.text-message+&amp;]:mt-5\" dir=\"auto\" data-message-author-role=\"assistant\" data-message-id=\"9f5cb66f-9cd2-4622-a432-ed525439eb7f\" data-message-model-slug=\"gpt-4o\">\n<div class=\"flex w-full flex-col gap-1 empty:hidden first:pt-[3px]\">\n<div class=\"markdown prose w-full break-words dark:prose-invert light\">\n<p><strong>Aluminium<span style=\"color: #ff9900;\"> <a style=\"color: #ff9900;\" href=\"https:\/\/massdekor.de\/wp-content\/uploads\/2025\/01\/WhatsApp-Image-2025-01-27-at-22.16.15-1.jpeg\" target=\"_blank\" rel=\"noopener\">D\u00e9tailImage 1<\/a> <span style=\"color: #000000;\">\u21b5<\/span> &#8211; <a style=\"color: #ff9900;\" href=\"https:\/\/massdekor.de\/wp-content\/uploads\/2025\/01\/WhatsApp-Image-2025-01-27-at-22.16.16.jpeg\" target=\"_blank\" rel=\"noopener\">D\u00e9tailImage 2<\/a> <span style=\"color: #000000;\">\u21b5<\/span><\/span><\/strong><\/p>\n<\/div>\n<\/div>\n<\/div>\n<\/div>\n<p>Montage sans outil directement sur la surface vitr\u00e9e ou sur le cadre de la porte ou de la fen\u00eatre, sans endommager le profil\u00e9 de la fen\u00eatre. Design discret pour une protection optimale contre les regards indiscrets.<\/p>\n<p>Caract\u00e9ristiques :<\/p>\n<p>-Fabrication sur mesure pour un ajustement parfait<\/p>\n<p>-Montage facile <strong>sans outils<\/strong><\/p>\n<p>-Pas<strong>de per\u00e7age<\/strong> &#8211; Protection du profil\u00e9 de fen\u00eatre<\/p>\n<p>-Facile \u00e0 entretenir, peut \u00eatre essuy\u00e9 avec un chiffon humide<\/p>\n<p>D\u00e9tails du produit :<\/p>\n<p>-Profil\u00e9s robustes en aluminium<\/p>\n<p>-Tissu polyester de haute qualit\u00e9 pour une protection contre la vision de jour et de nuit<\/p>\n<p>-transparent dans des couleurs modernes<\/p>\n<p>-La largeur maximale est de <strong>1000 mm<\/strong>. Si vous souhaitez commander une dimension de <strong>1200 mm<\/strong> ou plus, nous vous recommandons de diviser la mesure en deux et de passer <strong>deux commandes distinctes<\/strong>. Par exemple, pour <strong>1200 mm<\/strong>, vous pouvez commander <strong>2 x 600 mm<\/strong>.<\/p>\n<p>-La hauteur maximale disponible \u00e0 la commande est de <strong>2500 mm<\/strong>.<\/p>\n<p><strong>Note :<\/strong> Nous avons d\u00e9lib\u00e9r\u00e9ment maintenu nos prix tr\u00e8s bas afin d&rsquo;offrir une option pour tous les budgets. Notre objectif est de proposer des produits de haute qualit\u00e9 \u00e0 des prix abordables, sp\u00e9cialement pour nos abonn\u00e9s.<\/p>\n<p>Notre exp\u00e9rience avec ce produit a commenc\u00e9 il y a trois ans lorsque nous avons command\u00e9 des rideaux pliss\u00e9s pour notre entreprise. \u00c9tant tr\u00e8s satisfaits de la qualit\u00e9, nous avons d\u00e9cid\u00e9 de revendre ce produit avec une marge minimale.<\/p>\n<p data-start=\"50\" data-end=\"77\"><strong data-start=\"50\" data-end=\"77\">Remarques importantes :<\/strong><\/p>\n<p data-start=\"79\" data-end=\"638\">Les fils sur la porte ou la fen\u00eatre du c\u00f4t\u00e9 sud doivent absolument \u00eatre r\u00e9gl\u00e9s sur la position la plus l\u00e2che. (Pour les portes ou fen\u00eatres du c\u00f4t\u00e9 sud, nous recommandons de mesurer directement le cadre de la porte ou de la fen\u00eatre plut\u00f4t que le verre, et de passer la commande en fonction de cela.) De cette mani\u00e8re, on \u00e9vite que la colle soit trop sollicit\u00e9e et on \u00e9limine la probabilit\u00e9 que la colle tombe. De plus, la zone o\u00f9 le renfort de colle sera appliqu\u00e9 doit \u00eatre nettoy\u00e9e, puis le renfort de colle est appliqu\u00e9 pour garantir une meilleure adh\u00e9rence.<\/p>\n<p data-start=\"640\" data-end=\"809\" data-is-only-node=\"\" data-is-last-node=\"\">Si les fils du store pliss\u00e9 sont trop l\u00e2ches, vous pouvez utiliser ce store pliss\u00e9 pendant longtemps sans probl\u00e8me.<br data-start=\"755\" data-end=\"758\" \/>Le renfort de colle est inclus avec votre commande.<\/p>\n","protected":false},"featured_media":15048,"comment_status":"open","ping_status":"closed","template":"","meta":[],"product_brand":[],"product_cat":[866],"product_tag":[],"class_list":{"0":"post-16544","1":"product","2":"type-product","3":"status-publish","4":"has-post-thumbnail","6":"product_cat-plissee-fr","7":"product_shipping_class-versand-m-fr","9":"first","10":"instock","11":"taxable","12":"shipping-taxable","13":"purchasable","14":"product-type-variable","15":"has-default-attributes"},"gallery_images":[],"yoast_head":"<!-- This site is optimized with the Yoast SEO Premium plugin v24.6 (Yoast SEO v27.3) - https:\/\/yoast.com\/product\/yoast-seo-premium-wordpress\/ -->\n<title>Pliss\u00e9 sans per\u00e7age - \u00e0 coller - Mass Dekor<\/title>\n<meta name=\"robots\" content=\"index, follow, max-snippet:-1, max-image-preview:large, max-video-preview:-1\" \/>\n<link rel=\"canonical\" href=\"https:\/\/massdekor.de\/fr\/produkt\/plisse-sans-percage-a-coller\/\" \/>\n<meta property=\"og:locale\" content=\"fr_FR\" \/>\n<meta property=\"og:type\" content=\"article\" \/>\n<meta property=\"og:title\" content=\"Pliss\u00e9 sans per\u00e7age - \u00e0 coller\" \/>\n<meta property=\"og:description\" content=\"-Instructions de mesure &amp; montage : Vid\u00e9o pas \u00e0 pas \u21b5  -Instructions de mesure : Instructions d\u00e9taill\u00e9es au format PDF \u21b5       Aluminium D\u00e9tailImage 1 \u21b5 - D\u00e9tailImage 2 \u21b5      Montage sans outil directement sur la surface vitr\u00e9e ou sur le cadre de la porte ou de la fen\u00eatre, sans endommager le profil\u00e9 de la fen\u00eatre. Design discret pour une protection optimale contre les regards indiscrets.  Caract\u00e9ristiques :  -Fabrication sur mesure pour un ajustement parfait  -Montage facile sans outils  -Pasde per\u00e7age - Protection du profil\u00e9 de fen\u00eatre  -Facile \u00e0 entretenir, peut \u00eatre essuy\u00e9 avec un chiffon humide  D\u00e9tails du produit :  -Profil\u00e9s robustes en aluminium  -Tissu polyester de haute qualit\u00e9 pour une protection contre la vision de jour et de nuit  -transparent dans des couleurs modernes  -La largeur maximale est de 1000 mm. Si vous souhaitez commander une dimension de 1200 mm ou plus, nous vous recommandons de diviser la mesure en deux et de passer deux commandes distinctes. Par exemple, pour 1200 mm, vous pouvez commander 2 x 600 mm.  -La hauteur maximale disponible \u00e0 la commande est de 2500 mm.  Note : Nous avons d\u00e9lib\u00e9r\u00e9ment maintenu nos prix tr\u00e8s bas afin d&#039;offrir une option pour tous les budgets. Notre objectif est de proposer des produits de haute qualit\u00e9 \u00e0 des prix abordables, sp\u00e9cialement pour nos abonn\u00e9s.  Notre exp\u00e9rience avec ce produit a commenc\u00e9 il y a trois ans lorsque nous avons command\u00e9 des rideaux pliss\u00e9s pour notre entreprise. \u00c9tant tr\u00e8s satisfaits de la qualit\u00e9, nous avons d\u00e9cid\u00e9 de revendre ce produit avec une marge minimale. Remarques importantes : Les fils sur la porte ou la fen\u00eatre du c\u00f4t\u00e9 sud doivent absolument \u00eatre r\u00e9gl\u00e9s sur la position la plus l\u00e2che. (Pour les portes ou fen\u00eatres du c\u00f4t\u00e9 sud, nous recommandons de mesurer directement le cadre de la porte ou de la fen\u00eatre plut\u00f4t que le verre, et de passer la commande en fonction de cela.) De cette mani\u00e8re, on \u00e9vite que la colle soit trop sollicit\u00e9e et on \u00e9limine la probabilit\u00e9 que la colle tombe. De plus, la zone o\u00f9 le renfort de colle sera appliqu\u00e9 doit \u00eatre nettoy\u00e9e, puis le renfort de colle est appliqu\u00e9 pour garantir une meilleure adh\u00e9rence. Si les fils du store pliss\u00e9 sont trop l\u00e2ches, vous pouvez utiliser ce store pliss\u00e9 pendant longtemps sans probl\u00e8me.Le renfort de colle est inclus avec votre commande.\" \/>\n<meta property=\"og:url\" content=\"https:\/\/massdekor.de\/fr\/produkt\/plisse-sans-percage-a-coller\/\" \/>\n<meta property=\"og:site_name\" content=\"Mass Dekor\" \/>\n<meta property=\"article:publisher\" content=\"https:\/\/www.facebook.com\/Massdekor.de\" \/>\n<meta property=\"article:modified_time\" content=\"2025-05-23T15:06:18+00:00\" \/>\n<meta property=\"og:image\" content=\"https:\/\/massdekor.de\/wp-content\/uploads\/2025\/01\/Abelia-01-scaled.jpg\" \/>\n\t<meta property=\"og:image:width\" content=\"1707\" \/>\n\t<meta property=\"og:image:height\" content=\"2560\" \/>\n\t<meta property=\"og:image:type\" content=\"image\/jpeg\" \/>\n<meta name=\"twitter:card\" content=\"summary_large_image\" \/>\n<meta name=\"twitter:label1\" content=\"Dur\u00e9e de lecture estim\u00e9e\" \/>\n\t<meta name=\"twitter:data1\" content=\"1 minute\" \/>\n<script type=\"application\/ld+json\" class=\"yoast-schema-graph\">{\"@context\":\"https:\\\/\\\/schema.org\",\"@graph\":[{\"@type\":\"WebPage\",\"@id\":\"https:\\\/\\\/massdekor.de\\\/fr\\\/produkt\\\/plisse-sans-percage-a-coller\\\/\",\"url\":\"https:\\\/\\\/massdekor.de\\\/fr\\\/produkt\\\/plisse-sans-percage-a-coller\\\/\",\"name\":\"Pliss\u00e9 sans per\u00e7age - \u00e0 coller - Mass Dekor\",\"isPartOf\":{\"@id\":\"https:\\\/\\\/massdekor.de\\\/fr\\\/#website\"},\"primaryImageOfPage\":{\"@id\":\"https:\\\/\\\/massdekor.de\\\/fr\\\/produkt\\\/plisse-sans-percage-a-coller\\\/#primaryimage\"},\"image\":{\"@id\":\"https:\\\/\\\/massdekor.de\\\/fr\\\/produkt\\\/plisse-sans-percage-a-coller\\\/#primaryimage\"},\"thumbnailUrl\":\"https:\\\/\\\/massdekor.de\\\/wp-content\\\/uploads\\\/2025\\\/01\\\/Abelia-01-scaled.jpg\",\"datePublished\":\"2025-02-06T11:32:14+00:00\",\"dateModified\":\"2025-05-23T15:06:18+00:00\",\"breadcrumb\":{\"@id\":\"https:\\\/\\\/massdekor.de\\\/fr\\\/produkt\\\/plisse-sans-percage-a-coller\\\/#breadcrumb\"},\"inLanguage\":\"fr-FR\",\"potentialAction\":[{\"@type\":\"ReadAction\",\"target\":[\"https:\\\/\\\/massdekor.de\\\/fr\\\/produkt\\\/plisse-sans-percage-a-coller\\\/\"]}]},{\"@type\":\"ImageObject\",\"inLanguage\":\"fr-FR\",\"@id\":\"https:\\\/\\\/massdekor.de\\\/fr\\\/produkt\\\/plisse-sans-percage-a-coller\\\/#primaryimage\",\"url\":\"https:\\\/\\\/massdekor.de\\\/wp-content\\\/uploads\\\/2025\\\/01\\\/Abelia-01-scaled.jpg\",\"contentUrl\":\"https:\\\/\\\/massdekor.de\\\/wp-content\\\/uploads\\\/2025\\\/01\\\/Abelia-01-scaled.jpg\",\"width\":1707,\"height\":2560},{\"@type\":\"BreadcrumbList\",\"@id\":\"https:\\\/\\\/massdekor.de\\\/fr\\\/produkt\\\/plisse-sans-percage-a-coller\\\/#breadcrumb\",\"itemListElement\":[{\"@type\":\"ListItem\",\"position\":1,\"name\":\"Startseite\",\"item\":\"https:\\\/\\\/massdekor.de\\\/fr\\\/\"},{\"@type\":\"ListItem\",\"position\":2,\"name\":\"Boutique\",\"item\":\"https:\\\/\\\/massdekor.de\\\/fr\\\/boutique\\\/\"},{\"@type\":\"ListItem\",\"position\":3,\"name\":\"Pliss\u00e9 sans per\u00e7age &#8211; \u00e0 coller\"}]},{\"@type\":\"WebSite\",\"@id\":\"https:\\\/\\\/massdekor.de\\\/fr\\\/#website\",\"url\":\"https:\\\/\\\/massdekor.de\\\/fr\\\/\",\"name\":\"Mass Dekor\",\"description\":\"\",\"potentialAction\":[{\"@type\":\"SearchAction\",\"target\":{\"@type\":\"EntryPoint\",\"urlTemplate\":\"https:\\\/\\\/massdekor.de\\\/fr\\\/?s={search_term_string}\"},\"query-input\":{\"@type\":\"PropertyValueSpecification\",\"valueRequired\":true,\"valueName\":\"search_term_string\"}}],\"inLanguage\":\"fr-FR\"}]}<\/script>\n<!-- \/ Yoast SEO Premium plugin. -->","yoast_head_json":{"title":"Pliss\u00e9 sans per\u00e7age - \u00e0 coller - Mass Dekor","robots":{"index":"index","follow":"follow","max-snippet":"max-snippet:-1","max-image-preview":"max-image-preview:large","max-video-preview":"max-video-preview:-1"},"canonical":"https:\/\/massdekor.de\/fr\/produkt\/plisse-sans-percage-a-coller\/","og_locale":"fr_FR","og_type":"article","og_title":"Pliss\u00e9 sans per\u00e7age - \u00e0 coller","og_description":"-Instructions de mesure &amp; montage : Vid\u00e9o pas \u00e0 pas \u21b5  -Instructions de mesure : Instructions d\u00e9taill\u00e9es au format PDF \u21b5       Aluminium D\u00e9tailImage 1 \u21b5 - D\u00e9tailImage 2 \u21b5      Montage sans outil directement sur la surface vitr\u00e9e ou sur le cadre de la porte ou de la fen\u00eatre, sans endommager le profil\u00e9 de la fen\u00eatre. Design discret pour une protection optimale contre les regards indiscrets.  Caract\u00e9ristiques :  -Fabrication sur mesure pour un ajustement parfait  -Montage facile sans outils  -Pasde per\u00e7age - Protection du profil\u00e9 de fen\u00eatre  -Facile \u00e0 entretenir, peut \u00eatre essuy\u00e9 avec un chiffon humide  D\u00e9tails du produit :  -Profil\u00e9s robustes en aluminium  -Tissu polyester de haute qualit\u00e9 pour une protection contre la vision de jour et de nuit  -transparent dans des couleurs modernes  -La largeur maximale est de 1000 mm. Si vous souhaitez commander une dimension de 1200 mm ou plus, nous vous recommandons de diviser la mesure en deux et de passer deux commandes distinctes. Par exemple, pour 1200 mm, vous pouvez commander 2 x 600 mm.  -La hauteur maximale disponible \u00e0 la commande est de 2500 mm.  Note : Nous avons d\u00e9lib\u00e9r\u00e9ment maintenu nos prix tr\u00e8s bas afin d'offrir une option pour tous les budgets. Notre objectif est de proposer des produits de haute qualit\u00e9 \u00e0 des prix abordables, sp\u00e9cialement pour nos abonn\u00e9s.  Notre exp\u00e9rience avec ce produit a commenc\u00e9 il y a trois ans lorsque nous avons command\u00e9 des rideaux pliss\u00e9s pour notre entreprise. \u00c9tant tr\u00e8s satisfaits de la qualit\u00e9, nous avons d\u00e9cid\u00e9 de revendre ce produit avec une marge minimale. Remarques importantes : Les fils sur la porte ou la fen\u00eatre du c\u00f4t\u00e9 sud doivent absolument \u00eatre r\u00e9gl\u00e9s sur la position la plus l\u00e2che. (Pour les portes ou fen\u00eatres du c\u00f4t\u00e9 sud, nous recommandons de mesurer directement le cadre de la porte ou de la fen\u00eatre plut\u00f4t que le verre, et de passer la commande en fonction de cela.) De cette mani\u00e8re, on \u00e9vite que la colle soit trop sollicit\u00e9e et on \u00e9limine la probabilit\u00e9 que la colle tombe. De plus, la zone o\u00f9 le renfort de colle sera appliqu\u00e9 doit \u00eatre nettoy\u00e9e, puis le renfort de colle est appliqu\u00e9 pour garantir une meilleure adh\u00e9rence. Si les fils du store pliss\u00e9 sont trop l\u00e2ches, vous pouvez utiliser ce store pliss\u00e9 pendant longtemps sans probl\u00e8me.Le renfort de colle est inclus avec votre commande.","og_url":"https:\/\/massdekor.de\/fr\/produkt\/plisse-sans-percage-a-coller\/","og_site_name":"Mass Dekor","article_publisher":"https:\/\/www.facebook.com\/Massdekor.de","article_modified_time":"2025-05-23T15:06:18+00:00","og_image":[{"width":1707,"height":2560,"url":"https:\/\/massdekor.de\/wp-content\/uploads\/2025\/01\/Abelia-01-scaled.jpg","type":"image\/jpeg"}],"twitter_card":"summary_large_image","twitter_misc":{"Dur\u00e9e de lecture estim\u00e9e":"1 minute"},"schema":{"@context":"https:\/\/schema.org","@graph":[{"@type":"WebPage","@id":"https:\/\/massdekor.de\/fr\/produkt\/plisse-sans-percage-a-coller\/","url":"https:\/\/massdekor.de\/fr\/produkt\/plisse-sans-percage-a-coller\/","name":"Pliss\u00e9 sans per\u00e7age - \u00e0 coller - Mass Dekor","isPartOf":{"@id":"https:\/\/massdekor.de\/fr\/#website"},"primaryImageOfPage":{"@id":"https:\/\/massdekor.de\/fr\/produkt\/plisse-sans-percage-a-coller\/#primaryimage"},"image":{"@id":"https:\/\/massdekor.de\/fr\/produkt\/plisse-sans-percage-a-coller\/#primaryimage"},"thumbnailUrl":"https:\/\/massdekor.de\/wp-content\/uploads\/2025\/01\/Abelia-01-scaled.jpg","datePublished":"2025-02-06T11:32:14+00:00","dateModified":"2025-05-23T15:06:18+00:00","breadcrumb":{"@id":"https:\/\/massdekor.de\/fr\/produkt\/plisse-sans-percage-a-coller\/#breadcrumb"},"inLanguage":"fr-FR","potentialAction":[{"@type":"ReadAction","target":["https:\/\/massdekor.de\/fr\/produkt\/plisse-sans-percage-a-coller\/"]}]},{"@type":"ImageObject","inLanguage":"fr-FR","@id":"https:\/\/massdekor.de\/fr\/produkt\/plisse-sans-percage-a-coller\/#primaryimage","url":"https:\/\/massdekor.de\/wp-content\/uploads\/2025\/01\/Abelia-01-scaled.jpg","contentUrl":"https:\/\/massdekor.de\/wp-content\/uploads\/2025\/01\/Abelia-01-scaled.jpg","width":1707,"height":2560},{"@type":"BreadcrumbList","@id":"https:\/\/massdekor.de\/fr\/produkt\/plisse-sans-percage-a-coller\/#breadcrumb","itemListElement":[{"@type":"ListItem","position":1,"name":"Startseite","item":"https:\/\/massdekor.de\/fr\/"},{"@type":"ListItem","position":2,"name":"Boutique","item":"https:\/\/massdekor.de\/fr\/boutique\/"},{"@type":"ListItem","position":3,"name":"Pliss\u00e9 sans per\u00e7age &#8211; \u00e0 coller"}]},{"@type":"WebSite","@id":"https:\/\/massdekor.de\/fr\/#website","url":"https:\/\/massdekor.de\/fr\/","name":"Mass Dekor","description":"","potentialAction":[{"@type":"SearchAction","target":{"@type":"EntryPoint","urlTemplate":"https:\/\/massdekor.de\/fr\/?s={search_term_string}"},"query-input":{"@type":"PropertyValueSpecification","valueRequired":true,"valueName":"search_term_string"}}],"inLanguage":"fr-FR"}]}},"_links":{"self":[{"href":"https:\/\/massdekor.de\/fr\/wp-json\/wp\/v2\/product\/16544","targetHints":{"allow":["GET"]}}],"collection":[{"href":"https:\/\/massdekor.de\/fr\/wp-json\/wp\/v2\/product"}],"about":[{"href":"https:\/\/massdekor.de\/fr\/wp-json\/wp\/v2\/types\/product"}],"replies":[{"embeddable":true,"href":"https:\/\/massdekor.de\/fr\/wp-json\/wp\/v2\/comments?post=16544"}],"version-history":[{"count":6,"href":"https:\/\/massdekor.de\/fr\/wp-json\/wp\/v2\/product\/16544\/revisions"}],"predecessor-version":[{"id":17319,"href":"https:\/\/massdekor.de\/fr\/wp-json\/wp\/v2\/product\/16544\/revisions\/17319"}],"wp:featuredmedia":[{"embeddable":true,"href":"https:\/\/massdekor.de\/fr\/wp-json\/wp\/v2\/media\/15048"}],"wp:attachment":[{"href":"https:\/\/massdekor.de\/fr\/wp-json\/wp\/v2\/media?parent=16544"}],"wp:term":[{"taxonomy":"product_brand","embeddable":true,"href":"https:\/\/massdekor.de\/fr\/wp-json\/wp\/v2\/product_brand?post=16544"},{"taxonomy":"product_cat","embeddable":true,"href":"https:\/\/massdekor.de\/fr\/wp-json\/wp\/v2\/product_cat?post=16544"},{"taxonomy":"product_tag","embeddable":true,"href":"https:\/\/massdekor.de\/fr\/wp-json\/wp\/v2\/product_tag?post=16544"}],"curies":[{"name":"wp","href":"https:\/\/api.w.org\/{rel}","templated":true}]}}