{"id":16640,"date":"2025-02-06T12:32:14","date_gmt":"2025-02-06T11:32:14","guid":{"rendered":"https:\/\/massdekor.de\/produkt\/persiana-plisada-sin-taladrar-para-pegar\/"},"modified":"2026-03-07T19:36:34","modified_gmt":"2026-03-07T18:36:34","slug":"persiana-plisada-sin-taladrar-para-pegar","status":"publish","type":"product","link":"https:\/\/massdekor.de\/es\/produkt\/persiana-plisada-sin-taladrar-para-pegar\/","title":{"rendered":"Persiana plisada sin taladrar &#8211; para pegar"},"content":{"rendered":"\t\t<div data-elementor-type=\"product-post\" data-elementor-id=\"16640\" class=\"elementor elementor-16640 elementor-15017\" data-elementor-post-type=\"product\">\n\t\t\t\t\t\t<section class=\"penci-section penci-disSticky penci-structure-10 elementor-section elementor-top-section elementor-element elementor-element-2ae5b79b elementor-section-boxed elementor-section-height-default elementor-section-height-default\" data-id=\"2ae5b79b\" data-element_type=\"section\" data-e-type=\"section\" id=\"productBlind\">\n\t\t\t\t\t\t<div class=\"elementor-container elementor-column-gap-default\">\n\t\t\t\t\t<div class=\"penci-ercol-100 penci-ercol-order-1 penci-sticky-ct    elementor-column elementor-col-100 elementor-top-column elementor-element elementor-element-60255acc\" data-id=\"60255acc\" data-element_type=\"column\" data-e-type=\"column\">\n\t\t\t<div class=\"elementor-widget-wrap elementor-element-populated\">\n\t\t\t\t\t\t<div class=\"elementor-element elementor-element-4d7f1a9d elementor-widget elementor-widget-text-editor\" data-id=\"4d7f1a9d\" data-element_type=\"widget\" data-e-type=\"widget\" data-widget_type=\"text-editor.default\">\n\t\t\t\t<div class=\"elementor-widget-container\">\n\t\t\t\t\t\t\t\t\t<hr>\n\n-Instrucciones de medici\u00f3n y montaje: <a href=\"https:\/\/www.youtube.com\/watch?v=JoyOxE9irGg\" target=\"_blank\" rel=\"noopener\"><span style=\"color: #ff9900;\">V\u00eddeo <strong>paso a paso<\/strong> <span style=\"color: #000000;\"><strong>\u21b5<\/strong><\/span><\/span><\/a>\n\n-Instrucciones de medici\u00f3n: <span style=\"color: #ff9900;\"><a href=\"https:\/\/massdekor.de\/wp-content\/uploads\/2025\/01\/Plisse-mass-dekor%C2%AE.jpg\" target=\"_blank\" rel=\"noopener\"><span style=\"color: #ff9900;\">Instrucciones detalladas en<strong> PDF<\/strong><\/span>  <\/a><strong><span style=\"color: #000000;\">\u21b5 <\/span><\/strong><\/span> \n<div class=\"flex max-w-full flex-col flex-grow\">\n<div class=\"min-h-8 text-message flex w-full flex-col items-end gap-2 whitespace-normal break-words text-start [.text-message+&amp;]:mt-5\" dir=\"auto\" data-message-author-role=\"assistant\" data-message-id=\"9f5cb66f-9cd2-4622-a432-ed525439eb7f\" data-message-model-slug=\"gpt-4o\">\n<div class=\"flex w-full flex-col gap-1 empty:hidden first:pt-[3px]\">\n<div class=\"markdown prose w-full break-words dark:prose-invert light\">\n\n<strong><span style=\"color: #ff9900;\"> <a style=\"color: #ff9900;\" href=\"https:\/\/massdekor.de\/wp-content\/uploads\/2025\/01\/WhatsApp-Image-2025-01-27-at-22.16.16.jpeg\" target=\"_blank\" rel=\"noopener\">Detalle de aluminio<\/a><\/span>Figura <a style=\"color: #ff9900;\" href=\"https:\/\/massdekor.de\/wp-content\/uploads\/2025\/01\/WhatsApp-Image-2025-01-27-at-22.16.15-1.jpeg\" target=\"_blank\" rel=\"noopener\">1 <span style=\"color: #000000;\">\u21b5<\/span> &#8211; DetalleFigura 2 <span style=\"color: #000000;\">\u21b5<\/span><\/a><\/strong>\n\n<hr>\n\nInstalaci\u00f3n sin herramientas directamente en la superficie del cristal o en el marco de la puerta o ventana sin da\u00f1ar el perfil de la ventana. Dise\u00f1o discreto para una privacidad \u00f3ptima. \n\n<\/div>\n<\/div>\n<\/div>\n<\/div>\nPropiedades:\n\n-Personalizado para un ajuste perfecto\n\n-F\u00e1cil montaje sin herramientas\n\n-Sin taladrar -protecci\u00f3n para el perfil de la ventana\n\n-F\u00e1cil de limpiar, se puede limpiar con un pa\u00f1o h\u00famedo\n\nDetalles del producto:\n\n-Robustos perfiles de aluminio\n\n-Tejido de poli\u00e9ster de alta calidad para protecci\u00f3n de la visi\u00f3n diurna y nocturna\n\n-Transparente en colores modernos\n\n&nbsp;\t\t\t\t\t\t\t\t<\/div>\n\t\t\t\t<\/div>\n\t\t\t\t\t<\/div>\n\t\t<\/div>\n\t\t\t\t\t<\/div>\n\t\t<\/section>\n\t\t\t\t<\/div>\n\t\t","protected":false},"excerpt":{"rendered":"<p>-Instrucciones de medici\u00f3n y montaje: <a href=\"https:\/\/www.youtube.com\/watch?v=JoyOxE9irGg\" target=\"_blank\" rel=\"noopener\"><span style=\"color: #ff9900;\">V\u00eddeo <strong>paso a paso<\/strong> <span style=\"color: #000000;\"><strong>\u21b5<\/strong><\/span><\/span><\/a><\/p>\n<p>-Instrucciones de medici\u00f3n: <span style=\"color: #ff9900;\"><a href=\"https:\/\/massdekor.de\/wp-content\/uploads\/2025\/01\/Plisse-mass-dekor%C2%AE.jpg\" target=\"_blank\" rel=\"noopener\">Instrucciones detalladas en<strong> PDF<\/strong> <\/a><strong><span style=\"color: #000000;\">\u21b5 <\/span><\/strong><\/span><\/p>\n<div class=\"flex max-w-full flex-col flex-grow\">\n<div class=\"min-h-8 text-message flex w-full flex-col items-end gap-2 whitespace-normal break-words text-start [.text-message+&amp;]:mt-5\" dir=\"auto\" data-message-author-role=\"assistant\" data-message-id=\"9f5cb66f-9cd2-4622-a432-ed525439eb7f\" data-message-model-slug=\"gpt-4o\">\n<div class=\"flex w-full flex-col gap-1 empty:hidden first:pt-[3px]\">\n<div class=\"markdown prose w-full break-words dark:prose-invert light\">\n<p><strong><a href=\"https:\/\/massdekor.de\/wp-content\/uploads\/2025\/01\/WhatsApp-Image-2025-01-27-at-22.16.16.jpeg\" target=\"_blank\" rel=\"noopener\"><span style=\"color: #ff9900;\"> Detalle del aluminioImagen 1<\/span><\/a> <a style=\"color: #ff9900;\" href=\"https:\/\/massdekor.de\/wp-content\/uploads\/2025\/01\/WhatsApp-Image-2025-01-27-at-22.16.15-1.jpeg\" target=\"_blank\" rel=\"noopener\">\u00a0\u00a0<span style=\"color: #000000;\">\u21b5<\/span> &#8211; DetalleImagen 2 <span style=\"color: #000000;\">\u21b5<\/span><\/a><\/strong><\/p>\n<\/div>\n<\/div>\n<\/div>\n<\/div>\n<p>Instalaci\u00f3n sin herramientas directamente en la superficie del cristal o en el marco de la puerta o ventana sin da\u00f1ar el perfil de la ventana. Dise\u00f1o discreto para una privacidad \u00f3ptima.<\/p>\n<p>Propiedades:<\/p>\n<p>-Personalizado para un ajuste perfecto<\/p>\n<p>-F\u00e1cil montaje <strong>sin herramientas<\/strong><\/p>\n<p>-Sin<strong>taladrar<\/strong> -protecci\u00f3n para el perfil de la ventana<\/p>\n<p>-F\u00e1cil de limpiar, se puede limpiar con un pa\u00f1o h\u00famedo<\/p>\n<p>Detalles del producto:<\/p>\n<p>-Robustos perfiles de aluminio<\/p>\n<p>-Tejido de poli\u00e9ster de alta calidad para protecci\u00f3n de la visi\u00f3n diurna y nocturna<\/p>\n<p>-Transparente en colores modernos<\/p>\n<p>-La anchura m\u00e1xima es de <strong>1000 mm<\/strong>. Si desea pedir una anchura de <strong>1200 mm<\/strong> o m\u00e1s, le recomendamos dividir la medida en dos y realizar <strong>dos pedidos separados<\/strong>. Por ejemplo, para <strong>1200 mm<\/strong>, puede pedir <strong>2 x 600 mm<\/strong>.<\/p>\n<p>-La altura m\u00e1xima disponible para pedidos es de <strong>2500 mm<\/strong>.<\/p>\n<p><strong>Nota:<\/strong> Hemos mantenido intencionadamente nuestros precios muy bajos para ofrecer una opci\u00f3n para cada presupuesto. Nuestro objetivo es proporcionar productos de alta calidad a precios accesibles, espec\u00edficamente para nuestros seguidores.<\/p>\n<p>Nuestra experiencia con el producto comenz\u00f3 hace tres a\u00f1os cuando pedimos estores plisados para nuestra empresa. Como quedamos muy satisfechos con la calidad, decidimos revender este producto con un margen m\u00ednimo.<\/p>\n<p data-start=\"49\" data-end=\"71\"><strong data-start=\"49\" data-end=\"71\">Notas importantes:<\/strong><\/p>\n<p data-start=\"73\" data-end=\"604\">Los hilos en la puerta o ventana en el lado sur deben ajustarse siempre a la configuraci\u00f3n m\u00e1s floja. (Para puertas o ventanas en el lado sur, recomendamos medir directamente el marco de la puerta o ventana en lugar del cristal y realizar el pedido en funci\u00f3n de eso.) De este modo, se evita que el adhesivo se sobrecargue y se elimina la probabilidad de que el adhesivo se caiga. Adem\u00e1s, la zona donde se aplicar\u00e1 el refuerzo de adhesivo debe limpiarse y luego aplicarse el refuerzo de adhesivo para asegurar una mayor adherencia.<\/p>\n<p data-start=\"606\" data-end=\"779\" data-is-last-node=\"\" data-is-only-node=\"\">Si los hilos del estor plisado est\u00e1n demasiado flojos, puedes usar este estor plisado durante mucho tiempo sin problemas.<br data-start=\"727\" data-end=\"730\" \/>El refuerzo de adhesivo se incluye con tu pedido.<\/p>\n","protected":false},"featured_media":16641,"comment_status":"open","ping_status":"closed","template":"","meta":[],"product_brand":[],"product_cat":[868],"product_tag":[],"class_list":{"0":"post-16640","1":"product","2":"type-product","3":"status-publish","4":"has-post-thumbnail","6":"product_cat-plissee-es","7":"product_shipping_class-versand-m-es","9":"first","10":"instock","11":"taxable","12":"shipping-taxable","13":"purchasable","14":"product-type-variable","15":"has-default-attributes"},"gallery_images":[],"yoast_head":"<!-- This site is optimized with the Yoast SEO Premium plugin v24.6 (Yoast SEO v27.3) - https:\/\/yoast.com\/product\/yoast-seo-premium-wordpress\/ -->\n<title>Persiana plisada sin taladrar - para pegar - Mass Dekor<\/title>\n<meta name=\"robots\" content=\"index, follow, max-snippet:-1, max-image-preview:large, max-video-preview:-1\" \/>\n<link rel=\"canonical\" href=\"https:\/\/massdekor.de\/es\/produkt\/persiana-plisada-sin-taladrar-para-pegar\/\" \/>\n<meta property=\"og:locale\" content=\"es_ES\" \/>\n<meta property=\"og:type\" content=\"article\" \/>\n<meta property=\"og:title\" content=\"Persiana plisada sin taladrar - para pegar\" \/>\n<meta property=\"og:description\" content=\"-Instrucciones de medici\u00f3n y montaje: V\u00eddeo paso a paso \u21b5  -Instrucciones de medici\u00f3n: Instrucciones detalladas en PDF \u21b5       Detalle del aluminioImagen 1 \u00a0\u00a0\u21b5 - DetalleImagen 2 \u21b5      Instalaci\u00f3n sin herramientas directamente en la superficie del cristal o en el marco de la puerta o ventana sin da\u00f1ar el perfil de la ventana. Dise\u00f1o discreto para una privacidad \u00f3ptima.  Propiedades:  -Personalizado para un ajuste perfecto  -F\u00e1cil montaje sin herramientas  -Sintaladrar -protecci\u00f3n para el perfil de la ventana  -F\u00e1cil de limpiar, se puede limpiar con un pa\u00f1o h\u00famedo  Detalles del producto:  -Robustos perfiles de aluminio  -Tejido de poli\u00e9ster de alta calidad para protecci\u00f3n de la visi\u00f3n diurna y nocturna  -Transparente en colores modernos  -La anchura m\u00e1xima es de 1000 mm. Si desea pedir una anchura de 1200 mm o m\u00e1s, le recomendamos dividir la medida en dos y realizar dos pedidos separados. Por ejemplo, para 1200 mm, puede pedir 2 x 600 mm.  -La altura m\u00e1xima disponible para pedidos es de 2500 mm.  Nota: Hemos mantenido intencionadamente nuestros precios muy bajos para ofrecer una opci\u00f3n para cada presupuesto. Nuestro objetivo es proporcionar productos de alta calidad a precios accesibles, espec\u00edficamente para nuestros seguidores.  Nuestra experiencia con el producto comenz\u00f3 hace tres a\u00f1os cuando pedimos estores plisados para nuestra empresa. Como quedamos muy satisfechos con la calidad, decidimos revender este producto con un margen m\u00ednimo. Notas importantes: Los hilos en la puerta o ventana en el lado sur deben ajustarse siempre a la configuraci\u00f3n m\u00e1s floja. (Para puertas o ventanas en el lado sur, recomendamos medir directamente el marco de la puerta o ventana en lugar del cristal y realizar el pedido en funci\u00f3n de eso.) De este modo, se evita que el adhesivo se sobrecargue y se elimina la probabilidad de que el adhesivo se caiga. Adem\u00e1s, la zona donde se aplicar\u00e1 el refuerzo de adhesivo debe limpiarse y luego aplicarse el refuerzo de adhesivo para asegurar una mayor adherencia. Si los hilos del estor plisado est\u00e1n demasiado flojos, puedes usar este estor plisado durante mucho tiempo sin problemas.El refuerzo de adhesivo se incluye con tu pedido.\" \/>\n<meta property=\"og:url\" content=\"https:\/\/massdekor.de\/es\/produkt\/persiana-plisada-sin-taladrar-para-pegar\/\" \/>\n<meta property=\"og:site_name\" content=\"Mass Dekor\" \/>\n<meta property=\"article:publisher\" content=\"https:\/\/www.facebook.com\/Massdekor.de\" \/>\n<meta property=\"article:modified_time\" content=\"2026-03-07T18:36:34+00:00\" \/>\n<meta property=\"og:image\" content=\"https:\/\/massdekor.de\/wp-content\/uploads\/2025\/01\/Abelia-01-scaled.jpg\" \/>\n\t<meta property=\"og:image:width\" content=\"1707\" \/>\n\t<meta property=\"og:image:height\" content=\"2560\" \/>\n\t<meta property=\"og:image:type\" content=\"image\/jpeg\" \/>\n<meta name=\"twitter:card\" content=\"summary_large_image\" \/>\n<meta name=\"twitter:label1\" content=\"Tiempo de lectura\" \/>\n\t<meta name=\"twitter:data1\" content=\"1 minuto\" \/>\n<script type=\"application\/ld+json\" class=\"yoast-schema-graph\">{\"@context\":\"https:\\\/\\\/schema.org\",\"@graph\":[{\"@type\":\"WebPage\",\"@id\":\"https:\\\/\\\/massdekor.de\\\/es\\\/produkt\\\/persiana-plisada-sin-taladrar-para-pegar\\\/\",\"url\":\"https:\\\/\\\/massdekor.de\\\/es\\\/produkt\\\/persiana-plisada-sin-taladrar-para-pegar\\\/\",\"name\":\"Persiana plisada sin taladrar - para pegar - Mass Dekor\",\"isPartOf\":{\"@id\":\"https:\\\/\\\/massdekor.de\\\/es\\\/#website\"},\"primaryImageOfPage\":{\"@id\":\"https:\\\/\\\/massdekor.de\\\/es\\\/produkt\\\/persiana-plisada-sin-taladrar-para-pegar\\\/#primaryimage\"},\"image\":{\"@id\":\"https:\\\/\\\/massdekor.de\\\/es\\\/produkt\\\/persiana-plisada-sin-taladrar-para-pegar\\\/#primaryimage\"},\"thumbnailUrl\":\"https:\\\/\\\/massdekor.de\\\/wp-content\\\/uploads\\\/2025\\\/01\\\/Abelia-01-scaled.jpg\",\"datePublished\":\"2025-02-06T11:32:14+00:00\",\"dateModified\":\"2026-03-07T18:36:34+00:00\",\"breadcrumb\":{\"@id\":\"https:\\\/\\\/massdekor.de\\\/es\\\/produkt\\\/persiana-plisada-sin-taladrar-para-pegar\\\/#breadcrumb\"},\"inLanguage\":\"es\",\"potentialAction\":[{\"@type\":\"ReadAction\",\"target\":[\"https:\\\/\\\/massdekor.de\\\/es\\\/produkt\\\/persiana-plisada-sin-taladrar-para-pegar\\\/\"]}]},{\"@type\":\"ImageObject\",\"inLanguage\":\"es\",\"@id\":\"https:\\\/\\\/massdekor.de\\\/es\\\/produkt\\\/persiana-plisada-sin-taladrar-para-pegar\\\/#primaryimage\",\"url\":\"https:\\\/\\\/massdekor.de\\\/wp-content\\\/uploads\\\/2025\\\/01\\\/Abelia-01-scaled.jpg\",\"contentUrl\":\"https:\\\/\\\/massdekor.de\\\/wp-content\\\/uploads\\\/2025\\\/01\\\/Abelia-01-scaled.jpg\",\"width\":1707,\"height\":2560},{\"@type\":\"BreadcrumbList\",\"@id\":\"https:\\\/\\\/massdekor.de\\\/es\\\/produkt\\\/persiana-plisada-sin-taladrar-para-pegar\\\/#breadcrumb\",\"itemListElement\":[{\"@type\":\"ListItem\",\"position\":1,\"name\":\"Startseite\",\"item\":\"https:\\\/\\\/massdekor.de\\\/es\\\/\"},{\"@type\":\"ListItem\",\"position\":2,\"name\":\"Tienda\",\"item\":\"https:\\\/\\\/massdekor.de\\\/es\\\/tienda\\\/\"},{\"@type\":\"ListItem\",\"position\":3,\"name\":\"Persiana plisada sin taladrar &#8211; para pegar\"}]},{\"@type\":\"WebSite\",\"@id\":\"https:\\\/\\\/massdekor.de\\\/es\\\/#website\",\"url\":\"https:\\\/\\\/massdekor.de\\\/es\\\/\",\"name\":\"Mass Dekor\",\"description\":\"\",\"potentialAction\":[{\"@type\":\"SearchAction\",\"target\":{\"@type\":\"EntryPoint\",\"urlTemplate\":\"https:\\\/\\\/massdekor.de\\\/es\\\/?s={search_term_string}\"},\"query-input\":{\"@type\":\"PropertyValueSpecification\",\"valueRequired\":true,\"valueName\":\"search_term_string\"}}],\"inLanguage\":\"es\"}]}<\/script>\n<!-- \/ Yoast SEO Premium plugin. -->","yoast_head_json":{"title":"Persiana plisada sin taladrar - para pegar - Mass Dekor","robots":{"index":"index","follow":"follow","max-snippet":"max-snippet:-1","max-image-preview":"max-image-preview:large","max-video-preview":"max-video-preview:-1"},"canonical":"https:\/\/massdekor.de\/es\/produkt\/persiana-plisada-sin-taladrar-para-pegar\/","og_locale":"es_ES","og_type":"article","og_title":"Persiana plisada sin taladrar - para pegar","og_description":"-Instrucciones de medici\u00f3n y montaje: V\u00eddeo paso a paso \u21b5  -Instrucciones de medici\u00f3n: Instrucciones detalladas en PDF \u21b5       Detalle del aluminioImagen 1 \u00a0\u00a0\u21b5 - DetalleImagen 2 \u21b5      Instalaci\u00f3n sin herramientas directamente en la superficie del cristal o en el marco de la puerta o ventana sin da\u00f1ar el perfil de la ventana. Dise\u00f1o discreto para una privacidad \u00f3ptima.  Propiedades:  -Personalizado para un ajuste perfecto  -F\u00e1cil montaje sin herramientas  -Sintaladrar -protecci\u00f3n para el perfil de la ventana  -F\u00e1cil de limpiar, se puede limpiar con un pa\u00f1o h\u00famedo  Detalles del producto:  -Robustos perfiles de aluminio  -Tejido de poli\u00e9ster de alta calidad para protecci\u00f3n de la visi\u00f3n diurna y nocturna  -Transparente en colores modernos  -La anchura m\u00e1xima es de 1000 mm. Si desea pedir una anchura de 1200 mm o m\u00e1s, le recomendamos dividir la medida en dos y realizar dos pedidos separados. Por ejemplo, para 1200 mm, puede pedir 2 x 600 mm.  -La altura m\u00e1xima disponible para pedidos es de 2500 mm.  Nota: Hemos mantenido intencionadamente nuestros precios muy bajos para ofrecer una opci\u00f3n para cada presupuesto. Nuestro objetivo es proporcionar productos de alta calidad a precios accesibles, espec\u00edficamente para nuestros seguidores.  Nuestra experiencia con el producto comenz\u00f3 hace tres a\u00f1os cuando pedimos estores plisados para nuestra empresa. Como quedamos muy satisfechos con la calidad, decidimos revender este producto con un margen m\u00ednimo. Notas importantes: Los hilos en la puerta o ventana en el lado sur deben ajustarse siempre a la configuraci\u00f3n m\u00e1s floja. (Para puertas o ventanas en el lado sur, recomendamos medir directamente el marco de la puerta o ventana en lugar del cristal y realizar el pedido en funci\u00f3n de eso.) De este modo, se evita que el adhesivo se sobrecargue y se elimina la probabilidad de que el adhesivo se caiga. Adem\u00e1s, la zona donde se aplicar\u00e1 el refuerzo de adhesivo debe limpiarse y luego aplicarse el refuerzo de adhesivo para asegurar una mayor adherencia. Si los hilos del estor plisado est\u00e1n demasiado flojos, puedes usar este estor plisado durante mucho tiempo sin problemas.El refuerzo de adhesivo se incluye con tu pedido.","og_url":"https:\/\/massdekor.de\/es\/produkt\/persiana-plisada-sin-taladrar-para-pegar\/","og_site_name":"Mass Dekor","article_publisher":"https:\/\/www.facebook.com\/Massdekor.de","article_modified_time":"2026-03-07T18:36:34+00:00","og_image":[{"width":1707,"height":2560,"url":"https:\/\/massdekor.de\/wp-content\/uploads\/2025\/01\/Abelia-01-scaled.jpg","type":"image\/jpeg"}],"twitter_card":"summary_large_image","twitter_misc":{"Tiempo de lectura":"1 minuto"},"schema":{"@context":"https:\/\/schema.org","@graph":[{"@type":"WebPage","@id":"https:\/\/massdekor.de\/es\/produkt\/persiana-plisada-sin-taladrar-para-pegar\/","url":"https:\/\/massdekor.de\/es\/produkt\/persiana-plisada-sin-taladrar-para-pegar\/","name":"Persiana plisada sin taladrar - para pegar - Mass Dekor","isPartOf":{"@id":"https:\/\/massdekor.de\/es\/#website"},"primaryImageOfPage":{"@id":"https:\/\/massdekor.de\/es\/produkt\/persiana-plisada-sin-taladrar-para-pegar\/#primaryimage"},"image":{"@id":"https:\/\/massdekor.de\/es\/produkt\/persiana-plisada-sin-taladrar-para-pegar\/#primaryimage"},"thumbnailUrl":"https:\/\/massdekor.de\/wp-content\/uploads\/2025\/01\/Abelia-01-scaled.jpg","datePublished":"2025-02-06T11:32:14+00:00","dateModified":"2026-03-07T18:36:34+00:00","breadcrumb":{"@id":"https:\/\/massdekor.de\/es\/produkt\/persiana-plisada-sin-taladrar-para-pegar\/#breadcrumb"},"inLanguage":"es","potentialAction":[{"@type":"ReadAction","target":["https:\/\/massdekor.de\/es\/produkt\/persiana-plisada-sin-taladrar-para-pegar\/"]}]},{"@type":"ImageObject","inLanguage":"es","@id":"https:\/\/massdekor.de\/es\/produkt\/persiana-plisada-sin-taladrar-para-pegar\/#primaryimage","url":"https:\/\/massdekor.de\/wp-content\/uploads\/2025\/01\/Abelia-01-scaled.jpg","contentUrl":"https:\/\/massdekor.de\/wp-content\/uploads\/2025\/01\/Abelia-01-scaled.jpg","width":1707,"height":2560},{"@type":"BreadcrumbList","@id":"https:\/\/massdekor.de\/es\/produkt\/persiana-plisada-sin-taladrar-para-pegar\/#breadcrumb","itemListElement":[{"@type":"ListItem","position":1,"name":"Startseite","item":"https:\/\/massdekor.de\/es\/"},{"@type":"ListItem","position":2,"name":"Tienda","item":"https:\/\/massdekor.de\/es\/tienda\/"},{"@type":"ListItem","position":3,"name":"Persiana plisada sin taladrar &#8211; para pegar"}]},{"@type":"WebSite","@id":"https:\/\/massdekor.de\/es\/#website","url":"https:\/\/massdekor.de\/es\/","name":"Mass Dekor","description":"","potentialAction":[{"@type":"SearchAction","target":{"@type":"EntryPoint","urlTemplate":"https:\/\/massdekor.de\/es\/?s={search_term_string}"},"query-input":{"@type":"PropertyValueSpecification","valueRequired":true,"valueName":"search_term_string"}}],"inLanguage":"es"}]}},"_links":{"self":[{"href":"https:\/\/massdekor.de\/es\/wp-json\/wp\/v2\/product\/16640","targetHints":{"allow":["GET"]}}],"collection":[{"href":"https:\/\/massdekor.de\/es\/wp-json\/wp\/v2\/product"}],"about":[{"href":"https:\/\/massdekor.de\/es\/wp-json\/wp\/v2\/types\/product"}],"replies":[{"embeddable":true,"href":"https:\/\/massdekor.de\/es\/wp-json\/wp\/v2\/comments?post=16640"}],"version-history":[{"count":10,"href":"https:\/\/massdekor.de\/es\/wp-json\/wp\/v2\/product\/16640\/revisions"}],"predecessor-version":[{"id":18348,"href":"https:\/\/massdekor.de\/es\/wp-json\/wp\/v2\/product\/16640\/revisions\/18348"}],"wp:featuredmedia":[{"embeddable":true,"href":"https:\/\/massdekor.de\/es\/wp-json\/wp\/v2\/media\/16641"}],"wp:attachment":[{"href":"https:\/\/massdekor.de\/es\/wp-json\/wp\/v2\/media?parent=16640"}],"wp:term":[{"taxonomy":"product_brand","embeddable":true,"href":"https:\/\/massdekor.de\/es\/wp-json\/wp\/v2\/product_brand?post=16640"},{"taxonomy":"product_cat","embeddable":true,"href":"https:\/\/massdekor.de\/es\/wp-json\/wp\/v2\/product_cat?post=16640"},{"taxonomy":"product_tag","embeddable":true,"href":"https:\/\/massdekor.de\/es\/wp-json\/wp\/v2\/product_tag?post=16640"}],"curies":[{"name":"wp","href":"https:\/\/api.w.org\/{rel}","templated":true}]}}