{"id":16034,"date":"2023-09-01T01:12:10","date_gmt":"2023-08-31T23:12:10","guid":{"rendered":"https:\/\/massdekor.de\/produkt\/4o-producto-malla-mosquitera-de-dos-hojas-con-pista-de-rodadura-plana\/"},"modified":"2025-05-29T00:36:19","modified_gmt":"2025-05-28T22:36:19","slug":"4-producto-malla-mosquitera-de-dos-hojas-con-pista-de-rodadura-plana","status":"publish","type":"product","link":"https:\/\/massdekor.de\/es\/produkt\/4-producto-malla-mosquitera-de-dos-hojas-con-pista-de-rodadura-plana\/","title":{"rendered":"4.producto-Malla mosquitera de dos hojas con pista de rodadura plana"},"content":{"rendered":"\t\t<div data-elementor-type=\"product-post\" data-elementor-id=\"16034\" class=\"elementor elementor-16034 elementor-2726\" data-elementor-post-type=\"product\">\n\t\t\t\t\t\t<section class=\"penci-section penci-disSticky penci-structure-10 elementor-section elementor-top-section elementor-element elementor-element-2c534ce3 elementor-section-boxed elementor-section-height-default elementor-section-height-default\" data-id=\"2c534ce3\" data-element_type=\"section\" data-e-type=\"section\" id=\"productFour\">\n\t\t\t\t\t\t<div class=\"elementor-container elementor-column-gap-default\">\n\t\t\t\t\t<div class=\"penci-ercol-100 penci-ercol-order-1 penci-sticky-ct    elementor-column elementor-col-100 elementor-top-column elementor-element elementor-element-7a98345c\" data-id=\"7a98345c\" data-element_type=\"column\" data-e-type=\"column\">\n\t\t\t<div class=\"elementor-widget-wrap elementor-element-populated\">\n\t\t\t\t\t\t<div class=\"elementor-element elementor-element-2504bc14 elementor-widget elementor-widget-text-editor\" data-id=\"2504bc14\" data-element_type=\"widget\" data-e-type=\"widget\" data-widget_type=\"text-editor.default\">\n\t\t\t\t<div class=\"elementor-widget-container\">\n\t\t\t\t\t\t\t\t\t<h3 style=\"text-align: center;\"><strong>Puertas dobles de mosquitera plisada<\/strong><\/h3>\n<hr>\n<p><strong>Antes de realizar su pedido, aseg\u00farese de visitar las p\u00e1ginas sobre <span style=\"text-decoration: underline;\"><span style=\"color: #ff0000; text-decoration: underline;\"><a class=\"sg-popup-id-5137\" style=\"color: #ff0000; text-decoration: underline;\" data-popup-id=\"5137\">instrucciones de montaje (v\u00eddeo)<\/a><\/span><\/span><\/strong><\/p>\n<p>Instrucciones de exposici\u00f3n PDF:<br \/><span style=\"color: #ff0000;\"><a style=\"color: #ff0000;\" href=\"https:\/\/massdekor.de\/wp-content\/uploads\/2024\/05\/Produkt_4_Mit_RolladenGer.pdf\" target=\"_blank\" rel=\"noopener\"><b><u>con puerta doble enrollable ( PDF )<\/u><\/b><\/a><\/span><\/p>\n<p><span style=\"color: #ff0000;\"><b><u><a style=\"color: #ff0000;\" href=\"https:\/\/massdekor.de\/wp-content\/uploads\/2024\/05\/Produkt_4_Ohne_Rolladen_Ger.pdf\" target=\"_blank\" rel=\"noopener\">  sin puerta doble enrollable ( PDF )<\/a><\/u><\/b><\/span><\/p>\n<p>Seleccione primero el color del marco. A continuaci\u00f3n, introduzca la anchura y la altura en mil\u00edmetros. <\/p>\n<hr>\n<p><strong>Detalles del producto<\/strong>:<\/p>\n<p><strong>Material<\/strong>:<\/p>\n<ul data-spread=\"false\">\n<li>\n<p>Perfil de aluminio<\/p>\n<\/li>\n<li>\n<p>Anchura: 35 mm<\/p>\n<\/li>\n<li>\n<p>Profundidad de instalaci\u00f3n: 18 mm<\/p>\n<\/li>\n<li>\n<p>Malla Fibra de vidrio<\/p>\n<\/li>\n<\/ul>\n<p><strong>Instrucciones de montaje<\/strong>:<\/p>\n<ul data-spread=\"false\">\n<li>\n<p>Si hay un hueco de m\u00e1s de 20 mm entre las persianas enrollables, la mosquitera plisada puede instalarse entre ellas.<\/p>\n<\/li>\n<li>\n<p>Si la distancia es inferior a 20 mm, se monta en los ra\u00edles de la persiana. En este caso, el tope debe acortarse o girarse. <\/p>\n<\/li>\n<li>\n<p>Adecuado para puertas dobles de dos hojas.<\/p>\n<\/li>\n<li>\n<p>Opciones de montaje:<\/p>\n<ul data-spread=\"false\">\n<li>\n<p>Conexi\u00f3n atornillada en las cuatro esquinas (recomendado)<\/p>\n<\/li>\n<li>\n<p>Fijaci\u00f3n con cinta adhesiva de doble cara<\/p>\n<\/li>\n<\/ul>\n<\/li>\n<\/ul>\n<p><strong>Dimensiones y personalizaci\u00f3n:<\/strong><\/p>\n<ul data-spread=\"false\">\n<li>\n<p>Se miden las dimensiones de la luz.<\/p>\n<\/li>\n<li>\n<p>La anchura del perfil de +35 mm se a\u00f1ade a la altura.<\/p>\n<\/li>\n<li>\n<p>Se a\u00f1ade un total de 70 mm (35 mm + 35 mm) a la anchura.<\/p>\n<\/li>\n<li>\n<p>Si la anchura y la altura son ambas inferiores a 70 mm, se utilizan la anchura y la altura existentes.<\/p>\n<\/li>\n<li>\n<p>Se acepta una tolerancia de 10 mm para la altura y la anchura.<\/p>\n<\/li>\n<li>\n<p>Hay un ra\u00edl de 10 mm de altura en la parte inferior, que puede ampliarse con una rampa si es necesario.<\/p>\n<\/li>\n<\/ul>\n<p><strong>Caracter\u00edsticas del producto:<\/strong><\/p>\n<ul>\n<li>\n<p>Muy alta calidad &#8211; resistente a la tensi\u00f3n y al desgaste.<\/p>\n<\/li>\n<li>\n<p>Marco de aluminio de alta calidad.<\/p>\n<\/li>\n<li>\n<p>Compatible con puertas de madera, puertas de hierro y puertas de pl\u00e1stico.<\/p>\n<\/li>\n<li>\n<p>Apertura y cierre suaves gracias al sistema de rodillos de alta calidad.<\/p>\n<\/li>\n<li>\n<p>F\u00e1cil instalaci\u00f3n y limpieza.<\/p>\n<\/li>\n<li>\n<p>Protecci\u00f3n eficaz contra moscas, mosquitos, insectos y alima\u00f1as.<\/p>\n<\/li>\n<li>\n<p>Garantiza un aire fresco y una circulaci\u00f3n de aire \u00f3ptima para el hogar y el lugar de trabajo.<\/p>\n<\/li>\n<li><strong>Opciones de montaje<\/strong>:<\/li>\n<li>\n<p>Uni\u00f3n atornillada en las cuatro esquinas.<\/p>\n<\/li>\n<li>\n<p>Como alternativa, puede utilizarse cinta adhesiva de doble cara<\/p>\n<\/li>\n<\/ul>\n\t\t\t\t\t\t\t\t<\/div>\n\t\t\t\t<\/div>\n\t\t\t\t\t<\/div>\n\t\t<\/div>\n\t\t\t\t\t<\/div>\n\t\t<\/section>\n\t\t\t\t<\/div>\n\t\t","protected":false},"excerpt":{"rendered":"<div class=\"delivery-text-box\"><\/div>\n<hr \/>\n<p>Para calcular el precio, primero seleccione el color, luego seleccione la tela y finalmente ingrese la medida<strong><span style=\"color: #ff9900;\"> en mil\u00edmetros (mm)<\/span><\/strong>.<\/p>\n<p><span style=\"color: #ff9900;\"><span style=\"color: #000000;\">Antes<\/span><span style=\"color: #000000;\"> de realizar su pedido, aseg\u00farese de visitar las<\/span> <strong><span style=\"color: #ff9900;\"><a style=\"color: #ff9900;\" href=\"https:\/\/www.youtube.com\/watch?v=16Hv2E3CA-A&amp;t=52s\" target=\"_blank\" rel=\"noopener\"> instrucciones de montaje (VIDEO)<\/a><\/span><\/strong><span style=\"color: #000000;\">. <strong>\u21b5<br \/>\n<\/strong>C\u00f3mo medir una puerta de terraza con persiana<strong> \u2013 <span style=\"color: #ff9900;\"><a style=\"color: #ff9900;\" href=\"https:\/\/www.youtube.com\/watch?v=00oB6NbL61Q\" target=\"_blank\" rel=\"noopener\">Tutorial en video \u21b5<\/a><\/span><br \/>\n<\/strong>Dimensiones del producto:<strong><a href=\"https:\/\/www.youtube.com\/watch?v=_P9lNs7X-pM\" target=\"_blank\" rel=\"noopener\"><span style=\"color: #ff9900;\"> Dise\u00f1o delgado con gu\u00eda plana, sin umbral. Video<\/span><\/a> \u21b5<br \/>\n<\/strong><\/span><\/span><\/p>\n<p>Instrucciones de medici\u00f3n en PDF con persiana enrollable para puertas dobles =&gt;<span style=\"color: #ff9900;\"><a style=\"color: #ff9900;\" href=\"https:\/\/massdekor.de\/wp-content\/uploads\/2024\/07\/Producto_4_con-persiana-enrollableSpain.pdf\" target=\"_blank\" rel=\"noopener\"><b><u>PDF<\/u><\/b><\/a><\/span><strong>\u21b5<\/strong><\/p>\n<p>Instrucciones de medici\u00f3n en PDF sin persiana enrollable para puertas dobles =&gt;<span style=\"color: #ff0000;\"><span style=\"color: #ff9900;\"><a style=\"color: #ff9900;\" href=\"https:\/\/massdekor.de\/wp-content\/uploads\/2024\/07\/Producto_4_sin-persianas-enrollablesSpain.pdf\" target=\"_blank\" rel=\"noopener\"><b><u>PDF <\/u><\/b><\/a><\/span><\/span><span style=\"color: #000000;\"><b><u><\/u><\/b><a style=\"color: #000000;\" href=\"https:\/\/massdekor.de\/wp-content\/uploads\/2024\/07\/Producto_4_sin-persianas-enrollablesSpain.pdf\" target=\"_blank\" rel=\"noopener\"><b><u>\u21b5<\/u><\/b><\/a><\/span><\/p>\n<hr \/>\n<ul>\n<li>Perfil de aluminio: Ancho <strong>35 mm<\/strong> &#8211; Profundidad de instalaci\u00f3n <strong>18 mm<\/strong> &#8211; Gu\u00eda de deslizamiento plana de <strong>10 mm<\/strong><\/li>\n<li>Para<strong> puertas dobles<\/strong><\/li>\n<li>Malla normal: <span style=\"color: #ff9900;\"><strong><a class=\"sg-popup-id-5670\" style=\"color: #ff9900;\">(imagen) <span style=\"color: #000000;\">\u21b5<\/span><\/a><\/strong><\/span><\/li>\n<li>Malla con protecci\u00f3n para gatos y ratones:<span style=\"color: #ff9900;\"><strong> <a class=\"sg-popup-id-5666\" style=\"color: #ff9900;\">(imagen) <span style=\"color: #000000;\">\u21b5<\/span><br \/>\n<\/a><\/strong><\/span><\/li>\n<li>Para puerta sin umbral <a href=\"https:\/\/massdekor.de\/wp-content\/uploads\/2025\/01\/ohne-schwelle-neu-2.png-scaled.jpg\" target=\"_blank\" rel=\"noopener\"><span style=\"color: #ff9900;\"><strong>( Imagen ) <span style=\"color: #000000;\">\u21b5<\/span><\/strong><\/span><\/a><\/li>\n<li><span style=\"color: #ff9900;\"><a style=\"color: #ff9900;\"><strong class=\"pop-up\">Rampa<\/strong>:<strong><span style=\"color: #000000;\">\u21b5<\/span><\/strong><\/a> <\/span>Facilita la entrada y salida de la casa con cochecitos de beb\u00e9 y sillas de ruedas.<\/li>\n<\/ul>\n<p>*El color est\u00e1ndar de la tela es <strong>antracita<\/strong>.<\/p>\n<p style=\"text-align: right;\"><strong>Con MASS DEKOR \u00ae\ufe0f Mosquitera<\/strong> <strong>\u00a1F\u00e1cil de pedir, f\u00e1cil de instalar, protecci\u00f3n efectiva!<\/strong> <strong>Sin mosquitos, sin preocupaciones<\/strong><\/p>\n","protected":false},"featured_media":16042,"comment_status":"closed","ping_status":"closed","template":"","meta":[],"product_brand":[],"product_cat":[560,557,549],"product_tag":[],"class_list":{"0":"post-16034","1":"product","2":"type-product","3":"status-publish","4":"has-post-thumbnail","6":"product_cat-dos-alas","7":"product_cat-marcos-de-puertas-y-ventanas","8":"product_cat-proteccion-contra-insectos","9":"product_shipping_class-envio","10":"pa_my-colors-caoba","11":"pa_my-colors-gris-cuarzo-ral-7039","12":"pa_my-colors-negro-ral-9005","13":"pa_my-colors-ral-7016-antracita","14":"pa_my-colors-ral-8016-marron-oscuro","15":"pa_my-colors-ral-9006-es","16":"pa_my-colors-ral-9016-blanco","17":"pa_my-colors-roble-dorado","19":"first","20":"instock","21":"sale","22":"taxable","23":"shipping-taxable","24":"purchasable","25":"product-type-variable","26":"has-default-attributes"},"gallery_images":[13917],"yoast_head":"<!-- This site is optimized with the Yoast SEO Premium plugin v24.6 (Yoast SEO v27.3) - https:\/\/yoast.com\/product\/yoast-seo-premium-wordpress\/ -->\n<title>4.producto-Malla mosquitera de dos hojas con pista de rodadura plana - Mass Dekor<\/title>\n<meta name=\"robots\" content=\"index, follow, max-snippet:-1, max-image-preview:large, max-video-preview:-1\" \/>\n<link rel=\"canonical\" href=\"https:\/\/massdekor.de\/es\/produkt\/4-producto-malla-mosquitera-de-dos-hojas-con-pista-de-rodadura-plana\/\" \/>\n<meta property=\"og:locale\" content=\"es_ES\" \/>\n<meta property=\"og:type\" content=\"article\" \/>\n<meta property=\"og:title\" content=\"4.producto-Malla mosquitera de dos hojas con pista de rodadura plana\" \/>\n<meta property=\"og:description\" content=\"Para calcular el precio, primero seleccione el color, luego seleccione la tela y finalmente ingrese la medida en mil\u00edmetros (mm).  Antes de realizar su pedido, aseg\u00farese de visitar las instrucciones de montaje (VIDEO). \u21b5 C\u00f3mo medir una puerta de terraza con persiana \u2013 Tutorial en video \u21b5 Dimensiones del producto: Dise\u00f1o delgado con gu\u00eda plana, sin umbral. Video \u21b5   Instrucciones de medici\u00f3n en PDF con persiana enrollable para puertas dobles =&gt;PDF\u21b5  Instrucciones de medici\u00f3n en PDF sin persiana enrollable para puertas dobles =&gt;PDF \u21b5      Perfil de aluminio: Ancho 35 mm - Profundidad de instalaci\u00f3n 18 mm - Gu\u00eda de deslizamiento plana de 10 mm  Para puertas dobles  Malla normal: (imagen) \u21b5  Malla con protecci\u00f3n para gatos y ratones: (imagen) \u21b5   Para puerta sin umbral ( Imagen ) \u21b5  Rampa:\u21b5 Facilita la entrada y salida de la casa con cochecitos de beb\u00e9 y sillas de ruedas.  *El color est\u00e1ndar de la tela es antracita. Con MASS DEKOR \u00ae\ufe0f Mosquitera \u00a1F\u00e1cil de pedir, f\u00e1cil de instalar, protecci\u00f3n efectiva! Sin mosquitos, sin preocupaciones\" \/>\n<meta property=\"og:url\" content=\"https:\/\/massdekor.de\/es\/produkt\/4-producto-malla-mosquitera-de-dos-hojas-con-pista-de-rodadura-plana\/\" \/>\n<meta property=\"og:site_name\" content=\"Mass Dekor\" \/>\n<meta property=\"article:publisher\" content=\"https:\/\/www.facebook.com\/Massdekor.de\" \/>\n<meta property=\"article:modified_time\" content=\"2025-05-28T22:36:19+00:00\" \/>\n<meta property=\"og:image\" content=\"https:\/\/massdekor.de\/wp-content\/uploads\/2024\/10\/9016_0001.jpg\" \/>\n\t<meta property=\"og:image:width\" content=\"1250\" \/>\n\t<meta property=\"og:image:height\" content=\"1250\" \/>\n\t<meta property=\"og:image:type\" content=\"image\/jpeg\" \/>\n<meta name=\"twitter:card\" content=\"summary_large_image\" \/>\n<meta name=\"twitter:label1\" content=\"Tiempo de lectura\" \/>\n\t<meta name=\"twitter:data1\" content=\"2 minutos\" \/>\n<script type=\"application\/ld+json\" class=\"yoast-schema-graph\">{\"@context\":\"https:\\\/\\\/schema.org\",\"@graph\":[{\"@type\":\"WebPage\",\"@id\":\"https:\\\/\\\/massdekor.de\\\/es\\\/produkt\\\/4-producto-malla-mosquitera-de-dos-hojas-con-pista-de-rodadura-plana\\\/\",\"url\":\"https:\\\/\\\/massdekor.de\\\/es\\\/produkt\\\/4-producto-malla-mosquitera-de-dos-hojas-con-pista-de-rodadura-plana\\\/\",\"name\":\"4.producto-Malla mosquitera de dos hojas con pista de rodadura plana - Mass Dekor\",\"isPartOf\":{\"@id\":\"https:\\\/\\\/massdekor.de\\\/es\\\/#website\"},\"primaryImageOfPage\":{\"@id\":\"https:\\\/\\\/massdekor.de\\\/es\\\/produkt\\\/4-producto-malla-mosquitera-de-dos-hojas-con-pista-de-rodadura-plana\\\/#primaryimage\"},\"image\":{\"@id\":\"https:\\\/\\\/massdekor.de\\\/es\\\/produkt\\\/4-producto-malla-mosquitera-de-dos-hojas-con-pista-de-rodadura-plana\\\/#primaryimage\"},\"thumbnailUrl\":\"https:\\\/\\\/massdekor.de\\\/wp-content\\\/uploads\\\/2024\\\/10\\\/9016_0001.jpg\",\"datePublished\":\"2023-08-31T23:12:10+00:00\",\"dateModified\":\"2025-05-28T22:36:19+00:00\",\"breadcrumb\":{\"@id\":\"https:\\\/\\\/massdekor.de\\\/es\\\/produkt\\\/4-producto-malla-mosquitera-de-dos-hojas-con-pista-de-rodadura-plana\\\/#breadcrumb\"},\"inLanguage\":\"es\",\"potentialAction\":[{\"@type\":\"ReadAction\",\"target\":[\"https:\\\/\\\/massdekor.de\\\/es\\\/produkt\\\/4-producto-malla-mosquitera-de-dos-hojas-con-pista-de-rodadura-plana\\\/\"]}]},{\"@type\":\"ImageObject\",\"inLanguage\":\"es\",\"@id\":\"https:\\\/\\\/massdekor.de\\\/es\\\/produkt\\\/4-producto-malla-mosquitera-de-dos-hojas-con-pista-de-rodadura-plana\\\/#primaryimage\",\"url\":\"https:\\\/\\\/massdekor.de\\\/wp-content\\\/uploads\\\/2024\\\/10\\\/9016_0001.jpg\",\"contentUrl\":\"https:\\\/\\\/massdekor.de\\\/wp-content\\\/uploads\\\/2024\\\/10\\\/9016_0001.jpg\",\"width\":1250,\"height\":1250},{\"@type\":\"BreadcrumbList\",\"@id\":\"https:\\\/\\\/massdekor.de\\\/es\\\/produkt\\\/4-producto-malla-mosquitera-de-dos-hojas-con-pista-de-rodadura-plana\\\/#breadcrumb\",\"itemListElement\":[{\"@type\":\"ListItem\",\"position\":1,\"name\":\"Startseite\",\"item\":\"https:\\\/\\\/massdekor.de\\\/es\\\/\"},{\"@type\":\"ListItem\",\"position\":2,\"name\":\"Tienda\",\"item\":\"https:\\\/\\\/massdekor.de\\\/es\\\/tienda\\\/\"},{\"@type\":\"ListItem\",\"position\":3,\"name\":\"4.producto-Malla mosquitera de dos hojas con pista de rodadura plana\"}]},{\"@type\":\"WebSite\",\"@id\":\"https:\\\/\\\/massdekor.de\\\/es\\\/#website\",\"url\":\"https:\\\/\\\/massdekor.de\\\/es\\\/\",\"name\":\"Mass Dekor\",\"description\":\"\",\"potentialAction\":[{\"@type\":\"SearchAction\",\"target\":{\"@type\":\"EntryPoint\",\"urlTemplate\":\"https:\\\/\\\/massdekor.de\\\/es\\\/?s={search_term_string}\"},\"query-input\":{\"@type\":\"PropertyValueSpecification\",\"valueRequired\":true,\"valueName\":\"search_term_string\"}}],\"inLanguage\":\"es\"}]}<\/script>\n<!-- \/ Yoast SEO Premium plugin. -->","yoast_head_json":{"title":"4.producto-Malla mosquitera de dos hojas con pista de rodadura plana - Mass Dekor","robots":{"index":"index","follow":"follow","max-snippet":"max-snippet:-1","max-image-preview":"max-image-preview:large","max-video-preview":"max-video-preview:-1"},"canonical":"https:\/\/massdekor.de\/es\/produkt\/4-producto-malla-mosquitera-de-dos-hojas-con-pista-de-rodadura-plana\/","og_locale":"es_ES","og_type":"article","og_title":"4.producto-Malla mosquitera de dos hojas con pista de rodadura plana","og_description":"Para calcular el precio, primero seleccione el color, luego seleccione la tela y finalmente ingrese la medida en mil\u00edmetros (mm).  Antes de realizar su pedido, aseg\u00farese de visitar las instrucciones de montaje (VIDEO). \u21b5 C\u00f3mo medir una puerta de terraza con persiana \u2013 Tutorial en video \u21b5 Dimensiones del producto: Dise\u00f1o delgado con gu\u00eda plana, sin umbral. Video \u21b5   Instrucciones de medici\u00f3n en PDF con persiana enrollable para puertas dobles =&gt;PDF\u21b5  Instrucciones de medici\u00f3n en PDF sin persiana enrollable para puertas dobles =&gt;PDF \u21b5      Perfil de aluminio: Ancho 35 mm - Profundidad de instalaci\u00f3n 18 mm - Gu\u00eda de deslizamiento plana de 10 mm  Para puertas dobles  Malla normal: (imagen) \u21b5  Malla con protecci\u00f3n para gatos y ratones: (imagen) \u21b5   Para puerta sin umbral ( Imagen ) \u21b5  Rampa:\u21b5 Facilita la entrada y salida de la casa con cochecitos de beb\u00e9 y sillas de ruedas.  *El color est\u00e1ndar de la tela es antracita. Con MASS DEKOR \u00ae\ufe0f Mosquitera \u00a1F\u00e1cil de pedir, f\u00e1cil de instalar, protecci\u00f3n efectiva! Sin mosquitos, sin preocupaciones","og_url":"https:\/\/massdekor.de\/es\/produkt\/4-producto-malla-mosquitera-de-dos-hojas-con-pista-de-rodadura-plana\/","og_site_name":"Mass Dekor","article_publisher":"https:\/\/www.facebook.com\/Massdekor.de","article_modified_time":"2025-05-28T22:36:19+00:00","og_image":[{"width":1250,"height":1250,"url":"https:\/\/massdekor.de\/wp-content\/uploads\/2024\/10\/9016_0001.jpg","type":"image\/jpeg"}],"twitter_card":"summary_large_image","twitter_misc":{"Tiempo de lectura":"2 minutos"},"schema":{"@context":"https:\/\/schema.org","@graph":[{"@type":"WebPage","@id":"https:\/\/massdekor.de\/es\/produkt\/4-producto-malla-mosquitera-de-dos-hojas-con-pista-de-rodadura-plana\/","url":"https:\/\/massdekor.de\/es\/produkt\/4-producto-malla-mosquitera-de-dos-hojas-con-pista-de-rodadura-plana\/","name":"4.producto-Malla mosquitera de dos hojas con pista de rodadura plana - Mass Dekor","isPartOf":{"@id":"https:\/\/massdekor.de\/es\/#website"},"primaryImageOfPage":{"@id":"https:\/\/massdekor.de\/es\/produkt\/4-producto-malla-mosquitera-de-dos-hojas-con-pista-de-rodadura-plana\/#primaryimage"},"image":{"@id":"https:\/\/massdekor.de\/es\/produkt\/4-producto-malla-mosquitera-de-dos-hojas-con-pista-de-rodadura-plana\/#primaryimage"},"thumbnailUrl":"https:\/\/massdekor.de\/wp-content\/uploads\/2024\/10\/9016_0001.jpg","datePublished":"2023-08-31T23:12:10+00:00","dateModified":"2025-05-28T22:36:19+00:00","breadcrumb":{"@id":"https:\/\/massdekor.de\/es\/produkt\/4-producto-malla-mosquitera-de-dos-hojas-con-pista-de-rodadura-plana\/#breadcrumb"},"inLanguage":"es","potentialAction":[{"@type":"ReadAction","target":["https:\/\/massdekor.de\/es\/produkt\/4-producto-malla-mosquitera-de-dos-hojas-con-pista-de-rodadura-plana\/"]}]},{"@type":"ImageObject","inLanguage":"es","@id":"https:\/\/massdekor.de\/es\/produkt\/4-producto-malla-mosquitera-de-dos-hojas-con-pista-de-rodadura-plana\/#primaryimage","url":"https:\/\/massdekor.de\/wp-content\/uploads\/2024\/10\/9016_0001.jpg","contentUrl":"https:\/\/massdekor.de\/wp-content\/uploads\/2024\/10\/9016_0001.jpg","width":1250,"height":1250},{"@type":"BreadcrumbList","@id":"https:\/\/massdekor.de\/es\/produkt\/4-producto-malla-mosquitera-de-dos-hojas-con-pista-de-rodadura-plana\/#breadcrumb","itemListElement":[{"@type":"ListItem","position":1,"name":"Startseite","item":"https:\/\/massdekor.de\/es\/"},{"@type":"ListItem","position":2,"name":"Tienda","item":"https:\/\/massdekor.de\/es\/tienda\/"},{"@type":"ListItem","position":3,"name":"4.producto-Malla mosquitera de dos hojas con pista de rodadura plana"}]},{"@type":"WebSite","@id":"https:\/\/massdekor.de\/es\/#website","url":"https:\/\/massdekor.de\/es\/","name":"Mass Dekor","description":"","potentialAction":[{"@type":"SearchAction","target":{"@type":"EntryPoint","urlTemplate":"https:\/\/massdekor.de\/es\/?s={search_term_string}"},"query-input":{"@type":"PropertyValueSpecification","valueRequired":true,"valueName":"search_term_string"}}],"inLanguage":"es"}]}},"_links":{"self":[{"href":"https:\/\/massdekor.de\/es\/wp-json\/wp\/v2\/product\/16034","targetHints":{"allow":["GET"]}}],"collection":[{"href":"https:\/\/massdekor.de\/es\/wp-json\/wp\/v2\/product"}],"about":[{"href":"https:\/\/massdekor.de\/es\/wp-json\/wp\/v2\/types\/product"}],"replies":[{"embeddable":true,"href":"https:\/\/massdekor.de\/es\/wp-json\/wp\/v2\/comments?post=16034"}],"version-history":[{"count":8,"href":"https:\/\/massdekor.de\/es\/wp-json\/wp\/v2\/product\/16034\/revisions"}],"predecessor-version":[{"id":25756,"href":"https:\/\/massdekor.de\/es\/wp-json\/wp\/v2\/product\/16034\/revisions\/25756"}],"wp:featuredmedia":[{"embeddable":true,"href":"https:\/\/massdekor.de\/es\/wp-json\/wp\/v2\/media\/16042"}],"wp:attachment":[{"href":"https:\/\/massdekor.de\/es\/wp-json\/wp\/v2\/media?parent=16034"}],"wp:term":[{"taxonomy":"product_brand","embeddable":true,"href":"https:\/\/massdekor.de\/es\/wp-json\/wp\/v2\/product_brand?post=16034"},{"taxonomy":"product_cat","embeddable":true,"href":"https:\/\/massdekor.de\/es\/wp-json\/wp\/v2\/product_cat?post=16034"},{"taxonomy":"product_tag","embeddable":true,"href":"https:\/\/massdekor.de\/es\/wp-json\/wp\/v2\/product_tag?post=16034"}],"curies":[{"name":"wp","href":"https:\/\/api.w.org\/{rel}","templated":true}]}}