{"id":16000,"date":"2023-08-29T23:09:22","date_gmt":"2023-08-29T21:09:22","guid":{"rendered":"https:\/\/massdekor.de\/produkt\/9-producto-pista-plana-para-deslizarse-desde-la-derecha-%e2%86%90-exterior-puertas-de-patio\/"},"modified":"2025-04-20T13:25:44","modified_gmt":"2025-04-20T11:25:44","slug":"9-producto-pista-plana-para-deslizarse-desde-la-derecha-%e2%86%90-exterior-puertas-de-patio","status":"publish","type":"product","link":"https:\/\/massdekor.de\/es\/produkt\/9-producto-pista-plana-para-deslizarse-desde-la-derecha-%e2%86%90-exterior-puertas-de-patio\/","title":{"rendered":"9.producto pista plana para deslizarse desde la derecha \u2190 exterior (puertas de patio)"},"content":{"rendered":"\t\t<div data-elementor-type=\"product-post\" data-elementor-id=\"16000\" class=\"elementor elementor-16000 elementor-2666\" data-elementor-post-type=\"product\">\n\t\t\t\t\t\t<section class=\"penci-section penci-disSticky penci-structure-10 elementor-section elementor-top-section elementor-element elementor-element-22a5534d elementor-section-boxed elementor-section-height-default elementor-section-height-default\" data-id=\"22a5534d\" data-element_type=\"section\" data-e-type=\"section\" id=\"productNine\">\n\t\t\t\t\t\t<div class=\"elementor-container elementor-column-gap-default\">\n\t\t\t\t\t<div class=\"penci-ercol-100 penci-ercol-order-1 penci-sticky-ct    elementor-column elementor-col-100 elementor-top-column elementor-element elementor-element-39a1e7a1\" data-id=\"39a1e7a1\" data-element_type=\"column\" data-e-type=\"column\">\n\t\t\t<div class=\"elementor-widget-wrap elementor-element-populated\">\n\t\t\t\t\t\t<div class=\"elementor-element elementor-element-6120b5db elementor-widget elementor-widget-text-editor\" data-id=\"6120b5db\" data-element_type=\"widget\" data-e-type=\"widget\" data-widget_type=\"text-editor.default\">\n\t\t\t\t<div class=\"elementor-widget-container\">\n\t\t\t\t\t\t\t\t\t<hr>\n<h1 class=\"product_title entry-title\" style=\"text-align: center;\"><strong>Carril de rodadura plano para deslizar desde la derecha \u2190 exterior<\/strong><\/h1>\n<hr>\n<ul>\n<li><strong>Aseg\u00farese de visitar las siguientes p\u00e1ginas antes de realizar su pedido:<\/strong><\/li>\n<li><span style=\"color: #ff9900;\"><strong>(Para puerta de patio)<\/strong><\/span><strong><span style=\"color: #ff9900;\"> Instrucciones de dimensiones e instalaci\u00f3n \u2192<\/span><span style=\"text-decoration: underline;\"><span style=\"color: #ff0000; text-decoration: underline;\"><a style=\"color: #ff0000; text-decoration: underline;\" href=\"https:\/\/youtu.be\/CTpmE7K06A4?si=iy6AWWzMMb-wVAMu\" target=\"_blank\" rel=\"noopener\">( V\u00eddeo<\/a> )<\/span><\/span><\/strong><\/li>\n<li><span style=\"color: #ff9900;\"><strong>(Para puerta corredera elevable) Instrucciones de medici\u00f3n e instalaci\u00f3n\u2192 <span style=\"color: #ff0000;\">(<\/span><\/strong><\/span><span style=\"color: #ff0000;\"> <strong><em><u><a style=\"color: #ff0000;\" href=\"https:\/\/youtu.be\/0GOMiWB_b5w?si=ZybkM9ybOcxNf20j\" target=\"_blank\" rel=\"noopener\">v\u00eddeo<\/a> )<\/u><\/em><\/strong><\/span><\/li>\n<li>Instrucciones para la feria en PDF &#8211;<span style=\"color: #ff0000;\"><strong> <a style=\"color: #ff0000;\" href=\"https:\/\/massdekor.de\/wp-content\/uploads\/2024\/05\/Produkt_9-10_Ohne_Rolladenger.pdf\" target=\"_blank\" rel=\"noopener\"><u>sin puerta de persiana<\/u><\/a> | <u><a style=\"color: #ff0000;\" href=\"https:\/\/massdekor.de\/wp-content\/uploads\/2024\/05\/Produkt_9-10_Mit_Rolladen_Ger.pdf\" target=\"_blank\" rel=\"noopener\">con puerta enrollable<\/a><\/u><\/strong><\/span><\/li>\n<\/ul>\n<hr>\n<ul>\n<li><strong>Repelente de insectos para puertas de jard\u00edn, puertas correderas elevables y puertas de balc\u00f3n anchas: Nuestro repelente de insectos para puertas de jard\u00edn, puertas correderas elevables o puertas de balc\u00f3n anchas es la soluci\u00f3n perfecta para mantener alejados a hu\u00e9spedes indeseados como moscas, mosquitos y otros insectos mientras usted puede disfrutar del aire fresco y las vistas.<\/strong><\/li>\n<li>Pista de rodadura de alta calidad<strong>:<\/strong> Con esta pista de rodadura plana de alta calidad, podr\u00e1 abrir y cerrar sus puertas sin esfuerzo y sin que entren los molestos insectos. El dise\u00f1o plano permite una integraci\u00f3n discreta en el dise\u00f1o de su habitaci\u00f3n sin desmerecer el aspecto de sus puertas. <\/li>\n<li><strong>Materiales robustos y protecci\u00f3n:<\/strong> Nuestro repelente de insectos est\u00e1 fabricado con materiales robustos y duraderos que pueden soportar los retos diarios en el jard\u00edn o en el balc\u00f3n. La red de malla fina mantiene a los insectos a salvo mientras usted disfruta de la refrescante brisa. <\/li>\n<li><strong>Sencillo y pr\u00e1ctico:<\/strong> con este riel de rodadura plana, abrir y cerrar sus puertas de jard\u00edn, puertas correderas elevables o puertas anchas de balc\u00f3n se convierte en una tarea sin esfuerzo, sin tener que preocuparse por picaduras de insectos o molestos zumbidos.<\/li>\n<li><strong>M\u00e1s confort para su hogar:<\/strong> Invierta en su bienestar y en el aire limpio de su hogar utilizando nuestro repelente de insectos para puertas de jard\u00edn, puertas correderas elevables o puertas anchas de balc\u00f3n. Disfrute de la naturaleza sin molestias y de la libertad de mantener sus puertas abiertas. <\/li>\n<li><strong>Opciones de montaje:<\/strong> Puede montarse en las cuatro esquinas con tornillos o cinta adhesiva de doble cara. Se recomienda el montaje con tornillos para garantizar la m\u00e1xima estabilidad. <\/li>\n<\/ul>\n\t\t\t\t\t\t\t\t<\/div>\n\t\t\t\t<\/div>\n\t\t\t\t\t<\/div>\n\t\t<\/div>\n\t\t\t\t\t<\/div>\n\t\t<\/section>\n\t\t\t\t<\/div>\n\t\t","protected":false},"excerpt":{"rendered":"<div class=\"delivery-text-box\">\n<hr \/>\n<p>Para calcular el precio, primero seleccione el color, luego elija la tela y finalmente ingrese la medida <span style=\"color: #ff9900;\"><strong>en mil\u00edmetros (mm).<\/strong><\/span><\/p>\n<p data-pm-slice=\"1 1 []\">Para puerta de patio &#8211; Gu\u00eda de medici\u00f3n e instalaci\u00f3n \u2192<span style=\"color: #ff9900;\"><a style=\"color: #ff9900;\" href=\"https:\/\/www.youtube.com\/watch?v=CTpmE7K06A4\" target=\"_blank\" rel=\"noopener\"><strong> Video<\/strong><\/a> <\/span>\u21b5<br \/>\nDimensiones del producto:<span style=\"color: #ff9900;\"><strong> Dise\u00f1o delgado con gu\u00eda plana, sin umbral. <a style=\"color: #ff9900;\" href=\"https:\/\/youtu.be\/_P9lNs7X-pM\" target=\"_blank\" rel=\"noopener\">Video<\/a><\/strong><\/span> \u21b5<\/p>\n<p>Para puerta elevadora y deslizante &#8211; Gu\u00eda de medici\u00f3n e instalaci\u00f3n \u2192<span style=\"color: #ff9900;\"><a style=\"color: #ff9900;\" href=\"https:\/\/www.youtube.com\/watch?v=0GOMiWB_b5w\" target=\"_blank\" rel=\"noopener\"><strong> Video<\/strong><\/a>\u00a0<\/span>\u21b5<br \/>\nInstrucciones de medici\u00f3n en PDF \u2013 con puerta de persiana enrollable =&gt; <span style=\"color: #ff9900;\"><a style=\"color: #ff9900;\" href=\"https:\/\/massdekor.de\/wp-content\/uploads\/2024\/07\/Producto_9-10_con-persiana-enrollableSpain.pdf\" target=\"_blank\" rel=\"noopener\"><strong><u>PDF<\/u><\/strong><\/a>\u00a0<\/span>\u21b5<br \/>\nInstrucciones de medici\u00f3n en PDF \u2013 sin puerta de persiana enrollable =&gt;<span style=\"color: #ff9900;\"> <a style=\"color: #ff9900;\" href=\"https:\/\/massdekor.de\/wp-content\/uploads\/2024\/07\/Producto_9-10_sin-persianas-enrollablesSpain.pdf\" target=\"_blank\" rel=\"noopener\"><strong><u>PDF <\/u><\/strong><\/a><\/span><span style=\"color: #000000;\"><strong>\u21b5<br \/>\nInstrucciones de medici\u00f3n e instalaci\u00f3n para puertas elevadoras y deslizantes<\/strong> <\/span>=&gt; \u00a0<span style=\"color: #339966;\"><strong><span style=\"color: #ff9900;\"><a style=\"color: #ff9900;\" href=\"https:\/\/youtube.com\/shorts\/bRZtj4VNyso?si=HFKasxbmkJIujT5k\" target=\"_blank\" rel=\"noopener\"><u>Video<\/u><\/a><\/span><br \/>\n<\/strong><\/span><\/p>\n<hr \/>\n<\/div>\n<ul>\n<li>Perfil de aluminio<\/li>\n<li>Ancho 35 mm<\/li>\n<li>Profundidad de instalaci\u00f3n 18 mm<\/li>\n<li>Riel de deslizamiento plano 10 mm<\/li>\n<li>Red: hecha de fibra de vidrio<\/li>\n<\/ul>\n<p>El riel de deslizamiento plano &#8211; la puerta mosquitera se <span style=\"letter-spacing: 0px;\">cierra<\/span> desde el <strong>exterior<\/strong><span style=\"color: #ff9900;\"> <strong>de derecha a izquierda<\/strong> <\/span><span style=\"font-family: Raleway, sans-serif; font-size: 24px; font-weight: bold; letter-spacing: 0px;\">|\u2190|<\/span><\/p>\n<p>Se puede a\u00f1adir una rampa si es necesario.<\/p>\n<p>Se puede fijar con tornillos en las cuatro esquinas o adherir con cinta adhesiva de doble cara, aunque se recomienda atornillarla.<\/p>\n<p><strong><u>\u00a1Tenga en cuenta!<\/u><\/strong><\/p>\n<p>Si la empujan hacia atr\u00e1s<span style=\"color: #ff9900;\"><strong> <a class=\"sg-popup-id-5850\" style=\"color: #ff9900;\"> de izquierda a derecha<\/a><\/strong><\/span>, la mosquitera se abre (lo que permite la entrada de mosquitos).<\/p>\n<ul>\n<li>Red normal: <span style=\"color: #ff9900;\"><strong><a class=\"sg-popup-id-5670\" style=\"color: #ff9900;\">(imagen)<\/a><\/strong><\/span><\/li>\n<li>Red antipostes para ratones y gatos: <span style=\"color: #ff9900;\"><strong>(<a class=\"sg-popup-id-5666\" style=\"color: #ff9900;\">imagen<\/a>)<\/strong><\/span><\/li>\n<\/ul>\n<p><span style=\"color: #ff9900;\"><a style=\"color: #ff9900;\"><strong class=\"pop-up\">Rampa<\/strong><\/a>:<\/span> Facilita la entrada y salida de la casa con cochecitos de beb\u00e9 y sillas de ruedas. (10 mm)<\/p>\n<p style=\"text-align: right;\"><strong>Con MASS DEKOR \u00ae\ufe0f Mosquitera<\/strong><br \/>\n<strong>\u00a1F\u00e1cil de pedir, f\u00e1cil de instalar, protecci\u00f3n efectiva!<\/strong><br \/>\n<strong>Sin mosquitos, sin preocupaciones<\/strong><\/p>\n","protected":false},"featured_media":16005,"comment_status":"closed","ping_status":"closed","template":"","meta":[],"product_brand":[],"product_cat":[557,549],"product_tag":[],"class_list":{"0":"post-16000","1":"product","2":"type-product","3":"status-publish","4":"has-post-thumbnail","6":"product_cat-marcos-de-puertas-y-ventanas","7":"product_cat-proteccion-contra-insectos","8":"product_shipping_class-envio","9":"pa_my-colors-caoba","10":"pa_my-colors-gris-cuarzo-ral-7039","11":"pa_my-colors-negro-ral-9005","12":"pa_my-colors-ral-7016-antracita","13":"pa_my-colors-ral-8016-marron-oscuro","14":"pa_my-colors-ral-9006-es","15":"pa_my-colors-ral-9016-blanco","16":"pa_my-colors-roble-dorado","18":"first","19":"instock","20":"sale","21":"taxable","22":"shipping-taxable","23":"purchasable","24":"product-type-variable","25":"has-default-attributes"},"gallery_images":[13917,2714,2713,2775,2776,2777,2778],"yoast_head":"<!-- This site is optimized with the Yoast SEO Premium plugin v24.6 (Yoast SEO v27.3) - https:\/\/yoast.com\/product\/yoast-seo-premium-wordpress\/ -->\n<title>9.producto pista plana para deslizarse desde la derecha \u2190 exterior (puertas de patio) - Mass Dekor<\/title>\n<meta name=\"robots\" content=\"index, follow, max-snippet:-1, max-image-preview:large, max-video-preview:-1\" \/>\n<link rel=\"canonical\" href=\"https:\/\/massdekor.de\/es\/produkt\/9-producto-pista-plana-para-deslizarse-desde-la-derecha-%e2%86%90-exterior-puertas-de-patio\/\" \/>\n<meta property=\"og:locale\" content=\"es_ES\" \/>\n<meta property=\"og:type\" content=\"article\" \/>\n<meta property=\"og:title\" content=\"9.producto pista plana para deslizarse desde la derecha \u2190 exterior (puertas de patio)\" \/>\n<meta property=\"og:description\" content=\"Para calcular el precio, primero seleccione el color, luego elija la tela y finalmente ingrese la medida en mil\u00edmetros (mm). Para puerta de patio - Gu\u00eda de medici\u00f3n e instalaci\u00f3n \u2192 Video \u21b5 Dimensiones del producto: Dise\u00f1o delgado con gu\u00eda plana, sin umbral. Video \u21b5 Para puerta elevadora y deslizante - Gu\u00eda de medici\u00f3n e instalaci\u00f3n \u2192 Video\u00a0\u21b5 Instrucciones de medici\u00f3n en PDF \u2013 con puerta de persiana enrollable =&gt; PDF\u00a0\u21b5 Instrucciones de medici\u00f3n en PDF \u2013 sin puerta de persiana enrollable =&gt; PDF \u21b5 Instrucciones de medici\u00f3n e instalaci\u00f3n para puertas elevadoras y deslizantes =&gt; \u00a0Video        Perfil de aluminio  Ancho 35 mm  Profundidad de instalaci\u00f3n 18 mm  Riel de deslizamiento plano 10 mm  Red: hecha de fibra de vidrio  El riel de deslizamiento plano - la puerta mosquitera se cierra desde el exterior de derecha a izquierda |\u2190|  Se puede a\u00f1adir una rampa si es necesario.  Se puede fijar con tornillos en las cuatro esquinas o adherir con cinta adhesiva de doble cara, aunque se recomienda atornillarla.  \u00a1Tenga en cuenta!  Si la empujan hacia atr\u00e1s de izquierda a derecha, la mosquitera se abre (lo que permite la entrada de mosquitos).   Red normal: (imagen)  Red antipostes para ratones y gatos: (imagen)  Rampa: Facilita la entrada y salida de la casa con cochecitos de beb\u00e9 y sillas de ruedas. (10 mm) Con MASS DEKOR \u00ae\ufe0f Mosquitera \u00a1F\u00e1cil de pedir, f\u00e1cil de instalar, protecci\u00f3n efectiva! Sin mosquitos, sin preocupaciones\" \/>\n<meta property=\"og:url\" content=\"https:\/\/massdekor.de\/es\/produkt\/9-producto-pista-plana-para-deslizarse-desde-la-derecha-%e2%86%90-exterior-puertas-de-patio\/\" \/>\n<meta property=\"og:site_name\" content=\"Mass Dekor\" \/>\n<meta property=\"article:publisher\" content=\"https:\/\/www.facebook.com\/Massdekor.de\" \/>\n<meta property=\"article:modified_time\" content=\"2025-04-20T11:25:44+00:00\" \/>\n<meta property=\"og:image\" content=\"https:\/\/massdekor.de\/wp-content\/uploads\/2023\/08\/9016_0001-1.jpg\" \/>\n\t<meta property=\"og:image:width\" content=\"1250\" \/>\n\t<meta property=\"og:image:height\" content=\"1250\" \/>\n\t<meta property=\"og:image:type\" content=\"image\/jpeg\" \/>\n<meta name=\"twitter:card\" content=\"summary_large_image\" \/>\n<meta name=\"twitter:label1\" content=\"Tiempo de lectura\" \/>\n\t<meta name=\"twitter:data1\" content=\"3 minutos\" \/>\n<script type=\"application\/ld+json\" class=\"yoast-schema-graph\">{\"@context\":\"https:\\\/\\\/schema.org\",\"@graph\":[{\"@type\":\"WebPage\",\"@id\":\"https:\\\/\\\/massdekor.de\\\/es\\\/produkt\\\/9-producto-pista-plana-para-deslizarse-desde-la-derecha-%e2%86%90-exterior-puertas-de-patio\\\/\",\"url\":\"https:\\\/\\\/massdekor.de\\\/es\\\/produkt\\\/9-producto-pista-plana-para-deslizarse-desde-la-derecha-%e2%86%90-exterior-puertas-de-patio\\\/\",\"name\":\"9.producto pista plana para deslizarse desde la derecha \u2190 exterior (puertas de patio) - Mass Dekor\",\"isPartOf\":{\"@id\":\"https:\\\/\\\/massdekor.de\\\/es\\\/#website\"},\"primaryImageOfPage\":{\"@id\":\"https:\\\/\\\/massdekor.de\\\/es\\\/produkt\\\/9-producto-pista-plana-para-deslizarse-desde-la-derecha-%e2%86%90-exterior-puertas-de-patio\\\/#primaryimage\"},\"image\":{\"@id\":\"https:\\\/\\\/massdekor.de\\\/es\\\/produkt\\\/9-producto-pista-plana-para-deslizarse-desde-la-derecha-%e2%86%90-exterior-puertas-de-patio\\\/#primaryimage\"},\"thumbnailUrl\":\"https:\\\/\\\/massdekor.de\\\/wp-content\\\/uploads\\\/2023\\\/08\\\/9016_0001-1.jpg\",\"datePublished\":\"2023-08-29T21:09:22+00:00\",\"dateModified\":\"2025-04-20T11:25:44+00:00\",\"breadcrumb\":{\"@id\":\"https:\\\/\\\/massdekor.de\\\/es\\\/produkt\\\/9-producto-pista-plana-para-deslizarse-desde-la-derecha-%e2%86%90-exterior-puertas-de-patio\\\/#breadcrumb\"},\"inLanguage\":\"es\",\"potentialAction\":[{\"@type\":\"ReadAction\",\"target\":[\"https:\\\/\\\/massdekor.de\\\/es\\\/produkt\\\/9-producto-pista-plana-para-deslizarse-desde-la-derecha-%e2%86%90-exterior-puertas-de-patio\\\/\"]}]},{\"@type\":\"ImageObject\",\"inLanguage\":\"es\",\"@id\":\"https:\\\/\\\/massdekor.de\\\/es\\\/produkt\\\/9-producto-pista-plana-para-deslizarse-desde-la-derecha-%e2%86%90-exterior-puertas-de-patio\\\/#primaryimage\",\"url\":\"https:\\\/\\\/massdekor.de\\\/wp-content\\\/uploads\\\/2023\\\/08\\\/9016_0001-1.jpg\",\"contentUrl\":\"https:\\\/\\\/massdekor.de\\\/wp-content\\\/uploads\\\/2023\\\/08\\\/9016_0001-1.jpg\",\"width\":1250,\"height\":1250},{\"@type\":\"BreadcrumbList\",\"@id\":\"https:\\\/\\\/massdekor.de\\\/es\\\/produkt\\\/9-producto-pista-plana-para-deslizarse-desde-la-derecha-%e2%86%90-exterior-puertas-de-patio\\\/#breadcrumb\",\"itemListElement\":[{\"@type\":\"ListItem\",\"position\":1,\"name\":\"Startseite\",\"item\":\"https:\\\/\\\/massdekor.de\\\/es\\\/\"},{\"@type\":\"ListItem\",\"position\":2,\"name\":\"Tienda\",\"item\":\"https:\\\/\\\/massdekor.de\\\/es\\\/tienda\\\/\"},{\"@type\":\"ListItem\",\"position\":3,\"name\":\"9.producto pista plana para deslizarse desde la derecha \u2190 exterior (puertas de patio)\"}]},{\"@type\":\"WebSite\",\"@id\":\"https:\\\/\\\/massdekor.de\\\/es\\\/#website\",\"url\":\"https:\\\/\\\/massdekor.de\\\/es\\\/\",\"name\":\"Mass Dekor\",\"description\":\"\",\"potentialAction\":[{\"@type\":\"SearchAction\",\"target\":{\"@type\":\"EntryPoint\",\"urlTemplate\":\"https:\\\/\\\/massdekor.de\\\/es\\\/?s={search_term_string}\"},\"query-input\":{\"@type\":\"PropertyValueSpecification\",\"valueRequired\":true,\"valueName\":\"search_term_string\"}}],\"inLanguage\":\"es\"}]}<\/script>\n<!-- \/ Yoast SEO Premium plugin. -->","yoast_head_json":{"title":"9.producto pista plana para deslizarse desde la derecha \u2190 exterior (puertas de patio) - Mass Dekor","robots":{"index":"index","follow":"follow","max-snippet":"max-snippet:-1","max-image-preview":"max-image-preview:large","max-video-preview":"max-video-preview:-1"},"canonical":"https:\/\/massdekor.de\/es\/produkt\/9-producto-pista-plana-para-deslizarse-desde-la-derecha-%e2%86%90-exterior-puertas-de-patio\/","og_locale":"es_ES","og_type":"article","og_title":"9.producto pista plana para deslizarse desde la derecha \u2190 exterior (puertas de patio)","og_description":"Para calcular el precio, primero seleccione el color, luego elija la tela y finalmente ingrese la medida en mil\u00edmetros (mm). Para puerta de patio - Gu\u00eda de medici\u00f3n e instalaci\u00f3n \u2192 Video \u21b5 Dimensiones del producto: Dise\u00f1o delgado con gu\u00eda plana, sin umbral. Video \u21b5 Para puerta elevadora y deslizante - Gu\u00eda de medici\u00f3n e instalaci\u00f3n \u2192 Video\u00a0\u21b5 Instrucciones de medici\u00f3n en PDF \u2013 con puerta de persiana enrollable =&gt; PDF\u00a0\u21b5 Instrucciones de medici\u00f3n en PDF \u2013 sin puerta de persiana enrollable =&gt; PDF \u21b5 Instrucciones de medici\u00f3n e instalaci\u00f3n para puertas elevadoras y deslizantes =&gt; \u00a0Video        Perfil de aluminio  Ancho 35 mm  Profundidad de instalaci\u00f3n 18 mm  Riel de deslizamiento plano 10 mm  Red: hecha de fibra de vidrio  El riel de deslizamiento plano - la puerta mosquitera se cierra desde el exterior de derecha a izquierda |\u2190|  Se puede a\u00f1adir una rampa si es necesario.  Se puede fijar con tornillos en las cuatro esquinas o adherir con cinta adhesiva de doble cara, aunque se recomienda atornillarla.  \u00a1Tenga en cuenta!  Si la empujan hacia atr\u00e1s de izquierda a derecha, la mosquitera se abre (lo que permite la entrada de mosquitos).   Red normal: (imagen)  Red antipostes para ratones y gatos: (imagen)  Rampa: Facilita la entrada y salida de la casa con cochecitos de beb\u00e9 y sillas de ruedas. (10 mm) Con MASS DEKOR \u00ae\ufe0f Mosquitera \u00a1F\u00e1cil de pedir, f\u00e1cil de instalar, protecci\u00f3n efectiva! Sin mosquitos, sin preocupaciones","og_url":"https:\/\/massdekor.de\/es\/produkt\/9-producto-pista-plana-para-deslizarse-desde-la-derecha-%e2%86%90-exterior-puertas-de-patio\/","og_site_name":"Mass Dekor","article_publisher":"https:\/\/www.facebook.com\/Massdekor.de","article_modified_time":"2025-04-20T11:25:44+00:00","og_image":[{"width":1250,"height":1250,"url":"https:\/\/massdekor.de\/wp-content\/uploads\/2023\/08\/9016_0001-1.jpg","type":"image\/jpeg"}],"twitter_card":"summary_large_image","twitter_misc":{"Tiempo de lectura":"3 minutos"},"schema":{"@context":"https:\/\/schema.org","@graph":[{"@type":"WebPage","@id":"https:\/\/massdekor.de\/es\/produkt\/9-producto-pista-plana-para-deslizarse-desde-la-derecha-%e2%86%90-exterior-puertas-de-patio\/","url":"https:\/\/massdekor.de\/es\/produkt\/9-producto-pista-plana-para-deslizarse-desde-la-derecha-%e2%86%90-exterior-puertas-de-patio\/","name":"9.producto pista plana para deslizarse desde la derecha \u2190 exterior (puertas de patio) - Mass Dekor","isPartOf":{"@id":"https:\/\/massdekor.de\/es\/#website"},"primaryImageOfPage":{"@id":"https:\/\/massdekor.de\/es\/produkt\/9-producto-pista-plana-para-deslizarse-desde-la-derecha-%e2%86%90-exterior-puertas-de-patio\/#primaryimage"},"image":{"@id":"https:\/\/massdekor.de\/es\/produkt\/9-producto-pista-plana-para-deslizarse-desde-la-derecha-%e2%86%90-exterior-puertas-de-patio\/#primaryimage"},"thumbnailUrl":"https:\/\/massdekor.de\/wp-content\/uploads\/2023\/08\/9016_0001-1.jpg","datePublished":"2023-08-29T21:09:22+00:00","dateModified":"2025-04-20T11:25:44+00:00","breadcrumb":{"@id":"https:\/\/massdekor.de\/es\/produkt\/9-producto-pista-plana-para-deslizarse-desde-la-derecha-%e2%86%90-exterior-puertas-de-patio\/#breadcrumb"},"inLanguage":"es","potentialAction":[{"@type":"ReadAction","target":["https:\/\/massdekor.de\/es\/produkt\/9-producto-pista-plana-para-deslizarse-desde-la-derecha-%e2%86%90-exterior-puertas-de-patio\/"]}]},{"@type":"ImageObject","inLanguage":"es","@id":"https:\/\/massdekor.de\/es\/produkt\/9-producto-pista-plana-para-deslizarse-desde-la-derecha-%e2%86%90-exterior-puertas-de-patio\/#primaryimage","url":"https:\/\/massdekor.de\/wp-content\/uploads\/2023\/08\/9016_0001-1.jpg","contentUrl":"https:\/\/massdekor.de\/wp-content\/uploads\/2023\/08\/9016_0001-1.jpg","width":1250,"height":1250},{"@type":"BreadcrumbList","@id":"https:\/\/massdekor.de\/es\/produkt\/9-producto-pista-plana-para-deslizarse-desde-la-derecha-%e2%86%90-exterior-puertas-de-patio\/#breadcrumb","itemListElement":[{"@type":"ListItem","position":1,"name":"Startseite","item":"https:\/\/massdekor.de\/es\/"},{"@type":"ListItem","position":2,"name":"Tienda","item":"https:\/\/massdekor.de\/es\/tienda\/"},{"@type":"ListItem","position":3,"name":"9.producto pista plana para deslizarse desde la derecha \u2190 exterior (puertas de patio)"}]},{"@type":"WebSite","@id":"https:\/\/massdekor.de\/es\/#website","url":"https:\/\/massdekor.de\/es\/","name":"Mass Dekor","description":"","potentialAction":[{"@type":"SearchAction","target":{"@type":"EntryPoint","urlTemplate":"https:\/\/massdekor.de\/es\/?s={search_term_string}"},"query-input":{"@type":"PropertyValueSpecification","valueRequired":true,"valueName":"search_term_string"}}],"inLanguage":"es"}]}},"_links":{"self":[{"href":"https:\/\/massdekor.de\/es\/wp-json\/wp\/v2\/product\/16000","targetHints":{"allow":["GET"]}}],"collection":[{"href":"https:\/\/massdekor.de\/es\/wp-json\/wp\/v2\/product"}],"about":[{"href":"https:\/\/massdekor.de\/es\/wp-json\/wp\/v2\/types\/product"}],"replies":[{"embeddable":true,"href":"https:\/\/massdekor.de\/es\/wp-json\/wp\/v2\/comments?post=16000"}],"version-history":[{"count":6,"href":"https:\/\/massdekor.de\/es\/wp-json\/wp\/v2\/product\/16000\/revisions"}],"predecessor-version":[{"id":18544,"href":"https:\/\/massdekor.de\/es\/wp-json\/wp\/v2\/product\/16000\/revisions\/18544"}],"wp:featuredmedia":[{"embeddable":true,"href":"https:\/\/massdekor.de\/es\/wp-json\/wp\/v2\/media\/16005"}],"wp:attachment":[{"href":"https:\/\/massdekor.de\/es\/wp-json\/wp\/v2\/media?parent=16000"}],"wp:term":[{"taxonomy":"product_brand","embeddable":true,"href":"https:\/\/massdekor.de\/es\/wp-json\/wp\/v2\/product_brand?post=16000"},{"taxonomy":"product_cat","embeddable":true,"href":"https:\/\/massdekor.de\/es\/wp-json\/wp\/v2\/product_cat?post=16000"},{"taxonomy":"product_tag","embeddable":true,"href":"https:\/\/massdekor.de\/es\/wp-json\/wp\/v2\/product_tag?post=16000"}],"curies":[{"name":"wp","href":"https:\/\/api.w.org\/{rel}","templated":true}]}}