{"id":15992,"date":"2023-06-20T17:26:22","date_gmt":"2023-06-20T15:26:22","guid":{"rendered":"https:\/\/massdekor.de\/produkt\/5-producto-mosquitera-de-una-hoja-para-claraboyas-o-ventanas-normales\/"},"modified":"2025-01-29T19:42:29","modified_gmt":"2025-01-29T18:42:29","slug":"5-producto-mosquitera-de-una-hoja-para-claraboyas-o-ventanas-normales","status":"publish","type":"product","link":"https:\/\/massdekor.de\/es\/produkt\/5-producto-mosquitera-de-una-hoja-para-claraboyas-o-ventanas-normales\/","title":{"rendered":"5.producto mosquitera de una hoja para claraboyas o ventanas normales"},"content":{"rendered":"\t\t<div data-elementor-type=\"product-post\" data-elementor-id=\"15992\" class=\"elementor elementor-15992 elementor-2483\" data-elementor-post-type=\"product\">\n\t\t\t\t\t\t<section class=\"penci-section penci-disSticky penci-structure-10 elementor-section elementor-top-section elementor-element elementor-element-7adf29c8 elementor-section-boxed elementor-section-height-default elementor-section-height-default\" data-id=\"7adf29c8\" data-element_type=\"section\" data-e-type=\"section\" id=\"productFive\">\n\t\t\t\t\t\t<div class=\"elementor-container elementor-column-gap-default\">\n\t\t\t\t\t<div class=\"penci-ercol-100 penci-ercol-order-1 penci-sticky-ct    elementor-column elementor-col-100 elementor-top-column elementor-element elementor-element-20fd9cb3\" data-id=\"20fd9cb3\" data-element_type=\"column\" data-e-type=\"column\">\n\t\t\t<div class=\"elementor-widget-wrap elementor-element-populated\">\n\t\t\t\t\t\t<div class=\"elementor-element elementor-element-67a5acdb elementor-widget elementor-widget-text-editor\" data-id=\"67a5acdb\" data-element_type=\"widget\" data-e-type=\"widget\" data-widget_type=\"text-editor.default\">\n\t\t\t\t<div class=\"elementor-widget-container\">\n\t\t\t\t\t\t\t\t\t<p style=\"text-align: center;\" data-pm-slice=\"1 1 []\"><strong>Mosquitera plisada \/ mosquitera para claraboyas y ventanas<\/strong><\/p>\n<hr>\n<p><strong>Antes de hacer su pedido, aseg\u00farese de visitar las p\u00e1ginas sobre las dimensiones y las <span style=\"color: #ff0000;\"><span style=\"text-decoration: underline;\"><a class=\"sg-popup-id-5141\" style=\"color: #ff0000; text-decoration: underline;\" data-popup-id=\"5141\">instrucciones de montaje<\/a><\/span><a class=\"sg-popup-id-5141\" style=\"color: #ff0000;\" data-popup-id=\"5141\">.<\/a><\/span><\/strong><\/p>\n<p><a href=\"https:\/\/massdekor.de\/wp-content\/uploads\/2024\/02\/Mass-fuer-die-Breite.pdf\" target=\"_blank\" rel=\"noopener\"><span style=\"color: #ff0000;\">  Instrucciones de medici\u00f3n para ventanas de tejado <span style=\"text-decoration: underline;\"><strong>ARCHIVO PDF<\/strong><\/span> ver  <\/span><\/a><\/p>\n<p><span style=\"color: #ff0000;\"><a style=\"color: #ff0000;\" href=\"https:\/\/massdekor.de\/wp-content\/uploads\/2024\/05\/Produkt_2-5_Mit_Rolladen_germ.pdf\" target=\"_blank\" rel=\"noopener\">Instrucciones de medici\u00f3n para ventanas <span style=\"text-decoration: underline;\"><strong>ARCHIVO PDF<\/strong><\/span> &#8211; con persiana enrollable  <\/a><\/span><\/p>\n<p><span style=\"color: #ff0000;\"><a style=\"color: #ff0000;\" href=\"https:\/\/massdekor.de\/wp-content\/uploads\/2024\/05\/Produkt_2-5_Ohne_Rolladen_Ger.pdf\" target=\"_blank\" rel=\"noopener\">Instrucciones de medici\u00f3n para ventanas <span style=\"text-decoration: underline;\"><strong>ARCHIVO PDF<\/strong><\/span> &#8211; sin persianas enrollables<\/a><\/span><\/p>\n<hr>\n<p><strong>Caracter\u00edsticas del producto:<\/strong><\/p>\n<ul data-spread=\"false\">\n<li>\n<p><strong>Material del perfil:<\/strong> Aluminio de alta calidad<\/p>\n<\/li>\n<li>\n<p><strong>Anchura del perfil:<\/strong> 35 mm<\/p>\n<\/li>\n<li>\n<p><strong>Profundidad de instalaci\u00f3n:<\/strong> 18 mm<\/p>\n<\/li>\n<li>\n<p><strong>Material de la malla:<\/strong> fibra de vidrio<\/p>\n<\/li>\n<li><strong>Red normal<\/strong>: <span style=\"text-decoration: underline;\"><strong><a class=\"sg-popup-id-5670\" data-popup-id=\"5670\">(foto)<\/a><\/strong><\/span><\/li>\n<li><strong>Red de bolardos para ratones:<\/strong>  <span style=\"text-decoration: underline;\"><strong><a class=\"sg-popup-id-5666\" data-popup-id=\"5666\">(foto)<\/a><\/strong><\/span><\/li>\n<li><strong>Vertical<\/strong><\/li>\n<li> <\/li>\n<\/ul>\n<p><strong>Opciones de montaje:<\/strong><\/p>\n<ul data-spread=\"false\">\n<li>\n<p>Si la distancia entre las persianas es superior a 20 mm, la mosquitera puede instalarse directamente entre las persianas.<\/p>\n<\/li>\n<li>\n<p>Si la distancia es inferior a 20 mm, la mosquitera se fija a los ra\u00edles de la persiana enrollable. En este caso, el tope debe acortarse o girarse. <\/p>\n<\/li>\n<li>\n<p>Adecuado para ventanas de doble hoja.<\/p>\n<\/li>\n<li>\n<p>Puede atornillarse a las cuatro esquinas o fijarse con cinta adhesiva de doble cara (se recomienda atornillar).<\/p>\n<\/li>\n<\/ul>\n<p><strong>Determinaci\u00f3n de las dimensiones:<\/strong><\/p>\n<ul data-spread=\"false\">\n<li>\n<p>Se miden las dimensiones de la luz.<\/p>\n<\/li>\n<li>\n<p>La anchura del perfil +35 mm se a\u00f1ade a la altura.<\/p>\n<\/li>\n<li>\n<p>Se a\u00f1aden 70 mm (35 mm + 35 mm) a la anchura.<\/p>\n<\/li>\n<li>\n<p>Para anchuras y alturas inferiores a 70 mm, se utiliza la dimensi\u00f3n existente.<\/p>\n<\/li>\n<li>\n<p>Se acepta una tolerancia de 10 mm para la altura y la anchura.<\/p>\n<\/li>\n<\/ul>\n<p><strong>Calidad y funcionalidad:<\/strong><\/p>\n<ul data-spread=\"false\">\n<li>\n<p>Nuestras mosquiteras se caracterizan por su gran capacidad de carga y su excelente resistencia al desgaste.<\/p>\n<\/li>\n<li>\n<p>Los marcos son de aluminio de alta calidad, duradero y resistente a la intemperie.<\/p>\n<\/li>\n<li>\n<p>Compatible con todo tipo de puertas de madera, hierro y pl\u00e1stico.<\/p>\n<\/li>\n<li>\n<p>El sistema de rodillos de alta calidad permite una apertura y un cierre suaves.<\/p>\n<\/li>\n<li>\n<p>Especialmente f\u00e1cil de instalar y limpiar.<\/p>\n<\/li>\n<\/ul>\n<p><strong>Protecci\u00f3n eficaz:<\/strong><\/p>\n<ul data-spread=\"false\">\n<li>\n<p>Protege de forma fiable contra moscas, mosquitos, insectos y otros bichos.<\/p>\n<\/li>\n<li>\n<p>Garantiza una circulaci\u00f3n \u00f3ptima del aire y aire fresco en su hogar o lugar de trabajo.<\/p>\n<\/li>\n<\/ul>\n<p><strong>Opciones de montaje:<\/strong><\/p>\n<ul data-spread=\"false\">\n<li>\n<p>Puede fijarse en las cuatro esquinas con tornillos o cinta adhesiva de doble cara.<\/p>\n<\/li>\n<\/ul>\n\t\t\t\t\t\t\t\t<\/div>\n\t\t\t\t<\/div>\n\t\t\t\t\t<\/div>\n\t\t<\/div>\n\t\t\t\t\t<\/div>\n\t\t<\/section>\n\t\t\t\t<\/div>\n\t\t","protected":false},"excerpt":{"rendered":"<div class=\"delivery-text-box\"><\/div>\n<p><strong>Para calcular el precio, primero seleccione el color, luego seleccione la tela y finalmente ingrese la medida en mil\u00edmetros (mm).<\/strong><\/p>\n<hr \/>\n<p><strong>Aseg\u00farese de visitar las p\u00e1ginas de instrucciones de montaje para ventanas antes de realizar su pedido.<\/strong> <a href=\"https:\/\/www.youtube.com\/watch?v=e8QZr0Yd7mU\" target=\"_blank\" rel=\"noopener\"><span style=\"color: #ff0000;\"> (Video)<\/span><\/a><\/p>\n<p><strong>Aseg\u00farese de visitar las p\u00e1ginas de instrucciones de montaje para ventanas de techo antes de realizar su pedido.<\/strong> <a href=\"https:\/\/youtu.be\/ATb4ozIFJxk\" target=\"_blank\" rel=\"noopener\"><span style=\"color: #ff0000;\"><strong> (Video)<\/strong><\/span><\/a><\/p>\n<p>Ver instrucciones de medici\u00f3n en PDF para <strong>ventanas de techo<\/strong> =&gt;<strong><span style=\"color: #ff0000;\"> <a style=\"color: #ff0000;\" href=\"https:\/\/massdekor.de\/wp-content\/uploads\/2024\/07\/Producto_11-13-5-6-7-8.Spain_.pdf\" target=\"_blank\" rel=\"noopener\"><u>PDF<\/u><\/a><\/span><\/strong><\/p>\n<p><span class=\"pop-up-span\">Instrucciones de medici\u00f3n en PDF &#8211; con persiana enrollable <strong>puerta y ventana<\/strong> =&gt; <span style=\"color: #ff0000;\"><b><u><a style=\"color: #ff0000;\" href=\"https:\/\/massdekor.de\/wp-content\/uploads\/2024\/07\/Producto_2-5_con_obturador_de_rodillo.pdf\" target=\"_blank\" rel=\"noopener\">PDF<\/a><\/u><\/b><\/span><\/span><\/p>\n<p><span class=\"pop-up-span\">Instrucciones de medici\u00f3n en PDF &#8211; sin persianas enrollables <strong>puerta y ventana<\/strong> =&gt;<span style=\"color: #ff0000;\"> <b><u><a style=\"color: #ff0000;\" href=\"https:\/\/massdekor.de\/wp-content\/uploads\/2024\/07\/Producto_2-5_Sin-persiana-enrollableSpain.pdf\" target=\"_blank\" rel=\"noopener\">PDF<\/a><\/u><\/b><\/span><\/span><\/p>\n<hr \/>\n<ul>\n<li>Perfil de aluminio: ancho 35 mm &#8211; profundidad de instalaci\u00f3n 18 mm<\/li>\n<li>Malla normal: <strong><span style=\"color: #ff0000;\"> <a class=\"sg-popup-id-5670\" style=\"color: #ff0000;\">(imagen)<\/a><\/span><\/strong><\/li>\n<li>Malla con protecci\u00f3n para gatos y ratones:<strong><span style=\"color: #ff0000;\"> <a class=\"sg-popup-id-5666\" style=\"color: #ff0000;\">(imagen)<\/a><\/span><\/strong><\/li>\n<\/ul>\n<p><strong>Vertical<\/strong> *El color est\u00e1ndar de la tela es <strong>antracita<\/strong>.<\/p>\n<p style=\"text-align: right;\"><strong>Con MASS DEKOR \u00ae\ufe0f Mosquitera<\/strong> <strong>\u00a1F\u00e1cil de pedir, f\u00e1cil de instalar, protecci\u00f3n efectiva!<\/strong> <strong>Sin mosquitos, sin preocupaciones<\/strong><\/p>\n","protected":false},"featured_media":15993,"comment_status":"closed","ping_status":"closed","template":"","meta":[],"product_brand":[],"product_cat":[550,549],"product_tag":[],"class_list":{"0":"post-15992","1":"product","2":"type-product","3":"status-publish","4":"has-post-thumbnail","6":"product_cat-claraboya","7":"product_cat-proteccion-contra-insectos","8":"product_shipping_class-envio","9":"pa_my-colors-caoba","10":"pa_my-colors-gris-cuarzo-ral-7039","11":"pa_my-colors-negro-ral-9005","12":"pa_my-colors-ral-7016-antracita","13":"pa_my-colors-ral-8016-marron-oscuro","14":"pa_my-colors-ral-9006-es","15":"pa_my-colors-ral-9016-blanco","16":"pa_my-colors-roble-dorado","18":"first","19":"instock","20":"sale","21":"taxable","22":"shipping-taxable","23":"purchasable","24":"product-type-variable","25":"has-default-attributes"},"gallery_images":[2710,2707,2708,2709,3332,3333],"yoast_head":"<!-- This site is optimized with the Yoast SEO Premium plugin v24.6 (Yoast SEO v27.3) - https:\/\/yoast.com\/product\/yoast-seo-premium-wordpress\/ -->\n<title>5.producto mosquitera de una hoja para claraboyas o ventanas normales - Mass Dekor<\/title>\n<meta name=\"robots\" content=\"index, follow, max-snippet:-1, max-image-preview:large, max-video-preview:-1\" \/>\n<link rel=\"canonical\" href=\"https:\/\/massdekor.de\/es\/produkt\/5-producto-mosquitera-de-una-hoja-para-claraboyas-o-ventanas-normales\/\" \/>\n<meta property=\"og:locale\" content=\"es_ES\" \/>\n<meta property=\"og:type\" content=\"article\" \/>\n<meta property=\"og:title\" content=\"5.producto mosquitera de una hoja para claraboyas o ventanas normales\" \/>\n<meta property=\"og:description\" content=\"Para calcular el precio, primero seleccione el color, luego seleccione la tela y finalmente ingrese la medida en mil\u00edmetros (mm).    Aseg\u00farese de visitar las p\u00e1ginas de instrucciones de montaje para ventanas antes de realizar su pedido. (Video)  Aseg\u00farese de visitar las p\u00e1ginas de instrucciones de montaje para ventanas de techo antes de realizar su pedido. (Video)  Ver instrucciones de medici\u00f3n en PDF para ventanas de techo =&gt; PDF  Instrucciones de medici\u00f3n en PDF - con persiana enrollable puerta y ventana =&gt; PDF  Instrucciones de medici\u00f3n en PDF - sin persianas enrollables puerta y ventana =&gt; PDF      Perfil de aluminio: ancho 35 mm - profundidad de instalaci\u00f3n 18 mm  Malla normal: (imagen)  Malla con protecci\u00f3n para gatos y ratones: (imagen)  Vertical *El color est\u00e1ndar de la tela es antracita. Con MASS DEKOR \u00ae\ufe0f Mosquitera \u00a1F\u00e1cil de pedir, f\u00e1cil de instalar, protecci\u00f3n efectiva! Sin mosquitos, sin preocupaciones\" \/>\n<meta property=\"og:url\" content=\"https:\/\/massdekor.de\/es\/produkt\/5-producto-mosquitera-de-una-hoja-para-claraboyas-o-ventanas-normales\/\" \/>\n<meta property=\"og:site_name\" content=\"Mass Dekor\" \/>\n<meta property=\"article:publisher\" content=\"https:\/\/www.facebook.com\/Massdekor.de\" \/>\n<meta property=\"article:modified_time\" content=\"2025-01-29T18:42:29+00:00\" \/>\n<meta property=\"og:image\" content=\"https:\/\/massdekor.de\/wp-content\/uploads\/2023\/12\/produkt-5_tekli_plise_dikey_beyaz0000-2.jpg\" \/>\n\t<meta property=\"og:image:width\" content=\"2500\" \/>\n\t<meta property=\"og:image:height\" content=\"2500\" \/>\n\t<meta property=\"og:image:type\" content=\"image\/jpeg\" \/>\n<meta name=\"twitter:card\" content=\"summary_large_image\" \/>\n<meta name=\"twitter:label1\" content=\"Tiempo de lectura\" \/>\n\t<meta name=\"twitter:data1\" content=\"2 minutos\" \/>\n<script type=\"application\/ld+json\" class=\"yoast-schema-graph\">{\"@context\":\"https:\\\/\\\/schema.org\",\"@graph\":[{\"@type\":\"WebPage\",\"@id\":\"https:\\\/\\\/massdekor.de\\\/es\\\/produkt\\\/5-producto-mosquitera-de-una-hoja-para-claraboyas-o-ventanas-normales\\\/\",\"url\":\"https:\\\/\\\/massdekor.de\\\/es\\\/produkt\\\/5-producto-mosquitera-de-una-hoja-para-claraboyas-o-ventanas-normales\\\/\",\"name\":\"5.producto mosquitera de una hoja para claraboyas o ventanas normales - Mass Dekor\",\"isPartOf\":{\"@id\":\"https:\\\/\\\/massdekor.de\\\/es\\\/#website\"},\"primaryImageOfPage\":{\"@id\":\"https:\\\/\\\/massdekor.de\\\/es\\\/produkt\\\/5-producto-mosquitera-de-una-hoja-para-claraboyas-o-ventanas-normales\\\/#primaryimage\"},\"image\":{\"@id\":\"https:\\\/\\\/massdekor.de\\\/es\\\/produkt\\\/5-producto-mosquitera-de-una-hoja-para-claraboyas-o-ventanas-normales\\\/#primaryimage\"},\"thumbnailUrl\":\"https:\\\/\\\/massdekor.de\\\/wp-content\\\/uploads\\\/2023\\\/12\\\/produkt-5_tekli_plise_dikey_beyaz0000-2.jpg\",\"datePublished\":\"2023-06-20T15:26:22+00:00\",\"dateModified\":\"2025-01-29T18:42:29+00:00\",\"breadcrumb\":{\"@id\":\"https:\\\/\\\/massdekor.de\\\/es\\\/produkt\\\/5-producto-mosquitera-de-una-hoja-para-claraboyas-o-ventanas-normales\\\/#breadcrumb\"},\"inLanguage\":\"es\",\"potentialAction\":[{\"@type\":\"ReadAction\",\"target\":[\"https:\\\/\\\/massdekor.de\\\/es\\\/produkt\\\/5-producto-mosquitera-de-una-hoja-para-claraboyas-o-ventanas-normales\\\/\"]}]},{\"@type\":\"ImageObject\",\"inLanguage\":\"es\",\"@id\":\"https:\\\/\\\/massdekor.de\\\/es\\\/produkt\\\/5-producto-mosquitera-de-una-hoja-para-claraboyas-o-ventanas-normales\\\/#primaryimage\",\"url\":\"https:\\\/\\\/massdekor.de\\\/wp-content\\\/uploads\\\/2023\\\/12\\\/produkt-5_tekli_plise_dikey_beyaz0000-2.jpg\",\"contentUrl\":\"https:\\\/\\\/massdekor.de\\\/wp-content\\\/uploads\\\/2023\\\/12\\\/produkt-5_tekli_plise_dikey_beyaz0000-2.jpg\",\"width\":2500,\"height\":2500},{\"@type\":\"BreadcrumbList\",\"@id\":\"https:\\\/\\\/massdekor.de\\\/es\\\/produkt\\\/5-producto-mosquitera-de-una-hoja-para-claraboyas-o-ventanas-normales\\\/#breadcrumb\",\"itemListElement\":[{\"@type\":\"ListItem\",\"position\":1,\"name\":\"Startseite\",\"item\":\"https:\\\/\\\/massdekor.de\\\/es\\\/\"},{\"@type\":\"ListItem\",\"position\":2,\"name\":\"Tienda\",\"item\":\"https:\\\/\\\/massdekor.de\\\/es\\\/tienda\\\/\"},{\"@type\":\"ListItem\",\"position\":3,\"name\":\"5.producto mosquitera de una hoja para claraboyas o ventanas normales\"}]},{\"@type\":\"WebSite\",\"@id\":\"https:\\\/\\\/massdekor.de\\\/es\\\/#website\",\"url\":\"https:\\\/\\\/massdekor.de\\\/es\\\/\",\"name\":\"Mass Dekor\",\"description\":\"\",\"potentialAction\":[{\"@type\":\"SearchAction\",\"target\":{\"@type\":\"EntryPoint\",\"urlTemplate\":\"https:\\\/\\\/massdekor.de\\\/es\\\/?s={search_term_string}\"},\"query-input\":{\"@type\":\"PropertyValueSpecification\",\"valueRequired\":true,\"valueName\":\"search_term_string\"}}],\"inLanguage\":\"es\"}]}<\/script>\n<!-- \/ Yoast SEO Premium plugin. -->","yoast_head_json":{"title":"5.producto mosquitera de una hoja para claraboyas o ventanas normales - Mass Dekor","robots":{"index":"index","follow":"follow","max-snippet":"max-snippet:-1","max-image-preview":"max-image-preview:large","max-video-preview":"max-video-preview:-1"},"canonical":"https:\/\/massdekor.de\/es\/produkt\/5-producto-mosquitera-de-una-hoja-para-claraboyas-o-ventanas-normales\/","og_locale":"es_ES","og_type":"article","og_title":"5.producto mosquitera de una hoja para claraboyas o ventanas normales","og_description":"Para calcular el precio, primero seleccione el color, luego seleccione la tela y finalmente ingrese la medida en mil\u00edmetros (mm).    Aseg\u00farese de visitar las p\u00e1ginas de instrucciones de montaje para ventanas antes de realizar su pedido. (Video)  Aseg\u00farese de visitar las p\u00e1ginas de instrucciones de montaje para ventanas de techo antes de realizar su pedido. (Video)  Ver instrucciones de medici\u00f3n en PDF para ventanas de techo =&gt; PDF  Instrucciones de medici\u00f3n en PDF - con persiana enrollable puerta y ventana =&gt; PDF  Instrucciones de medici\u00f3n en PDF - sin persianas enrollables puerta y ventana =&gt; PDF      Perfil de aluminio: ancho 35 mm - profundidad de instalaci\u00f3n 18 mm  Malla normal: (imagen)  Malla con protecci\u00f3n para gatos y ratones: (imagen)  Vertical *El color est\u00e1ndar de la tela es antracita. Con MASS DEKOR \u00ae\ufe0f Mosquitera \u00a1F\u00e1cil de pedir, f\u00e1cil de instalar, protecci\u00f3n efectiva! Sin mosquitos, sin preocupaciones","og_url":"https:\/\/massdekor.de\/es\/produkt\/5-producto-mosquitera-de-una-hoja-para-claraboyas-o-ventanas-normales\/","og_site_name":"Mass Dekor","article_publisher":"https:\/\/www.facebook.com\/Massdekor.de","article_modified_time":"2025-01-29T18:42:29+00:00","og_image":[{"width":2500,"height":2500,"url":"https:\/\/massdekor.de\/wp-content\/uploads\/2023\/12\/produkt-5_tekli_plise_dikey_beyaz0000-2.jpg","type":"image\/jpeg"}],"twitter_card":"summary_large_image","twitter_misc":{"Tiempo de lectura":"2 minutos"},"schema":{"@context":"https:\/\/schema.org","@graph":[{"@type":"WebPage","@id":"https:\/\/massdekor.de\/es\/produkt\/5-producto-mosquitera-de-una-hoja-para-claraboyas-o-ventanas-normales\/","url":"https:\/\/massdekor.de\/es\/produkt\/5-producto-mosquitera-de-una-hoja-para-claraboyas-o-ventanas-normales\/","name":"5.producto mosquitera de una hoja para claraboyas o ventanas normales - Mass Dekor","isPartOf":{"@id":"https:\/\/massdekor.de\/es\/#website"},"primaryImageOfPage":{"@id":"https:\/\/massdekor.de\/es\/produkt\/5-producto-mosquitera-de-una-hoja-para-claraboyas-o-ventanas-normales\/#primaryimage"},"image":{"@id":"https:\/\/massdekor.de\/es\/produkt\/5-producto-mosquitera-de-una-hoja-para-claraboyas-o-ventanas-normales\/#primaryimage"},"thumbnailUrl":"https:\/\/massdekor.de\/wp-content\/uploads\/2023\/12\/produkt-5_tekli_plise_dikey_beyaz0000-2.jpg","datePublished":"2023-06-20T15:26:22+00:00","dateModified":"2025-01-29T18:42:29+00:00","breadcrumb":{"@id":"https:\/\/massdekor.de\/es\/produkt\/5-producto-mosquitera-de-una-hoja-para-claraboyas-o-ventanas-normales\/#breadcrumb"},"inLanguage":"es","potentialAction":[{"@type":"ReadAction","target":["https:\/\/massdekor.de\/es\/produkt\/5-producto-mosquitera-de-una-hoja-para-claraboyas-o-ventanas-normales\/"]}]},{"@type":"ImageObject","inLanguage":"es","@id":"https:\/\/massdekor.de\/es\/produkt\/5-producto-mosquitera-de-una-hoja-para-claraboyas-o-ventanas-normales\/#primaryimage","url":"https:\/\/massdekor.de\/wp-content\/uploads\/2023\/12\/produkt-5_tekli_plise_dikey_beyaz0000-2.jpg","contentUrl":"https:\/\/massdekor.de\/wp-content\/uploads\/2023\/12\/produkt-5_tekli_plise_dikey_beyaz0000-2.jpg","width":2500,"height":2500},{"@type":"BreadcrumbList","@id":"https:\/\/massdekor.de\/es\/produkt\/5-producto-mosquitera-de-una-hoja-para-claraboyas-o-ventanas-normales\/#breadcrumb","itemListElement":[{"@type":"ListItem","position":1,"name":"Startseite","item":"https:\/\/massdekor.de\/es\/"},{"@type":"ListItem","position":2,"name":"Tienda","item":"https:\/\/massdekor.de\/es\/tienda\/"},{"@type":"ListItem","position":3,"name":"5.producto mosquitera de una hoja para claraboyas o ventanas normales"}]},{"@type":"WebSite","@id":"https:\/\/massdekor.de\/es\/#website","url":"https:\/\/massdekor.de\/es\/","name":"Mass Dekor","description":"","potentialAction":[{"@type":"SearchAction","target":{"@type":"EntryPoint","urlTemplate":"https:\/\/massdekor.de\/es\/?s={search_term_string}"},"query-input":{"@type":"PropertyValueSpecification","valueRequired":true,"valueName":"search_term_string"}}],"inLanguage":"es"}]}},"_links":{"self":[{"href":"https:\/\/massdekor.de\/es\/wp-json\/wp\/v2\/product\/15992","targetHints":{"allow":["GET"]}}],"collection":[{"href":"https:\/\/massdekor.de\/es\/wp-json\/wp\/v2\/product"}],"about":[{"href":"https:\/\/massdekor.de\/es\/wp-json\/wp\/v2\/types\/product"}],"replies":[{"embeddable":true,"href":"https:\/\/massdekor.de\/es\/wp-json\/wp\/v2\/comments?post=15992"}],"version-history":[{"count":3,"href":"https:\/\/massdekor.de\/es\/wp-json\/wp\/v2\/product\/15992\/revisions"}],"predecessor-version":[{"id":16194,"href":"https:\/\/massdekor.de\/es\/wp-json\/wp\/v2\/product\/15992\/revisions\/16194"}],"wp:featuredmedia":[{"embeddable":true,"href":"https:\/\/massdekor.de\/es\/wp-json\/wp\/v2\/media\/15993"}],"wp:attachment":[{"href":"https:\/\/massdekor.de\/es\/wp-json\/wp\/v2\/media?parent=15992"}],"wp:term":[{"taxonomy":"product_brand","embeddable":true,"href":"https:\/\/massdekor.de\/es\/wp-json\/wp\/v2\/product_brand?post=15992"},{"taxonomy":"product_cat","embeddable":true,"href":"https:\/\/massdekor.de\/es\/wp-json\/wp\/v2\/product_cat?post=15992"},{"taxonomy":"product_tag","embeddable":true,"href":"https:\/\/massdekor.de\/es\/wp-json\/wp\/v2\/product_tag?post=15992"}],"curies":[{"name":"wp","href":"https:\/\/api.w.org\/{rel}","templated":true}]}}