{"id":15954,"date":"2023-08-29T22:46:58","date_gmt":"2023-08-29T20:46:58","guid":{"rendered":"https:\/\/massdekor.de\/produkt\/%ef%b8%8f-1-producto-sistema-de-abrazaderas-mosquiteras-para-puertas-y-ventanas-marcos\/"},"modified":"2025-04-11T22:27:40","modified_gmt":"2025-04-11T20:27:40","slug":"1-producto-sistema-de-abrazaderas-mosquiteras-para-puertas-y-ventanas-marcos","status":"publish","type":"product","link":"https:\/\/massdekor.de\/es\/produkt\/1-producto-sistema-de-abrazaderas-mosquiteras-para-puertas-y-ventanas-marcos\/","title":{"rendered":"1.producto Sistema de abrazaderas &#8211; mosquiteras para puertas y ventanas &#8211; marcos"},"content":{"rendered":"\t\t<div data-elementor-type=\"product-post\" data-elementor-id=\"15954\" class=\"elementor elementor-15954 elementor-2641\" data-elementor-post-type=\"product\">\n\t\t\t\t\t\t<section class=\"penci-section penci-disSticky penci-structure-10 elementor-section elementor-top-section elementor-element elementor-element-6803a700 elementor-section-boxed elementor-section-height-default elementor-section-height-default\" data-id=\"6803a700\" data-element_type=\"section\" data-e-type=\"section\" id=\"productOne\">\n\t\t\t\t\t\t<div class=\"elementor-container elementor-column-gap-default\">\n\t\t\t\t\t<div class=\"penci-ercol-100 penci-ercol-order-1 penci-sticky-ct    elementor-column elementor-col-100 elementor-top-column elementor-element elementor-element-7360b58e\" data-id=\"7360b58e\" data-element_type=\"column\" data-e-type=\"column\">\n\t\t\t<div class=\"elementor-widget-wrap elementor-element-populated\">\n\t\t\t\t\t\t<div class=\"elementor-element elementor-element-6167f495 elementor-widget elementor-widget-text-editor\" data-id=\"6167f495\" data-element_type=\"widget\" data-e-type=\"widget\" data-widget_type=\"text-editor.default\">\n\t\t\t\t<div class=\"elementor-widget-container\">\n\t\t\t\t\t\t\t\t\t<p><strong>DECORACI\u00d3N DE MASAS\u00ae\ufe0f<\/strong><\/p>\n<h1 class=\"product_title entry-title\">1er producto \u00ae\ufe0f Sistema de abrazaderas &#8211; mosquitera para puertas y marcos de ventanas<\/h1>\n<p><strong>Sin taladrar &#8211; Sin tornillos  <\/strong><\/p>\n<p><strong>Mosquitera &#8211; perfil de aluminio para puertas y ventanas balconeras<br \/><\/strong><\/p>\n<hr>\n<p>Para calcular el precio, seleccione primero el color, despu\u00e9s el tejido y, por \u00faltimo, introduzca la medida en <strong><span style=\"color: #ff9900;\">mil\u00edmetros (mm)<\/span><\/strong><br \/>Puede instalarse desde el interior o el exterior. (<strong><span style=\"color: #ff0000;\"><a style=\"color: #ff0000;\" href=\"https:\/\/youtube.com\/shorts\/Hk7OBgtuBPA?si=f7xpLyjxlBIxEJYf\" target=\"_blank\" rel=\"noopener\">haga clic en<\/a><\/span><\/strong>) (Si se desea la instalaci\u00f3n desde el exterior, debe hacerse como se muestra en el sistema click<a href=\"https:\/\/youtu.be\/kx28IDAx2iM?si=Px0caD8r0BBzPzgs\" target=\"_blank\" rel=\"noopener\"><strong><span style=\"color: #ff0000;\">v\u00eddeo de instalaci\u00f3n<\/span><\/strong><\/a> )<\/p>\n<p><strong>Antes de realizar su pedido, aseg\u00farese de visitar las p\u00e1ginas sobre <span style=\"color: #ff9900;\">medidas e<\/span> <span style=\"color: #ff0000;\"> <a class=\"sg-popup-id-5116\" style=\"color: #ff0000;\">instrucciones de montaje.<\/a><\/span><\/strong><\/p>\n<p><span style=\"color: #ff9900;\"><a class=\"sg-popup-id-5538\" style=\"color: #ff9900;\">Instrucciones para ferias <span style=\"color: #ff0000;\"><strong><u>Imagen<\/u><\/strong><\/span><\/a><\/span><br \/><span style=\"color: #ff9900;\"><a class=\"sg-popup-id-10703\" style=\"color: #ff9900;\">pista <span style=\"color: #ff0000;\"><strong><u>Imagen<\/u><\/strong><\/span><\/a><\/span><\/p>\n<p><span style=\"color: #ff9900;\"><strong>Se retira la manilla de la puerta pegada al exterior.<\/strong><\/span><\/p>\n<p><span style=\"color: #ff9900;\"><a class=\"sg-popup-id-5445\" style=\"color: #ff9900;\"><strong>Debe ser sin <span style=\"color: #ff0000;\"><u>patas del tiempo<\/u><\/span> \u00a1ser!<\/strong><\/a><\/span><\/p>\n<p><strong> <\/strong><\/p>\n<p><strong>Caracter\u00edsticas del producto:<\/strong><\/p>\n<ul>\n<li>\n<p><strong>Perfil de aluminio:<\/strong><\/p>\n<ul>\n<li>Anchura: <strong>35 mm<\/strong><\/li>\n<li>Profundidad de instalaci\u00f3n: <strong>18 mm<\/strong><\/li>\n<li>Proyecci\u00f3n del borde: <strong>11 mm<\/strong><\/li>\n<\/ul>\n<\/li>\n<li>\n<p><strong>Material de la red:<\/strong> red de fibra de vidrio<\/p>\n<ul>\n<li>Disponible en diferentes versiones:\n<ul>\n<li><strong>Red normal<\/strong><\/li>\n<li><strong>Red para ratones, gatos y polen<\/strong><\/li>\n<\/ul>\n<\/li>\n<\/ul>\n<\/li>\n<li>\n<p><strong>Campo de aplicaci\u00f3n:<\/strong><\/p>\n<ul>\n<li>Ideal para puertas y ventanas de balcones<\/li>\n<li>No apto para <strong>puertas de dos hojas<\/strong> &#8211; s\u00f3lo para <strong>un lado<\/strong><\/li>\n<li>No apto para <strong>puertas con umbral<\/strong> <\/li>\n<li>No es compatible con los <strong>burletes<\/strong> para puertas y ventanas<\/li>\n<li>Si hay un tirador de puerta, debe retirarse antes de la instalaci\u00f3n<\/li>\n<\/ul>\n<ul>\n<li>Las dimensiones se miden <strong>en claro<\/strong> (medida de junta de goma a junta de goma).<\/li>\n<li><strong>Nota:<\/strong> Se recomienda restar <strong>2 mm<\/strong> a la anchura.<\/li>\n<li><strong>Color:<\/strong> El color est\u00e1ndar del tejido mosquitera es <strong>antracita<\/strong>.<\/li>\n<\/ul>\n<\/li>\n<\/ul>\n<p><strong>Instrucciones de montaje:<\/strong><\/p>\n<ul>\n<li>Aseg\u00farese de golpear las esquinas de pl\u00e1stico <strong>con un martillo<\/strong> al montarlo (para evitar lesiones, ya que es met\u00e1lico).<\/li>\n<li>No debe quedar ning\u00fan hueco entre el pl\u00e1stico y el perfil de aluminio.<\/li>\n<\/ul>\n<p><strong>Ventajas del producto:<\/strong><\/p>\n<ul>\n<li><strong>Pedido sencillo, montaje sencillo<\/strong><\/li>\n<li><strong>Protecci\u00f3n eficaz<\/strong> contra insectos, mosquitos, polvo y polen<\/li>\n<li><strong>Duradera<\/strong> y <strong>f\u00e1cil de limpiar<\/strong> gracias a la malla de fibra de vidrio<\/li>\n<li>Adaptable a sus dimensiones<\/li>\n<\/ul>\n<p><strong>Orden:<\/strong><\/p>\n<ul>\n<li>Seleccione primero el <strong>color del marco<\/strong>.<\/li>\n<li>A continuaci\u00f3n, introduzca la <strong>anchura<\/strong> y la <strong>altura<\/strong> en mil\u00edmetros.<\/li>\n<li>Los productos se fabrican seg\u00fan las dimensiones que usted especifique.<\/li>\n<\/ul>\n<p><strong>Proteja su hogar de hu\u00e9spedes no invitados &#8211; con MASS DEKOR\u00ae\ufe0f \u00a1mosquiteras!<\/strong><\/p>\n\t\t\t\t\t\t\t\t<\/div>\n\t\t\t\t<\/div>\n\t\t\t\t\t<\/div>\n\t\t<\/div>\n\t\t\t\t\t<\/div>\n\t\t<\/section>\n\t\t\t\t<\/div>\n\t\t","protected":false},"excerpt":{"rendered":"<div class=\"delivery-text-box\">\n<hr \/>\n<p>Para calcular el precio, primero seleccione el color, luego elija la tela y, finalmente, introduzca la medida <strong>en mil\u00edmetros (mm)<\/strong>.<br \/>\nSe puede instalar tanto en el interior como en el exterior.<\/p>\n<p>Antes de realizar su pedido, aseg\u00farese de visitar las p\u00e1ginas con las <span style=\"color: #ff9900;\"><a style=\"color: #ff9900;\" href=\"https:\/\/www.youtube.com\/watch?v=acaxvRdvHm4\" target=\"_blank\" rel=\"noopener\"><strong>instrucciones de medici\u00f3n e instalaci\u00f3n (VIDEO) en las siguientes p\u00e1ginas. <span style=\"color: #000000;\">\u21b5<\/span><\/strong><\/a><br \/>\n<\/span><strong><span class=\"pop-up-span\" style=\"color: #ed9e00;\"><span style=\"color: #000000;\">Informaci\u00f3n importante \u2013 <\/span><\/span><a href=\"https:\/\/youtu.be\/BcU2I9HJ6F0?si=BXtqCoFLmeAmciIm\" target=\"_blank\" rel=\"noopener\"><span class=\"pop-up-span\" style=\"color: #ff9900;\">Producto 1 (V\u00cdDEO)<\/span><\/a> \u21b5<span class=\"pop-up-span\" style=\"color: #ed9e00;\"><span style=\"color: #000000;\"><br \/>\nImagen de instrucciones de medici\u00f3n =&gt; <\/span><span style=\"color: #ff9900;\"><u class=\"sg-popup-id-9942\">ES \ud83c\uddea\ud83c\uddf8 <span style=\"color: #000000;\">\u21b5<\/span><\/u><\/span><\/span><\/strong><\/p>\n<p><span style=\"color: #ff9900;\"><strong>\u00a1El tirador de la puerta pegado al exterior debe ser retirado!<\/strong><\/span><\/p>\n<p><a class=\"sg-popup-id-5445\"><strong><span style=\"color: #000000;\">Debe estar sin<\/span> <span style=\"color: #ff9900;\"><u>burletes<\/u>! <span style=\"color: #000000;\">\u21b5<\/span><\/span><\/strong><\/a><\/p>\n<ul>\n<li>Red normal: <strong>\u00a0<span style=\"color: #ff9900;\"><a class=\"sg-popup-id-5670\" style=\"color: #ff9900;\">(imagen) <span style=\"color: #000000;\">\u21b5<\/span><\/a><\/span><\/strong><\/li>\n<li>Red con protecci\u00f3n para gatos y ratones: \u00a0<span style=\"color: #ff9900;\"><strong><strong><a class=\"sg-popup-id-5666\" style=\"color: #ff9900;\">(imagen) <span style=\"color: #000000;\">\u21b5<\/span><\/a><\/strong><\/strong><\/span><\/li>\n<\/ul>\n<\/div>\n<ul>\n<li style=\"list-style-type: none;\">\n<ul>\n<li>Perfil de aluminio: Ancho <strong><span style=\"color: #000000;\">35 mm<\/span><\/strong> &#8211; Profundidad de instalaci\u00f3n <strong><span style=\"color: #000000;\">18 mm &#8211; <\/span><\/strong>Proyecci\u00f3n del borde <strong><span style=\"color: #000000;\">11 mm<\/span><\/strong><\/li>\n<li>Red: hecha de fibra de vidrio<\/li>\n<li><strong>Puertas de balc\u00f3n<\/strong> y <strong>ventanas<\/strong><\/li>\n<li>No apto para puertas de doble hoja (solo para <span style=\"color: #ff9900;\"><a style=\"color: #ff9900;\" href=\"https:\/\/youtube.com\/shorts\/keWI3X_fM-0?si=vZKgPTw5omiGjPHT\" target=\"_blank\" rel=\"noopener\"><strong>un lado<\/strong><\/a><\/span> ) <strong>\u21b5<\/strong><\/li>\n<li>Apto para puertas con umbrales<span style=\"color: #ff9900;\"> <strong><a style=\"color: #ff9900;\" href=\"https:\/\/massdekor.de\/wp-content\/uploads\/2025\/01\/mit-schwelle-neu-2.png-scaled.jpg\" target=\"_blank\" rel=\"noopener\">(IMAGEN) <span style=\"color: #000000;\">\u21b5<\/span><\/a><\/strong><\/span><\/li>\n<li>No apto para puertas sin umbrales<span style=\"color: #ff0000;\"><strong> <span style=\"color: #ff0000;\"><a style=\"color: #ff0000;\" href=\"https:\/\/massdekor.de\/wp-content\/uploads\/2025\/01\/ohne-schwelle-neu-2.png-scaled.jpg\" target=\"_blank\" rel=\"noopener\"><span style=\"color: #ff9900;\">(IMAGEN<\/span><\/a><span style=\"color: #ff9900;\">) <span style=\"color: #000000;\">\u21b5<\/span><\/span><\/span><\/strong><\/span><\/li>\n<li>No apto para burletes en puertas y ventanas <span style=\"color: #ff9900;\"><strong><a class=\"sg-popup-id-5445\" style=\"color: #ff9900;\" data-popup-id=\"5445\"><u>(IMAGEN) <span style=\"color: #000000;\">\u21b5<\/span><\/u><\/a><\/strong><\/span><\/li>\n<li>Si hay un tirador en la puerta, debe ser retirado<\/li>\n<li>Se miden las dimensiones de luz (medida de junta de goma a junta de goma) <span style=\"color: #ff9900;\"><strong><span class=\"pop-up-span\"><u class=\"sg-popup-id-8406\" data-popup-id=\"8406\">(IMAGEN<\/u>) <span style=\"color: #000000;\">\u21b5<\/span><\/span><\/strong><\/span><\/li>\n<li>Los productos se fabrican seg\u00fan las dimensiones que usted especifique.<\/li>\n<li>No olvide calcular la distancia entre las gu\u00edas de la persiana enrollable. Se debe tener en cuenta la parte del borde del perfil de sistema de clic de 11 mm (11 mm). <span style=\"color: #ff9900;\"><strong><a class=\"sg-popup-id-10703\" style=\"color: #ff9900;\" data-popup-id=\"10703\"><u>( IMAGEN ) <span style=\"color: #000000;\">\u21b5<\/span><\/u><\/a><\/strong><\/span><\/li>\n<li>Se recomienda restar 2 mm del ancho.<\/li>\n<\/ul>\n<\/li>\n<\/ul>\n<p>*El color est\u00e1ndar de la tela es <strong>antracita<\/strong>.<br \/>\n<strong>Nota sobre el montaje<\/strong>: Golpee las esquinas de pl\u00e1stico con un martillo (para evitar lesiones, ya que es de metal) y no debe haber ni un mil\u00edmetro de separaci\u00f3n entre el pl\u00e1stico y el perfil de aluminio.<\/p>\n<p style=\"text-align: right;\"><strong>Con MASS DEKOR \u00ae\ufe0f Mosquitera<\/strong> <strong>\u00a1F\u00e1cil de pedir, f\u00e1cil de instalar, protecci\u00f3n efectiva!<\/strong> <strong>Sin mosquitos, sin preocupaciones<\/strong><\/p>\n","protected":false},"featured_media":15961,"comment_status":"closed","ping_status":"closed","template":"","meta":[],"product_brand":[],"product_cat":[557,549,556],"product_tag":[],"class_list":{"0":"post-15954","1":"product","2":"type-product","3":"status-publish","4":"has-post-thumbnail","6":"product_cat-marcos-de-puertas-y-ventanas","7":"product_cat-proteccion-contra-insectos","8":"product_cat-sistema-de-clic","9":"product_shipping_class-envio","10":"pa_my-colors-caoba","11":"pa_my-colors-gris-cuarzo-ral-7039","12":"pa_my-colors-negro-ral-9005","13":"pa_my-colors-ral-7016-antracita","14":"pa_my-colors-ral-8016-marron-oscuro","15":"pa_my-colors-ral-9006-es","16":"pa_my-colors-ral-9016-blanco","18":"first","19":"instock","20":"sale","21":"taxable","22":"shipping-taxable","23":"purchasable","24":"product-type-variable","25":"has-default-attributes"},"gallery_images":[6397],"yoast_head":"<!-- This site is optimized with the Yoast SEO Premium plugin v24.6 (Yoast SEO v27.3) - https:\/\/yoast.com\/product\/yoast-seo-premium-wordpress\/ -->\n<title>1.producto Sistema de abrazaderas - mosquiteras para puertas y ventanas - marcos - Mass Dekor<\/title>\n<meta name=\"robots\" content=\"index, follow, max-snippet:-1, max-image-preview:large, max-video-preview:-1\" \/>\n<link rel=\"canonical\" href=\"https:\/\/massdekor.de\/es\/produkt\/1-producto-sistema-de-abrazaderas-mosquiteras-para-puertas-y-ventanas-marcos\/\" \/>\n<meta property=\"og:locale\" content=\"es_ES\" \/>\n<meta property=\"og:type\" content=\"article\" \/>\n<meta property=\"og:title\" content=\"1.producto Sistema de abrazaderas - mosquiteras para puertas y ventanas - marcos\" \/>\n<meta property=\"og:description\" content=\"Para calcular el precio, primero seleccione el color, luego elija la tela y, finalmente, introduzca la medida en mil\u00edmetros (mm). Se puede instalar tanto en el interior como en el exterior.  Antes de realizar su pedido, aseg\u00farese de visitar las p\u00e1ginas con las instrucciones de medici\u00f3n e instalaci\u00f3n (VIDEO) en las siguientes p\u00e1ginas. \u21b5 Informaci\u00f3n importante \u2013 Producto 1 (V\u00cdDEO) \u21b5 Imagen de instrucciones de medici\u00f3n =&gt; ES \ud83c\uddea\ud83c\uddf8 \u21b5  \u00a1El tirador de la puerta pegado al exterior debe ser retirado!  Debe estar sin burletes! \u21b5   Red normal: \u00a0(imagen) \u21b5  Red con protecci\u00f3n para gatos y ratones: \u00a0(imagen) \u21b5        Perfil de aluminio: Ancho 35 mm - Profundidad de instalaci\u00f3n 18 mm - Proyecci\u00f3n del borde 11 mm  Red: hecha de fibra de vidrio  Puertas de balc\u00f3n y ventanas  No apto para puertas de doble hoja (solo para un lado ) \u21b5  Apto para puertas con umbrales (IMAGEN) \u21b5  No apto para puertas sin umbrales (IMAGEN) \u21b5  No apto para burletes en puertas y ventanas (IMAGEN) \u21b5  Si hay un tirador en la puerta, debe ser retirado  Se miden las dimensiones de luz (medida de junta de goma a junta de goma) (IMAGEN) \u21b5  Los productos se fabrican seg\u00fan las dimensiones que usted especifique.  No olvide calcular la distancia entre las gu\u00edas de la persiana enrollable. Se debe tener en cuenta la parte del borde del perfil de sistema de clic de 11 mm (11 mm). ( IMAGEN ) \u21b5  Se recomienda restar 2 mm del ancho.    *El color est\u00e1ndar de la tela es antracita. Nota sobre el montaje: Golpee las esquinas de pl\u00e1stico con un martillo (para evitar lesiones, ya que es de metal) y no debe haber ni un mil\u00edmetro de separaci\u00f3n entre el pl\u00e1stico y el perfil de aluminio. Con MASS DEKOR \u00ae\ufe0f Mosquitera \u00a1F\u00e1cil de pedir, f\u00e1cil de instalar, protecci\u00f3n efectiva! Sin mosquitos, sin preocupaciones\" \/>\n<meta property=\"og:url\" content=\"https:\/\/massdekor.de\/es\/produkt\/1-producto-sistema-de-abrazaderas-mosquiteras-para-puertas-y-ventanas-marcos\/\" \/>\n<meta property=\"og:site_name\" content=\"Mass Dekor\" \/>\n<meta property=\"article:publisher\" content=\"https:\/\/www.facebook.com\/Massdekor.de\" \/>\n<meta property=\"article:modified_time\" content=\"2025-04-11T20:27:40+00:00\" \/>\n<meta property=\"og:image\" content=\"https:\/\/massdekor.de\/wp-content\/uploads\/2023\/08\/9016_0001.jpg\" \/>\n\t<meta property=\"og:image:width\" content=\"1250\" \/>\n\t<meta property=\"og:image:height\" content=\"1250\" \/>\n\t<meta property=\"og:image:type\" content=\"image\/jpeg\" \/>\n<meta name=\"twitter:card\" content=\"summary_large_image\" \/>\n<meta name=\"twitter:label1\" content=\"Tiempo de lectura\" \/>\n\t<meta name=\"twitter:data1\" content=\"3 minutos\" \/>\n<script type=\"application\/ld+json\" class=\"yoast-schema-graph\">{\"@context\":\"https:\\\/\\\/schema.org\",\"@graph\":[{\"@type\":\"WebPage\",\"@id\":\"https:\\\/\\\/massdekor.de\\\/es\\\/produkt\\\/1-producto-sistema-de-abrazaderas-mosquiteras-para-puertas-y-ventanas-marcos\\\/\",\"url\":\"https:\\\/\\\/massdekor.de\\\/es\\\/produkt\\\/1-producto-sistema-de-abrazaderas-mosquiteras-para-puertas-y-ventanas-marcos\\\/\",\"name\":\"1.producto Sistema de abrazaderas - mosquiteras para puertas y ventanas - marcos - Mass Dekor\",\"isPartOf\":{\"@id\":\"https:\\\/\\\/massdekor.de\\\/es\\\/#website\"},\"primaryImageOfPage\":{\"@id\":\"https:\\\/\\\/massdekor.de\\\/es\\\/produkt\\\/1-producto-sistema-de-abrazaderas-mosquiteras-para-puertas-y-ventanas-marcos\\\/#primaryimage\"},\"image\":{\"@id\":\"https:\\\/\\\/massdekor.de\\\/es\\\/produkt\\\/1-producto-sistema-de-abrazaderas-mosquiteras-para-puertas-y-ventanas-marcos\\\/#primaryimage\"},\"thumbnailUrl\":\"https:\\\/\\\/massdekor.de\\\/wp-content\\\/uploads\\\/2023\\\/08\\\/9016_0001.jpg\",\"datePublished\":\"2023-08-29T20:46:58+00:00\",\"dateModified\":\"2025-04-11T20:27:40+00:00\",\"breadcrumb\":{\"@id\":\"https:\\\/\\\/massdekor.de\\\/es\\\/produkt\\\/1-producto-sistema-de-abrazaderas-mosquiteras-para-puertas-y-ventanas-marcos\\\/#breadcrumb\"},\"inLanguage\":\"es\",\"potentialAction\":[{\"@type\":\"ReadAction\",\"target\":[\"https:\\\/\\\/massdekor.de\\\/es\\\/produkt\\\/1-producto-sistema-de-abrazaderas-mosquiteras-para-puertas-y-ventanas-marcos\\\/\"]}]},{\"@type\":\"ImageObject\",\"inLanguage\":\"es\",\"@id\":\"https:\\\/\\\/massdekor.de\\\/es\\\/produkt\\\/1-producto-sistema-de-abrazaderas-mosquiteras-para-puertas-y-ventanas-marcos\\\/#primaryimage\",\"url\":\"https:\\\/\\\/massdekor.de\\\/wp-content\\\/uploads\\\/2023\\\/08\\\/9016_0001.jpg\",\"contentUrl\":\"https:\\\/\\\/massdekor.de\\\/wp-content\\\/uploads\\\/2023\\\/08\\\/9016_0001.jpg\",\"width\":1250,\"height\":1250},{\"@type\":\"BreadcrumbList\",\"@id\":\"https:\\\/\\\/massdekor.de\\\/es\\\/produkt\\\/1-producto-sistema-de-abrazaderas-mosquiteras-para-puertas-y-ventanas-marcos\\\/#breadcrumb\",\"itemListElement\":[{\"@type\":\"ListItem\",\"position\":1,\"name\":\"Startseite\",\"item\":\"https:\\\/\\\/massdekor.de\\\/es\\\/\"},{\"@type\":\"ListItem\",\"position\":2,\"name\":\"Tienda\",\"item\":\"https:\\\/\\\/massdekor.de\\\/es\\\/tienda\\\/\"},{\"@type\":\"ListItem\",\"position\":3,\"name\":\"1.producto Sistema de abrazaderas &#8211; mosquiteras para puertas y ventanas &#8211; marcos\"}]},{\"@type\":\"WebSite\",\"@id\":\"https:\\\/\\\/massdekor.de\\\/es\\\/#website\",\"url\":\"https:\\\/\\\/massdekor.de\\\/es\\\/\",\"name\":\"Mass Dekor\",\"description\":\"\",\"potentialAction\":[{\"@type\":\"SearchAction\",\"target\":{\"@type\":\"EntryPoint\",\"urlTemplate\":\"https:\\\/\\\/massdekor.de\\\/es\\\/?s={search_term_string}\"},\"query-input\":{\"@type\":\"PropertyValueSpecification\",\"valueRequired\":true,\"valueName\":\"search_term_string\"}}],\"inLanguage\":\"es\"}]}<\/script>\n<!-- \/ Yoast SEO Premium plugin. -->","yoast_head_json":{"title":"1.producto Sistema de abrazaderas - mosquiteras para puertas y ventanas - marcos - Mass Dekor","robots":{"index":"index","follow":"follow","max-snippet":"max-snippet:-1","max-image-preview":"max-image-preview:large","max-video-preview":"max-video-preview:-1"},"canonical":"https:\/\/massdekor.de\/es\/produkt\/1-producto-sistema-de-abrazaderas-mosquiteras-para-puertas-y-ventanas-marcos\/","og_locale":"es_ES","og_type":"article","og_title":"1.producto Sistema de abrazaderas - mosquiteras para puertas y ventanas - marcos","og_description":"Para calcular el precio, primero seleccione el color, luego elija la tela y, finalmente, introduzca la medida en mil\u00edmetros (mm). Se puede instalar tanto en el interior como en el exterior.  Antes de realizar su pedido, aseg\u00farese de visitar las p\u00e1ginas con las instrucciones de medici\u00f3n e instalaci\u00f3n (VIDEO) en las siguientes p\u00e1ginas. \u21b5 Informaci\u00f3n importante \u2013 Producto 1 (V\u00cdDEO) \u21b5 Imagen de instrucciones de medici\u00f3n =&gt; ES \ud83c\uddea\ud83c\uddf8 \u21b5  \u00a1El tirador de la puerta pegado al exterior debe ser retirado!  Debe estar sin burletes! \u21b5   Red normal: \u00a0(imagen) \u21b5  Red con protecci\u00f3n para gatos y ratones: \u00a0(imagen) \u21b5        Perfil de aluminio: Ancho 35 mm - Profundidad de instalaci\u00f3n 18 mm - Proyecci\u00f3n del borde 11 mm  Red: hecha de fibra de vidrio  Puertas de balc\u00f3n y ventanas  No apto para puertas de doble hoja (solo para un lado ) \u21b5  Apto para puertas con umbrales (IMAGEN) \u21b5  No apto para puertas sin umbrales (IMAGEN) \u21b5  No apto para burletes en puertas y ventanas (IMAGEN) \u21b5  Si hay un tirador en la puerta, debe ser retirado  Se miden las dimensiones de luz (medida de junta de goma a junta de goma) (IMAGEN) \u21b5  Los productos se fabrican seg\u00fan las dimensiones que usted especifique.  No olvide calcular la distancia entre las gu\u00edas de la persiana enrollable. Se debe tener en cuenta la parte del borde del perfil de sistema de clic de 11 mm (11 mm). ( IMAGEN ) \u21b5  Se recomienda restar 2 mm del ancho.    *El color est\u00e1ndar de la tela es antracita. Nota sobre el montaje: Golpee las esquinas de pl\u00e1stico con un martillo (para evitar lesiones, ya que es de metal) y no debe haber ni un mil\u00edmetro de separaci\u00f3n entre el pl\u00e1stico y el perfil de aluminio. Con MASS DEKOR \u00ae\ufe0f Mosquitera \u00a1F\u00e1cil de pedir, f\u00e1cil de instalar, protecci\u00f3n efectiva! Sin mosquitos, sin preocupaciones","og_url":"https:\/\/massdekor.de\/es\/produkt\/1-producto-sistema-de-abrazaderas-mosquiteras-para-puertas-y-ventanas-marcos\/","og_site_name":"Mass Dekor","article_publisher":"https:\/\/www.facebook.com\/Massdekor.de","article_modified_time":"2025-04-11T20:27:40+00:00","og_image":[{"width":1250,"height":1250,"url":"https:\/\/massdekor.de\/wp-content\/uploads\/2023\/08\/9016_0001.jpg","type":"image\/jpeg"}],"twitter_card":"summary_large_image","twitter_misc":{"Tiempo de lectura":"3 minutos"},"schema":{"@context":"https:\/\/schema.org","@graph":[{"@type":"WebPage","@id":"https:\/\/massdekor.de\/es\/produkt\/1-producto-sistema-de-abrazaderas-mosquiteras-para-puertas-y-ventanas-marcos\/","url":"https:\/\/massdekor.de\/es\/produkt\/1-producto-sistema-de-abrazaderas-mosquiteras-para-puertas-y-ventanas-marcos\/","name":"1.producto Sistema de abrazaderas - mosquiteras para puertas y ventanas - marcos - Mass Dekor","isPartOf":{"@id":"https:\/\/massdekor.de\/es\/#website"},"primaryImageOfPage":{"@id":"https:\/\/massdekor.de\/es\/produkt\/1-producto-sistema-de-abrazaderas-mosquiteras-para-puertas-y-ventanas-marcos\/#primaryimage"},"image":{"@id":"https:\/\/massdekor.de\/es\/produkt\/1-producto-sistema-de-abrazaderas-mosquiteras-para-puertas-y-ventanas-marcos\/#primaryimage"},"thumbnailUrl":"https:\/\/massdekor.de\/wp-content\/uploads\/2023\/08\/9016_0001.jpg","datePublished":"2023-08-29T20:46:58+00:00","dateModified":"2025-04-11T20:27:40+00:00","breadcrumb":{"@id":"https:\/\/massdekor.de\/es\/produkt\/1-producto-sistema-de-abrazaderas-mosquiteras-para-puertas-y-ventanas-marcos\/#breadcrumb"},"inLanguage":"es","potentialAction":[{"@type":"ReadAction","target":["https:\/\/massdekor.de\/es\/produkt\/1-producto-sistema-de-abrazaderas-mosquiteras-para-puertas-y-ventanas-marcos\/"]}]},{"@type":"ImageObject","inLanguage":"es","@id":"https:\/\/massdekor.de\/es\/produkt\/1-producto-sistema-de-abrazaderas-mosquiteras-para-puertas-y-ventanas-marcos\/#primaryimage","url":"https:\/\/massdekor.de\/wp-content\/uploads\/2023\/08\/9016_0001.jpg","contentUrl":"https:\/\/massdekor.de\/wp-content\/uploads\/2023\/08\/9016_0001.jpg","width":1250,"height":1250},{"@type":"BreadcrumbList","@id":"https:\/\/massdekor.de\/es\/produkt\/1-producto-sistema-de-abrazaderas-mosquiteras-para-puertas-y-ventanas-marcos\/#breadcrumb","itemListElement":[{"@type":"ListItem","position":1,"name":"Startseite","item":"https:\/\/massdekor.de\/es\/"},{"@type":"ListItem","position":2,"name":"Tienda","item":"https:\/\/massdekor.de\/es\/tienda\/"},{"@type":"ListItem","position":3,"name":"1.producto Sistema de abrazaderas &#8211; mosquiteras para puertas y ventanas &#8211; marcos"}]},{"@type":"WebSite","@id":"https:\/\/massdekor.de\/es\/#website","url":"https:\/\/massdekor.de\/es\/","name":"Mass Dekor","description":"","potentialAction":[{"@type":"SearchAction","target":{"@type":"EntryPoint","urlTemplate":"https:\/\/massdekor.de\/es\/?s={search_term_string}"},"query-input":{"@type":"PropertyValueSpecification","valueRequired":true,"valueName":"search_term_string"}}],"inLanguage":"es"}]}},"_links":{"self":[{"href":"https:\/\/massdekor.de\/es\/wp-json\/wp\/v2\/product\/15954","targetHints":{"allow":["GET"]}}],"collection":[{"href":"https:\/\/massdekor.de\/es\/wp-json\/wp\/v2\/product"}],"about":[{"href":"https:\/\/massdekor.de\/es\/wp-json\/wp\/v2\/types\/product"}],"replies":[{"embeddable":true,"href":"https:\/\/massdekor.de\/es\/wp-json\/wp\/v2\/comments?post=15954"}],"version-history":[{"count":8,"href":"https:\/\/massdekor.de\/es\/wp-json\/wp\/v2\/product\/15954\/revisions"}],"predecessor-version":[{"id":18223,"href":"https:\/\/massdekor.de\/es\/wp-json\/wp\/v2\/product\/15954\/revisions\/18223"}],"wp:featuredmedia":[{"embeddable":true,"href":"https:\/\/massdekor.de\/es\/wp-json\/wp\/v2\/media\/15961"}],"wp:attachment":[{"href":"https:\/\/massdekor.de\/es\/wp-json\/wp\/v2\/media?parent=15954"}],"wp:term":[{"taxonomy":"product_brand","embeddable":true,"href":"https:\/\/massdekor.de\/es\/wp-json\/wp\/v2\/product_brand?post=15954"},{"taxonomy":"product_cat","embeddable":true,"href":"https:\/\/massdekor.de\/es\/wp-json\/wp\/v2\/product_cat?post=15954"},{"taxonomy":"product_tag","embeddable":true,"href":"https:\/\/massdekor.de\/es\/wp-json\/wp\/v2\/product_tag?post=15954"}],"curies":[{"name":"wp","href":"https:\/\/api.w.org\/{rel}","templated":true}]}}