{"id":15916,"date":"2023-09-04T23:54:53","date_gmt":"2023-09-04T21:54:53","guid":{"rendered":"https:\/\/massdekor.de\/produkt\/7o-producto-ventana-de-tejado-de-doble-hoja-oscurecedora-con-mosquitera\/"},"modified":"2025-01-31T19:19:38","modified_gmt":"2025-01-31T18:19:38","slug":"7-producto-ventana-de-tejado-de-doble-hoja-oscurecedora-con-mosquitera","status":"publish","type":"product","link":"https:\/\/massdekor.de\/es\/produkt\/7-producto-ventana-de-tejado-de-doble-hoja-oscurecedora-con-mosquitera\/","title":{"rendered":"7.producto ventana de tejado de doble hoja &#8211; oscurecedora con mosquitera"},"content":{"rendered":"\t\t<div data-elementor-type=\"product-post\" data-elementor-id=\"15916\" class=\"elementor elementor-15916 elementor-2826\" data-elementor-post-type=\"product\">\n\t\t\t\t\t\t<section class=\"penci-section penci-disSticky penci-structure-10 elementor-section elementor-top-section elementor-element elementor-element-66af7420 elementor-section-boxed elementor-section-height-default elementor-section-height-default\" data-id=\"66af7420\" data-element_type=\"section\" data-e-type=\"section\" id=\"productSeven\">\n\t\t\t\t\t\t<div class=\"elementor-container elementor-column-gap-default\">\n\t\t\t\t\t<div class=\"penci-ercol-100 penci-ercol-order-1 penci-sticky-ct    elementor-column elementor-col-100 elementor-top-column elementor-element elementor-element-1941d4bd\" data-id=\"1941d4bd\" data-element_type=\"column\" data-e-type=\"column\">\n\t\t\t<div class=\"elementor-widget-wrap elementor-element-populated\">\n\t\t\t\t\t\t<div class=\"elementor-element elementor-element-8f32bf8 elementor-widget elementor-widget-text-editor\" data-id=\"8f32bf8\" data-element_type=\"widget\" data-e-type=\"widget\" data-widget_type=\"text-editor.default\">\n\t\t\t\t<div class=\"elementor-widget-container\">\n\t\t\t\t\t\t\t\t\t<p style=\"text-align: center;\" data-pm-slice=\"1 1 []\"><strong>Filtra parcialmente la luz solar y protege de las miradas indiscretas<\/strong><\/p>\n<p>Nuestra persiana y mosquitera para ventanas <span style=\"font-family: inherit; font-size: var(--pcs_fsp_general); text-align: inherit;\">de tejado<\/span> (dos hojas) <span style=\"font-family: inherit; font-size: var(--pcs_fsp_general); text-align: inherit;\">le ofrece una soluci\u00f3n vers\u00e1til para su ventana de tejado: protecci\u00f3n contra los molestos insectos y sombreado eficaz en uno.<\/span><\/p>\n<p><strong>Antes de realizar el pedido, aseg\u00farese de visitar las <span style=\"text-decoration: underline;\"><span style=\"color: #ff0000; text-decoration: underline;\"><a style=\"color: #ff0000; text-decoration: underline;\" href=\"https:\/\/youtu.be\/XD5MZCsODbI?si=GN5jyfnT6OvXU8xL\" target=\"_blank\" rel=\"noopener\">instrucciones de montaje<\/a>(v\u00eddeo).<\/span><\/span><\/strong><\/p>\n<p><span style=\"text-decoration: underline;\"><span style=\"color: #ff0000; text-decoration: underline;\"><a style=\"color: #ff0000; text-decoration: underline;\" href=\"https:\/\/massdekor.de\/wp-content\/uploads\/2024\/02\/Mass-fuer-die-Breite.pdf\" target=\"_blank\" rel=\"noopener\">Ver instrucciones de medici\u00f3n <strong>en PDF<\/strong> <\/a><\/span><\/span><\/p>\n<p><strong>Protecci\u00f3n solar eficaz:<\/strong> La persiana de alta calidad para ventanas de tejado protege su hogar de la luz solar intensa y del calor. Puede regular la luminosidad seg\u00fan sus deseos y crear as\u00ed un clima ambiental agradable. <\/p>\n<p><strong>Protecci\u00f3n fiable contra insectos:<\/strong> La mosquitera con dos alas sirve de barrera fiable contra moscas, mosquitos y otros insectos. Puede abrir la claraboya sin dudarlo, disfrutar del aire fresco y asegurarse de que no entren hu\u00e9spedes no invitados. <\/p>\n<p><strong>Combinaci\u00f3n vers\u00e1til:<\/strong> Nuestra combinaci\u00f3n de protecci\u00f3n solar y mosquitera no s\u00f3lo ofrece protecci\u00f3n contra el sol y los insectos, sino tambi\u00e9n la flexibilidad necesaria para controlar la luz de su habitaci\u00f3n y disfrutar al m\u00e1ximo del aire fresco.<\/p>\n<p><strong>Confort para su hogar:<\/strong> Dote a su claraboya de una funcionalidad adicional y cree un clima interior confortable con nuestra pantalla de sombreo y mosquitera para claraboyas (dos hojas). Una soluci\u00f3n pr\u00e1ctica y elegante para su hogar. <\/p>\n\t\t\t\t\t\t\t\t<\/div>\n\t\t\t\t<\/div>\n\t\t\t\t\t<\/div>\n\t\t<\/div>\n\t\t\t\t\t<\/div>\n\t\t<\/section>\n\t\t\t\t<\/div>\n\t\t","protected":false},"excerpt":{"rendered":"<p>-Montaje en el interior o exterior del marco<br \/>\n-Primero seleccione el color del marco. Luego ingrese el ancho y la altura en mil\u00edmetros.<\/p>\n<p><strong>Antes de realizar su pedido, aseg\u00farese de visitar las <span style=\"color: #ff0000;\"><a style=\"color: #ff0000;\" href=\"https:\/\/youtu.be\/hPcjsMiBO38?si=TNR7Y-E-2m6SpHrT\" target=\"_blank\" rel=\"noopener\">p\u00e1ginas de instrucciones de montaje.<\/a><\/span><\/strong><\/p>\n<p>Instrucciones de medici\u00f3n en PDF para ventanas de techo =&gt; <span style=\"color: #ff0000;\"><a style=\"color: #ff0000;\" href=\"https:\/\/massdekor.de\/wp-content\/uploads\/2024\/07\/Producto_11-13-5-6-7-8.Spain_.pdf\" target=\"_blank\" rel=\"noopener\"><b><u>PDF<\/u><\/b><\/a><\/span><\/p>\n<p>Perfil de aluminio: Ancho 35 mm &#8211; Profundidad de instalaci\u00f3n 18 mm<br \/>\nMalla: hecha de fibra de vidrio<\/p>\n<ul>\n<li>Con malla normal: <strong><span style=\"color: #ff0000;\"><a class=\"sg-popup-id-5670\" style=\"color: #ff0000;\">(imagen)<\/a><\/span><\/strong><\/li>\n<li>Con malla con protecci\u00f3n para gatos y ratones: <span style=\"color: #ff0000;\"><strong><a class=\"sg-popup-id-5666\" style=\"color: #ff0000;\">(imagen)<\/a><\/strong><\/span><\/li>\n<li>Vertical<\/li>\n<\/ul>\n<p>Para calcular el precio, primero seleccione el color, luego seleccione la tela y finalmente ingrese la medida en mil\u00edmetros (mm).<\/p>\n<p>*El color est\u00e1ndar de la tela es <strong>antracita<\/strong>. <span style=\"color: #ff0000;\"><strong><a class=\"sg-popup-id-5702\" style=\"color: #ff0000;\">(imagen)<\/a><\/strong><\/span><\/p>\n<p style=\"text-align: right;\"><strong>Con MASS DEKOR \u00ae\ufe0f Mosquitera<\/strong> <strong>\u00a1F\u00e1cil de pedir, f\u00e1cil de instalar, protecci\u00f3n efectiva!<\/strong> <strong>Sin mosquitos, sin preocupaciones<\/strong><\/p>\n","protected":false},"featured_media":15917,"comment_status":"closed","ping_status":"closed","template":"","meta":[],"product_brand":[],"product_cat":[550,549],"product_tag":[],"class_list":{"0":"post-15916","1":"product","2":"type-product","3":"status-publish","4":"has-post-thumbnail","6":"product_cat-claraboya","7":"product_cat-proteccion-contra-insectos","8":"product_shipping_class-envio","9":"pa_my-colors-caoba","10":"pa_my-colors-gris-cuarzo-ral-7039","11":"pa_my-colors-negro-ral-9005","12":"pa_my-colors-ral-7016-antracita","13":"pa_my-colors-ral-8016-marron-oscuro","14":"pa_my-colors-ral-9006-es","15":"pa_my-colors-ral-9016-blanco","16":"pa_my-colors-roble-dorado","18":"first","19":"instock","20":"sale","21":"taxable","22":"shipping-taxable","23":"purchasable","24":"product-type-variable","25":"has-default-attributes"},"gallery_images":[],"yoast_head":"<!-- This site is optimized with the Yoast SEO Premium plugin v24.6 (Yoast SEO v27.3) - https:\/\/yoast.com\/product\/yoast-seo-premium-wordpress\/ -->\n<title>7.producto ventana de tejado de doble hoja - oscurecedora con mosquitera - Mass Dekor<\/title>\n<meta name=\"robots\" content=\"index, follow, max-snippet:-1, max-image-preview:large, max-video-preview:-1\" \/>\n<link rel=\"canonical\" href=\"https:\/\/massdekor.de\/es\/produkt\/7-producto-ventana-de-tejado-de-doble-hoja-oscurecedora-con-mosquitera\/\" \/>\n<meta property=\"og:locale\" content=\"es_ES\" \/>\n<meta property=\"og:type\" content=\"article\" \/>\n<meta property=\"og:title\" content=\"7.producto ventana de tejado de doble hoja - oscurecedora con mosquitera\" \/>\n<meta property=\"og:description\" content=\"-Montaje en el interior o exterior del marco -Primero seleccione el color del marco. Luego ingrese el ancho y la altura en mil\u00edmetros.  Antes de realizar su pedido, aseg\u00farese de visitar las p\u00e1ginas de instrucciones de montaje.  Instrucciones de medici\u00f3n en PDF para ventanas de techo =&gt; PDF  Perfil de aluminio: Ancho 35 mm - Profundidad de instalaci\u00f3n 18 mm Malla: hecha de fibra de vidrio   Con malla normal: (imagen)  Con malla con protecci\u00f3n para gatos y ratones: (imagen)  Vertical  Para calcular el precio, primero seleccione el color, luego seleccione la tela y finalmente ingrese la medida en mil\u00edmetros (mm).  *El color est\u00e1ndar de la tela es antracita. (imagen) Con MASS DEKOR \u00ae\ufe0f Mosquitera \u00a1F\u00e1cil de pedir, f\u00e1cil de instalar, protecci\u00f3n efectiva! Sin mosquitos, sin preocupaciones\" \/>\n<meta property=\"og:url\" content=\"https:\/\/massdekor.de\/es\/produkt\/7-producto-ventana-de-tejado-de-doble-hoja-oscurecedora-con-mosquitera\/\" \/>\n<meta property=\"og:site_name\" content=\"Mass Dekor\" \/>\n<meta property=\"article:publisher\" content=\"https:\/\/www.facebook.com\/Massdekor.de\" \/>\n<meta property=\"article:modified_time\" content=\"2025-01-31T18:19:38+00:00\" \/>\n<meta property=\"og:image\" content=\"https:\/\/massdekor.de\/wp-content\/uploads\/2023\/12\/produkt-7_ciftli_dikey_ince_perde_sineklik0000-2.jpg\" \/>\n\t<meta property=\"og:image:width\" content=\"2500\" \/>\n\t<meta property=\"og:image:height\" content=\"2500\" \/>\n\t<meta property=\"og:image:type\" content=\"image\/jpeg\" \/>\n<meta name=\"twitter:card\" content=\"summary_large_image\" \/>\n<meta name=\"twitter:label1\" content=\"Tiempo de lectura\" \/>\n\t<meta name=\"twitter:data1\" content=\"1 minuto\" \/>\n<script type=\"application\/ld+json\" class=\"yoast-schema-graph\">{\"@context\":\"https:\\\/\\\/schema.org\",\"@graph\":[{\"@type\":\"WebPage\",\"@id\":\"https:\\\/\\\/massdekor.de\\\/es\\\/produkt\\\/7-producto-ventana-de-tejado-de-doble-hoja-oscurecedora-con-mosquitera\\\/\",\"url\":\"https:\\\/\\\/massdekor.de\\\/es\\\/produkt\\\/7-producto-ventana-de-tejado-de-doble-hoja-oscurecedora-con-mosquitera\\\/\",\"name\":\"7.producto ventana de tejado de doble hoja - oscurecedora con mosquitera - Mass Dekor\",\"isPartOf\":{\"@id\":\"https:\\\/\\\/massdekor.de\\\/es\\\/#website\"},\"primaryImageOfPage\":{\"@id\":\"https:\\\/\\\/massdekor.de\\\/es\\\/produkt\\\/7-producto-ventana-de-tejado-de-doble-hoja-oscurecedora-con-mosquitera\\\/#primaryimage\"},\"image\":{\"@id\":\"https:\\\/\\\/massdekor.de\\\/es\\\/produkt\\\/7-producto-ventana-de-tejado-de-doble-hoja-oscurecedora-con-mosquitera\\\/#primaryimage\"},\"thumbnailUrl\":\"https:\\\/\\\/massdekor.de\\\/wp-content\\\/uploads\\\/2023\\\/12\\\/produkt-7_ciftli_dikey_ince_perde_sineklik0000-2.jpg\",\"datePublished\":\"2023-09-04T21:54:53+00:00\",\"dateModified\":\"2025-01-31T18:19:38+00:00\",\"breadcrumb\":{\"@id\":\"https:\\\/\\\/massdekor.de\\\/es\\\/produkt\\\/7-producto-ventana-de-tejado-de-doble-hoja-oscurecedora-con-mosquitera\\\/#breadcrumb\"},\"inLanguage\":\"es\",\"potentialAction\":[{\"@type\":\"ReadAction\",\"target\":[\"https:\\\/\\\/massdekor.de\\\/es\\\/produkt\\\/7-producto-ventana-de-tejado-de-doble-hoja-oscurecedora-con-mosquitera\\\/\"]}]},{\"@type\":\"ImageObject\",\"inLanguage\":\"es\",\"@id\":\"https:\\\/\\\/massdekor.de\\\/es\\\/produkt\\\/7-producto-ventana-de-tejado-de-doble-hoja-oscurecedora-con-mosquitera\\\/#primaryimage\",\"url\":\"https:\\\/\\\/massdekor.de\\\/wp-content\\\/uploads\\\/2023\\\/12\\\/produkt-7_ciftli_dikey_ince_perde_sineklik0000-2.jpg\",\"contentUrl\":\"https:\\\/\\\/massdekor.de\\\/wp-content\\\/uploads\\\/2023\\\/12\\\/produkt-7_ciftli_dikey_ince_perde_sineklik0000-2.jpg\",\"width\":2500,\"height\":2500},{\"@type\":\"BreadcrumbList\",\"@id\":\"https:\\\/\\\/massdekor.de\\\/es\\\/produkt\\\/7-producto-ventana-de-tejado-de-doble-hoja-oscurecedora-con-mosquitera\\\/#breadcrumb\",\"itemListElement\":[{\"@type\":\"ListItem\",\"position\":1,\"name\":\"Startseite\",\"item\":\"https:\\\/\\\/massdekor.de\\\/es\\\/\"},{\"@type\":\"ListItem\",\"position\":2,\"name\":\"Tienda\",\"item\":\"https:\\\/\\\/massdekor.de\\\/es\\\/tienda\\\/\"},{\"@type\":\"ListItem\",\"position\":3,\"name\":\"7.producto ventana de tejado de doble hoja &#8211; oscurecedora con mosquitera\"}]},{\"@type\":\"WebSite\",\"@id\":\"https:\\\/\\\/massdekor.de\\\/es\\\/#website\",\"url\":\"https:\\\/\\\/massdekor.de\\\/es\\\/\",\"name\":\"Mass Dekor\",\"description\":\"\",\"potentialAction\":[{\"@type\":\"SearchAction\",\"target\":{\"@type\":\"EntryPoint\",\"urlTemplate\":\"https:\\\/\\\/massdekor.de\\\/es\\\/?s={search_term_string}\"},\"query-input\":{\"@type\":\"PropertyValueSpecification\",\"valueRequired\":true,\"valueName\":\"search_term_string\"}}],\"inLanguage\":\"es\"}]}<\/script>\n<!-- \/ Yoast SEO Premium plugin. -->","yoast_head_json":{"title":"7.producto ventana de tejado de doble hoja - oscurecedora con mosquitera - Mass Dekor","robots":{"index":"index","follow":"follow","max-snippet":"max-snippet:-1","max-image-preview":"max-image-preview:large","max-video-preview":"max-video-preview:-1"},"canonical":"https:\/\/massdekor.de\/es\/produkt\/7-producto-ventana-de-tejado-de-doble-hoja-oscurecedora-con-mosquitera\/","og_locale":"es_ES","og_type":"article","og_title":"7.producto ventana de tejado de doble hoja - oscurecedora con mosquitera","og_description":"-Montaje en el interior o exterior del marco -Primero seleccione el color del marco. Luego ingrese el ancho y la altura en mil\u00edmetros.  Antes de realizar su pedido, aseg\u00farese de visitar las p\u00e1ginas de instrucciones de montaje.  Instrucciones de medici\u00f3n en PDF para ventanas de techo =&gt; PDF  Perfil de aluminio: Ancho 35 mm - Profundidad de instalaci\u00f3n 18 mm Malla: hecha de fibra de vidrio   Con malla normal: (imagen)  Con malla con protecci\u00f3n para gatos y ratones: (imagen)  Vertical  Para calcular el precio, primero seleccione el color, luego seleccione la tela y finalmente ingrese la medida en mil\u00edmetros (mm).  *El color est\u00e1ndar de la tela es antracita. (imagen) Con MASS DEKOR \u00ae\ufe0f Mosquitera \u00a1F\u00e1cil de pedir, f\u00e1cil de instalar, protecci\u00f3n efectiva! Sin mosquitos, sin preocupaciones","og_url":"https:\/\/massdekor.de\/es\/produkt\/7-producto-ventana-de-tejado-de-doble-hoja-oscurecedora-con-mosquitera\/","og_site_name":"Mass Dekor","article_publisher":"https:\/\/www.facebook.com\/Massdekor.de","article_modified_time":"2025-01-31T18:19:38+00:00","og_image":[{"width":2500,"height":2500,"url":"https:\/\/massdekor.de\/wp-content\/uploads\/2023\/12\/produkt-7_ciftli_dikey_ince_perde_sineklik0000-2.jpg","type":"image\/jpeg"}],"twitter_card":"summary_large_image","twitter_misc":{"Tiempo de lectura":"1 minuto"},"schema":{"@context":"https:\/\/schema.org","@graph":[{"@type":"WebPage","@id":"https:\/\/massdekor.de\/es\/produkt\/7-producto-ventana-de-tejado-de-doble-hoja-oscurecedora-con-mosquitera\/","url":"https:\/\/massdekor.de\/es\/produkt\/7-producto-ventana-de-tejado-de-doble-hoja-oscurecedora-con-mosquitera\/","name":"7.producto ventana de tejado de doble hoja - oscurecedora con mosquitera - Mass Dekor","isPartOf":{"@id":"https:\/\/massdekor.de\/es\/#website"},"primaryImageOfPage":{"@id":"https:\/\/massdekor.de\/es\/produkt\/7-producto-ventana-de-tejado-de-doble-hoja-oscurecedora-con-mosquitera\/#primaryimage"},"image":{"@id":"https:\/\/massdekor.de\/es\/produkt\/7-producto-ventana-de-tejado-de-doble-hoja-oscurecedora-con-mosquitera\/#primaryimage"},"thumbnailUrl":"https:\/\/massdekor.de\/wp-content\/uploads\/2023\/12\/produkt-7_ciftli_dikey_ince_perde_sineklik0000-2.jpg","datePublished":"2023-09-04T21:54:53+00:00","dateModified":"2025-01-31T18:19:38+00:00","breadcrumb":{"@id":"https:\/\/massdekor.de\/es\/produkt\/7-producto-ventana-de-tejado-de-doble-hoja-oscurecedora-con-mosquitera\/#breadcrumb"},"inLanguage":"es","potentialAction":[{"@type":"ReadAction","target":["https:\/\/massdekor.de\/es\/produkt\/7-producto-ventana-de-tejado-de-doble-hoja-oscurecedora-con-mosquitera\/"]}]},{"@type":"ImageObject","inLanguage":"es","@id":"https:\/\/massdekor.de\/es\/produkt\/7-producto-ventana-de-tejado-de-doble-hoja-oscurecedora-con-mosquitera\/#primaryimage","url":"https:\/\/massdekor.de\/wp-content\/uploads\/2023\/12\/produkt-7_ciftli_dikey_ince_perde_sineklik0000-2.jpg","contentUrl":"https:\/\/massdekor.de\/wp-content\/uploads\/2023\/12\/produkt-7_ciftli_dikey_ince_perde_sineklik0000-2.jpg","width":2500,"height":2500},{"@type":"BreadcrumbList","@id":"https:\/\/massdekor.de\/es\/produkt\/7-producto-ventana-de-tejado-de-doble-hoja-oscurecedora-con-mosquitera\/#breadcrumb","itemListElement":[{"@type":"ListItem","position":1,"name":"Startseite","item":"https:\/\/massdekor.de\/es\/"},{"@type":"ListItem","position":2,"name":"Tienda","item":"https:\/\/massdekor.de\/es\/tienda\/"},{"@type":"ListItem","position":3,"name":"7.producto ventana de tejado de doble hoja &#8211; oscurecedora con mosquitera"}]},{"@type":"WebSite","@id":"https:\/\/massdekor.de\/es\/#website","url":"https:\/\/massdekor.de\/es\/","name":"Mass Dekor","description":"","potentialAction":[{"@type":"SearchAction","target":{"@type":"EntryPoint","urlTemplate":"https:\/\/massdekor.de\/es\/?s={search_term_string}"},"query-input":{"@type":"PropertyValueSpecification","valueRequired":true,"valueName":"search_term_string"}}],"inLanguage":"es"}]}},"_links":{"self":[{"href":"https:\/\/massdekor.de\/es\/wp-json\/wp\/v2\/product\/15916","targetHints":{"allow":["GET"]}}],"collection":[{"href":"https:\/\/massdekor.de\/es\/wp-json\/wp\/v2\/product"}],"about":[{"href":"https:\/\/massdekor.de\/es\/wp-json\/wp\/v2\/types\/product"}],"replies":[{"embeddable":true,"href":"https:\/\/massdekor.de\/es\/wp-json\/wp\/v2\/comments?post=15916"}],"version-history":[{"count":4,"href":"https:\/\/massdekor.de\/es\/wp-json\/wp\/v2\/product\/15916\/revisions"}],"predecessor-version":[{"id":16242,"href":"https:\/\/massdekor.de\/es\/wp-json\/wp\/v2\/product\/15916\/revisions\/16242"}],"wp:featuredmedia":[{"embeddable":true,"href":"https:\/\/massdekor.de\/es\/wp-json\/wp\/v2\/media\/15917"}],"wp:attachment":[{"href":"https:\/\/massdekor.de\/es\/wp-json\/wp\/v2\/media?parent=15916"}],"wp:term":[{"taxonomy":"product_brand","embeddable":true,"href":"https:\/\/massdekor.de\/es\/wp-json\/wp\/v2\/product_brand?post=15916"},{"taxonomy":"product_cat","embeddable":true,"href":"https:\/\/massdekor.de\/es\/wp-json\/wp\/v2\/product_cat?post=15916"},{"taxonomy":"product_tag","embeddable":true,"href":"https:\/\/massdekor.de\/es\/wp-json\/wp\/v2\/product_tag?post=15916"}],"curies":[{"name":"wp","href":"https:\/\/api.w.org\/{rel}","templated":true}]}}