{"id":15867,"date":"2023-09-04T21:39:41","date_gmt":"2023-09-04T19:39:41","guid":{"rendered":"https:\/\/massdekor.de\/produkt\/%ef%b8%8f-6-producto-sistema-de-oscurecimiento-para-puertas-ventanas-y-claraboyas-dos-hojas\/"},"modified":"2025-01-31T19:26:21","modified_gmt":"2025-01-31T18:26:21","slug":"6-producto-sistema-de-oscurecimiento-para-puertas-ventanas","status":"publish","type":"product","link":"https:\/\/massdekor.de\/es\/produkt\/6-producto-sistema-de-oscurecimiento-para-puertas-ventanas\/","title":{"rendered":"6.producto Sistema de oscurecimiento para puertas, ventanas y claraboyas (dos hojas)"},"content":{"rendered":"\t\t<div data-elementor-type=\"product-post\" data-elementor-id=\"15867\" class=\"elementor elementor-15867 elementor-2783\" data-elementor-post-type=\"product\">\n\t\t\t\t\t\t<section class=\"penci-section penci-disSticky penci-structure-10 elementor-section elementor-top-section elementor-element elementor-element-211a627e elementor-section-boxed elementor-section-height-default elementor-section-height-default\" data-id=\"211a627e\" data-element_type=\"section\" data-e-type=\"section\" id=\"productSix\">\n\t\t\t\t\t\t<div class=\"elementor-container elementor-column-gap-default\">\n\t\t\t\t\t<div class=\"penci-ercol-100 penci-ercol-order-1 penci-sticky-ct    elementor-column elementor-col-100 elementor-top-column elementor-element elementor-element-5ca1ce8a\" data-id=\"5ca1ce8a\" data-element_type=\"column\" data-e-type=\"column\">\n\t\t\t<div class=\"elementor-widget-wrap elementor-element-populated\">\n\t\t\t\t\t\t<div class=\"elementor-element elementor-element-70df76de elementor-widget elementor-widget-text-editor\" data-id=\"70df76de\" data-element_type=\"widget\" data-e-type=\"widget\" data-widget_type=\"text-editor.default\">\n\t\t\t\t<div class=\"elementor-widget-container\">\n\t\t\t\t\t\t\t\t\t<p data-pm-slice=\"1 1 []\"><strong>Mosquitera plisada para ventanas <a style=\"font-family: var( --e-global-typography-text-font-family ); outline-color: currentcolor; color: #ff0000; caret-color: #ff0000;\" href=\"https:\/\/massdekor.de\/wp-content\/uploads\/2024\/02\/Mass-fuer-die-Breite.pdf\" target=\"_blank\" rel=\"noopener\">de tejado<\/a><a style=\"font-family: var( --e-global-typography-text-font-family ); font-size: var(--pcs_fsp_general); text-align: inherit; outline-color: currentcolor; color: #ff0000; caret-color: #ff0000;\" href=\"https:\/\/massdekor.de\/wp-content\/uploads\/2024\/02\/19.pdf\" target=\"_blank\" rel=\"noopener\">Instrucciones de medici\u00f3n &#8211; para ventanas de<\/a> <a style=\"font-family: var( --e-global-typography-text-font-family ); outline-color: currentcolor; color: #ff0000; caret-color: #ff0000;\" href=\"https:\/\/massdekor.de\/wp-content\/uploads\/2024\/02\/Mass-fuer-die-Breite.pdf\" target=\"_blank\" rel=\"noopener\">tejado<\/a><a style=\"font-family: var( --e-global-typography-text-font-family ); font-size: var(--pcs_fsp_general); text-align: inherit; outline-color: currentcolor; color: #ff0000; caret-color: #ff0000;\" href=\"https:\/\/massdekor.de\/wp-content\/uploads\/2024\/02\/19.pdf\" target=\"_blank\" rel=\"noopener\">Ver PDF<\/a><span style=\"font-family: inherit; font-size: var(--pcs_fsp_general); text-align: inherit;\"> y desde el interior de la ventana <\/span><a style=\"font-family: var( --e-global-typography-text-font-family ); font-size: var(--pcs_fsp_general); text-align: inherit; outline-color: currentcolor; color: #ff0000; caret-color: #ff0000;\" href=\"https:\/\/massdekor.de\/wp-content\/uploads\/2024\/02\/19.pdf\" target=\"_blank\" rel=\"noopener\">Instrucciones de medici\u00f3n &#8211; para ventanas Ver PDF<\/a><\/strong><\/p>\n<p><strong>Aislamiento t\u00e9rmico:<\/strong> Gracias a la doble membrana, las persianas plisadas de nido de abeja ofrecen protecci\u00f3n t\u00e9rmica en invierno y aislamiento t\u00e9rmico en verano, a diferencia de otras persianas enrollables. Esto contribuye a reducir los costes energ\u00e9ticos. Otra ventaja de la estructura de nido de abeja es la reducci\u00f3n del ruido: se consigue una notable reducci\u00f3n del ruido.  <\/p>\n<p>Protecci\u00f3n de la intimidad al 100%<strong>:<\/strong> El revestimiento de aluminio integrado (sin olor qu\u00edmico) dentro del panal protege de la luz solar directa, oscurece la habitaci\u00f3n y proporciona protecci\u00f3n contra el deslumbramiento para los cines en casa o protecci\u00f3n de la intimidad al 100% en el cuarto de ba\u00f1o. Tambi\u00e9n es ideal para dormitorios o habitaciones infantiles y favorece un sue\u00f1o reparador. <\/p>\n\t\t\t\t\t\t\t\t<\/div>\n\t\t\t\t<\/div>\n\t\t\t\t\t<\/div>\n\t\t<\/div>\n\t\t\t\t\t<\/div>\n\t\t<\/section>\n\t\t\t\t<\/div>\n\t\t","protected":false},"excerpt":{"rendered":"<div class=\"delivery-text-box\">\n<p>Tiempo de entrega <span class=\"delivery\">*desde 14 &#8211; hasta un m\u00e1ximo de 30<\/span> d\u00edas laborables.<\/p>\n<ul class=\"delivery-info-extra\">\n<li>Puede haber retrasos en la producci\u00f3n de colores especiales.<\/li>\n<\/ul>\n<\/div>\n<p>Primero seleccione el color del marco. Luego ingrese el ancho y la altura en mil\u00edmetros.<\/p>\n<p><strong>Antes de realizar su pedido, aseg\u00farese de visitar las <a href=\"https:\/\/youtu.be\/XD5MZCsODbI?si=uwoMSd5uGVebTH8L\" target=\"_blank\" rel=\"noopener\">p\u00e1ginas de instrucciones de montaje<\/a>. <\/strong><\/p>\n<p>Instrucciones de medici\u00f3n en PDF para ventanas de techo =&gt; <a href=\"https:\/\/massdekor.de\/wp-content\/uploads\/2024\/07\/Producto_11-13-5-6-7-8.Spain_.pdf\" target=\"_blank\" rel=\"noopener\"><b><u>ES<\/u><\/b><\/a><\/p>\n<p>Instrucciones de medici\u00f3n en PDF para ventanas =&gt; <a href=\"https:\/\/massdekor.de\/wp-content\/uploads\/2024\/07\/Producto_6-11.Spain_.pdf\" target=\"_blank\" rel=\"noopener\"><b><u>ES<\/u><\/b><\/a><\/p>\n<ul>\n<li>Perfil de aluminio<\/li>\n<li>Ancho 35 mm<\/li>\n<li>Profundidad de instalaci\u00f3n 18 mm<\/li>\n<li>Por metro cuadrado a partir de <strong>260\u20ac<\/strong> <a class=\"sg-popup-id-5697\">(imagen)<\/a><\/li>\n<\/ul>\n<p>Para calcular el precio, primero seleccione el color, luego seleccione la tela y finalmente ingrese la medida en mil\u00edmetros (mm).<\/p>\n<p>*El color est\u00e1ndar de la tela es <strong>antracita<\/strong>. <a class=\"sg-popup-id-5697\">(imagen)<\/a><\/p>\n<p style=\"text-align: right;\"><strong>Con MASS DEKOR \u00ae\ufe0f Mosquitera<\/strong> <strong>\u00a1F\u00e1cil de pedir, f\u00e1cil de instalar, protecci\u00f3n efectiva!<\/strong> <strong>Sin mosquitos, sin preocupaciones<\/strong><\/p>\n","protected":false},"featured_media":15869,"comment_status":"closed","ping_status":"closed","template":"","meta":[],"product_brand":[],"product_cat":[550,549],"product_tag":[],"class_list":{"0":"post-15867","1":"product","2":"type-product","3":"status-publish","4":"has-post-thumbnail","6":"product_cat-claraboya","7":"product_cat-proteccion-contra-insectos","8":"product_shipping_class-envio","9":"pa_my-colors-caoba","10":"pa_my-colors-gris-cuarzo-ral-7039","11":"pa_my-colors-negro-ral-9005","12":"pa_my-colors-ral-7016-antracita","13":"pa_my-colors-ral-8016-marron-oscuro","14":"pa_my-colors-ral-9006-es","15":"pa_my-colors-ral-9016-blanco","16":"pa_my-colors-roble-dorado","18":"first","19":"instock","20":"sale","21":"taxable","22":"shipping-taxable","23":"purchasable","24":"product-type-variable","25":"has-default-attributes"},"gallery_images":[2800,2799,2806,2805,2804,2803,2802,2801],"yoast_head":"<!-- This site is optimized with the Yoast SEO Premium plugin v24.6 (Yoast SEO v27.3) - https:\/\/yoast.com\/product\/yoast-seo-premium-wordpress\/ -->\n<title>6.producto Sistema de oscurecimiento para puertas, ventanas y claraboyas (dos hojas) - Mass Dekor<\/title>\n<meta name=\"robots\" content=\"index, follow, max-snippet:-1, max-image-preview:large, max-video-preview:-1\" \/>\n<link rel=\"canonical\" href=\"https:\/\/massdekor.de\/es\/produkt\/6-producto-sistema-de-oscurecimiento-para-puertas-ventanas\/\" \/>\n<meta property=\"og:locale\" content=\"es_ES\" \/>\n<meta property=\"og:type\" content=\"article\" \/>\n<meta property=\"og:title\" content=\"6.producto Sistema de oscurecimiento para puertas, ventanas y claraboyas (dos hojas)\" \/>\n<meta property=\"og:description\" content=\"Tiempo de entrega *desde 14 - hasta un m\u00e1ximo de 30 d\u00edas laborables.   Puede haber retrasos en la producci\u00f3n de colores especiales.   Primero seleccione el color del marco. Luego ingrese el ancho y la altura en mil\u00edmetros.  Antes de realizar su pedido, aseg\u00farese de visitar las p\u00e1ginas de instrucciones de montaje.   Instrucciones de medici\u00f3n en PDF para ventanas de techo =&gt; ES  Instrucciones de medici\u00f3n en PDF para ventanas =&gt; ES   Perfil de aluminio  Ancho 35 mm  Profundidad de instalaci\u00f3n 18 mm  Por metro cuadrado a partir de 260\u20ac (imagen)  Para calcular el precio, primero seleccione el color, luego seleccione la tela y finalmente ingrese la medida en mil\u00edmetros (mm).  *El color est\u00e1ndar de la tela es antracita. (imagen) Con MASS DEKOR \u00ae\ufe0f Mosquitera \u00a1F\u00e1cil de pedir, f\u00e1cil de instalar, protecci\u00f3n efectiva! Sin mosquitos, sin preocupaciones\" \/>\n<meta property=\"og:url\" content=\"https:\/\/massdekor.de\/es\/produkt\/6-producto-sistema-de-oscurecimiento-para-puertas-ventanas\/\" \/>\n<meta property=\"og:site_name\" content=\"Mass Dekor\" \/>\n<meta property=\"article:publisher\" content=\"https:\/\/www.facebook.com\/Massdekor.de\" \/>\n<meta property=\"article:modified_time\" content=\"2025-01-31T18:26:21+00:00\" \/>\n<meta property=\"og:image\" content=\"https:\/\/massdekor.de\/wp-content\/uploads\/2023\/12\/produkt-6_ciftli_ust_alt_ipsiz0000-2.jpg\" \/>\n\t<meta property=\"og:image:width\" content=\"2500\" \/>\n\t<meta property=\"og:image:height\" content=\"2500\" \/>\n\t<meta property=\"og:image:type\" content=\"image\/jpeg\" \/>\n<meta name=\"twitter:card\" content=\"summary_large_image\" \/>\n<meta name=\"twitter:label1\" content=\"Tiempo de lectura\" \/>\n\t<meta name=\"twitter:data1\" content=\"1 minuto\" \/>\n<script type=\"application\/ld+json\" class=\"yoast-schema-graph\">{\"@context\":\"https:\\\/\\\/schema.org\",\"@graph\":[{\"@type\":\"WebPage\",\"@id\":\"https:\\\/\\\/massdekor.de\\\/es\\\/produkt\\\/6-producto-sistema-de-oscurecimiento-para-puertas-ventanas\\\/\",\"url\":\"https:\\\/\\\/massdekor.de\\\/es\\\/produkt\\\/6-producto-sistema-de-oscurecimiento-para-puertas-ventanas\\\/\",\"name\":\"6.producto Sistema de oscurecimiento para puertas, ventanas y claraboyas (dos hojas) - Mass Dekor\",\"isPartOf\":{\"@id\":\"https:\\\/\\\/massdekor.de\\\/es\\\/#website\"},\"primaryImageOfPage\":{\"@id\":\"https:\\\/\\\/massdekor.de\\\/es\\\/produkt\\\/6-producto-sistema-de-oscurecimiento-para-puertas-ventanas\\\/#primaryimage\"},\"image\":{\"@id\":\"https:\\\/\\\/massdekor.de\\\/es\\\/produkt\\\/6-producto-sistema-de-oscurecimiento-para-puertas-ventanas\\\/#primaryimage\"},\"thumbnailUrl\":\"https:\\\/\\\/massdekor.de\\\/wp-content\\\/uploads\\\/2023\\\/12\\\/produkt-6_ciftli_ust_alt_ipsiz0000-2.jpg\",\"datePublished\":\"2023-09-04T19:39:41+00:00\",\"dateModified\":\"2025-01-31T18:26:21+00:00\",\"breadcrumb\":{\"@id\":\"https:\\\/\\\/massdekor.de\\\/es\\\/produkt\\\/6-producto-sistema-de-oscurecimiento-para-puertas-ventanas\\\/#breadcrumb\"},\"inLanguage\":\"es\",\"potentialAction\":[{\"@type\":\"ReadAction\",\"target\":[\"https:\\\/\\\/massdekor.de\\\/es\\\/produkt\\\/6-producto-sistema-de-oscurecimiento-para-puertas-ventanas\\\/\"]}]},{\"@type\":\"ImageObject\",\"inLanguage\":\"es\",\"@id\":\"https:\\\/\\\/massdekor.de\\\/es\\\/produkt\\\/6-producto-sistema-de-oscurecimiento-para-puertas-ventanas\\\/#primaryimage\",\"url\":\"https:\\\/\\\/massdekor.de\\\/wp-content\\\/uploads\\\/2023\\\/12\\\/produkt-6_ciftli_ust_alt_ipsiz0000-2.jpg\",\"contentUrl\":\"https:\\\/\\\/massdekor.de\\\/wp-content\\\/uploads\\\/2023\\\/12\\\/produkt-6_ciftli_ust_alt_ipsiz0000-2.jpg\",\"width\":2500,\"height\":2500},{\"@type\":\"BreadcrumbList\",\"@id\":\"https:\\\/\\\/massdekor.de\\\/es\\\/produkt\\\/6-producto-sistema-de-oscurecimiento-para-puertas-ventanas\\\/#breadcrumb\",\"itemListElement\":[{\"@type\":\"ListItem\",\"position\":1,\"name\":\"Startseite\",\"item\":\"https:\\\/\\\/massdekor.de\\\/es\\\/\"},{\"@type\":\"ListItem\",\"position\":2,\"name\":\"Tienda\",\"item\":\"https:\\\/\\\/massdekor.de\\\/es\\\/tienda\\\/\"},{\"@type\":\"ListItem\",\"position\":3,\"name\":\"6.producto Sistema de oscurecimiento para puertas, ventanas y claraboyas (dos hojas)\"}]},{\"@type\":\"WebSite\",\"@id\":\"https:\\\/\\\/massdekor.de\\\/es\\\/#website\",\"url\":\"https:\\\/\\\/massdekor.de\\\/es\\\/\",\"name\":\"Mass Dekor\",\"description\":\"\",\"potentialAction\":[{\"@type\":\"SearchAction\",\"target\":{\"@type\":\"EntryPoint\",\"urlTemplate\":\"https:\\\/\\\/massdekor.de\\\/es\\\/?s={search_term_string}\"},\"query-input\":{\"@type\":\"PropertyValueSpecification\",\"valueRequired\":true,\"valueName\":\"search_term_string\"}}],\"inLanguage\":\"es\"}]}<\/script>\n<!-- \/ Yoast SEO Premium plugin. -->","yoast_head_json":{"title":"6.producto Sistema de oscurecimiento para puertas, ventanas y claraboyas (dos hojas) - Mass Dekor","robots":{"index":"index","follow":"follow","max-snippet":"max-snippet:-1","max-image-preview":"max-image-preview:large","max-video-preview":"max-video-preview:-1"},"canonical":"https:\/\/massdekor.de\/es\/produkt\/6-producto-sistema-de-oscurecimiento-para-puertas-ventanas\/","og_locale":"es_ES","og_type":"article","og_title":"6.producto Sistema de oscurecimiento para puertas, ventanas y claraboyas (dos hojas)","og_description":"Tiempo de entrega *desde 14 - hasta un m\u00e1ximo de 30 d\u00edas laborables.   Puede haber retrasos en la producci\u00f3n de colores especiales.   Primero seleccione el color del marco. Luego ingrese el ancho y la altura en mil\u00edmetros.  Antes de realizar su pedido, aseg\u00farese de visitar las p\u00e1ginas de instrucciones de montaje.   Instrucciones de medici\u00f3n en PDF para ventanas de techo =&gt; ES  Instrucciones de medici\u00f3n en PDF para ventanas =&gt; ES   Perfil de aluminio  Ancho 35 mm  Profundidad de instalaci\u00f3n 18 mm  Por metro cuadrado a partir de 260\u20ac (imagen)  Para calcular el precio, primero seleccione el color, luego seleccione la tela y finalmente ingrese la medida en mil\u00edmetros (mm).  *El color est\u00e1ndar de la tela es antracita. (imagen) Con MASS DEKOR \u00ae\ufe0f Mosquitera \u00a1F\u00e1cil de pedir, f\u00e1cil de instalar, protecci\u00f3n efectiva! Sin mosquitos, sin preocupaciones","og_url":"https:\/\/massdekor.de\/es\/produkt\/6-producto-sistema-de-oscurecimiento-para-puertas-ventanas\/","og_site_name":"Mass Dekor","article_publisher":"https:\/\/www.facebook.com\/Massdekor.de","article_modified_time":"2025-01-31T18:26:21+00:00","og_image":[{"width":2500,"height":2500,"url":"https:\/\/massdekor.de\/wp-content\/uploads\/2023\/12\/produkt-6_ciftli_ust_alt_ipsiz0000-2.jpg","type":"image\/jpeg"}],"twitter_card":"summary_large_image","twitter_misc":{"Tiempo de lectura":"1 minuto"},"schema":{"@context":"https:\/\/schema.org","@graph":[{"@type":"WebPage","@id":"https:\/\/massdekor.de\/es\/produkt\/6-producto-sistema-de-oscurecimiento-para-puertas-ventanas\/","url":"https:\/\/massdekor.de\/es\/produkt\/6-producto-sistema-de-oscurecimiento-para-puertas-ventanas\/","name":"6.producto Sistema de oscurecimiento para puertas, ventanas y claraboyas (dos hojas) - Mass Dekor","isPartOf":{"@id":"https:\/\/massdekor.de\/es\/#website"},"primaryImageOfPage":{"@id":"https:\/\/massdekor.de\/es\/produkt\/6-producto-sistema-de-oscurecimiento-para-puertas-ventanas\/#primaryimage"},"image":{"@id":"https:\/\/massdekor.de\/es\/produkt\/6-producto-sistema-de-oscurecimiento-para-puertas-ventanas\/#primaryimage"},"thumbnailUrl":"https:\/\/massdekor.de\/wp-content\/uploads\/2023\/12\/produkt-6_ciftli_ust_alt_ipsiz0000-2.jpg","datePublished":"2023-09-04T19:39:41+00:00","dateModified":"2025-01-31T18:26:21+00:00","breadcrumb":{"@id":"https:\/\/massdekor.de\/es\/produkt\/6-producto-sistema-de-oscurecimiento-para-puertas-ventanas\/#breadcrumb"},"inLanguage":"es","potentialAction":[{"@type":"ReadAction","target":["https:\/\/massdekor.de\/es\/produkt\/6-producto-sistema-de-oscurecimiento-para-puertas-ventanas\/"]}]},{"@type":"ImageObject","inLanguage":"es","@id":"https:\/\/massdekor.de\/es\/produkt\/6-producto-sistema-de-oscurecimiento-para-puertas-ventanas\/#primaryimage","url":"https:\/\/massdekor.de\/wp-content\/uploads\/2023\/12\/produkt-6_ciftli_ust_alt_ipsiz0000-2.jpg","contentUrl":"https:\/\/massdekor.de\/wp-content\/uploads\/2023\/12\/produkt-6_ciftli_ust_alt_ipsiz0000-2.jpg","width":2500,"height":2500},{"@type":"BreadcrumbList","@id":"https:\/\/massdekor.de\/es\/produkt\/6-producto-sistema-de-oscurecimiento-para-puertas-ventanas\/#breadcrumb","itemListElement":[{"@type":"ListItem","position":1,"name":"Startseite","item":"https:\/\/massdekor.de\/es\/"},{"@type":"ListItem","position":2,"name":"Tienda","item":"https:\/\/massdekor.de\/es\/tienda\/"},{"@type":"ListItem","position":3,"name":"6.producto Sistema de oscurecimiento para puertas, ventanas y claraboyas (dos hojas)"}]},{"@type":"WebSite","@id":"https:\/\/massdekor.de\/es\/#website","url":"https:\/\/massdekor.de\/es\/","name":"Mass Dekor","description":"","potentialAction":[{"@type":"SearchAction","target":{"@type":"EntryPoint","urlTemplate":"https:\/\/massdekor.de\/es\/?s={search_term_string}"},"query-input":{"@type":"PropertyValueSpecification","valueRequired":true,"valueName":"search_term_string"}}],"inLanguage":"es"}]}},"_links":{"self":[{"href":"https:\/\/massdekor.de\/es\/wp-json\/wp\/v2\/product\/15867","targetHints":{"allow":["GET"]}}],"collection":[{"href":"https:\/\/massdekor.de\/es\/wp-json\/wp\/v2\/product"}],"about":[{"href":"https:\/\/massdekor.de\/es\/wp-json\/wp\/v2\/types\/product"}],"replies":[{"embeddable":true,"href":"https:\/\/massdekor.de\/es\/wp-json\/wp\/v2\/comments?post=15867"}],"version-history":[{"count":5,"href":"https:\/\/massdekor.de\/es\/wp-json\/wp\/v2\/product\/15867\/revisions"}],"predecessor-version":[{"id":16195,"href":"https:\/\/massdekor.de\/es\/wp-json\/wp\/v2\/product\/15867\/revisions\/16195"}],"wp:featuredmedia":[{"embeddable":true,"href":"https:\/\/massdekor.de\/es\/wp-json\/wp\/v2\/media\/15869"}],"wp:attachment":[{"href":"https:\/\/massdekor.de\/es\/wp-json\/wp\/v2\/media?parent=15867"}],"wp:term":[{"taxonomy":"product_brand","embeddable":true,"href":"https:\/\/massdekor.de\/es\/wp-json\/wp\/v2\/product_brand?post=15867"},{"taxonomy":"product_cat","embeddable":true,"href":"https:\/\/massdekor.de\/es\/wp-json\/wp\/v2\/product_cat?post=15867"},{"taxonomy":"product_tag","embeddable":true,"href":"https:\/\/massdekor.de\/es\/wp-json\/wp\/v2\/product_tag?post=15867"}],"curies":[{"name":"wp","href":"https:\/\/api.w.org\/{rel}","templated":true}]}}